{"id":39635,"date":"2025-02-05T15:46:26","date_gmt":"2025-02-05T13:46:26","guid":{"rendered":"https:\/\/egcc.ee\/annika-course\/"},"modified":"2026-03-30T22:43:37","modified_gmt":"2026-03-30T19:43:37","slug":"annika-course","status":"publish","type":"page","link":"https:\/\/egcc.ee\/fi\/annika-course\/","title":{"rendered":"Annika Course"},"content":{"rendered":"\n<div class=\"wp-block-media-text has-media-on-the-right is-stacked-on-mobile\"><div class=\"wp-block-media-text__content\">\n<div class=\"wp-block-group\"><div class=\"wp-block-group__inner-container is-layout-constrained wp-block-group-is-layout-constrained\">\n<div style=\"height:20px\" aria-hidden=\"true\" class=\"wp-block-spacer\"><\/div>\n\n\n\n<p>2028 menness\u00e4 suunnittelemme avaavamme uuden 18\u2011reik\u00e4isen Annika Course -kent\u00e4n, joka korvaa nykyisen 9\u2011reik\u00e4isen Stone Course -kentt\u00e4mme.<\/p>\n\n\n\n<p>J\u00f5el\u00e4htmen uusi mestaruustason kentt\u00e4 on suunniteltu yhteisty\u00f6ss\u00e4 <strong>European Golf Designin<\/strong> kanssa <strong>Annika S\u00f6renstamin <\/strong>johdolla \u2013 kaikkien aikojen menestyneimm\u00e4n naispelaajan.<\/p>\n<\/div><\/div>\n<\/div><figure class=\"wp-block-media-text__media\"><a href=\"https:\/\/egcc.ee\/wp-content\/uploads\/2025\/02\/EGCC_Annika_Course_May2016-scaled.jpg\" target=\"_blank\" rel=\" noreferrer noopener\"><img loading=\"lazy\" decoding=\"async\" width=\"1024\" height=\"682\" src=\"https:\/\/egcc.ee\/wp-content\/uploads\/2025\/02\/EGCC_Annika_Course_May2016_02-1024x682.jpg\" alt=\"\" class=\"wp-image-32011 size-full\" srcset=\"https:\/\/egcc.ee\/wp-content\/uploads\/2025\/02\/EGCC_Annika_Course_May2016_02-1024x682.jpg 1024w, https:\/\/egcc.ee\/wp-content\/uploads\/2025\/02\/EGCC_Annika_Course_May2016_02-300x200.jpg 300w, https:\/\/egcc.ee\/wp-content\/uploads\/2025\/02\/EGCC_Annika_Course_May2016_02-768x512.jpg 768w, https:\/\/egcc.ee\/wp-content\/uploads\/2025\/02\/EGCC_Annika_Course_May2016_02-1536x1024.jpg 1536w, https:\/\/egcc.ee\/wp-content\/uploads\/2025\/02\/EGCC_Annika_Course_May2016_02.jpg 2000w\" sizes=\"auto, (max-width: 1024px) 100vw, 1024px\" \/><\/a><\/figure><\/div>\n\n\n\n<div style=\"height:20px\" aria-hidden=\"true\" class=\"wp-block-spacer\"><\/div>\n\n\n\n<div class=\"wp-block-media-text is-stacked-on-mobile\"><figure class=\"wp-block-media-text__media\"><img loading=\"lazy\" decoding=\"async\" width=\"1024\" height=\"682\" src=\"https:\/\/egcc.ee\/wp-content\/uploads\/2024\/10\/2015_EGCC_Annika-Sorenstam_Hanno_Kross-1024x682.jpg\" alt=\"\" class=\"wp-image-31081 size-full\" srcset=\"https:\/\/egcc.ee\/wp-content\/uploads\/2024\/10\/2015_EGCC_Annika-Sorenstam_Hanno_Kross-1024x682.jpg 1024w, https:\/\/egcc.ee\/wp-content\/uploads\/2024\/10\/2015_EGCC_Annika-Sorenstam_Hanno_Kross-300x200.jpg 300w, https:\/\/egcc.ee\/wp-content\/uploads\/2024\/10\/2015_EGCC_Annika-Sorenstam_Hanno_Kross-768x512.jpg 768w, https:\/\/egcc.ee\/wp-content\/uploads\/2024\/10\/2015_EGCC_Annika-Sorenstam_Hanno_Kross-1536x1024.jpg 1536w, https:\/\/egcc.ee\/wp-content\/uploads\/2024\/10\/2015_EGCC_Annika-Sorenstam_Hanno_Kross.jpg 2000w\" sizes=\"auto, (max-width: 1024px) 100vw, 1024px\" \/><\/figure><div class=\"wp-block-media-text__content\">\n<div style=\"height:20px\" aria-hidden=\"true\" class=\"wp-block-spacer\"><\/div>\n\n\n\n<p>Annika Course on t\u00e4ysimittainen, yli 6400 metrin pituinen kilpailukentt\u00e4, joka tarjoaa t\u00e4ysin erilaisen pelikokemuksen kuin Sea Course. Sea Course on valittu nelj\u00e4n\u00e4 per\u00e4kk\u00e4isen\u00e4 vuonna Manner-Euroopan sadan parhaan kent\u00e4n joukkoon.<\/p>\n\n\n\n<p>Annika S\u00f6renstamilla on vahva rakkaus links\u2011golfiin. H\u00e4nen tavoitteenaan on luoda Eurooppaan \u2013 ja samalla h\u00e4nen uransa ensimm\u00e4inen kentt\u00e4 mantereella \u2013 paikka, jossa h\u00e4nen itsens\u00e4 olisi inspiroivaa pelata, mutta jossa my\u00f6s perheet ja kaiken tasoiset golfarit voivat nauttia yhteisest\u00e4 harrastuksesta.<\/p>\n<\/div><\/div>\n\n\n\n<div style=\"height:20px\" aria-hidden=\"true\" class=\"wp-block-spacer\"><\/div>\n\n\n\n<div class=\"wp-block-media-text has-media-on-the-right is-stacked-on-mobile\"><div class=\"wp-block-media-text__content\">\n<div style=\"height:20px\" aria-hidden=\"true\" class=\"wp-block-spacer\"><\/div>\n\n\n\n<p>\u201cTapasimme Annikan ensimm\u00e4isen kerran vuonna 2011 ja kutsuimme h\u00e4net suunnittelemaan toisen 18\u2011reik\u00e4isen kentt\u00e4mme. H\u00e4n innostui ideasta heti. H\u00e4n piti siit\u00e4, mit\u00e4 olimme jo rakentaneet, ja n\u00e4hdess\u00e4\u00e4n alueemme luonnonkauneuden h\u00e4n tunsi olonsa heti kotoisaksi.<\/p>\n\n\n\n<p>Nykyinen Stone Course ja sen maisemat muistuttivat h\u00e4nt\u00e4 vahvasti niist\u00e4 paikoista, joissa h\u00e4n aloitti golfuransa Ruotsissa,\u201d kertoo Estonian Golf &amp; Country Clubin toimitusjohtaja Hanno Kross.<\/p>\n<\/div><figure class=\"wp-block-media-text__media\"><img loading=\"lazy\" decoding=\"async\" width=\"1024\" height=\"682\" src=\"https:\/\/egcc.ee\/wp-content\/uploads\/2015\/05\/2015_EGCC_Annika-Sorenstam_Mait_Schmidt_02-1024x682.jpg\" alt=\"\" class=\"wp-image-31091 size-full\" srcset=\"https:\/\/egcc.ee\/wp-content\/uploads\/2015\/05\/2015_EGCC_Annika-Sorenstam_Mait_Schmidt_02-1024x682.jpg 1024w, https:\/\/egcc.ee\/wp-content\/uploads\/2015\/05\/2015_EGCC_Annika-Sorenstam_Mait_Schmidt_02-300x200.jpg 300w, https:\/\/egcc.ee\/wp-content\/uploads\/2015\/05\/2015_EGCC_Annika-Sorenstam_Mait_Schmidt_02-768x512.jpg 768w, https:\/\/egcc.ee\/wp-content\/uploads\/2015\/05\/2015_EGCC_Annika-Sorenstam_Mait_Schmidt_02-1536x1024.jpg 1536w, https:\/\/egcc.ee\/wp-content\/uploads\/2015\/05\/2015_EGCC_Annika-Sorenstam_Mait_Schmidt_02.jpg 2000w\" sizes=\"auto, (max-width: 1024px) 100vw, 1024px\" \/><\/figure><\/div>\n\n\n\n<div style=\"height:20px\" aria-hidden=\"true\" class=\"wp-block-spacer\"><\/div>\n\n\n\n<div class=\"wp-block-media-text is-stacked-on-mobile\"><figure class=\"wp-block-media-text__media\"><img loading=\"lazy\" decoding=\"async\" width=\"1024\" height=\"683\" src=\"https:\/\/egcc.ee\/wp-content\/uploads\/2025\/09\/2025.09.21_Annika_Sorenstam_Annika_Course_0363_foto_Risto_Ring_0364-1024x683.jpg\" alt=\"\" class=\"wp-image-37760 size-full\" srcset=\"https:\/\/egcc.ee\/wp-content\/uploads\/2025\/09\/2025.09.21_Annika_Sorenstam_Annika_Course_0363_foto_Risto_Ring_0364-1024x683.jpg 1024w, https:\/\/egcc.ee\/wp-content\/uploads\/2025\/09\/2025.09.21_Annika_Sorenstam_Annika_Course_0363_foto_Risto_Ring_0364-300x200.jpg 300w, https:\/\/egcc.ee\/wp-content\/uploads\/2025\/09\/2025.09.21_Annika_Sorenstam_Annika_Course_0363_foto_Risto_Ring_0364-768x512.jpg 768w, https:\/\/egcc.ee\/wp-content\/uploads\/2025\/09\/2025.09.21_Annika_Sorenstam_Annika_Course_0363_foto_Risto_Ring_0364-1536x1025.jpg 1536w, https:\/\/egcc.ee\/wp-content\/uploads\/2025\/09\/2025.09.21_Annika_Sorenstam_Annika_Course_0363_foto_Risto_Ring_0364.jpg 2000w\" sizes=\"auto, (max-width: 1024px) 100vw, 1024px\" \/><\/figure><div class=\"wp-block-media-text__content\">\n<div style=\"height:20px\" aria-hidden=\"true\" class=\"wp-block-spacer\"><\/div>\n\n\n\n<p>Vuonna 2008 ammattilaisuransa p\u00e4\u00e4tt\u00e4nyt Annika S\u00f6renstam on suunnitellut t\u00e4h\u00e4n menness\u00e4 kuusi golfkentt\u00e4\u00e4 Etel\u00e4-Afrikkaan, Etel\u00e4-Koreaan, Kiinaan ja Yhdysvaltoihin. \u201c<strong>Olen todella iloinen saadessani suunnitella ensimm\u00e4isen kentt\u00e4ni Eurooppaan \u2013 ja viel\u00e4 n\u00e4in l\u00e4helle kotiani,<\/strong>\u201d S\u00f6renstam sanoo.<\/p>\n\n\n\n<p>\u201cT\u00e4st\u00e4 projektista tekee erityisen innostavan Estonian Golf &amp; Country Clubin edistyksellinen ajattelutapa. Nykyaikaisten golfkeskusten on oltava joustavia ja perheyst\u00e4v\u00e4llisi\u00e4, ja t\u00e4m\u00e4 projekti huomioi n\u00e4m\u00e4 tarpeet erinomaisesti.\u201d<\/p>\n<\/div><\/div>\n\n\n\n<div style=\"height:20px\" aria-hidden=\"true\" class=\"wp-block-spacer\"><\/div>\n\n\n\n<div class=\"wp-block-media-text has-media-on-the-right is-stacked-on-mobile\"><div class=\"wp-block-media-text__content\">\n<div class=\"wp-block-group\"><div class=\"wp-block-group__inner-container is-layout-constrained wp-block-group-is-layout-constrained\">\n<div style=\"height:20px\" aria-hidden=\"true\" class=\"wp-block-spacer\"><\/div>\n\n\n\n<h2 class=\"wp-block-heading\">Rakentamisen aikataulu<\/h2>\n\n\n\n<ul class=\"wp-block-list\">\n<li>2024: rakennusty\u00f6t<\/li>\n\n\n\n<li>2025: rakennusty\u00f6t ja kylv\u00f6<\/li>\n\n\n\n<li>2026: kylv\u00f6 ja kasvukausi<\/li>\n\n\n\n<li>2027: Annika\u2011kent\u00e4n ensimm\u00e4iset yhdeks\u00e4n v\u00e4yl\u00e4\u00e4 avataan kauden j\u00e4lkipuoliskolla<\/li>\n\n\n\n<li>2028: Koko 18\u2011reik\u00e4isen Annika\u2011kent\u00e4n juhla\u2011avaus<\/li>\n<\/ul>\n\n\n\n<div style=\"height:20px\" aria-hidden=\"true\" class=\"wp-block-spacer\"><\/div>\n\n\n<div class=\"d-flex\">\n    <a  href=\"https:\/\/egcc.ee\/fi\/2024\/07\/16\/golfpiste-egccssa-rakennetaan-uutta-kenttaa\/\" class=\"btn btn-link\">\n                Lue lis\u00e4\u00e4        <i class=\"bi bi-arrow-right\"><\/i>    <\/a>\n<\/div><\/div><\/div>\n<\/div><figure class=\"wp-block-media-text__media\"><img loading=\"lazy\" decoding=\"async\" width=\"1024\" height=\"682\" src=\"https:\/\/egcc.ee\/wp-content\/uploads\/2025\/09\/2025.09.21_Annika_Sorenstam_Annika_Course_0363_foto_Risto_Ring_0360-1024x682.jpg\" alt=\"\" class=\"wp-image-37757 size-full\" srcset=\"https:\/\/egcc.ee\/wp-content\/uploads\/2025\/09\/2025.09.21_Annika_Sorenstam_Annika_Course_0363_foto_Risto_Ring_0360-1024x682.jpg 1024w, https:\/\/egcc.ee\/wp-content\/uploads\/2025\/09\/2025.09.21_Annika_Sorenstam_Annika_Course_0363_foto_Risto_Ring_0360-300x200.jpg 300w, https:\/\/egcc.ee\/wp-content\/uploads\/2025\/09\/2025.09.21_Annika_Sorenstam_Annika_Course_0363_foto_Risto_Ring_0360-768x512.jpg 768w, https:\/\/egcc.ee\/wp-content\/uploads\/2025\/09\/2025.09.21_Annika_Sorenstam_Annika_Course_0363_foto_Risto_Ring_0360-1536x1024.jpg 1536w, https:\/\/egcc.ee\/wp-content\/uploads\/2025\/09\/2025.09.21_Annika_Sorenstam_Annika_Course_0363_foto_Risto_Ring_0360.jpg 2000w\" sizes=\"auto, (max-width: 1024px) 100vw, 1024px\" \/><\/figure><\/div>\n\n\n\n<p><\/p>\n","protected":false},"excerpt":{"rendered":"","protected":false},"author":2,"featured_media":32013,"parent":0,"menu_order":0,"comment_status":"closed","ping_status":"closed","template":"","meta":{"_acf_changed":false,"ngg_post_thumbnail":0,"footnotes":""},"class_list":["post-39635","page","type-page","status-publish","has-post-thumbnail","hentry"],"acf":[],"yoast_head":"<!-- This site is optimized with the Yoast SEO plugin v27.1.1 - https:\/\/yoast.com\/product\/yoast-seo-wordpress\/ -->\n<title>Annika Course &#8211; Estonian Golf &amp; Country Club<\/title>\n<meta name=\"description\" content=\"Launching in late 2027, the new 18-hole Annika Course\u2014designed by golf legend Annika S\u00f6renstam\u2014will replace the current Stone Course.\" \/>\n<meta name=\"robots\" content=\"index, follow, max-snippet:-1, max-image-preview:large, max-video-preview:-1\" \/>\n<link rel=\"canonical\" href=\"https:\/\/egcc.ee\/fi\/annika-course\/\" \/>\n<meta property=\"og:locale\" content=\"fi_FI\" \/>\n<meta property=\"og:type\" content=\"article\" \/>\n<meta property=\"og:title\" content=\"Annika Course &#8211; Estonian Golf &amp; Country Club\" \/>\n<meta property=\"og:description\" content=\"Launching in late 2027, the new 18-hole Annika Course\u2014designed by golf legend Annika S\u00f6renstam\u2014will replace the current Stone Course.\" \/>\n<meta property=\"og:url\" content=\"https:\/\/egcc.ee\/fi\/annika-course\/\" \/>\n<meta property=\"og:site_name\" content=\"Estonian Golf &amp; Country Club\" \/>\n<meta property=\"article:modified_time\" content=\"2026-03-30T19:43:37+00:00\" \/>\n<meta property=\"og:image\" content=\"https:\/\/egcc.ee\/wp-content\/uploads\/2025\/02\/EGCC_Annika_Course_May2016_02.jpg\" \/>\n\t<meta property=\"og:image:width\" content=\"2000\" \/>\n\t<meta property=\"og:image:height\" content=\"1333\" \/>\n\t<meta property=\"og:image:type\" content=\"image\/jpeg\" \/>\n<meta name=\"twitter:card\" content=\"summary_large_image\" \/>\n<meta name=\"twitter:label1\" content=\"Arvioitu lukuaika\" \/>\n\t<meta name=\"twitter:data1\" content=\"3 minuuttia\" \/>\n<script type=\"application\/ld+json\" class=\"yoast-schema-graph\">{\"@context\":\"https:\/\/schema.org\",\"@graph\":[{\"@type\":\"WebPage\",\"@id\":\"https:\/\/egcc.ee\/fi\/annika-course\/\",\"url\":\"https:\/\/egcc.ee\/fi\/annika-course\/\",\"name\":\"Annika Course &#8211; Estonian Golf &amp; Country Club\",\"isPartOf\":{\"@id\":\"https:\/\/egcc.ee\/fi\/#website\"},\"primaryImageOfPage\":{\"@id\":\"https:\/\/egcc.ee\/fi\/annika-course\/#primaryimage\"},\"image\":{\"@id\":\"https:\/\/egcc.ee\/fi\/annika-course\/#primaryimage\"},\"thumbnailUrl\":\"https:\/\/egcc.ee\/wp-content\/uploads\/2025\/02\/EGCC_Annika_Course_May2016_02.jpg\",\"datePublished\":\"2025-02-05T13:46:26+00:00\",\"dateModified\":\"2026-03-30T19:43:37+00:00\",\"description\":\"Launching in late 2027, the new 18-hole Annika Course\u2014designed by golf legend Annika S\u00f6renstam\u2014will replace the current Stone Course.\",\"breadcrumb\":{\"@id\":\"https:\/\/egcc.ee\/fi\/annika-course\/#breadcrumb\"},\"inLanguage\":\"fi\",\"potentialAction\":[{\"@type\":\"ReadAction\",\"target\":[\"https:\/\/egcc.ee\/fi\/annika-course\/\"]}]},{\"@type\":\"ImageObject\",\"inLanguage\":\"fi\",\"@id\":\"https:\/\/egcc.ee\/fi\/annika-course\/#primaryimage\",\"url\":\"https:\/\/egcc.ee\/wp-content\/uploads\/2025\/02\/EGCC_Annika_Course_May2016_02.jpg\",\"contentUrl\":\"https:\/\/egcc.ee\/wp-content\/uploads\/2025\/02\/EGCC_Annika_Course_May2016_02.jpg\",\"width\":2000,\"height\":1333},{\"@type\":\"BreadcrumbList\",\"@id\":\"https:\/\/egcc.ee\/fi\/annika-course\/#breadcrumb\",\"itemListElement\":[{\"@type\":\"ListItem\",\"position\":1,\"name\":\"Home\",\"item\":\"https:\/\/egcc.ee\/fi\/\"},{\"@type\":\"ListItem\",\"position\":2,\"name\":\"Annika Course\"}]},{\"@type\":\"WebSite\",\"@id\":\"https:\/\/egcc.ee\/fi\/#website\",\"url\":\"https:\/\/egcc.ee\/fi\/\",\"name\":\"Estonian Golf &amp; Country Club\",\"description\":\"J\u00f5el\u00e4htmes saab golfi!\",\"publisher\":{\"@id\":\"https:\/\/egcc.ee\/fi\/#organization\"},\"potentialAction\":[{\"@type\":\"SearchAction\",\"target\":{\"@type\":\"EntryPoint\",\"urlTemplate\":\"https:\/\/egcc.ee\/fi\/?s={search_term_string}\"},\"query-input\":{\"@type\":\"PropertyValueSpecification\",\"valueRequired\":true,\"valueName\":\"search_term_string\"}}],\"inLanguage\":\"fi\"},{\"@type\":\"Organization\",\"@id\":\"https:\/\/egcc.ee\/fi\/#organization\",\"name\":\"Estonian Golf &amp; Country Club\",\"url\":\"https:\/\/egcc.ee\/fi\/\",\"logo\":{\"@type\":\"ImageObject\",\"inLanguage\":\"fi\",\"@id\":\"https:\/\/egcc.ee\/fi\/#\/schema\/logo\/image\/\",\"url\":\"https:\/\/egcc.ee\/wp-content\/uploads\/2023\/04\/EGCC_logo_150.png\",\"contentUrl\":\"https:\/\/egcc.ee\/wp-content\/uploads\/2023\/04\/EGCC_logo_150.png\",\"width\":150,\"height\":150,\"caption\":\"Estonian Golf &amp; Country Club\"},\"image\":{\"@id\":\"https:\/\/egcc.ee\/fi\/#\/schema\/logo\/image\/\"}}]}<\/script>\n<!-- \/ Yoast SEO plugin. -->","yoast_head_json":{"title":"Annika Course &#8211; Estonian Golf &amp; Country Club","description":"Launching in late 2027, the new 18-hole Annika Course\u2014designed by golf legend Annika S\u00f6renstam\u2014will replace the current Stone Course.","robots":{"index":"index","follow":"follow","max-snippet":"max-snippet:-1","max-image-preview":"max-image-preview:large","max-video-preview":"max-video-preview:-1"},"canonical":"https:\/\/egcc.ee\/fi\/annika-course\/","og_locale":"fi_FI","og_type":"article","og_title":"Annika Course &#8211; Estonian Golf &amp; Country Club","og_description":"Launching in late 2027, the new 18-hole Annika Course\u2014designed by golf legend Annika S\u00f6renstam\u2014will replace the current Stone Course.","og_url":"https:\/\/egcc.ee\/fi\/annika-course\/","og_site_name":"Estonian Golf &amp; Country Club","article_modified_time":"2026-03-30T19:43:37+00:00","og_image":[{"width":2000,"height":1333,"url":"https:\/\/egcc.ee\/wp-content\/uploads\/2025\/02\/EGCC_Annika_Course_May2016_02.jpg","type":"image\/jpeg"}],"twitter_card":"summary_large_image","twitter_misc":{"Arvioitu lukuaika":"3 minuuttia"},"schema":{"@context":"https:\/\/schema.org","@graph":[{"@type":"WebPage","@id":"https:\/\/egcc.ee\/fi\/annika-course\/","url":"https:\/\/egcc.ee\/fi\/annika-course\/","name":"Annika Course &#8211; Estonian Golf &amp; Country Club","isPartOf":{"@id":"https:\/\/egcc.ee\/fi\/#website"},"primaryImageOfPage":{"@id":"https:\/\/egcc.ee\/fi\/annika-course\/#primaryimage"},"image":{"@id":"https:\/\/egcc.ee\/fi\/annika-course\/#primaryimage"},"thumbnailUrl":"https:\/\/egcc.ee\/wp-content\/uploads\/2025\/02\/EGCC_Annika_Course_May2016_02.jpg","datePublished":"2025-02-05T13:46:26+00:00","dateModified":"2026-03-30T19:43:37+00:00","description":"Launching in late 2027, the new 18-hole Annika Course\u2014designed by golf legend Annika S\u00f6renstam\u2014will replace the current Stone Course.","breadcrumb":{"@id":"https:\/\/egcc.ee\/fi\/annika-course\/#breadcrumb"},"inLanguage":"fi","potentialAction":[{"@type":"ReadAction","target":["https:\/\/egcc.ee\/fi\/annika-course\/"]}]},{"@type":"ImageObject","inLanguage":"fi","@id":"https:\/\/egcc.ee\/fi\/annika-course\/#primaryimage","url":"https:\/\/egcc.ee\/wp-content\/uploads\/2025\/02\/EGCC_Annika_Course_May2016_02.jpg","contentUrl":"https:\/\/egcc.ee\/wp-content\/uploads\/2025\/02\/EGCC_Annika_Course_May2016_02.jpg","width":2000,"height":1333},{"@type":"BreadcrumbList","@id":"https:\/\/egcc.ee\/fi\/annika-course\/#breadcrumb","itemListElement":[{"@type":"ListItem","position":1,"name":"Home","item":"https:\/\/egcc.ee\/fi\/"},{"@type":"ListItem","position":2,"name":"Annika Course"}]},{"@type":"WebSite","@id":"https:\/\/egcc.ee\/fi\/#website","url":"https:\/\/egcc.ee\/fi\/","name":"Estonian Golf &amp; Country Club","description":"J\u00f5el\u00e4htmes saab golfi!","publisher":{"@id":"https:\/\/egcc.ee\/fi\/#organization"},"potentialAction":[{"@type":"SearchAction","target":{"@type":"EntryPoint","urlTemplate":"https:\/\/egcc.ee\/fi\/?s={search_term_string}"},"query-input":{"@type":"PropertyValueSpecification","valueRequired":true,"valueName":"search_term_string"}}],"inLanguage":"fi"},{"@type":"Organization","@id":"https:\/\/egcc.ee\/fi\/#organization","name":"Estonian Golf &amp; Country Club","url":"https:\/\/egcc.ee\/fi\/","logo":{"@type":"ImageObject","inLanguage":"fi","@id":"https:\/\/egcc.ee\/fi\/#\/schema\/logo\/image\/","url":"https:\/\/egcc.ee\/wp-content\/uploads\/2023\/04\/EGCC_logo_150.png","contentUrl":"https:\/\/egcc.ee\/wp-content\/uploads\/2023\/04\/EGCC_logo_150.png","width":150,"height":150,"caption":"Estonian Golf &amp; Country Club"},"image":{"@id":"https:\/\/egcc.ee\/fi\/#\/schema\/logo\/image\/"}}]}},"_links":{"self":[{"href":"https:\/\/egcc.ee\/fi\/wp-json\/wp\/v2\/pages\/39635","targetHints":{"allow":["GET"]}}],"collection":[{"href":"https:\/\/egcc.ee\/fi\/wp-json\/wp\/v2\/pages"}],"about":[{"href":"https:\/\/egcc.ee\/fi\/wp-json\/wp\/v2\/types\/page"}],"author":[{"embeddable":true,"href":"https:\/\/egcc.ee\/fi\/wp-json\/wp\/v2\/users\/2"}],"replies":[{"embeddable":true,"href":"https:\/\/egcc.ee\/fi\/wp-json\/wp\/v2\/comments?post=39635"}],"version-history":[{"count":5,"href":"https:\/\/egcc.ee\/fi\/wp-json\/wp\/v2\/pages\/39635\/revisions"}],"predecessor-version":[{"id":40285,"href":"https:\/\/egcc.ee\/fi\/wp-json\/wp\/v2\/pages\/39635\/revisions\/40285"}],"wp:featuredmedia":[{"embeddable":true,"href":"https:\/\/egcc.ee\/fi\/wp-json\/wp\/v2\/media\/32013"}],"wp:attachment":[{"href":"https:\/\/egcc.ee\/fi\/wp-json\/wp\/v2\/media?parent=39635"}],"curies":[{"name":"wp","href":"https:\/\/api.w.org\/{rel}","templated":true}]}}