{"id":38977,"date":"2025-12-15T14:50:49","date_gmt":"2025-12-15T12:50:49","guid":{"rendered":"https:\/\/egcc.ee\/huba-maja\/"},"modified":"2025-12-15T15:08:46","modified_gmt":"2025-12-15T13:08:46","slug":"huba-house","status":"publish","type":"page","link":"https:\/\/egcc.ee\/fi\/huba-house\/","title":{"rendered":"Huba House"},"content":{"rendered":"\n<div class=\"wp-block-media-text alignwide has-media-on-the-right is-stacked-on-mobile is-vertically-aligned-center\"><div class=\"wp-block-media-text__content\">\n<div style=\"height:20px\" aria-hidden=\"true\" class=\"wp-block-spacer\"><\/div>\n\n\n\n<p>Huba House sijaitsee idyllisess\u00e4 Mannivan kyl\u00e4ss\u00e4, vain 30 minuutin ajomatkan p\u00e4\u00e4ss\u00e4 Tallinnan syd\u00e4mest\u00e4. Vieraita odottaa viihtyis\u00e4 21 m\u00b2 minim\u00f6kki, jossa on kaikki modernit mukavuudet, sek\u00e4 16 m\u00b2 terassi, jolta avautuu hurmaava n\u00e4kym\u00e4 golfkent\u00e4lle. T\u00e4ydellinen romanttinen pakopaikka enint\u00e4\u00e4n kahdelle golfin yst\u00e4v\u00e4lle.<\/p>\n\n\n\n<div class=\"wp-block-group\"><div class=\"wp-block-group__inner-container is-layout-constrained wp-block-group-is-layout-constrained\">\n<p><strong><mark style=\"background-color:rgba(0, 0, 0, 0);color:#bd8f18\" class=\"has-inline-color\">Hinnat:<\/mark><\/strong><\/p>\n\n\n\n<ul class=\"wp-block-list\">\n<li>Ensimm\u00e4inen y\u00f6:&nbsp;<strong>390 \u20ac<\/strong>; seuraavat y\u00f6t:&nbsp;<strong>290 \u20ac<\/strong>&nbsp;\/ y\u00f6<\/li>\n\n\n\n<li>Viikko (6 y\u00f6t\u00e4): <strong>1500 \u20ac<\/strong><\/li>\n\n\n\n<li>Kuukausi&nbsp;<strong>2900 \u20ac<\/strong><\/li>\n<\/ul>\n<\/div><\/div>\n<\/div><figure class=\"wp-block-media-text__media\"><img loading=\"lazy\" decoding=\"async\" width=\"1024\" height=\"683\" src=\"https:\/\/egcc.ee\/wp-content\/uploads\/2025\/12\/package_00-1024x683.jpg\" alt=\"\" class=\"wp-image-38849 size-full\" srcset=\"https:\/\/egcc.ee\/wp-content\/uploads\/2025\/12\/package_00-1024x683.jpg 1024w, https:\/\/egcc.ee\/wp-content\/uploads\/2025\/12\/package_00-300x200.jpg 300w, https:\/\/egcc.ee\/wp-content\/uploads\/2025\/12\/package_00-768x512.jpg 768w, https:\/\/egcc.ee\/wp-content\/uploads\/2025\/12\/package_00.jpg 1500w\" sizes=\"auto, (max-width: 1024px) 100vw, 1024px\" \/><\/figure><\/div>\n\n\n\n<div style=\"height:20px\" aria-hidden=\"true\" class=\"wp-block-spacer\"><\/div>\n\n\n\n<p><strong><mark style=\"background-color:rgba(0, 0, 0, 0);color:#bd8f18\" class=\"has-inline-color\">Mukavuudet:<\/mark><\/strong><\/p>\n\n\n\n<ul class=\"wp-block-list\">\n<li>1 makuuhuone, 1 parivuode<\/li>\n\n\n\n<li>Suihkuhuone + WC<\/li>\n\n\n\n<li>T\u00e4ysin varusteltu keitti\u00f6<\/li>\n\n\n\n<li>Ilmainen pys\u00e4k\u00f6inti<\/li>\n\n\n\n<li>Maksuttomat vuodevaatteet, pyyhkeet ja henkarit<\/li>\n\n\n\n<li>Terassi<\/li>\n\n\n\n<li>Ilmainen Wi\u2011Fi<\/li>\n\n\n\n<li>Lemmikit eiv\u00e4t ole sallittuja<\/li>\n<\/ul>\n\n\n\n<p><strong><mark style=\"background-color:rgba(0, 0, 0, 0);color:#bd8f18\" class=\"has-inline-color\">Lis\u00e4palvelut:<\/mark><\/strong><\/p>\n\n\n\n<ul class=\"wp-block-list\">\n<li>Golfvarusteiden vuokraus<\/li>\n\n\n\n<li>Golfauton vuokraus<\/li>\n<\/ul>\n\n\n\n<p><mark style=\"background-color:rgba(0, 0, 0, 0);color:#bd8f18\" class=\"has-inline-color\"><strong>Aktiviteetit<\/strong><\/mark><\/p>\n\n\n\n<ul class=\"wp-block-list\">\n<li>L\u00e4hin ravintola \u2013 250 m (avoinna huhtikuusta lokakuuhun)<\/li>\n\n\n\n<li>Golfkent\u00e4t \u2013 250 m (avoinna huhtikuusta lokakuuhun)<\/li>\n\n\n\n<li>J\u00e4gala\u2011vesiputous \u2013 7 km<\/li>\n\n\n\n<li>Ihasalu\u2011ranta \u2013 15 km, Kaberneemen ranta \u2013 19 km<\/li>\n\n\n\n<li>Py\u00f6r\u00e4ilyreitit ja vaelluspolut<\/li>\n\n\n\n<li>Ratsastus<\/li>\n\n\n\n<li>Museot ja kirkot<\/li>\n<\/ul>\n\n\n\n<div style=\"height:40px\" aria-hidden=\"true\" class=\"wp-block-spacer\"><\/div>\n\n\n<div class=\"d-flex\">\n    <a target=\"_blank\" href=\"mailto:hanno@egcc.ee\" class=\"btn btn-primary\">\n                Varaa nyt        <i class=\"bi bi-arrow-right\"><\/i>    <\/a>\n<\/div>\n\n\n<div style=\"height:40px\" aria-hidden=\"true\" class=\"wp-block-spacer\"><\/div>\n\n\n\n<div class=\"wp-block-columns is-layout-flex wp-container-core-columns-is-layout-9d6595d7 wp-block-columns-is-layout-flex\">\n<div class=\"wp-block-column is-layout-flow wp-block-column-is-layout-flow\">\n<figure class=\"wp-block-image size-large\"><img loading=\"lazy\" decoding=\"async\" width=\"1024\" height=\"683\" src=\"https:\/\/egcc.ee\/wp-content\/uploads\/2025\/12\/package_01-1024x683.jpg\" alt=\"\" class=\"wp-image-38848\" srcset=\"https:\/\/egcc.ee\/wp-content\/uploads\/2025\/12\/package_01-1024x683.jpg 1024w, https:\/\/egcc.ee\/wp-content\/uploads\/2025\/12\/package_01-300x200.jpg 300w, https:\/\/egcc.ee\/wp-content\/uploads\/2025\/12\/package_01-768x512.jpg 768w, https:\/\/egcc.ee\/wp-content\/uploads\/2025\/12\/package_01.jpg 1500w\" sizes=\"auto, (max-width: 1024px) 100vw, 1024px\" \/><\/figure>\n<\/div>\n\n\n\n<div class=\"wp-block-column is-layout-flow wp-block-column-is-layout-flow\">\n<figure class=\"wp-block-image size-full\"><img loading=\"lazy\" decoding=\"async\" width=\"1500\" height=\"1000\" src=\"https:\/\/egcc.ee\/wp-content\/uploads\/2025\/12\/image_16.jpg\" alt=\"\" class=\"wp-image-38958\" srcset=\"https:\/\/egcc.ee\/wp-content\/uploads\/2025\/12\/image_16.jpg 1500w, https:\/\/egcc.ee\/wp-content\/uploads\/2025\/12\/image_16-300x200.jpg 300w, https:\/\/egcc.ee\/wp-content\/uploads\/2025\/12\/image_16-1024x683.jpg 1024w, https:\/\/egcc.ee\/wp-content\/uploads\/2025\/12\/image_16-768x512.jpg 768w\" sizes=\"auto, (max-width: 1500px) 100vw, 1500px\" \/><\/figure>\n<\/div>\n<\/div>\n\n\n\n<div class=\"wp-block-columns is-layout-flex wp-container-core-columns-is-layout-9d6595d7 wp-block-columns-is-layout-flex\">\n<div class=\"wp-block-column is-layout-flow wp-block-column-is-layout-flow\">\n<figure class=\"wp-block-image size-large\"><img loading=\"lazy\" decoding=\"async\" width=\"1024\" height=\"682\" src=\"https:\/\/egcc.ee\/wp-content\/uploads\/2025\/12\/image_18-1024x682.jpg\" alt=\"\" class=\"wp-image-38962\" srcset=\"https:\/\/egcc.ee\/wp-content\/uploads\/2025\/12\/image_18-1024x682.jpg 1024w, https:\/\/egcc.ee\/wp-content\/uploads\/2025\/12\/image_18-300x200.jpg 300w, https:\/\/egcc.ee\/wp-content\/uploads\/2025\/12\/image_18-768x511.jpg 768w, https:\/\/egcc.ee\/wp-content\/uploads\/2025\/12\/image_18.jpg 1500w\" sizes=\"auto, (max-width: 1024px) 100vw, 1024px\" \/><\/figure>\n<\/div>\n\n\n\n<div class=\"wp-block-column is-layout-flow wp-block-column-is-layout-flow\">\n<figure class=\"wp-block-image size-full\"><img loading=\"lazy\" decoding=\"async\" width=\"1500\" height=\"1000\" src=\"https:\/\/egcc.ee\/wp-content\/uploads\/2025\/12\/image_17.jpg\" alt=\"\" class=\"wp-image-38963\" srcset=\"https:\/\/egcc.ee\/wp-content\/uploads\/2025\/12\/image_17.jpg 1500w, https:\/\/egcc.ee\/wp-content\/uploads\/2025\/12\/image_17-300x200.jpg 300w, https:\/\/egcc.ee\/wp-content\/uploads\/2025\/12\/image_17-1024x683.jpg 1024w, https:\/\/egcc.ee\/wp-content\/uploads\/2025\/12\/image_17-768x512.jpg 768w\" sizes=\"auto, (max-width: 1500px) 100vw, 1500px\" \/><\/figure>\n<\/div>\n<\/div>\n\n\n\n<div class=\"wp-block-columns is-layout-flex wp-container-core-columns-is-layout-9d6595d7 wp-block-columns-is-layout-flex\">\n<div class=\"wp-block-column is-layout-flow wp-block-column-is-layout-flow\">\n<figure class=\"wp-block-image size-large\"><img loading=\"lazy\" decoding=\"async\" width=\"1024\" height=\"683\" src=\"https:\/\/egcc.ee\/wp-content\/uploads\/2025\/12\/image_07-1024x683.jpg\" alt=\"\" class=\"wp-image-38960\" srcset=\"https:\/\/egcc.ee\/wp-content\/uploads\/2025\/12\/image_07-1024x683.jpg 1024w, https:\/\/egcc.ee\/wp-content\/uploads\/2025\/12\/image_07-300x200.jpg 300w, https:\/\/egcc.ee\/wp-content\/uploads\/2025\/12\/image_07-768x512.jpg 768w, https:\/\/egcc.ee\/wp-content\/uploads\/2025\/12\/image_07.jpg 1150w\" sizes=\"auto, (max-width: 1024px) 100vw, 1024px\" \/><\/figure>\n<\/div>\n\n\n\n<div class=\"wp-block-column is-layout-flow wp-block-column-is-layout-flow\">\n<figure class=\"wp-block-image size-full\"><img loading=\"lazy\" decoding=\"async\" width=\"1150\" height=\"767\" src=\"https:\/\/egcc.ee\/wp-content\/uploads\/2025\/12\/image_12.jpg\" alt=\"\" class=\"wp-image-38959\" srcset=\"https:\/\/egcc.ee\/wp-content\/uploads\/2025\/12\/image_12.jpg 1150w, https:\/\/egcc.ee\/wp-content\/uploads\/2025\/12\/image_12-300x200.jpg 300w, https:\/\/egcc.ee\/wp-content\/uploads\/2025\/12\/image_12-1024x683.jpg 1024w, https:\/\/egcc.ee\/wp-content\/uploads\/2025\/12\/image_12-768x512.jpg 768w\" sizes=\"auto, (max-width: 1150px) 100vw, 1150px\" \/><\/figure>\n<\/div>\n<\/div>\n\n\n<div class=\"d-flex\">\n    <a  href=\"https:\/\/egcc.ee\/fi\/rent\/\" class=\"btn btn-link\">\n        <i class=\"bi bi-arrow-left\"><\/i>        TAKAISIN            <\/a>\n<\/div>\n\n\n<p><\/p>\n","protected":false},"excerpt":{"rendered":"<p>Mukavuudet: Lis\u00e4palvelut: Aktiviteetit<\/p>\n","protected":false},"author":2,"featured_media":0,"parent":0,"menu_order":0,"comment_status":"closed","ping_status":"closed","template":"","meta":{"_acf_changed":false,"ngg_post_thumbnail":0,"footnotes":""},"class_list":["post-38977","page","type-page","status-publish","hentry"],"acf":[],"yoast_head":"<!-- This site is optimized with the Yoast SEO plugin v27.1.1 - https:\/\/yoast.com\/product\/yoast-seo-wordpress\/ -->\n<title>Huba House &#8211; Estonian Golf &amp; Country Club<\/title>\n<meta name=\"robots\" content=\"index, follow, max-snippet:-1, max-image-preview:large, max-video-preview:-1\" \/>\n<link rel=\"canonical\" href=\"https:\/\/egcc.ee\/fi\/huba-house\/\" \/>\n<meta property=\"og:locale\" content=\"fi_FI\" \/>\n<meta property=\"og:type\" content=\"article\" \/>\n<meta property=\"og:title\" content=\"Huba House &#8211; Estonian Golf &amp; Country Club\" \/>\n<meta property=\"og:description\" content=\"Mukavuudet: Lis\u00e4palvelut: Aktiviteetit\" \/>\n<meta property=\"og:url\" content=\"https:\/\/egcc.ee\/fi\/huba-house\/\" \/>\n<meta property=\"og:site_name\" content=\"Estonian Golf &amp; Country Club\" \/>\n<meta property=\"article:modified_time\" content=\"2025-12-15T13:08:46+00:00\" \/>\n<meta property=\"og:image\" content=\"https:\/\/egcc.ee\/wp-content\/uploads\/2025\/12\/package_00.jpg\" \/>\n\t<meta property=\"og:image:width\" content=\"1500\" \/>\n\t<meta property=\"og:image:height\" content=\"1000\" \/>\n\t<meta property=\"og:image:type\" content=\"image\/jpeg\" \/>\n<meta name=\"twitter:card\" content=\"summary_large_image\" \/>\n<meta name=\"twitter:label1\" content=\"Arvioitu lukuaika\" \/>\n\t<meta name=\"twitter:data1\" content=\"1 minuutti\" \/>\n<script type=\"application\/ld+json\" class=\"yoast-schema-graph\">{\"@context\":\"https:\/\/schema.org\",\"@graph\":[{\"@type\":\"WebPage\",\"@id\":\"https:\/\/egcc.ee\/fi\/huba-house\/\",\"url\":\"https:\/\/egcc.ee\/fi\/huba-house\/\",\"name\":\"Huba House &#8211; Estonian Golf &amp; Country Club\",\"isPartOf\":{\"@id\":\"https:\/\/egcc.ee\/fi\/#website\"},\"primaryImageOfPage\":{\"@id\":\"https:\/\/egcc.ee\/fi\/huba-house\/#primaryimage\"},\"image\":{\"@id\":\"https:\/\/egcc.ee\/fi\/huba-house\/#primaryimage\"},\"thumbnailUrl\":\"https:\/\/egcc.ee\/wp-content\/uploads\/2025\/12\/package_00-1024x683.jpg\",\"datePublished\":\"2025-12-15T12:50:49+00:00\",\"dateModified\":\"2025-12-15T13:08:46+00:00\",\"breadcrumb\":{\"@id\":\"https:\/\/egcc.ee\/fi\/huba-house\/#breadcrumb\"},\"inLanguage\":\"fi\",\"potentialAction\":[{\"@type\":\"ReadAction\",\"target\":[\"https:\/\/egcc.ee\/fi\/huba-house\/\"]}]},{\"@type\":\"ImageObject\",\"inLanguage\":\"fi\",\"@id\":\"https:\/\/egcc.ee\/fi\/huba-house\/#primaryimage\",\"url\":\"https:\/\/egcc.ee\/wp-content\/uploads\/2025\/12\/package_00-1024x683.jpg\",\"contentUrl\":\"https:\/\/egcc.ee\/wp-content\/uploads\/2025\/12\/package_00-1024x683.jpg\"},{\"@type\":\"BreadcrumbList\",\"@id\":\"https:\/\/egcc.ee\/fi\/huba-house\/#breadcrumb\",\"itemListElement\":[{\"@type\":\"ListItem\",\"position\":1,\"name\":\"Home\",\"item\":\"https:\/\/egcc.ee\/fi\/\"},{\"@type\":\"ListItem\",\"position\":2,\"name\":\"Huba House\"}]},{\"@type\":\"WebSite\",\"@id\":\"https:\/\/egcc.ee\/fi\/#website\",\"url\":\"https:\/\/egcc.ee\/fi\/\",\"name\":\"Estonian Golf &amp; Country Club\",\"description\":\"J\u00f5el\u00e4htmes saab golfi!\",\"publisher\":{\"@id\":\"https:\/\/egcc.ee\/fi\/#organization\"},\"potentialAction\":[{\"@type\":\"SearchAction\",\"target\":{\"@type\":\"EntryPoint\",\"urlTemplate\":\"https:\/\/egcc.ee\/fi\/?s={search_term_string}\"},\"query-input\":{\"@type\":\"PropertyValueSpecification\",\"valueRequired\":true,\"valueName\":\"search_term_string\"}}],\"inLanguage\":\"fi\"},{\"@type\":\"Organization\",\"@id\":\"https:\/\/egcc.ee\/fi\/#organization\",\"name\":\"Estonian Golf &amp; Country Club\",\"url\":\"https:\/\/egcc.ee\/fi\/\",\"logo\":{\"@type\":\"ImageObject\",\"inLanguage\":\"fi\",\"@id\":\"https:\/\/egcc.ee\/fi\/#\/schema\/logo\/image\/\",\"url\":\"https:\/\/egcc.ee\/wp-content\/uploads\/2023\/04\/EGCC_logo_150.png\",\"contentUrl\":\"https:\/\/egcc.ee\/wp-content\/uploads\/2023\/04\/EGCC_logo_150.png\",\"width\":150,\"height\":150,\"caption\":\"Estonian Golf &amp; Country Club\"},\"image\":{\"@id\":\"https:\/\/egcc.ee\/fi\/#\/schema\/logo\/image\/\"}}]}<\/script>\n<!-- \/ Yoast SEO plugin. -->","yoast_head_json":{"title":"Huba House &#8211; Estonian Golf &amp; Country Club","robots":{"index":"index","follow":"follow","max-snippet":"max-snippet:-1","max-image-preview":"max-image-preview:large","max-video-preview":"max-video-preview:-1"},"canonical":"https:\/\/egcc.ee\/fi\/huba-house\/","og_locale":"fi_FI","og_type":"article","og_title":"Huba House &#8211; Estonian Golf &amp; Country Club","og_description":"Mukavuudet: Lis\u00e4palvelut: Aktiviteetit","og_url":"https:\/\/egcc.ee\/fi\/huba-house\/","og_site_name":"Estonian Golf &amp; Country Club","article_modified_time":"2025-12-15T13:08:46+00:00","og_image":[{"width":1500,"height":1000,"url":"https:\/\/egcc.ee\/wp-content\/uploads\/2025\/12\/package_00.jpg","type":"image\/jpeg"}],"twitter_card":"summary_large_image","twitter_misc":{"Arvioitu lukuaika":"1 minuutti"},"schema":{"@context":"https:\/\/schema.org","@graph":[{"@type":"WebPage","@id":"https:\/\/egcc.ee\/fi\/huba-house\/","url":"https:\/\/egcc.ee\/fi\/huba-house\/","name":"Huba House &#8211; Estonian Golf &amp; Country Club","isPartOf":{"@id":"https:\/\/egcc.ee\/fi\/#website"},"primaryImageOfPage":{"@id":"https:\/\/egcc.ee\/fi\/huba-house\/#primaryimage"},"image":{"@id":"https:\/\/egcc.ee\/fi\/huba-house\/#primaryimage"},"thumbnailUrl":"https:\/\/egcc.ee\/wp-content\/uploads\/2025\/12\/package_00-1024x683.jpg","datePublished":"2025-12-15T12:50:49+00:00","dateModified":"2025-12-15T13:08:46+00:00","breadcrumb":{"@id":"https:\/\/egcc.ee\/fi\/huba-house\/#breadcrumb"},"inLanguage":"fi","potentialAction":[{"@type":"ReadAction","target":["https:\/\/egcc.ee\/fi\/huba-house\/"]}]},{"@type":"ImageObject","inLanguage":"fi","@id":"https:\/\/egcc.ee\/fi\/huba-house\/#primaryimage","url":"https:\/\/egcc.ee\/wp-content\/uploads\/2025\/12\/package_00-1024x683.jpg","contentUrl":"https:\/\/egcc.ee\/wp-content\/uploads\/2025\/12\/package_00-1024x683.jpg"},{"@type":"BreadcrumbList","@id":"https:\/\/egcc.ee\/fi\/huba-house\/#breadcrumb","itemListElement":[{"@type":"ListItem","position":1,"name":"Home","item":"https:\/\/egcc.ee\/fi\/"},{"@type":"ListItem","position":2,"name":"Huba House"}]},{"@type":"WebSite","@id":"https:\/\/egcc.ee\/fi\/#website","url":"https:\/\/egcc.ee\/fi\/","name":"Estonian Golf &amp; Country Club","description":"J\u00f5el\u00e4htmes saab golfi!","publisher":{"@id":"https:\/\/egcc.ee\/fi\/#organization"},"potentialAction":[{"@type":"SearchAction","target":{"@type":"EntryPoint","urlTemplate":"https:\/\/egcc.ee\/fi\/?s={search_term_string}"},"query-input":{"@type":"PropertyValueSpecification","valueRequired":true,"valueName":"search_term_string"}}],"inLanguage":"fi"},{"@type":"Organization","@id":"https:\/\/egcc.ee\/fi\/#organization","name":"Estonian Golf &amp; Country Club","url":"https:\/\/egcc.ee\/fi\/","logo":{"@type":"ImageObject","inLanguage":"fi","@id":"https:\/\/egcc.ee\/fi\/#\/schema\/logo\/image\/","url":"https:\/\/egcc.ee\/wp-content\/uploads\/2023\/04\/EGCC_logo_150.png","contentUrl":"https:\/\/egcc.ee\/wp-content\/uploads\/2023\/04\/EGCC_logo_150.png","width":150,"height":150,"caption":"Estonian Golf &amp; Country Club"},"image":{"@id":"https:\/\/egcc.ee\/fi\/#\/schema\/logo\/image\/"}}]}},"_links":{"self":[{"href":"https:\/\/egcc.ee\/fi\/wp-json\/wp\/v2\/pages\/38977","targetHints":{"allow":["GET"]}}],"collection":[{"href":"https:\/\/egcc.ee\/fi\/wp-json\/wp\/v2\/pages"}],"about":[{"href":"https:\/\/egcc.ee\/fi\/wp-json\/wp\/v2\/types\/page"}],"author":[{"embeddable":true,"href":"https:\/\/egcc.ee\/fi\/wp-json\/wp\/v2\/users\/2"}],"replies":[{"embeddable":true,"href":"https:\/\/egcc.ee\/fi\/wp-json\/wp\/v2\/comments?post=38977"}],"version-history":[{"count":3,"href":"https:\/\/egcc.ee\/fi\/wp-json\/wp\/v2\/pages\/38977\/revisions"}],"predecessor-version":[{"id":38989,"href":"https:\/\/egcc.ee\/fi\/wp-json\/wp\/v2\/pages\/38977\/revisions\/38989"}],"wp:attachment":[{"href":"https:\/\/egcc.ee\/fi\/wp-json\/wp\/v2\/media?parent=38977"}],"curies":[{"name":"wp","href":"https:\/\/api.w.org\/{rel}","templated":true}]}}