{"id":38912,"date":"2025-12-15T11:07:38","date_gmt":"2025-12-15T09:07:38","guid":{"rendered":"https:\/\/egcc.ee\/villa-sisu\/"},"modified":"2025-12-15T15:09:54","modified_gmt":"2025-12-15T13:09:54","slug":"villa-sisu","status":"publish","type":"page","link":"https:\/\/egcc.ee\/fi\/villa-sisu\/","title":{"rendered":"Villa Sisu"},"content":{"rendered":"\n<div class=\"wp-block-media-text alignwide has-media-on-the-right is-stacked-on-mobile is-vertically-aligned-center\"><div class=\"wp-block-media-text__content\">\n<div style=\"height:20px\" aria-hidden=\"true\" class=\"wp-block-spacer\"><\/div>\n\n\n\n<p>Villa Sisu sijaitsee idyllisess\u00e4 Mannivan golfkyl\u00e4ss\u00e4, vain 30 minuutin ajomatkan p\u00e4\u00e4ss\u00e4 Tallinnan keskustasta. Vieraita odottaa tilava 150 m\u00b2:n huvila, jossa on kaikki modernit mukavuudet, 50 m\u00b2:n avoterassi sek\u00e4 oma sauna. Olipa kyseess\u00e4 golfloma yst\u00e4vien kanssa tai rauhallinen perheloma, Villa Sisu tarjoaa tarvitsemasi tilan ja mukavuuden \u2014 t\u00e4ydellisesti enint\u00e4\u00e4n kuudelle vieraalle.<\/p>\n\n\n\n<div class=\"wp-block-group\"><div class=\"wp-block-group__inner-container is-layout-constrained wp-block-group-is-layout-constrained\">\n<p><strong><mark style=\"background-color:rgba(0, 0, 0, 0);color:#bd8f18\" class=\"has-inline-color\">Hinnat:<\/mark><\/strong><\/p>\n\n\n\n<ul class=\"wp-block-list\">\n<li>Ensimm\u00e4inen y\u00f6: <strong>790 \u20ac<\/strong>; seuraavat y\u00f6t: <strong>590 \u20ac<\/strong> \/ y\u00f6<\/li>\n\n\n\n<li>Viikko (6 y\u00f6t\u00e4): <strong>2 220 \u20ac<\/strong><\/li>\n\n\n\n<li>Kuukausi: <strong>5 500 \u20ac<\/strong><\/li>\n<\/ul>\n<\/div><\/div>\n<\/div><figure class=\"wp-block-media-text__media\"><img loading=\"lazy\" decoding=\"async\" width=\"1024\" height=\"683\" src=\"https:\/\/egcc.ee\/wp-content\/uploads\/2025\/12\/package_07-1024x683.jpg\" alt=\"\" class=\"wp-image-38842 size-full\" srcset=\"https:\/\/egcc.ee\/wp-content\/uploads\/2025\/12\/package_07-1024x683.jpg 1024w, https:\/\/egcc.ee\/wp-content\/uploads\/2025\/12\/package_07-300x200.jpg 300w, https:\/\/egcc.ee\/wp-content\/uploads\/2025\/12\/package_07-768x512.jpg 768w, https:\/\/egcc.ee\/wp-content\/uploads\/2025\/12\/package_07.jpg 1500w\" sizes=\"auto, (max-width: 1024px) 100vw, 1024px\" \/><\/figure><\/div>\n\n\n\n<div style=\"height:20px\" aria-hidden=\"true\" class=\"wp-block-spacer\"><\/div>\n\n\n\n<p><strong><mark style=\"background-color:rgba(0, 0, 0, 0);color:#bd8f18\" class=\"has-inline-color\">Mukavuudet:<\/mark><\/strong><\/p>\n\n\n\n<ul class=\"wp-block-list\">\n<li>3 makuuhuonetta, joissa 3 parivuodetta<\/li>\n\n\n\n<li>Sauna, suihkuhuone ja 2 WC:t\u00e4<\/li>\n\n\n\n<li>T\u00e4ysin varusteltu keitti\u00f6 (sis\u00e4lt\u00e4en mikroaaltouunin)<\/li>\n\n\n\n<li>Tilava olo- ja ruokailutila<\/li>\n\n\n\n<li>Televisio, Bluetooth\u2011\u00e4\u00e4nij\u00e4rjestelm\u00e4 ja takka<\/li>\n\n\n\n<li>Ilmainen pys\u00e4k\u00f6inti jopa kuudelle autolle<\/li>\n\n\n\n<li>Maksuttomat vuodevaatteet, pyyhkeet ja henkarit<\/li>\n\n\n\n<li>Pyykinpesukone, kuivausrumpu ja kuivausteline<\/li>\n\n\n\n<li>Yksityinen terassi<\/li>\n\n\n\n<li>Ilmainen Wi\u2011Fi<\/li>\n\n\n\n<li>Valikoima lautapelej\u00e4<\/li>\n\n\n\n<li>Palovaroitin ja h\u00e4k\u00e4varoitin<\/li>\n\n\n\n<li>Lemmikit eiv\u00e4t ole sallittuja<\/li>\n<\/ul>\n\n\n\n<p><strong><mark style=\"background-color:rgba(0, 0, 0, 0);color:#bd8f18\" class=\"has-inline-color\">Lis\u00e4palvelut:<\/mark><\/strong><\/p>\n\n\n\n<ul class=\"wp-block-list\">\n<li>Golfauton vuokraus<\/li>\n\n\n\n<li>Polkupy\u00f6rien vuokraus<\/li>\n\n\n\n<li>Green Egg \u2011keraaminen grilli ja t\u00e4ydet grillausv\u00e4lineet<\/li>\n<\/ul>\n\n\n\n<p><mark style=\"background-color:rgba(0, 0, 0, 0);color:#bd8f18\" class=\"has-inline-color\"><strong>Aktiviteetit:<\/strong><\/mark><\/p>\n\n\n\n<ul class=\"wp-block-list\">\n<li>L\u00e4hin ravintola \u2013 500 m (avoinna huhtikuusta lokakuuhun)<\/li>\n\n\n\n<li>Golfkent\u00e4t \u2013 500 m (avoinna huhtikuusta lokakuuhun)<\/li>\n\n\n\n<li>J\u00e4gala\u2011vesiputous \u2013 8 km<\/li>\n\n\n\n<li>Ihasalu\u2011ranta \u2013 16 km, Kaberneemen ranta \u2013 20 km<\/li>\n\n\n\n<li>Py\u00f6r\u00e4ilyreitit ja vaelluspolut<\/li>\n\n\n\n<li>Ratsastus<\/li>\n\n\n\n<li>Museot ja kirkot<\/li>\n<\/ul>\n\n\n\n<div style=\"height:40px\" aria-hidden=\"true\" class=\"wp-block-spacer\"><\/div>\n\n\n<div class=\"d-flex\">\n    <a target=\"_blank\" href=\"mailto:hanno@egcc.ee\" class=\"btn btn-primary\">\n                Varaa nyt        <i class=\"bi bi-arrow-right\"><\/i>    <\/a>\n<\/div>\n\n\n<div style=\"height:40px\" aria-hidden=\"true\" class=\"wp-block-spacer\"><\/div>\n\n\n\n<div class=\"wp-block-columns is-layout-flex wp-container-core-columns-is-layout-9d6595d7 wp-block-columns-is-layout-flex\">\n<div class=\"wp-block-column is-layout-flow wp-block-column-is-layout-flow\">\n<figure class=\"wp-block-image size-large\"><img loading=\"lazy\" decoding=\"async\" width=\"1024\" height=\"683\" src=\"https:\/\/egcc.ee\/wp-content\/uploads\/2025\/12\/package_03-1024x683.jpg\" alt=\"\" class=\"wp-image-38843\" srcset=\"https:\/\/egcc.ee\/wp-content\/uploads\/2025\/12\/package_03-1024x683.jpg 1024w, https:\/\/egcc.ee\/wp-content\/uploads\/2025\/12\/package_03-300x200.jpg 300w, https:\/\/egcc.ee\/wp-content\/uploads\/2025\/12\/package_03-768x512.jpg 768w, https:\/\/egcc.ee\/wp-content\/uploads\/2025\/12\/package_03-1536x1024.jpg 1536w, https:\/\/egcc.ee\/wp-content\/uploads\/2025\/12\/package_03-2048x1366.jpg 2048w\" sizes=\"auto, (max-width: 1024px) 100vw, 1024px\" \/><\/figure>\n<\/div>\n\n\n\n<div class=\"wp-block-column is-layout-flow wp-block-column-is-layout-flow\">\n<figure class=\"wp-block-image size-large\"><img loading=\"lazy\" decoding=\"async\" width=\"1024\" height=\"682\" src=\"https:\/\/egcc.ee\/wp-content\/uploads\/2025\/12\/package_11-1024x682.jpg\" alt=\"\" class=\"wp-image-38864\" srcset=\"https:\/\/egcc.ee\/wp-content\/uploads\/2025\/12\/package_11-1024x682.jpg 1024w, https:\/\/egcc.ee\/wp-content\/uploads\/2025\/12\/package_11-300x200.jpg 300w, https:\/\/egcc.ee\/wp-content\/uploads\/2025\/12\/package_11-768x511.jpg 768w, https:\/\/egcc.ee\/wp-content\/uploads\/2025\/12\/package_11.jpg 1500w\" sizes=\"auto, (max-width: 1024px) 100vw, 1024px\" \/><\/figure>\n<\/div>\n<\/div>\n\n\n\n<div class=\"wp-block-columns is-layout-flex wp-container-core-columns-is-layout-9d6595d7 wp-block-columns-is-layout-flex\">\n<div class=\"wp-block-column is-layout-flow wp-block-column-is-layout-flow\">\n<figure class=\"wp-block-image size-large\"><img loading=\"lazy\" decoding=\"async\" width=\"1024\" height=\"683\" src=\"https:\/\/egcc.ee\/wp-content\/uploads\/2025\/12\/package_04-1024x683.jpg\" alt=\"\" class=\"wp-image-38845\" srcset=\"https:\/\/egcc.ee\/wp-content\/uploads\/2025\/12\/package_04-1024x683.jpg 1024w, https:\/\/egcc.ee\/wp-content\/uploads\/2025\/12\/package_04-300x200.jpg 300w, https:\/\/egcc.ee\/wp-content\/uploads\/2025\/12\/package_04-768x512.jpg 768w, https:\/\/egcc.ee\/wp-content\/uploads\/2025\/12\/package_04.jpg 1500w\" sizes=\"auto, (max-width: 1024px) 100vw, 1024px\" \/><\/figure>\n<\/div>\n\n\n\n<div class=\"wp-block-column is-layout-flow wp-block-column-is-layout-flow\">\n<figure class=\"wp-block-image size-large\"><img loading=\"lazy\" decoding=\"async\" width=\"1024\" height=\"683\" src=\"https:\/\/egcc.ee\/wp-content\/uploads\/2025\/12\/package_15-1024x683.jpg\" alt=\"\" class=\"wp-image-38873\" srcset=\"https:\/\/egcc.ee\/wp-content\/uploads\/2025\/12\/package_15-1024x683.jpg 1024w, https:\/\/egcc.ee\/wp-content\/uploads\/2025\/12\/package_15-300x200.jpg 300w, https:\/\/egcc.ee\/wp-content\/uploads\/2025\/12\/package_15-768x512.jpg 768w, https:\/\/egcc.ee\/wp-content\/uploads\/2025\/12\/package_15.jpg 1500w\" sizes=\"auto, (max-width: 1024px) 100vw, 1024px\" \/><\/figure>\n<\/div>\n<\/div>\n\n\n\n<div class=\"wp-block-columns is-layout-flex wp-container-core-columns-is-layout-9d6595d7 wp-block-columns-is-layout-flex\">\n<div class=\"wp-block-column is-layout-flow wp-block-column-is-layout-flow\">\n<figure class=\"wp-block-image size-full\"><img loading=\"lazy\" decoding=\"async\" width=\"1000\" height=\"667\" src=\"https:\/\/egcc.ee\/wp-content\/uploads\/2025\/12\/package_13.jpg\" alt=\"\" class=\"wp-image-38868\" srcset=\"https:\/\/egcc.ee\/wp-content\/uploads\/2025\/12\/package_13.jpg 1000w, https:\/\/egcc.ee\/wp-content\/uploads\/2025\/12\/package_13-300x200.jpg 300w, https:\/\/egcc.ee\/wp-content\/uploads\/2025\/12\/package_13-768x512.jpg 768w\" sizes=\"auto, (max-width: 1000px) 100vw, 1000px\" \/><\/figure>\n<\/div>\n\n\n\n<div class=\"wp-block-column is-layout-flow wp-block-column-is-layout-flow\">\n<figure class=\"wp-block-image size-large\"><img loading=\"lazy\" decoding=\"async\" width=\"1024\" height=\"683\" src=\"https:\/\/egcc.ee\/wp-content\/uploads\/2025\/12\/package_12-1024x683.jpg\" alt=\"\" class=\"wp-image-38869\" srcset=\"https:\/\/egcc.ee\/wp-content\/uploads\/2025\/12\/package_12-1024x683.jpg 1024w, https:\/\/egcc.ee\/wp-content\/uploads\/2025\/12\/package_12-300x200.jpg 300w, https:\/\/egcc.ee\/wp-content\/uploads\/2025\/12\/package_12-768x512.jpg 768w, https:\/\/egcc.ee\/wp-content\/uploads\/2025\/12\/package_12.jpg 1074w\" sizes=\"auto, (max-width: 1024px) 100vw, 1024px\" \/><\/figure>\n<\/div>\n<\/div>\n\n\n\n<div class=\"wp-block-columns is-layout-flex wp-container-core-columns-is-layout-9d6595d7 wp-block-columns-is-layout-flex\">\n<div class=\"wp-block-column is-layout-flow wp-block-column-is-layout-flow\">\n<figure class=\"wp-block-image size-large\"><img loading=\"lazy\" decoding=\"async\" width=\"1024\" height=\"683\" src=\"https:\/\/egcc.ee\/wp-content\/uploads\/2025\/12\/package_16-1024x683.jpg\" alt=\"\" class=\"wp-image-38874\" srcset=\"https:\/\/egcc.ee\/wp-content\/uploads\/2025\/12\/package_16-1024x683.jpg 1024w, https:\/\/egcc.ee\/wp-content\/uploads\/2025\/12\/package_16-300x200.jpg 300w, https:\/\/egcc.ee\/wp-content\/uploads\/2025\/12\/package_16-768x512.jpg 768w, https:\/\/egcc.ee\/wp-content\/uploads\/2025\/12\/package_16.jpg 1500w\" sizes=\"auto, (max-width: 1024px) 100vw, 1024px\" \/><\/figure>\n<\/div>\n\n\n\n<div class=\"wp-block-column is-layout-flow wp-block-column-is-layout-flow\">\n<figure class=\"wp-block-image size-large\"><img loading=\"lazy\" decoding=\"async\" width=\"1024\" height=\"683\" src=\"https:\/\/egcc.ee\/wp-content\/uploads\/2025\/12\/package_02-1024x683.jpg\" alt=\"\" class=\"wp-image-38847\" srcset=\"https:\/\/egcc.ee\/wp-content\/uploads\/2025\/12\/package_02-1024x683.jpg 1024w, https:\/\/egcc.ee\/wp-content\/uploads\/2025\/12\/package_02-300x200.jpg 300w, https:\/\/egcc.ee\/wp-content\/uploads\/2025\/12\/package_02-768x512.jpg 768w, https:\/\/egcc.ee\/wp-content\/uploads\/2025\/12\/package_02.jpg 1500w\" sizes=\"auto, (max-width: 1024px) 100vw, 1024px\" \/><\/figure>\n<\/div>\n<\/div>\n\n\n\n<div class=\"wp-block-columns is-layout-flex wp-container-core-columns-is-layout-9d6595d7 wp-block-columns-is-layout-flex\">\n<div class=\"wp-block-column is-layout-flow wp-block-column-is-layout-flow\">\n<figure class=\"wp-block-image size-large\"><img loading=\"lazy\" decoding=\"async\" width=\"1024\" height=\"683\" src=\"https:\/\/egcc.ee\/wp-content\/uploads\/2025\/12\/package_06-1024x683.jpg\" alt=\"\" class=\"wp-image-38844\" srcset=\"https:\/\/egcc.ee\/wp-content\/uploads\/2025\/12\/package_06-1024x683.jpg 1024w, https:\/\/egcc.ee\/wp-content\/uploads\/2025\/12\/package_06-300x200.jpg 300w, https:\/\/egcc.ee\/wp-content\/uploads\/2025\/12\/package_06-768x512.jpg 768w, https:\/\/egcc.ee\/wp-content\/uploads\/2025\/12\/package_06-1536x1024.jpg 1536w, https:\/\/egcc.ee\/wp-content\/uploads\/2025\/12\/package_06-2048x1366.jpg 2048w\" sizes=\"auto, (max-width: 1024px) 100vw, 1024px\" \/><\/figure>\n<\/div>\n\n\n\n<div class=\"wp-block-column is-layout-flow wp-block-column-is-layout-flow\">\n<figure class=\"wp-block-image size-large\"><img loading=\"lazy\" decoding=\"async\" width=\"1024\" height=\"683\" src=\"https:\/\/egcc.ee\/wp-content\/uploads\/2025\/12\/package_05-1024x683.jpg\" alt=\"\" class=\"wp-image-38846\" srcset=\"https:\/\/egcc.ee\/wp-content\/uploads\/2025\/12\/package_05-1024x683.jpg 1024w, https:\/\/egcc.ee\/wp-content\/uploads\/2025\/12\/package_05-300x200.jpg 300w, https:\/\/egcc.ee\/wp-content\/uploads\/2025\/12\/package_05-768x512.jpg 768w, https:\/\/egcc.ee\/wp-content\/uploads\/2025\/12\/package_05.jpg 1500w\" sizes=\"auto, (max-width: 1024px) 100vw, 1024px\" \/><\/figure>\n<\/div>\n<\/div>\n\n\n\n<div class=\"wp-block-columns is-layout-flex wp-container-core-columns-is-layout-9d6595d7 wp-block-columns-is-layout-flex\">\n<div class=\"wp-block-column is-layout-flow wp-block-column-is-layout-flow\">\n<figure class=\"wp-block-image size-large\"><img loading=\"lazy\" decoding=\"async\" width=\"1024\" height=\"683\" src=\"https:\/\/egcc.ee\/wp-content\/uploads\/2025\/12\/package_14-1024x683.jpg\" alt=\"\" class=\"wp-image-38872\" srcset=\"https:\/\/egcc.ee\/wp-content\/uploads\/2025\/12\/package_14-1024x683.jpg 1024w, https:\/\/egcc.ee\/wp-content\/uploads\/2025\/12\/package_14-300x200.jpg 300w, https:\/\/egcc.ee\/wp-content\/uploads\/2025\/12\/package_14-768x512.jpg 768w, https:\/\/egcc.ee\/wp-content\/uploads\/2025\/12\/package_14.jpg 1500w\" sizes=\"auto, (max-width: 1024px) 100vw, 1024px\" \/><\/figure>\n<\/div>\n\n\n\n<div class=\"wp-block-column is-layout-flow wp-block-column-is-layout-flow\">\n<figure class=\"wp-block-image size-full\"><img loading=\"lazy\" decoding=\"async\" width=\"1000\" height=\"667\" src=\"https:\/\/egcc.ee\/wp-content\/uploads\/2025\/12\/package_21.jpg\" alt=\"\" class=\"wp-image-38877\" srcset=\"https:\/\/egcc.ee\/wp-content\/uploads\/2025\/12\/package_21.jpg 1000w, https:\/\/egcc.ee\/wp-content\/uploads\/2025\/12\/package_21-300x200.jpg 300w, https:\/\/egcc.ee\/wp-content\/uploads\/2025\/12\/package_21-768x512.jpg 768w\" sizes=\"auto, (max-width: 1000px) 100vw, 1000px\" \/><\/figure>\n<\/div>\n<\/div>\n\n\n\n<div class=\"wp-block-columns is-layout-flex wp-container-core-columns-is-layout-9d6595d7 wp-block-columns-is-layout-flex\">\n<div class=\"wp-block-column is-layout-flow wp-block-column-is-layout-flow\">\n<figure class=\"wp-block-image size-full\"><img loading=\"lazy\" decoding=\"async\" width=\"1000\" height=\"667\" src=\"https:\/\/egcc.ee\/wp-content\/uploads\/2025\/12\/package_19.jpg\" alt=\"\" class=\"wp-image-38875\" srcset=\"https:\/\/egcc.ee\/wp-content\/uploads\/2025\/12\/package_19.jpg 1000w, https:\/\/egcc.ee\/wp-content\/uploads\/2025\/12\/package_19-300x200.jpg 300w, https:\/\/egcc.ee\/wp-content\/uploads\/2025\/12\/package_19-768x512.jpg 768w\" sizes=\"auto, (max-width: 1000px) 100vw, 1000px\" \/><\/figure>\n<\/div>\n\n\n\n<div class=\"wp-block-column is-layout-flow wp-block-column-is-layout-flow\">\n<figure class=\"wp-block-image size-full\"><img loading=\"lazy\" decoding=\"async\" width=\"1000\" height=\"667\" src=\"https:\/\/egcc.ee\/wp-content\/uploads\/2025\/12\/package_20.jpg\" alt=\"\" class=\"wp-image-38876\" srcset=\"https:\/\/egcc.ee\/wp-content\/uploads\/2025\/12\/package_20.jpg 1000w, https:\/\/egcc.ee\/wp-content\/uploads\/2025\/12\/package_20-300x200.jpg 300w, https:\/\/egcc.ee\/wp-content\/uploads\/2025\/12\/package_20-768x512.jpg 768w\" sizes=\"auto, (max-width: 1000px) 100vw, 1000px\" \/><\/figure>\n<\/div>\n<\/div>\n\n\n<div class=\"d-flex\">\n    <a  href=\"https:\/\/egcc.ee\/fi\/rent\/\" class=\"btn btn-link\">\n        <i class=\"bi bi-arrow-left\"><\/i>        TAKAISIN            <\/a>\n<\/div>","protected":false},"excerpt":{"rendered":"<p>Mukavuudet: Lis\u00e4palvelut: Aktiviteetit:<\/p>\n","protected":false},"author":2,"featured_media":0,"parent":0,"menu_order":0,"comment_status":"closed","ping_status":"closed","template":"","meta":{"_acf_changed":false,"ngg_post_thumbnail":0,"footnotes":""},"class_list":["post-38912","page","type-page","status-publish","hentry"],"acf":[],"yoast_head":"<!-- This site is optimized with the Yoast SEO plugin v27.1.1 - https:\/\/yoast.com\/product\/yoast-seo-wordpress\/ -->\n<title>Villa Sisu &#8211; Estonian Golf &amp; Country Club<\/title>\n<meta name=\"robots\" content=\"index, follow, max-snippet:-1, max-image-preview:large, max-video-preview:-1\" \/>\n<link rel=\"canonical\" href=\"https:\/\/egcc.ee\/fi\/villa-sisu\/\" \/>\n<meta property=\"og:locale\" content=\"fi_FI\" \/>\n<meta property=\"og:type\" content=\"article\" \/>\n<meta property=\"og:title\" content=\"Villa Sisu &#8211; Estonian Golf &amp; Country Club\" \/>\n<meta property=\"og:description\" content=\"Mukavuudet: Lis\u00e4palvelut: Aktiviteetit:\" \/>\n<meta property=\"og:url\" content=\"https:\/\/egcc.ee\/fi\/villa-sisu\/\" \/>\n<meta property=\"og:site_name\" content=\"Estonian Golf &amp; Country Club\" \/>\n<meta property=\"article:modified_time\" content=\"2025-12-15T13:09:54+00:00\" \/>\n<meta property=\"og:image\" content=\"https:\/\/egcc.ee\/wp-content\/uploads\/2025\/12\/package_07.jpg\" \/>\n\t<meta property=\"og:image:width\" content=\"1500\" \/>\n\t<meta property=\"og:image:height\" content=\"1000\" \/>\n\t<meta property=\"og:image:type\" content=\"image\/jpeg\" \/>\n<meta name=\"twitter:card\" content=\"summary_large_image\" \/>\n<meta name=\"twitter:label1\" content=\"Arvioitu lukuaika\" \/>\n\t<meta name=\"twitter:data1\" content=\"5 minuuttia\" \/>\n<script type=\"application\/ld+json\" class=\"yoast-schema-graph\">{\"@context\":\"https:\/\/schema.org\",\"@graph\":[{\"@type\":\"WebPage\",\"@id\":\"https:\/\/egcc.ee\/fi\/villa-sisu\/\",\"url\":\"https:\/\/egcc.ee\/fi\/villa-sisu\/\",\"name\":\"Villa Sisu &#8211; Estonian Golf &amp; Country Club\",\"isPartOf\":{\"@id\":\"https:\/\/egcc.ee\/fi\/#website\"},\"primaryImageOfPage\":{\"@id\":\"https:\/\/egcc.ee\/fi\/villa-sisu\/#primaryimage\"},\"image\":{\"@id\":\"https:\/\/egcc.ee\/fi\/villa-sisu\/#primaryimage\"},\"thumbnailUrl\":\"https:\/\/egcc.ee\/wp-content\/uploads\/2025\/12\/package_07-1024x683.jpg\",\"datePublished\":\"2025-12-15T09:07:38+00:00\",\"dateModified\":\"2025-12-15T13:09:54+00:00\",\"breadcrumb\":{\"@id\":\"https:\/\/egcc.ee\/fi\/villa-sisu\/#breadcrumb\"},\"inLanguage\":\"fi\",\"potentialAction\":[{\"@type\":\"ReadAction\",\"target\":[\"https:\/\/egcc.ee\/fi\/villa-sisu\/\"]}]},{\"@type\":\"ImageObject\",\"inLanguage\":\"fi\",\"@id\":\"https:\/\/egcc.ee\/fi\/villa-sisu\/#primaryimage\",\"url\":\"https:\/\/egcc.ee\/wp-content\/uploads\/2025\/12\/package_07-1024x683.jpg\",\"contentUrl\":\"https:\/\/egcc.ee\/wp-content\/uploads\/2025\/12\/package_07-1024x683.jpg\"},{\"@type\":\"BreadcrumbList\",\"@id\":\"https:\/\/egcc.ee\/fi\/villa-sisu\/#breadcrumb\",\"itemListElement\":[{\"@type\":\"ListItem\",\"position\":1,\"name\":\"Home\",\"item\":\"https:\/\/egcc.ee\/fi\/\"},{\"@type\":\"ListItem\",\"position\":2,\"name\":\"Villa Sisu\"}]},{\"@type\":\"WebSite\",\"@id\":\"https:\/\/egcc.ee\/fi\/#website\",\"url\":\"https:\/\/egcc.ee\/fi\/\",\"name\":\"Estonian Golf &amp; Country Club\",\"description\":\"J\u00f5el\u00e4htmes saab golfi!\",\"publisher\":{\"@id\":\"https:\/\/egcc.ee\/fi\/#organization\"},\"potentialAction\":[{\"@type\":\"SearchAction\",\"target\":{\"@type\":\"EntryPoint\",\"urlTemplate\":\"https:\/\/egcc.ee\/fi\/?s={search_term_string}\"},\"query-input\":{\"@type\":\"PropertyValueSpecification\",\"valueRequired\":true,\"valueName\":\"search_term_string\"}}],\"inLanguage\":\"fi\"},{\"@type\":\"Organization\",\"@id\":\"https:\/\/egcc.ee\/fi\/#organization\",\"name\":\"Estonian Golf &amp; Country Club\",\"url\":\"https:\/\/egcc.ee\/fi\/\",\"logo\":{\"@type\":\"ImageObject\",\"inLanguage\":\"fi\",\"@id\":\"https:\/\/egcc.ee\/fi\/#\/schema\/logo\/image\/\",\"url\":\"https:\/\/egcc.ee\/wp-content\/uploads\/2023\/04\/EGCC_logo_150.png\",\"contentUrl\":\"https:\/\/egcc.ee\/wp-content\/uploads\/2023\/04\/EGCC_logo_150.png\",\"width\":150,\"height\":150,\"caption\":\"Estonian Golf &amp; Country Club\"},\"image\":{\"@id\":\"https:\/\/egcc.ee\/fi\/#\/schema\/logo\/image\/\"}}]}<\/script>\n<!-- \/ Yoast SEO plugin. -->","yoast_head_json":{"title":"Villa Sisu &#8211; Estonian Golf &amp; Country Club","robots":{"index":"index","follow":"follow","max-snippet":"max-snippet:-1","max-image-preview":"max-image-preview:large","max-video-preview":"max-video-preview:-1"},"canonical":"https:\/\/egcc.ee\/fi\/villa-sisu\/","og_locale":"fi_FI","og_type":"article","og_title":"Villa Sisu &#8211; Estonian Golf &amp; Country Club","og_description":"Mukavuudet: Lis\u00e4palvelut: Aktiviteetit:","og_url":"https:\/\/egcc.ee\/fi\/villa-sisu\/","og_site_name":"Estonian Golf &amp; Country Club","article_modified_time":"2025-12-15T13:09:54+00:00","og_image":[{"width":1500,"height":1000,"url":"https:\/\/egcc.ee\/wp-content\/uploads\/2025\/12\/package_07.jpg","type":"image\/jpeg"}],"twitter_card":"summary_large_image","twitter_misc":{"Arvioitu lukuaika":"5 minuuttia"},"schema":{"@context":"https:\/\/schema.org","@graph":[{"@type":"WebPage","@id":"https:\/\/egcc.ee\/fi\/villa-sisu\/","url":"https:\/\/egcc.ee\/fi\/villa-sisu\/","name":"Villa Sisu &#8211; Estonian Golf &amp; Country Club","isPartOf":{"@id":"https:\/\/egcc.ee\/fi\/#website"},"primaryImageOfPage":{"@id":"https:\/\/egcc.ee\/fi\/villa-sisu\/#primaryimage"},"image":{"@id":"https:\/\/egcc.ee\/fi\/villa-sisu\/#primaryimage"},"thumbnailUrl":"https:\/\/egcc.ee\/wp-content\/uploads\/2025\/12\/package_07-1024x683.jpg","datePublished":"2025-12-15T09:07:38+00:00","dateModified":"2025-12-15T13:09:54+00:00","breadcrumb":{"@id":"https:\/\/egcc.ee\/fi\/villa-sisu\/#breadcrumb"},"inLanguage":"fi","potentialAction":[{"@type":"ReadAction","target":["https:\/\/egcc.ee\/fi\/villa-sisu\/"]}]},{"@type":"ImageObject","inLanguage":"fi","@id":"https:\/\/egcc.ee\/fi\/villa-sisu\/#primaryimage","url":"https:\/\/egcc.ee\/wp-content\/uploads\/2025\/12\/package_07-1024x683.jpg","contentUrl":"https:\/\/egcc.ee\/wp-content\/uploads\/2025\/12\/package_07-1024x683.jpg"},{"@type":"BreadcrumbList","@id":"https:\/\/egcc.ee\/fi\/villa-sisu\/#breadcrumb","itemListElement":[{"@type":"ListItem","position":1,"name":"Home","item":"https:\/\/egcc.ee\/fi\/"},{"@type":"ListItem","position":2,"name":"Villa Sisu"}]},{"@type":"WebSite","@id":"https:\/\/egcc.ee\/fi\/#website","url":"https:\/\/egcc.ee\/fi\/","name":"Estonian Golf &amp; Country Club","description":"J\u00f5el\u00e4htmes saab golfi!","publisher":{"@id":"https:\/\/egcc.ee\/fi\/#organization"},"potentialAction":[{"@type":"SearchAction","target":{"@type":"EntryPoint","urlTemplate":"https:\/\/egcc.ee\/fi\/?s={search_term_string}"},"query-input":{"@type":"PropertyValueSpecification","valueRequired":true,"valueName":"search_term_string"}}],"inLanguage":"fi"},{"@type":"Organization","@id":"https:\/\/egcc.ee\/fi\/#organization","name":"Estonian Golf &amp; Country Club","url":"https:\/\/egcc.ee\/fi\/","logo":{"@type":"ImageObject","inLanguage":"fi","@id":"https:\/\/egcc.ee\/fi\/#\/schema\/logo\/image\/","url":"https:\/\/egcc.ee\/wp-content\/uploads\/2023\/04\/EGCC_logo_150.png","contentUrl":"https:\/\/egcc.ee\/wp-content\/uploads\/2023\/04\/EGCC_logo_150.png","width":150,"height":150,"caption":"Estonian Golf &amp; Country Club"},"image":{"@id":"https:\/\/egcc.ee\/fi\/#\/schema\/logo\/image\/"}}]}},"_links":{"self":[{"href":"https:\/\/egcc.ee\/fi\/wp-json\/wp\/v2\/pages\/38912","targetHints":{"allow":["GET"]}}],"collection":[{"href":"https:\/\/egcc.ee\/fi\/wp-json\/wp\/v2\/pages"}],"about":[{"href":"https:\/\/egcc.ee\/fi\/wp-json\/wp\/v2\/types\/page"}],"author":[{"embeddable":true,"href":"https:\/\/egcc.ee\/fi\/wp-json\/wp\/v2\/users\/2"}],"replies":[{"embeddable":true,"href":"https:\/\/egcc.ee\/fi\/wp-json\/wp\/v2\/comments?post=38912"}],"version-history":[{"count":8,"href":"https:\/\/egcc.ee\/fi\/wp-json\/wp\/v2\/pages\/38912\/revisions"}],"predecessor-version":[{"id":38991,"href":"https:\/\/egcc.ee\/fi\/wp-json\/wp\/v2\/pages\/38912\/revisions\/38991"}],"wp:attachment":[{"href":"https:\/\/egcc.ee\/fi\/wp-json\/wp\/v2\/media?parent=38912"}],"curies":[{"name":"wp","href":"https:\/\/api.w.org\/{rel}","templated":true}]}}