{"id":23977,"date":"2023-04-17T00:40:36","date_gmt":"2023-04-16T21:40:36","guid":{"rendered":"https:\/\/egcc.ee\/captains-lounge\/"},"modified":"2024-04-10T18:54:06","modified_gmt":"2024-04-10T15:54:06","slug":"captains-lounge","status":"publish","type":"page","link":"https:\/\/egcc.ee\/fi\/captains-lounge\/","title":{"rendered":"Captain&#8217;s Lounge"},"content":{"rendered":"\n<div class=\"wp-block-media-text has-media-on-the-right is-stacked-on-mobile\"><div class=\"wp-block-media-text__content\">\n<div style=\"height:20px\" aria-hidden=\"true\" class=\"wp-block-spacer\"><\/div>\n\n\n\n<p>Klubitalon kolmannessa kerroksessa sijaitsee <strong>J\u00f5el\u00e4htme Da Vinci Golfravintolan Captain&#8217;s Lounge<\/strong>, jossa jopa 20 henkil\u00f6\u00e4 voi rauhassa viett\u00e4\u00e4 aikaa.<\/p>\n\n\n\n<p>Loungen tarkoitus on tarjota rauhallisempi alue, jossa on hyv\u00e4 pit\u00e4\u00e4 kokouksia, hoitaa kiireellisi\u00e4 bisnesasioita tai ruokailla.<\/p>\n<\/div><figure class=\"wp-block-media-text__media\"><img loading=\"lazy\" decoding=\"async\" width=\"1024\" height=\"682\" src=\"https:\/\/egcc.ee\/wp-content\/uploads\/2023\/09\/EGCC_Captains_Lounge_Captains-1024x682.jpg\" alt=\"\" class=\"wp-image-18332 size-full\" srcset=\"https:\/\/egcc.ee\/wp-content\/uploads\/2023\/09\/EGCC_Captains_Lounge_Captains-1024x682.jpg 1024w, https:\/\/egcc.ee\/wp-content\/uploads\/2023\/09\/EGCC_Captains_Lounge_Captains-300x200.jpg 300w, https:\/\/egcc.ee\/wp-content\/uploads\/2023\/09\/EGCC_Captains_Lounge_Captains-768x512.jpg 768w, https:\/\/egcc.ee\/wp-content\/uploads\/2023\/09\/EGCC_Captains_Lounge_Captains-1536x1024.jpg 1536w, https:\/\/egcc.ee\/wp-content\/uploads\/2023\/09\/EGCC_Captains_Lounge_Captains.jpg 2000w\" sizes=\"auto, (max-width: 1024px) 100vw, 1024px\" \/><\/figure><\/div>\n\n\n\n<div style=\"height:20px\" aria-hidden=\"true\" class=\"wp-block-spacer\"><\/div>\n\n\n\n<div class=\"wp-block-media-text is-stacked-on-mobile\"><figure class=\"wp-block-media-text__media\"><img loading=\"lazy\" decoding=\"async\" width=\"1024\" height=\"683\" src=\"https:\/\/egcc.ee\/wp-content\/uploads\/2023\/09\/EGCC_Captains_Lounge_Presidents-1024x683.jpg\" alt=\"\" class=\"wp-image-18329 size-full\" srcset=\"https:\/\/egcc.ee\/wp-content\/uploads\/2023\/09\/EGCC_Captains_Lounge_Presidents-1024x683.jpg 1024w, https:\/\/egcc.ee\/wp-content\/uploads\/2023\/09\/EGCC_Captains_Lounge_Presidents-300x200.jpg 300w, https:\/\/egcc.ee\/wp-content\/uploads\/2023\/09\/EGCC_Captains_Lounge_Presidents-768x512.jpg 768w, https:\/\/egcc.ee\/wp-content\/uploads\/2023\/09\/EGCC_Captains_Lounge_Presidents-1536x1025.jpg 1536w, https:\/\/egcc.ee\/wp-content\/uploads\/2023\/09\/EGCC_Captains_Lounge_Presidents.jpg 2000w\" sizes=\"auto, (max-width: 1024px) 100vw, 1024px\" \/><\/figure><div class=\"wp-block-media-text__content\">\n<div style=\"height:20px\" aria-hidden=\"true\" class=\"wp-block-spacer\"><\/div>\n\n\n\n<p>Captain&#8217;s Loungessa on sein\u00e4ll\u00e4 kaikkien kuuden Estonian Golf &amp; Country Clubin kapteenin muotokuvat ja valokuvat kolmesta presidentist\u00e4.<\/p>\n\n\n\n<p>T\u00e4\u00e4ll\u00e4 voit ihailla valikoimaa seurakilpailujen voittajista ja palkinnoista.<\/p>\n<\/div><\/div>\n","protected":false},"excerpt":{"rendered":"","protected":false},"author":2,"featured_media":7177,"parent":0,"menu_order":0,"comment_status":"closed","ping_status":"closed","template":"","meta":{"_acf_changed":false,"ngg_post_thumbnail":0,"footnotes":""},"class_list":["post-23977","page","type-page","status-publish","has-post-thumbnail","hentry"],"acf":[],"yoast_head":"<!-- This site is optimized with the Yoast SEO plugin v27.1.1 - https:\/\/yoast.com\/product\/yoast-seo-wordpress\/ -->\n<title>Captain&#039;s Lounge &#8211; Estonian Golf &amp; Country Club<\/title>\n<meta name=\"description\" content=\"Klubitalon kolmannessa kerroksessa sijaitsee Captain&#039;s Lounge, jossa jopa 20 henkil\u00f6\u00e4 voi rauhassa viett\u00e4\u00e4 aikaa.\" \/>\n<meta name=\"robots\" content=\"index, follow, max-snippet:-1, max-image-preview:large, max-video-preview:-1\" \/>\n<link rel=\"canonical\" href=\"https:\/\/egcc.ee\/fi\/captains-lounge\/\" \/>\n<meta property=\"og:locale\" content=\"fi_FI\" \/>\n<meta property=\"og:type\" content=\"article\" \/>\n<meta property=\"og:title\" content=\"Captain&#039;s Lounge &#8211; Estonian Golf &amp; Country Club\" \/>\n<meta property=\"og:description\" content=\"Klubitalon kolmannessa kerroksessa sijaitsee Captain&#039;s Lounge, jossa jopa 20 henkil\u00f6\u00e4 voi rauhassa viett\u00e4\u00e4 aikaa.\" \/>\n<meta property=\"og:url\" content=\"https:\/\/egcc.ee\/fi\/captains-lounge\/\" \/>\n<meta property=\"og:site_name\" content=\"Estonian Golf &amp; Country Club\" \/>\n<meta property=\"article:modified_time\" content=\"2024-04-10T15:54:06+00:00\" \/>\n<meta property=\"og:image\" content=\"https:\/\/egcc.ee\/wp-content\/uploads\/2022\/04\/1500x1000_captains_lounge_1.jpg\" \/>\n\t<meta property=\"og:image:width\" content=\"1500\" \/>\n\t<meta property=\"og:image:height\" content=\"1000\" \/>\n\t<meta property=\"og:image:type\" content=\"image\/jpeg\" \/>\n<meta name=\"twitter:card\" content=\"summary_large_image\" \/>\n<meta name=\"twitter:label1\" content=\"Arvioitu lukuaika\" \/>\n\t<meta name=\"twitter:data1\" content=\"1 minuutti\" \/>\n<script type=\"application\/ld+json\" class=\"yoast-schema-graph\">{\"@context\":\"https:\/\/schema.org\",\"@graph\":[{\"@type\":\"WebPage\",\"@id\":\"https:\/\/egcc.ee\/fi\/captains-lounge\/\",\"url\":\"https:\/\/egcc.ee\/fi\/captains-lounge\/\",\"name\":\"Captain's Lounge &#8211; Estonian Golf &amp; Country Club\",\"isPartOf\":{\"@id\":\"https:\/\/egcc.ee\/fi\/#website\"},\"primaryImageOfPage\":{\"@id\":\"https:\/\/egcc.ee\/fi\/captains-lounge\/#primaryimage\"},\"image\":{\"@id\":\"https:\/\/egcc.ee\/fi\/captains-lounge\/#primaryimage\"},\"thumbnailUrl\":\"https:\/\/egcc.ee\/wp-content\/uploads\/2022\/04\/1500x1000_captains_lounge_1.jpg\",\"datePublished\":\"2023-04-16T21:40:36+00:00\",\"dateModified\":\"2024-04-10T15:54:06+00:00\",\"description\":\"Klubitalon kolmannessa kerroksessa sijaitsee Captain's Lounge, jossa jopa 20 henkil\u00f6\u00e4 voi rauhassa viett\u00e4\u00e4 aikaa.\",\"breadcrumb\":{\"@id\":\"https:\/\/egcc.ee\/fi\/captains-lounge\/#breadcrumb\"},\"inLanguage\":\"fi\",\"potentialAction\":[{\"@type\":\"ReadAction\",\"target\":[\"https:\/\/egcc.ee\/fi\/captains-lounge\/\"]}]},{\"@type\":\"ImageObject\",\"inLanguage\":\"fi\",\"@id\":\"https:\/\/egcc.ee\/fi\/captains-lounge\/#primaryimage\",\"url\":\"https:\/\/egcc.ee\/wp-content\/uploads\/2022\/04\/1500x1000_captains_lounge_1.jpg\",\"contentUrl\":\"https:\/\/egcc.ee\/wp-content\/uploads\/2022\/04\/1500x1000_captains_lounge_1.jpg\",\"width\":1500,\"height\":1000},{\"@type\":\"BreadcrumbList\",\"@id\":\"https:\/\/egcc.ee\/fi\/captains-lounge\/#breadcrumb\",\"itemListElement\":[{\"@type\":\"ListItem\",\"position\":1,\"name\":\"Home\",\"item\":\"https:\/\/egcc.ee\/fi\/\"},{\"@type\":\"ListItem\",\"position\":2,\"name\":\"Captain&#8217;s Lounge\"}]},{\"@type\":\"WebSite\",\"@id\":\"https:\/\/egcc.ee\/fi\/#website\",\"url\":\"https:\/\/egcc.ee\/fi\/\",\"name\":\"Estonian Golf &amp; Country Club\",\"description\":\"J\u00f5el\u00e4htmes saab golfi!\",\"publisher\":{\"@id\":\"https:\/\/egcc.ee\/fi\/#organization\"},\"potentialAction\":[{\"@type\":\"SearchAction\",\"target\":{\"@type\":\"EntryPoint\",\"urlTemplate\":\"https:\/\/egcc.ee\/fi\/?s={search_term_string}\"},\"query-input\":{\"@type\":\"PropertyValueSpecification\",\"valueRequired\":true,\"valueName\":\"search_term_string\"}}],\"inLanguage\":\"fi\"},{\"@type\":\"Organization\",\"@id\":\"https:\/\/egcc.ee\/fi\/#organization\",\"name\":\"Estonian Golf &amp; Country Club\",\"url\":\"https:\/\/egcc.ee\/fi\/\",\"logo\":{\"@type\":\"ImageObject\",\"inLanguage\":\"fi\",\"@id\":\"https:\/\/egcc.ee\/fi\/#\/schema\/logo\/image\/\",\"url\":\"https:\/\/egcc.ee\/wp-content\/uploads\/2023\/04\/EGCC_logo_150.png\",\"contentUrl\":\"https:\/\/egcc.ee\/wp-content\/uploads\/2023\/04\/EGCC_logo_150.png\",\"width\":150,\"height\":150,\"caption\":\"Estonian Golf &amp; Country Club\"},\"image\":{\"@id\":\"https:\/\/egcc.ee\/fi\/#\/schema\/logo\/image\/\"}}]}<\/script>\n<!-- \/ Yoast SEO plugin. -->","yoast_head_json":{"title":"Captain's Lounge &#8211; Estonian Golf &amp; Country Club","description":"Klubitalon kolmannessa kerroksessa sijaitsee Captain's Lounge, jossa jopa 20 henkil\u00f6\u00e4 voi rauhassa viett\u00e4\u00e4 aikaa.","robots":{"index":"index","follow":"follow","max-snippet":"max-snippet:-1","max-image-preview":"max-image-preview:large","max-video-preview":"max-video-preview:-1"},"canonical":"https:\/\/egcc.ee\/fi\/captains-lounge\/","og_locale":"fi_FI","og_type":"article","og_title":"Captain's Lounge &#8211; Estonian Golf &amp; Country Club","og_description":"Klubitalon kolmannessa kerroksessa sijaitsee Captain's Lounge, jossa jopa 20 henkil\u00f6\u00e4 voi rauhassa viett\u00e4\u00e4 aikaa.","og_url":"https:\/\/egcc.ee\/fi\/captains-lounge\/","og_site_name":"Estonian Golf &amp; Country Club","article_modified_time":"2024-04-10T15:54:06+00:00","og_image":[{"width":1500,"height":1000,"url":"https:\/\/egcc.ee\/wp-content\/uploads\/2022\/04\/1500x1000_captains_lounge_1.jpg","type":"image\/jpeg"}],"twitter_card":"summary_large_image","twitter_misc":{"Arvioitu lukuaika":"1 minuutti"},"schema":{"@context":"https:\/\/schema.org","@graph":[{"@type":"WebPage","@id":"https:\/\/egcc.ee\/fi\/captains-lounge\/","url":"https:\/\/egcc.ee\/fi\/captains-lounge\/","name":"Captain's Lounge &#8211; Estonian Golf &amp; Country Club","isPartOf":{"@id":"https:\/\/egcc.ee\/fi\/#website"},"primaryImageOfPage":{"@id":"https:\/\/egcc.ee\/fi\/captains-lounge\/#primaryimage"},"image":{"@id":"https:\/\/egcc.ee\/fi\/captains-lounge\/#primaryimage"},"thumbnailUrl":"https:\/\/egcc.ee\/wp-content\/uploads\/2022\/04\/1500x1000_captains_lounge_1.jpg","datePublished":"2023-04-16T21:40:36+00:00","dateModified":"2024-04-10T15:54:06+00:00","description":"Klubitalon kolmannessa kerroksessa sijaitsee Captain's Lounge, jossa jopa 20 henkil\u00f6\u00e4 voi rauhassa viett\u00e4\u00e4 aikaa.","breadcrumb":{"@id":"https:\/\/egcc.ee\/fi\/captains-lounge\/#breadcrumb"},"inLanguage":"fi","potentialAction":[{"@type":"ReadAction","target":["https:\/\/egcc.ee\/fi\/captains-lounge\/"]}]},{"@type":"ImageObject","inLanguage":"fi","@id":"https:\/\/egcc.ee\/fi\/captains-lounge\/#primaryimage","url":"https:\/\/egcc.ee\/wp-content\/uploads\/2022\/04\/1500x1000_captains_lounge_1.jpg","contentUrl":"https:\/\/egcc.ee\/wp-content\/uploads\/2022\/04\/1500x1000_captains_lounge_1.jpg","width":1500,"height":1000},{"@type":"BreadcrumbList","@id":"https:\/\/egcc.ee\/fi\/captains-lounge\/#breadcrumb","itemListElement":[{"@type":"ListItem","position":1,"name":"Home","item":"https:\/\/egcc.ee\/fi\/"},{"@type":"ListItem","position":2,"name":"Captain&#8217;s Lounge"}]},{"@type":"WebSite","@id":"https:\/\/egcc.ee\/fi\/#website","url":"https:\/\/egcc.ee\/fi\/","name":"Estonian Golf &amp; Country Club","description":"J\u00f5el\u00e4htmes saab golfi!","publisher":{"@id":"https:\/\/egcc.ee\/fi\/#organization"},"potentialAction":[{"@type":"SearchAction","target":{"@type":"EntryPoint","urlTemplate":"https:\/\/egcc.ee\/fi\/?s={search_term_string}"},"query-input":{"@type":"PropertyValueSpecification","valueRequired":true,"valueName":"search_term_string"}}],"inLanguage":"fi"},{"@type":"Organization","@id":"https:\/\/egcc.ee\/fi\/#organization","name":"Estonian Golf &amp; Country Club","url":"https:\/\/egcc.ee\/fi\/","logo":{"@type":"ImageObject","inLanguage":"fi","@id":"https:\/\/egcc.ee\/fi\/#\/schema\/logo\/image\/","url":"https:\/\/egcc.ee\/wp-content\/uploads\/2023\/04\/EGCC_logo_150.png","contentUrl":"https:\/\/egcc.ee\/wp-content\/uploads\/2023\/04\/EGCC_logo_150.png","width":150,"height":150,"caption":"Estonian Golf &amp; Country Club"},"image":{"@id":"https:\/\/egcc.ee\/fi\/#\/schema\/logo\/image\/"}}]}},"_links":{"self":[{"href":"https:\/\/egcc.ee\/fi\/wp-json\/wp\/v2\/pages\/23977","targetHints":{"allow":["GET"]}}],"collection":[{"href":"https:\/\/egcc.ee\/fi\/wp-json\/wp\/v2\/pages"}],"about":[{"href":"https:\/\/egcc.ee\/fi\/wp-json\/wp\/v2\/types\/page"}],"author":[{"embeddable":true,"href":"https:\/\/egcc.ee\/fi\/wp-json\/wp\/v2\/users\/2"}],"replies":[{"embeddable":true,"href":"https:\/\/egcc.ee\/fi\/wp-json\/wp\/v2\/comments?post=23977"}],"version-history":[{"count":3,"href":"https:\/\/egcc.ee\/fi\/wp-json\/wp\/v2\/pages\/23977\/revisions"}],"predecessor-version":[{"id":24131,"href":"https:\/\/egcc.ee\/fi\/wp-json\/wp\/v2\/pages\/23977\/revisions\/24131"}],"wp:featuredmedia":[{"embeddable":true,"href":"https:\/\/egcc.ee\/fi\/wp-json\/wp\/v2\/media\/7177"}],"wp:attachment":[{"href":"https:\/\/egcc.ee\/fi\/wp-json\/wp\/v2\/media?parent=23977"}],"curies":[{"name":"wp","href":"https:\/\/api.w.org\/{rel}","templated":true}]}}