{"id":23932,"date":"2023-05-04T14:32:49","date_gmt":"2023-05-04T11:32:49","guid":{"rendered":"https:\/\/egcc.ee\/privaatsuspoliitika\/"},"modified":"2024-04-10T18:58:20","modified_gmt":"2024-04-10T15:58:20","slug":"tietosuoja","status":"publish","type":"page","link":"https:\/\/egcc.ee\/fi\/tietosuoja\/","title":{"rendered":"Tietosuoja"},"content":{"rendered":"\n<div class=\"wp-block-media-text has-media-on-the-right is-stacked-on-mobile\" style=\"grid-template-columns:auto 35%\"><div class=\"wp-block-media-text__content\">\n<div style=\"height:20px\" aria-hidden=\"true\" class=\"wp-block-spacer\"><\/div>\n\n\n\n<h2 class=\"wp-block-heading\">Tietosuoja<\/h2>\n\n\n\n<p>AS EGCC, MT\u00dc Estonian Golf &amp; Country Club, MT\u00dc EGCC Golf Academy (j\u00e4ljemp\u00e4n\u00e4 EGCC tai Klubi) noudattaa velvollisuuttaan suojella osakkeenomistajiensa, j\u00e4sentens\u00e4 ja seuran palveluiden k\u00e4ytt\u00e4jien yksityisyytt\u00e4. N\u00e4m\u00e4 tietosuojaehdot antavat yleiskatsauksen k\u00e4yt\u00e4nn\u00f6ist\u00e4mme, mukaan lukien mit\u00e4 tietoja ker\u00e4\u00e4mme, kuinka k\u00e4yt\u00e4mme tai luovutamme tietoja sek\u00e4 oikeuksistasi tietojen ker\u00e4\u00e4misess\u00e4mme ja k\u00e4yt\u00f6ss\u00e4mme.<\/p>\n<\/div><figure class=\"wp-block-media-text__media\"><img loading=\"lazy\" decoding=\"async\" width=\"1024\" height=\"683\" src=\"https:\/\/egcc.ee\/wp-content\/uploads\/2023\/05\/EGCC_Sea_Course_1310_Jaanus_Ree-1024x683.jpg\" alt=\"\" class=\"wp-image-9472 size-full\" srcset=\"https:\/\/egcc.ee\/wp-content\/uploads\/2023\/05\/EGCC_Sea_Course_1310_Jaanus_Ree-1024x683.jpg 1024w, https:\/\/egcc.ee\/wp-content\/uploads\/2023\/05\/EGCC_Sea_Course_1310_Jaanus_Ree-300x200.jpg 300w, https:\/\/egcc.ee\/wp-content\/uploads\/2023\/05\/EGCC_Sea_Course_1310_Jaanus_Ree-768x512.jpg 768w, https:\/\/egcc.ee\/wp-content\/uploads\/2023\/05\/EGCC_Sea_Course_1310_Jaanus_Ree-1536x1025.jpg 1536w, https:\/\/egcc.ee\/wp-content\/uploads\/2023\/05\/EGCC_Sea_Course_1310_Jaanus_Ree.jpg 2000w\" sizes=\"auto, (max-width: 1024px) 100vw, 1024px\" \/><\/figure><\/div>\n\n\n\n<div style=\"height:20px\" aria-hidden=\"true\" class=\"wp-block-spacer\"><\/div>\n\n\n\n<p>EGCC varaa oikeuden muuttaa tietosuojaehtoja tarvittaessa. Aloittaessamme EGCC-palvelujen k\u00e4yt\u00f6n oletamme, ett\u00e4 olet tutustunut tietosuojaselosteen periaatteisiin ja hyv\u00e4ksyt ne.<\/p>\n\n\n\n<div style=\"height:20px\" aria-hidden=\"true\" class=\"wp-block-spacer\"><\/div>\n\n\n\n<h2 class=\"wp-block-heading\"><strong>Mit\u00e4 tietoja ker\u00e4\u00e4mme ja miksi?<\/strong><\/h2>\n\n\n\n<p>Ker\u00e4\u00e4mme tietojasi, kun k\u00e4yt\u00e4t EGCC-palveluita &#8211; olet seuran j\u00e4sen, osallistut kilpailuihin, varaat pelikierroksen tai k\u00e4yt\u00e4t muita palveluita. Henkil\u00f6tietojasi tarvitaan tilauksesi eli sopimuksen toteuttamiseksi. EGCC voi pyyt\u00e4\u00e4 sinua antamaan vapaaehtoisesti henkil\u00f6tietoja tietyill\u00e4 verkkosivuston alueilla. Vaadittuja henkil\u00f6tietoja voivat olla nimesi, osoitteesi, postinumerosi, s\u00e4hk\u00f6postiosoitteesi, puhelinnumerosi ja muut tiedot. Meille luovutettuja tietoja k\u00e4ytet\u00e4\u00e4n vain n\u00e4iden tietosuojaehtojen mukaisesti.<\/p>\n\n\n\n<p>Kuten monilla muillakin verkkosivustoilla, EGCC tallentaa IP-osoitteesi ja k\u00e4ytt\u00e4\u00e4 standarditekniikkaa, jota kutsutaan &#8221;ev\u00e4steiksi&#8221;. Ev\u00e4steet ovat pieni\u00e4 datatiedostoja, jotka tallentuvat tietokoneellesi, kun vierailet verkkosivustolla. Ev\u00e4steet auttavat tunnistamaan selaimesi automaattisesti. Halutessasi voit est\u00e4\u00e4 ev\u00e4steiden tallentamisen verkkoselaimellesi, mutta t\u00e4m\u00e4 voi aiheuttaa ongelmia sivun k\u00e4yt\u00f6ss\u00e4.<\/p>\n\n\n\n<div style=\"height:20px\" aria-hidden=\"true\" class=\"wp-block-spacer\"><\/div>\n\n\n\n<h2 class=\"wp-block-heading\"><strong>Miten k\u00e4yt\u00e4mme ker\u00e4\u00e4mi\u00e4mme tietoja?<\/strong><\/h2>\n\n\n\n<p>K\u00e4yt\u00e4mme yll\u00e4 mainittuja henkil\u00f6tietoja EGCC:ss\u00e4 v\u00e4litt\u00e4\u00e4ksemme tietoja tilaamistasi palveluista:<\/p>\n\n\n\n<p><\/p>\n\n\n\n<ul class=\"wp-block-list\">\n<li>ilmoittaa ja julkistaa kilpailu- ja peliajoja kilpailuj\u00e4rjestyksen tietoj\u00e4rjestelm\u00e4ss\u00e4 sek\u00e4 n\u00e4ytt\u00e4\u00e4 peliaikoja rekister\u00f6ityneille k\u00e4ytt\u00e4jille ja kerhotalon vierailijoille,<\/li>\n\n\n\n<li>kilpailujen tulosten julkistaminen,<\/li>\n\n\n\n<li>HCP-kirjanpitoa ja tarvittaessa julkistamista varten,<\/li>\n\n\n\n<li>Julkaista kuvia ja videoita, jotka on otettu klubin tapahtumissa; palautteen ker\u00e4\u00e4miseksi Klubin palveluista,<\/li>\n\n\n\n<li>Klubin j\u00e4sentiedotteiden ja muiden tietojen l\u00e4hett\u00e4miseksi.<\/li>\n<\/ul>\n\n\n\n<p>Seuraamme my\u00f6s aktiivisimpia palvelun k\u00e4ytt\u00e4ji\u00e4 &#8211; esim. eniten kierroksia pelanneet seuran j\u00e4senet, suurin HCP dropper, seuran hallintoelinten j\u00e4senet jne. K\u00e4yt\u00e4mme tietoja my\u00f6s mahdollisten ongelmien vianm\u00e4\u00e4rityksess\u00e4, petoksilta ja muulta rikolliselta toiminnalta suojaamiseen, k\u00e4ytt\u00f6kokemuksen mukauttamiseen sek\u00e4 tuotteiden ja palvelujen tarjoamiseen. S\u00e4ilyt\u00e4mme tietojasi ja kirjeenvaihtoasi EGCC:n toiminnan ajan parantaaksemme tarjoamiamme tuotteita, palveluita ja verkkosivustoa. EGCC voi luovuttaa tietoja yksitt\u00e4isist\u00e4 k\u00e4ytt\u00e4jist\u00e4 kolmannelle osapuolelle, joka tarjoaa palveluja EGCC:lle ja joka pit\u00e4\u00e4 jaetut tiedot luottamuksellisina.<\/p>\n\n\n\n<p>Kolmansia osapuolia ovat Viron golfliitto, EGCC-kumppaniseurat, <a href=\"https:\/\/www.europeantourdestinations.com\/\" target=\"_blank\" rel=\"noreferrer noopener\">European Tour Destinations<\/a> (ETD) -verkoston j\u00e4senet jne. My\u00f6s yhteisty\u00f6kumppaneita, joiden teht\u00e4viin kuuluvat ERY:n verkkosivujen yll\u00e4pito, sis\u00e4ll\u00f6nhallinta ja markkinointi.<\/p>\n\n\n\n<div style=\"height:20px\" aria-hidden=\"true\" class=\"wp-block-spacer\"><\/div>\n\n\n\n<h2 class=\"wp-block-heading\"><strong>Miten k\u00e4sittelemme klubin j\u00e4sentietoja?<\/strong><\/h2>\n\n\n\n<p><a href=\"https:\/\/egcc.ee\/fi\/liity-jaseneksi\/\">Kerhon<\/a> j\u00e4senille tarjottavia palveluita varten ker\u00e4\u00e4mme:<\/p>\n\n\n\n<ul class=\"wp-block-list\">\n<li>syntym\u00e4ajan,<\/li>\n\n\n\n<li>yhteystiedot,<\/li>\n\n\n\n<li>v\u00e4linevarastoon p\u00e4\u00e4sy\u00e4 varten ker\u00e4\u00e4mme biometrisi\u00e4 tietojasi.<\/li>\n<\/ul>\n\n\n\n<div style=\"height:20px\" aria-hidden=\"true\" class=\"wp-block-spacer\"><\/div>\n\n\n\n<h2 class=\"wp-block-heading\"><strong>Miten k\u00e4sittelemme osakkeenomistajien tietoja?<\/strong><\/h2>\n\n\n\n<p>Osakkeenomistajille tarjoamiamme lis\u00e4palveluita varten ker\u00e4\u00e4mme:<\/p>\n\n\n\n<ul class=\"wp-block-list\">\n<li>arvopaperirekisteriin rekister\u00f6ityjen osakkeiden lukum\u00e4\u00e4r\u00e4n ja lajin,<\/li>\n\n\n\n<li>kontaktandmeid,<\/li>\n\n\n\n<li>halutessanne tiedot lapsistasi ja lastenlapsistasi 25- vuotiaaksi asti.<\/li>\n<\/ul>\n\n\n\n<div style=\"height:20px\" aria-hidden=\"true\" class=\"wp-block-spacer\"><\/div>\n\n\n\n<h2 class=\"wp-block-heading\"><strong>K\u00e4ytt\u00e4j\u00e4n oikeudet<\/strong><\/h2>\n\n\n\n<p>K\u00e4ytt\u00e4jill\u00e4 on oikeus tiet\u00e4\u00e4, mit\u00e4 henkil\u00f6tietoja tallennamme. Sinulla on oikeus pyyt\u00e4\u00e4 tietojen korjaamista, muuttamista tai poistamista. Jos haluat k\u00e4ytt\u00e4\u00e4 oikeuksiasi, ota meihin yhteytt\u00e4 verkkosivuilla olevien yhteystietojen kautta tai osoitteeseen&nbsp;<a href=\"mailto:welcome@egcc.ee\" target=\"_blank\" rel=\"noreferrer noopener\">welcome@egcc.ee<\/a>.<\/p>\n\n\n\n<div style=\"height:20px\" aria-hidden=\"true\" class=\"wp-block-spacer\"><\/div>\n\n\n\n<h2 class=\"wp-block-heading\"><strong>Turvallisuus<\/strong><\/h2>\n\n\n\n<p>SecurityEGCC on toteuttanut tarvittavat kokonaisvaltaiset turvatoimenpiteet ker\u00e4ttyj\u00e4 henkil\u00f6tietoja, niiden k\u00e4sittely\u00e4 sek\u00e4 yksityisyyden suojaa koskien. Olemme ryhtyneet kohtuullisiin varotoimiin suojellaksemme tietoja katoamiselta, v\u00e4\u00e4rink\u00e4yt\u00f6lt\u00e4 ja muuttamiselta. Vain valtuutetut henkil\u00f6t voivat tarkastella, muuttaa tai muuten k\u00e4sitell\u00e4 tietoja.<\/p>\n\n\n\n<div style=\"height:20px\" aria-hidden=\"true\" class=\"wp-block-spacer\"><\/div>\n\n\n\n<h2 class=\"wp-block-heading\"><strong>Ulkoiset linkit<\/strong><\/h2>\n\n\n\n<p>EGCC voi k\u00e4ytt\u00e4\u00e4 kolmansien osapuolien yll\u00e4pit\u00e4mi\u00e4 sovelluksia &#8211; verkkosivustoja, sovelluksia. Sivutoillamme olevia linkkej\u00e4 klikkaamalla sinut ohjataan sivuston omistavan organisaation tai yrityksen verkkosivuille. Vaikka kahden organisaation verkkosivustojen v\u00e4lill\u00e4 olisi linkki, EGCC ei voi valvoa kolmansien osapuolten verkkosivustoja. Jokaisella niist\u00e4 on omat erilliset tiedonkeruu-, k\u00e4sittelymenetelm\u00e4t ja tietosuojaehdot. Kun vierailet jollakin n\u00e4ist\u00e4 sivuista, sinun tulee lukea kyseisen verkkosivuston tietosuojak\u00e4yt\u00e4nt\u00f6 erikseen ennen tietojesi jakamista.<\/p>\n\n\n\n<div style=\"height:20px\" aria-hidden=\"true\" class=\"wp-block-spacer\"><\/div>\n\n\n\n<h2 class=\"wp-block-heading\"><strong>Tietosuojaehtojen voimassaolo<\/strong><\/h2>\n\n\n\n<p>K\u00e4ytt\u00e4m\u00e4ll\u00e4 EGCC-palveluita hyv\u00e4ksyt t\u00e4m\u00e4n tietosuojaselosteen tietosuojaehdot. Jos et jostain syyst\u00e4 hyv\u00e4ksy n\u00e4it\u00e4 ehtoja, sinun ei tule k\u00e4ytt\u00e4\u00e4 EGCC-palveluita. EGCC varaa oikeuden muuttaa n\u00e4it\u00e4 tietosuojaehtoja milloin tahansa. Palvelujemme k\u00e4ytt\u00e4j\u00e4t ovat velvollisia tarkistamaan tietosuojaehdot s\u00e4\u00e4nn\u00f6llisesti ja varmistamaan, ett\u00e4 he ovat tietoisia kaikista muutoksista. Jos jatkat EGCC-palvelujen k\u00e4ytt\u00f6\u00e4, hyv\u00e4ksyt kaikki n\u00e4iden tietosuojaehtojen muutokset.<\/p>\n\n\n\n<p><\/p>\n\n\n\n<div style=\"height:20px\" aria-hidden=\"true\" class=\"wp-block-spacer\"><\/div>\n\n\n<div class=\"callout-box\">\n    <div class=\"content-area\">\n        <div class=\"icon d-none d-md-block\">\n            <img decoding=\"async\" src=\"https:\/\/egcc.ee\/wp-content\/themes\/egcc\/assets\/images\/callout-bird.png\" \/>\n        <\/div>\n\n        <div class=\"content\">\n            <p>Jos sinulla on kysytt\u00e4v\u00e4\u00e4 tietosuojaehdoista, niiden t\u00e4yt\u00e4nt\u00f6\u00f6npanosta tai jos haluat k\u00e4ytt\u00e4\u00e4 oikeuksiasi, ota meihin yhteytt\u00e4.<\/p>\n<p>&nbsp;<\/p>\n<p><span id=\"cloak0557e5bf98f2150326fbda536c8d3392\"><\/span><span id=\"cloak0557e5bf98f2150326fbda536c8d3392\"><a title=\"welcome@egcc.ee\" href=\"mailto:welcome@egcc.ee\" target=\"_blank\" rel=\"noopener noreferrer\">welcome@egcc.ee<\/a><br \/>\n<\/span><a href=\"tel:+3726025290\" target=\"_blank\" rel=\"noopener\">+372 602 5290<\/a><\/p>\n<p>&nbsp;<\/p>\n<p>AS EGCC, MT\u00dc Estonian Golf &amp; Country Club ja MT\u00dc EGCC Golf Academy osoite:<\/p>\n<p>&nbsp;<\/p>\n<p>Klubi tee 4<br \/>\nManniva village<br \/>\nJ\u00f5el\u00e4htme parish<br \/>\n74217 Harjumaa<br \/>\nEstonia<\/p>\n\n                    <\/div>\n    <\/div>\n<\/div>\n\n<div class=\"d-flex justify-content-center my-5\">\n    <div class=\"line-separator golden \"><\/div>\n<\/div>\n\n<div class=\"d-flex\">\n    <a target=\"_blank\" href=\"https:\/\/www.flaticon.com\/free-icons\/golf\" class=\"btn btn-link\">\n                Golf icons created by iconixar &#8211; Flaticon        <i class=\"bi bi-arrow-right\"><\/i>    <\/a>\n<\/div>","protected":false},"excerpt":{"rendered":"<p>EGCC varaa oikeuden muuttaa tietosuojaehtoja tarvittaessa. Aloittaessamme EGCC-palvelujen k\u00e4yt\u00f6n oletamme, ett\u00e4 olet tutustunut tietosuojaselosteen periaatteisiin ja hyv\u00e4ksyt ne. Mit\u00e4 tietoja ker\u00e4\u00e4mme ja miksi? Ker\u00e4\u00e4mme tietojasi, kun k\u00e4yt\u00e4t EGCC-palveluita &#8211; olet seuran j\u00e4sen, osallistut kilpailuihin, varaat pelikierroksen tai k\u00e4yt\u00e4t muita palveluita. Henkil\u00f6tietojasi tarvitaan tilauksesi eli sopimuksen toteuttamiseksi. EGCC voi pyyt\u00e4\u00e4 sinua antamaan vapaaehtoisesti henkil\u00f6tietoja tietyill\u00e4 verkkosivuston [&hellip;]<\/p>\n","protected":false},"author":2,"featured_media":9474,"parent":0,"menu_order":0,"comment_status":"closed","ping_status":"closed","template":"","meta":{"_acf_changed":false,"ngg_post_thumbnail":0,"footnotes":""},"class_list":["post-23932","page","type-page","status-publish","has-post-thumbnail","hentry"],"acf":[],"yoast_head":"<!-- This site is optimized with the Yoast SEO plugin v27.1.1 - https:\/\/yoast.com\/product\/yoast-seo-wordpress\/ -->\n<title>Tietosuoja &#8211; Estonian Golf &amp; Country Club<\/title>\n<meta name=\"description\" content=\"Aloittaessamme EGCC-palvelujen k\u00e4yt\u00f6n oletamme, ett\u00e4 olet tutustunut tietosuojaselosteen periaatteisiin ja hyv\u00e4ksyt ne.\" \/>\n<meta name=\"robots\" content=\"index, follow, max-snippet:-1, max-image-preview:large, max-video-preview:-1\" \/>\n<link rel=\"canonical\" href=\"https:\/\/egcc.ee\/fi\/tietosuoja\/\" \/>\n<meta property=\"og:locale\" content=\"fi_FI\" \/>\n<meta property=\"og:type\" content=\"article\" \/>\n<meta property=\"og:title\" content=\"Tietosuoja &#8211; Estonian Golf &amp; Country Club\" \/>\n<meta property=\"og:description\" content=\"Aloittaessamme EGCC-palvelujen k\u00e4yt\u00f6n oletamme, ett\u00e4 olet tutustunut tietosuojaselosteen periaatteisiin ja hyv\u00e4ksyt ne.\" \/>\n<meta property=\"og:url\" content=\"https:\/\/egcc.ee\/fi\/tietosuoja\/\" \/>\n<meta property=\"og:site_name\" content=\"Estonian Golf &amp; Country Club\" \/>\n<meta property=\"article:modified_time\" content=\"2024-04-10T15:58:20+00:00\" \/>\n<meta property=\"og:image\" content=\"https:\/\/egcc.ee\/wp-content\/uploads\/2023\/05\/EGCC_Sea_Course_1310_Jaanus_Ree.jpg\" \/>\n\t<meta property=\"og:image:width\" content=\"2000\" \/>\n\t<meta property=\"og:image:height\" content=\"1334\" \/>\n\t<meta property=\"og:image:type\" content=\"image\/jpeg\" \/>\n<meta name=\"twitter:card\" content=\"summary_large_image\" \/>\n<meta name=\"twitter:label1\" content=\"Arvioitu lukuaika\" \/>\n\t<meta name=\"twitter:data1\" content=\"4 minuuttia\" \/>\n<script type=\"application\/ld+json\" class=\"yoast-schema-graph\">{\"@context\":\"https:\/\/schema.org\",\"@graph\":[{\"@type\":\"WebPage\",\"@id\":\"https:\/\/egcc.ee\/fi\/tietosuoja\/\",\"url\":\"https:\/\/egcc.ee\/fi\/tietosuoja\/\",\"name\":\"Tietosuoja &#8211; Estonian Golf &amp; Country Club\",\"isPartOf\":{\"@id\":\"https:\/\/egcc.ee\/fi\/#website\"},\"primaryImageOfPage\":{\"@id\":\"https:\/\/egcc.ee\/fi\/tietosuoja\/#primaryimage\"},\"image\":{\"@id\":\"https:\/\/egcc.ee\/fi\/tietosuoja\/#primaryimage\"},\"thumbnailUrl\":\"https:\/\/egcc.ee\/wp-content\/uploads\/2023\/05\/EGCC_Sea_Course_1310_Jaanus_Ree.jpg\",\"datePublished\":\"2023-05-04T11:32:49+00:00\",\"dateModified\":\"2024-04-10T15:58:20+00:00\",\"description\":\"Aloittaessamme EGCC-palvelujen k\u00e4yt\u00f6n oletamme, ett\u00e4 olet tutustunut tietosuojaselosteen periaatteisiin ja hyv\u00e4ksyt ne.\",\"breadcrumb\":{\"@id\":\"https:\/\/egcc.ee\/fi\/tietosuoja\/#breadcrumb\"},\"inLanguage\":\"fi\",\"potentialAction\":[{\"@type\":\"ReadAction\",\"target\":[\"https:\/\/egcc.ee\/fi\/tietosuoja\/\"]}]},{\"@type\":\"ImageObject\",\"inLanguage\":\"fi\",\"@id\":\"https:\/\/egcc.ee\/fi\/tietosuoja\/#primaryimage\",\"url\":\"https:\/\/egcc.ee\/wp-content\/uploads\/2023\/05\/EGCC_Sea_Course_1310_Jaanus_Ree.jpg\",\"contentUrl\":\"https:\/\/egcc.ee\/wp-content\/uploads\/2023\/05\/EGCC_Sea_Course_1310_Jaanus_Ree.jpg\",\"width\":2000,\"height\":1334},{\"@type\":\"BreadcrumbList\",\"@id\":\"https:\/\/egcc.ee\/fi\/tietosuoja\/#breadcrumb\",\"itemListElement\":[{\"@type\":\"ListItem\",\"position\":1,\"name\":\"Home\",\"item\":\"https:\/\/egcc.ee\/fi\/\"},{\"@type\":\"ListItem\",\"position\":2,\"name\":\"Tietosuoja\"}]},{\"@type\":\"WebSite\",\"@id\":\"https:\/\/egcc.ee\/fi\/#website\",\"url\":\"https:\/\/egcc.ee\/fi\/\",\"name\":\"Estonian Golf &amp; Country Club\",\"description\":\"J\u00f5el\u00e4htmes saab golfi!\",\"publisher\":{\"@id\":\"https:\/\/egcc.ee\/fi\/#organization\"},\"potentialAction\":[{\"@type\":\"SearchAction\",\"target\":{\"@type\":\"EntryPoint\",\"urlTemplate\":\"https:\/\/egcc.ee\/fi\/?s={search_term_string}\"},\"query-input\":{\"@type\":\"PropertyValueSpecification\",\"valueRequired\":true,\"valueName\":\"search_term_string\"}}],\"inLanguage\":\"fi\"},{\"@type\":\"Organization\",\"@id\":\"https:\/\/egcc.ee\/fi\/#organization\",\"name\":\"Estonian Golf &amp; Country Club\",\"url\":\"https:\/\/egcc.ee\/fi\/\",\"logo\":{\"@type\":\"ImageObject\",\"inLanguage\":\"fi\",\"@id\":\"https:\/\/egcc.ee\/fi\/#\/schema\/logo\/image\/\",\"url\":\"https:\/\/egcc.ee\/wp-content\/uploads\/2023\/04\/EGCC_logo_150.png\",\"contentUrl\":\"https:\/\/egcc.ee\/wp-content\/uploads\/2023\/04\/EGCC_logo_150.png\",\"width\":150,\"height\":150,\"caption\":\"Estonian Golf &amp; Country Club\"},\"image\":{\"@id\":\"https:\/\/egcc.ee\/fi\/#\/schema\/logo\/image\/\"}}]}<\/script>\n<!-- \/ Yoast SEO plugin. -->","yoast_head_json":{"title":"Tietosuoja &#8211; Estonian Golf &amp; Country Club","description":"Aloittaessamme EGCC-palvelujen k\u00e4yt\u00f6n oletamme, ett\u00e4 olet tutustunut tietosuojaselosteen periaatteisiin ja hyv\u00e4ksyt ne.","robots":{"index":"index","follow":"follow","max-snippet":"max-snippet:-1","max-image-preview":"max-image-preview:large","max-video-preview":"max-video-preview:-1"},"canonical":"https:\/\/egcc.ee\/fi\/tietosuoja\/","og_locale":"fi_FI","og_type":"article","og_title":"Tietosuoja &#8211; Estonian Golf &amp; Country Club","og_description":"Aloittaessamme EGCC-palvelujen k\u00e4yt\u00f6n oletamme, ett\u00e4 olet tutustunut tietosuojaselosteen periaatteisiin ja hyv\u00e4ksyt ne.","og_url":"https:\/\/egcc.ee\/fi\/tietosuoja\/","og_site_name":"Estonian Golf &amp; Country Club","article_modified_time":"2024-04-10T15:58:20+00:00","og_image":[{"width":2000,"height":1334,"url":"https:\/\/egcc.ee\/wp-content\/uploads\/2023\/05\/EGCC_Sea_Course_1310_Jaanus_Ree.jpg","type":"image\/jpeg"}],"twitter_card":"summary_large_image","twitter_misc":{"Arvioitu lukuaika":"4 minuuttia"},"schema":{"@context":"https:\/\/schema.org","@graph":[{"@type":"WebPage","@id":"https:\/\/egcc.ee\/fi\/tietosuoja\/","url":"https:\/\/egcc.ee\/fi\/tietosuoja\/","name":"Tietosuoja &#8211; Estonian Golf &amp; Country Club","isPartOf":{"@id":"https:\/\/egcc.ee\/fi\/#website"},"primaryImageOfPage":{"@id":"https:\/\/egcc.ee\/fi\/tietosuoja\/#primaryimage"},"image":{"@id":"https:\/\/egcc.ee\/fi\/tietosuoja\/#primaryimage"},"thumbnailUrl":"https:\/\/egcc.ee\/wp-content\/uploads\/2023\/05\/EGCC_Sea_Course_1310_Jaanus_Ree.jpg","datePublished":"2023-05-04T11:32:49+00:00","dateModified":"2024-04-10T15:58:20+00:00","description":"Aloittaessamme EGCC-palvelujen k\u00e4yt\u00f6n oletamme, ett\u00e4 olet tutustunut tietosuojaselosteen periaatteisiin ja hyv\u00e4ksyt ne.","breadcrumb":{"@id":"https:\/\/egcc.ee\/fi\/tietosuoja\/#breadcrumb"},"inLanguage":"fi","potentialAction":[{"@type":"ReadAction","target":["https:\/\/egcc.ee\/fi\/tietosuoja\/"]}]},{"@type":"ImageObject","inLanguage":"fi","@id":"https:\/\/egcc.ee\/fi\/tietosuoja\/#primaryimage","url":"https:\/\/egcc.ee\/wp-content\/uploads\/2023\/05\/EGCC_Sea_Course_1310_Jaanus_Ree.jpg","contentUrl":"https:\/\/egcc.ee\/wp-content\/uploads\/2023\/05\/EGCC_Sea_Course_1310_Jaanus_Ree.jpg","width":2000,"height":1334},{"@type":"BreadcrumbList","@id":"https:\/\/egcc.ee\/fi\/tietosuoja\/#breadcrumb","itemListElement":[{"@type":"ListItem","position":1,"name":"Home","item":"https:\/\/egcc.ee\/fi\/"},{"@type":"ListItem","position":2,"name":"Tietosuoja"}]},{"@type":"WebSite","@id":"https:\/\/egcc.ee\/fi\/#website","url":"https:\/\/egcc.ee\/fi\/","name":"Estonian Golf &amp; Country Club","description":"J\u00f5el\u00e4htmes saab golfi!","publisher":{"@id":"https:\/\/egcc.ee\/fi\/#organization"},"potentialAction":[{"@type":"SearchAction","target":{"@type":"EntryPoint","urlTemplate":"https:\/\/egcc.ee\/fi\/?s={search_term_string}"},"query-input":{"@type":"PropertyValueSpecification","valueRequired":true,"valueName":"search_term_string"}}],"inLanguage":"fi"},{"@type":"Organization","@id":"https:\/\/egcc.ee\/fi\/#organization","name":"Estonian Golf &amp; Country Club","url":"https:\/\/egcc.ee\/fi\/","logo":{"@type":"ImageObject","inLanguage":"fi","@id":"https:\/\/egcc.ee\/fi\/#\/schema\/logo\/image\/","url":"https:\/\/egcc.ee\/wp-content\/uploads\/2023\/04\/EGCC_logo_150.png","contentUrl":"https:\/\/egcc.ee\/wp-content\/uploads\/2023\/04\/EGCC_logo_150.png","width":150,"height":150,"caption":"Estonian Golf &amp; Country Club"},"image":{"@id":"https:\/\/egcc.ee\/fi\/#\/schema\/logo\/image\/"}}]}},"_links":{"self":[{"href":"https:\/\/egcc.ee\/fi\/wp-json\/wp\/v2\/pages\/23932","targetHints":{"allow":["GET"]}}],"collection":[{"href":"https:\/\/egcc.ee\/fi\/wp-json\/wp\/v2\/pages"}],"about":[{"href":"https:\/\/egcc.ee\/fi\/wp-json\/wp\/v2\/types\/page"}],"author":[{"embeddable":true,"href":"https:\/\/egcc.ee\/fi\/wp-json\/wp\/v2\/users\/2"}],"replies":[{"embeddable":true,"href":"https:\/\/egcc.ee\/fi\/wp-json\/wp\/v2\/comments?post=23932"}],"version-history":[{"count":6,"href":"https:\/\/egcc.ee\/fi\/wp-json\/wp\/v2\/pages\/23932\/revisions"}],"predecessor-version":[{"id":24134,"href":"https:\/\/egcc.ee\/fi\/wp-json\/wp\/v2\/pages\/23932\/revisions\/24134"}],"wp:featuredmedia":[{"embeddable":true,"href":"https:\/\/egcc.ee\/fi\/wp-json\/wp\/v2\/media\/9474"}],"wp:attachment":[{"href":"https:\/\/egcc.ee\/fi\/wp-json\/wp\/v2\/media?parent=23932"}],"curies":[{"name":"wp","href":"https:\/\/api.w.org\/{rel}","templated":true}]}}