{"id":23927,"date":"2023-04-17T00:54:41","date_gmt":"2023-04-16T21:54:41","guid":{"rendered":"https:\/\/egcc.ee\/klinkberg-summer-venue\/"},"modified":"2026-03-11T12:48:18","modified_gmt":"2026-03-11T10:48:18","slug":"klinkberg-summer-venue","status":"publish","type":"page","link":"https:\/\/egcc.ee\/fi\/klinkberg-summer-venue\/","title":{"rendered":"Klinkberg Summer Venue"},"content":{"rendered":"\n<div class=\"wp-block-media-text has-media-on-the-right is-stacked-on-mobile\"><div class=\"wp-block-media-text__content\">\n<div style=\"height:20px\" aria-hidden=\"true\" class=\"wp-block-spacer\"><\/div>\n\n\n\n<p>Klinkberg Summer Venue on ihanteellinen paikka ainutlaatuisten tapahtumien. Telttaan mahtuu jopa 300 henkil\u00f6\u00e4 seisomaan ja jopa 240 henkil\u00f6\u00e4 p\u00f6ydill\u00e4. Pyynn\u00f6st\u00e4 voimme rakentaa isomman teltan, johon mahtuu jopa 550 vierasta.<\/p>\n\n\n\n<p><strong>7.5.-20.9.2026 on vieraiden k\u00e4yt\u00f6ss\u00e4 jopa 600 neli\u00f6metrin juhlatila ja terassi<\/strong>.<\/p>\n\n\n\n<p>Juhlateltalta ei puutu perusmukavuuksia, siell\u00e4 on modernit ja tilavat wc:t sek\u00e4 narikka. Suurella parkkipaikalla on tilaa sek\u00e4 autoille ett\u00e4 linja-autoille.<\/p>\n<\/div><figure class=\"wp-block-media-text__media\"><img loading=\"lazy\" decoding=\"async\" width=\"1024\" height=\"683\" src=\"https:\/\/egcc.ee\/wp-content\/uploads\/2023\/04\/klinkberg_summer_venue-1024x683.jpg\" alt=\"Klinkberg Summer Venue\" class=\"wp-image-1044 size-full\" srcset=\"https:\/\/egcc.ee\/wp-content\/uploads\/2023\/04\/klinkberg_summer_venue-1024x683.jpg 1024w, https:\/\/egcc.ee\/wp-content\/uploads\/2023\/04\/klinkberg_summer_venue-300x200.jpg 300w, https:\/\/egcc.ee\/wp-content\/uploads\/2023\/04\/klinkberg_summer_venue-768x512.jpg 768w, https:\/\/egcc.ee\/wp-content\/uploads\/2023\/04\/klinkberg_summer_venue.jpg 1500w\" sizes=\"auto, (max-width: 1024px) 100vw, 1024px\" \/><\/figure><\/div>\n\n\n\n<div style=\"height:20px\" aria-hidden=\"true\" class=\"wp-block-spacer\"><\/div>\n\n\n\n<div class=\"wp-block-media-text is-stacked-on-mobile\"><figure class=\"wp-block-media-text__media\"><img loading=\"lazy\" decoding=\"async\" width=\"1024\" height=\"682\" src=\"https:\/\/egcc.ee\/wp-content\/uploads\/2023\/08\/20230714_191550-1024x682.jpg\" alt=\"Klinkberg Summer Venue\" class=\"wp-image-12954 size-full\" srcset=\"https:\/\/egcc.ee\/wp-content\/uploads\/2023\/08\/20230714_191550-1024x682.jpg 1024w, https:\/\/egcc.ee\/wp-content\/uploads\/2023\/08\/20230714_191550-300x200.jpg 300w, https:\/\/egcc.ee\/wp-content\/uploads\/2023\/08\/20230714_191550-768x512.jpg 768w, https:\/\/egcc.ee\/wp-content\/uploads\/2023\/08\/20230714_191550-1536x1024.jpg 1536w, https:\/\/egcc.ee\/wp-content\/uploads\/2023\/08\/20230714_191550.jpg 2000w\" sizes=\"auto, (max-width: 1024px) 100vw, 1024px\" \/><\/figure><div class=\"wp-block-media-text__content\">\n<div style=\"height:20px\" aria-hidden=\"true\" class=\"wp-block-spacer\"><\/div>\n\n\n\n<div class=\"wp-block-group\"><div class=\"wp-block-group__inner-container is-layout-constrained wp-block-group-is-layout-constrained\">\n<h2 class=\"wp-block-heading\">Autamme j\u00e4rjest\u00e4m\u00e4\u00e4n seuraavat tapahtumat:<\/h2>\n\n\n\n<ul class=\"wp-block-list\">\n<li>konferenssit<\/li>\n\n\n\n<li>gaalaillalliset<\/li>\n\n\n\n<li>yritysjuhlat<\/li>\n\n\n\n<li>h\u00e4\u00e4t<\/li>\n\n\n\n<li>vastaanotot<\/li>\n\n\n\n<li>konsertit<\/li>\n\n\n\n<li>juhlap\u00e4iv\u00e4t<\/li>\n<\/ul>\n<\/div><\/div>\n<\/div><\/div>\n\n\n\n<div style=\"height:40px\" aria-hidden=\"true\" class=\"wp-block-spacer\"><\/div>\n\n\n\n<h2 class=\"wp-block-heading\">Klinkberg Summer Venue hinnasto<\/h2>\n\n\n\n<ul class=\"wp-block-list\">\n<li>Pe, La <mark style=\"background-color:rgba(0, 0, 0, 0);color:#bd8f18\" class=\"has-inline-color\"><strong>6900<\/strong> <strong>\u20ac<\/strong><\/mark> + ALV<\/li>\n\n\n\n<li>To, Su <mark style=\"background-color:rgba(0, 0, 0, 0);color:#bd8f18\" class=\"has-inline-color\"><strong>5900<\/strong> <strong>\u20ac<\/strong><\/mark> + ALV<\/li>\n\n\n\n<li>Ma\u2013Ke <strong><mark style=\"background-color:rgba(0, 0, 0, 0);color:#bd8f18\" class=\"has-inline-color\">3900 \u20ac<\/mark><\/strong> + ALV<\/li>\n<\/ul>\n\n\n\n<p><br>\u00c4\u00e4ni- ja valolaitteet, n\u00e4ytt\u00e4m\u00f6, kalusteet, baaritiski, l\u00e4mmitys tai j\u00e4\u00e4hdytys sek\u00e4 wc-tilat sis\u00e4ltyv\u00e4t hintaan.<\/p>\n\n\n\n<div style=\"height:20px\" aria-hidden=\"true\" class=\"wp-block-spacer\"><\/div>\n\n\n<div class=\"callout-box\">\n    <div class=\"content-area\">\n        <div class=\"icon d-none d-md-block\">\n            <img decoding=\"async\" src=\"https:\/\/egcc.ee\/wp-content\/themes\/egcc\/assets\/images\/callout-bird.png\" \/>\n        <\/div>\n\n        <div class=\"content\">\n            <div>\n<p>Olemme varmoja, ett\u00e4 yhdess\u00e4 luomme el\u00e4myksen, joka ylitt\u00e4\u00e4 kaikkien osallistujien odotukset!<\/p>\n<p>&nbsp;<\/p>\n<p><strong>Ota yhteytt\u00e4:<\/strong><\/p>\n<\/div>\n<p><a href=\"tel:+3725017754\" target=\"_blank\" rel=\"noopener\">+372 5017754<\/a><br data-rich-text-line-break=\"true\"><a href=\"mailto:info@klinkberg.eu\" data-rich-text-format-boundary=\"true\">info@klinkberg.eu<\/a><a href=\"mailto:info@klinkberg.eu\"><br data-rich-text-line-break=\"true\"><\/a><a href=\"https:\/\/klinkberg.eu\/products\/summer-venue\" target=\"_blank\" rel=\"noreferrer noopener\">www.klingberg.eu<\/a><\/p>\n\n                    <\/div>\n    <\/div>\n<\/div>","protected":false},"excerpt":{"rendered":"<p>Klinkberg Summer Venue hinnasto \u00c4\u00e4ni- ja valolaitteet, n\u00e4ytt\u00e4m\u00f6, kalusteet, baaritiski, l\u00e4mmitys tai j\u00e4\u00e4hdytys sek\u00e4 wc-tilat sis\u00e4ltyv\u00e4t hintaan.<\/p>\n","protected":false},"author":2,"featured_media":1356,"parent":0,"menu_order":0,"comment_status":"closed","ping_status":"closed","template":"","meta":{"_acf_changed":false,"ngg_post_thumbnail":0,"footnotes":""},"class_list":["post-23927","page","type-page","status-publish","has-post-thumbnail","hentry"],"acf":[],"yoast_head":"<!-- This site is optimized with the Yoast SEO plugin v27.1.1 - https:\/\/yoast.com\/product\/yoast-seo-wordpress\/ -->\n<title>Klinkberg Summer Venue &#8211; Estonian Golf &amp; Country Club<\/title>\n<meta name=\"description\" content=\"Klinkberg Summer Venue on ihanteellinen paikka ainutlaatuisten tapahtumien j\u00e4rjest\u00e4miseen jopa 300 hengelle.\" \/>\n<meta name=\"robots\" content=\"index, follow, max-snippet:-1, max-image-preview:large, max-video-preview:-1\" \/>\n<link rel=\"canonical\" href=\"https:\/\/egcc.ee\/fi\/klinkberg-summer-venue\/\" \/>\n<meta property=\"og:locale\" content=\"fi_FI\" \/>\n<meta property=\"og:type\" content=\"article\" \/>\n<meta property=\"og:title\" content=\"Klinkberg Summer Venue &#8211; Estonian Golf &amp; Country Club\" \/>\n<meta property=\"og:description\" content=\"Klinkberg Summer Venue on ihanteellinen paikka ainutlaatuisten tapahtumien j\u00e4rjest\u00e4miseen jopa 300 hengelle.\" \/>\n<meta property=\"og:url\" content=\"https:\/\/egcc.ee\/fi\/klinkberg-summer-venue\/\" \/>\n<meta property=\"og:site_name\" content=\"Estonian Golf &amp; Country Club\" \/>\n<meta property=\"article:modified_time\" content=\"2026-03-11T10:48:18+00:00\" \/>\n<meta property=\"og:image\" content=\"https:\/\/egcc.ee\/wp-content\/uploads\/2023\/04\/klinkberg_summer_venue.jpg\" \/>\n\t<meta property=\"og:image:width\" content=\"1500\" \/>\n\t<meta property=\"og:image:height\" content=\"1000\" \/>\n\t<meta property=\"og:image:type\" content=\"image\/jpeg\" \/>\n<meta name=\"twitter:card\" content=\"summary_large_image\" \/>\n<meta name=\"twitter:label1\" content=\"Arvioitu lukuaika\" \/>\n\t<meta name=\"twitter:data1\" content=\"2 minuuttia\" \/>\n<script type=\"application\/ld+json\" class=\"yoast-schema-graph\">{\"@context\":\"https:\/\/schema.org\",\"@graph\":[{\"@type\":\"WebPage\",\"@id\":\"https:\/\/egcc.ee\/fi\/klinkberg-summer-venue\/\",\"url\":\"https:\/\/egcc.ee\/fi\/klinkberg-summer-venue\/\",\"name\":\"Klinkberg Summer Venue &#8211; Estonian Golf &amp; Country Club\",\"isPartOf\":{\"@id\":\"https:\/\/egcc.ee\/fi\/#website\"},\"primaryImageOfPage\":{\"@id\":\"https:\/\/egcc.ee\/fi\/klinkberg-summer-venue\/#primaryimage\"},\"image\":{\"@id\":\"https:\/\/egcc.ee\/fi\/klinkberg-summer-venue\/#primaryimage\"},\"thumbnailUrl\":\"https:\/\/egcc.ee\/wp-content\/uploads\/2023\/04\/klinkberg_summer_venue.jpg\",\"datePublished\":\"2023-04-16T21:54:41+00:00\",\"dateModified\":\"2026-03-11T10:48:18+00:00\",\"description\":\"Klinkberg Summer Venue on ihanteellinen paikka ainutlaatuisten tapahtumien j\u00e4rjest\u00e4miseen jopa 300 hengelle.\",\"breadcrumb\":{\"@id\":\"https:\/\/egcc.ee\/fi\/klinkberg-summer-venue\/#breadcrumb\"},\"inLanguage\":\"fi\",\"potentialAction\":[{\"@type\":\"ReadAction\",\"target\":[\"https:\/\/egcc.ee\/fi\/klinkberg-summer-venue\/\"]}]},{\"@type\":\"ImageObject\",\"inLanguage\":\"fi\",\"@id\":\"https:\/\/egcc.ee\/fi\/klinkberg-summer-venue\/#primaryimage\",\"url\":\"https:\/\/egcc.ee\/wp-content\/uploads\/2023\/04\/klinkberg_summer_venue.jpg\",\"contentUrl\":\"https:\/\/egcc.ee\/wp-content\/uploads\/2023\/04\/klinkberg_summer_venue.jpg\",\"width\":1500,\"height\":1000,\"caption\":\"Klinkberg Summer Venue\"},{\"@type\":\"BreadcrumbList\",\"@id\":\"https:\/\/egcc.ee\/fi\/klinkberg-summer-venue\/#breadcrumb\",\"itemListElement\":[{\"@type\":\"ListItem\",\"position\":1,\"name\":\"Home\",\"item\":\"https:\/\/egcc.ee\/fi\/\"},{\"@type\":\"ListItem\",\"position\":2,\"name\":\"Klinkberg Summer Venue\"}]},{\"@type\":\"WebSite\",\"@id\":\"https:\/\/egcc.ee\/fi\/#website\",\"url\":\"https:\/\/egcc.ee\/fi\/\",\"name\":\"Estonian Golf &amp; Country Club\",\"description\":\"J\u00f5el\u00e4htmes saab golfi!\",\"publisher\":{\"@id\":\"https:\/\/egcc.ee\/fi\/#organization\"},\"potentialAction\":[{\"@type\":\"SearchAction\",\"target\":{\"@type\":\"EntryPoint\",\"urlTemplate\":\"https:\/\/egcc.ee\/fi\/?s={search_term_string}\"},\"query-input\":{\"@type\":\"PropertyValueSpecification\",\"valueRequired\":true,\"valueName\":\"search_term_string\"}}],\"inLanguage\":\"fi\"},{\"@type\":\"Organization\",\"@id\":\"https:\/\/egcc.ee\/fi\/#organization\",\"name\":\"Estonian Golf &amp; Country Club\",\"url\":\"https:\/\/egcc.ee\/fi\/\",\"logo\":{\"@type\":\"ImageObject\",\"inLanguage\":\"fi\",\"@id\":\"https:\/\/egcc.ee\/fi\/#\/schema\/logo\/image\/\",\"url\":\"https:\/\/egcc.ee\/wp-content\/uploads\/2023\/04\/EGCC_logo_150.png\",\"contentUrl\":\"https:\/\/egcc.ee\/wp-content\/uploads\/2023\/04\/EGCC_logo_150.png\",\"width\":150,\"height\":150,\"caption\":\"Estonian Golf &amp; Country Club\"},\"image\":{\"@id\":\"https:\/\/egcc.ee\/fi\/#\/schema\/logo\/image\/\"}}]}<\/script>\n<!-- \/ Yoast SEO plugin. -->","yoast_head_json":{"title":"Klinkberg Summer Venue &#8211; Estonian Golf &amp; Country Club","description":"Klinkberg Summer Venue on ihanteellinen paikka ainutlaatuisten tapahtumien j\u00e4rjest\u00e4miseen jopa 300 hengelle.","robots":{"index":"index","follow":"follow","max-snippet":"max-snippet:-1","max-image-preview":"max-image-preview:large","max-video-preview":"max-video-preview:-1"},"canonical":"https:\/\/egcc.ee\/fi\/klinkberg-summer-venue\/","og_locale":"fi_FI","og_type":"article","og_title":"Klinkberg Summer Venue &#8211; Estonian Golf &amp; Country Club","og_description":"Klinkberg Summer Venue on ihanteellinen paikka ainutlaatuisten tapahtumien j\u00e4rjest\u00e4miseen jopa 300 hengelle.","og_url":"https:\/\/egcc.ee\/fi\/klinkberg-summer-venue\/","og_site_name":"Estonian Golf &amp; Country Club","article_modified_time":"2026-03-11T10:48:18+00:00","og_image":[{"width":1500,"height":1000,"url":"https:\/\/egcc.ee\/wp-content\/uploads\/2023\/04\/klinkberg_summer_venue.jpg","type":"image\/jpeg"}],"twitter_card":"summary_large_image","twitter_misc":{"Arvioitu lukuaika":"2 minuuttia"},"schema":{"@context":"https:\/\/schema.org","@graph":[{"@type":"WebPage","@id":"https:\/\/egcc.ee\/fi\/klinkberg-summer-venue\/","url":"https:\/\/egcc.ee\/fi\/klinkberg-summer-venue\/","name":"Klinkberg Summer Venue &#8211; Estonian Golf &amp; Country Club","isPartOf":{"@id":"https:\/\/egcc.ee\/fi\/#website"},"primaryImageOfPage":{"@id":"https:\/\/egcc.ee\/fi\/klinkberg-summer-venue\/#primaryimage"},"image":{"@id":"https:\/\/egcc.ee\/fi\/klinkberg-summer-venue\/#primaryimage"},"thumbnailUrl":"https:\/\/egcc.ee\/wp-content\/uploads\/2023\/04\/klinkberg_summer_venue.jpg","datePublished":"2023-04-16T21:54:41+00:00","dateModified":"2026-03-11T10:48:18+00:00","description":"Klinkberg Summer Venue on ihanteellinen paikka ainutlaatuisten tapahtumien j\u00e4rjest\u00e4miseen jopa 300 hengelle.","breadcrumb":{"@id":"https:\/\/egcc.ee\/fi\/klinkberg-summer-venue\/#breadcrumb"},"inLanguage":"fi","potentialAction":[{"@type":"ReadAction","target":["https:\/\/egcc.ee\/fi\/klinkberg-summer-venue\/"]}]},{"@type":"ImageObject","inLanguage":"fi","@id":"https:\/\/egcc.ee\/fi\/klinkberg-summer-venue\/#primaryimage","url":"https:\/\/egcc.ee\/wp-content\/uploads\/2023\/04\/klinkberg_summer_venue.jpg","contentUrl":"https:\/\/egcc.ee\/wp-content\/uploads\/2023\/04\/klinkberg_summer_venue.jpg","width":1500,"height":1000,"caption":"Klinkberg Summer Venue"},{"@type":"BreadcrumbList","@id":"https:\/\/egcc.ee\/fi\/klinkberg-summer-venue\/#breadcrumb","itemListElement":[{"@type":"ListItem","position":1,"name":"Home","item":"https:\/\/egcc.ee\/fi\/"},{"@type":"ListItem","position":2,"name":"Klinkberg Summer Venue"}]},{"@type":"WebSite","@id":"https:\/\/egcc.ee\/fi\/#website","url":"https:\/\/egcc.ee\/fi\/","name":"Estonian Golf &amp; Country Club","description":"J\u00f5el\u00e4htmes saab golfi!","publisher":{"@id":"https:\/\/egcc.ee\/fi\/#organization"},"potentialAction":[{"@type":"SearchAction","target":{"@type":"EntryPoint","urlTemplate":"https:\/\/egcc.ee\/fi\/?s={search_term_string}"},"query-input":{"@type":"PropertyValueSpecification","valueRequired":true,"valueName":"search_term_string"}}],"inLanguage":"fi"},{"@type":"Organization","@id":"https:\/\/egcc.ee\/fi\/#organization","name":"Estonian Golf &amp; Country Club","url":"https:\/\/egcc.ee\/fi\/","logo":{"@type":"ImageObject","inLanguage":"fi","@id":"https:\/\/egcc.ee\/fi\/#\/schema\/logo\/image\/","url":"https:\/\/egcc.ee\/wp-content\/uploads\/2023\/04\/EGCC_logo_150.png","contentUrl":"https:\/\/egcc.ee\/wp-content\/uploads\/2023\/04\/EGCC_logo_150.png","width":150,"height":150,"caption":"Estonian Golf &amp; Country Club"},"image":{"@id":"https:\/\/egcc.ee\/fi\/#\/schema\/logo\/image\/"}}]}},"_links":{"self":[{"href":"https:\/\/egcc.ee\/fi\/wp-json\/wp\/v2\/pages\/23927","targetHints":{"allow":["GET"]}}],"collection":[{"href":"https:\/\/egcc.ee\/fi\/wp-json\/wp\/v2\/pages"}],"about":[{"href":"https:\/\/egcc.ee\/fi\/wp-json\/wp\/v2\/types\/page"}],"author":[{"embeddable":true,"href":"https:\/\/egcc.ee\/fi\/wp-json\/wp\/v2\/users\/2"}],"replies":[{"embeddable":true,"href":"https:\/\/egcc.ee\/fi\/wp-json\/wp\/v2\/comments?post=23927"}],"version-history":[{"count":16,"href":"https:\/\/egcc.ee\/fi\/wp-json\/wp\/v2\/pages\/23927\/revisions"}],"predecessor-version":[{"id":39874,"href":"https:\/\/egcc.ee\/fi\/wp-json\/wp\/v2\/pages\/23927\/revisions\/39874"}],"wp:featuredmedia":[{"embeddable":true,"href":"https:\/\/egcc.ee\/fi\/wp-json\/wp\/v2\/media\/1356"}],"wp:attachment":[{"href":"https:\/\/egcc.ee\/fi\/wp-json\/wp\/v2\/media?parent=23927"}],"curies":[{"name":"wp","href":"https:\/\/api.w.org\/{rel}","templated":true}]}}