{"id":23918,"date":"2023-04-16T23:05:40","date_gmt":"2023-04-16T20:05:40","guid":{"rendered":"https:\/\/egcc.ee\/mentorprogramm\/"},"modified":"2026-04-07T15:09:26","modified_gmt":"2026-04-07T12:09:26","slug":"mentoriohjelma","status":"publish","type":"page","link":"https:\/\/egcc.ee\/fi\/mentoriohjelma\/","title":{"rendered":"Mentoriohjelma"},"content":{"rendered":"\n<div class=\"wp-block-media-text has-media-on-the-right is-stacked-on-mobile\"><div class=\"wp-block-media-text__content\">\n<div style=\"height:21px\" aria-hidden=\"true\" class=\"wp-block-spacer\"><\/div>\n\n\n\n<p>Mentoroinnin p\u00e4\u00e4tarkoituksena on tuoda yhteen golfin aloittelija ja kokenut pelaaja, <strong>jotta uuden pelaajan integroituminen golf-el\u00e4m\u00e4\u00e4n on helpompaa ja sujuvampaa<\/strong>.<\/p>\n\n\n\n<p>Mentorointikierroksia johtavat klubimme j\u00e4senet. Yhteisiss\u00e4 pelikierroksissa aloittelija saa tietoa <strong>strategiasta, temposta ja s\u00e4\u00e4nn\u00f6ist\u00e4<\/strong>.<\/p>\n\n\n\n<p>Kurssilla mentori jakaa my\u00f6s muita vinkkej\u00e4, joista on hy\u00f6ty\u00e4 golfin aloittamisessa.<\/p>\n<\/div><figure class=\"wp-block-media-text__media\"><img loading=\"lazy\" decoding=\"async\" width=\"1024\" height=\"682\" src=\"https:\/\/egcc.ee\/wp-content\/uploads\/2023\/08\/EGCC_Sea_Course_DJI_0134-1024x682.jpg\" alt=\"\" class=\"wp-image-16122 size-full\" srcset=\"https:\/\/egcc.ee\/wp-content\/uploads\/2023\/08\/EGCC_Sea_Course_DJI_0134-1024x682.jpg 1024w, https:\/\/egcc.ee\/wp-content\/uploads\/2023\/08\/EGCC_Sea_Course_DJI_0134-300x200.jpg 300w, https:\/\/egcc.ee\/wp-content\/uploads\/2023\/08\/EGCC_Sea_Course_DJI_0134-768x511.jpg 768w, https:\/\/egcc.ee\/wp-content\/uploads\/2023\/08\/EGCC_Sea_Course_DJI_0134-1536x1023.jpg 1536w, https:\/\/egcc.ee\/wp-content\/uploads\/2023\/08\/EGCC_Sea_Course_DJI_0134.jpg 2000w\" sizes=\"auto, (max-width: 1024px) 100vw, 1024px\" \/><\/figure><\/div>\n\n\n\n<div style=\"height:20px\" aria-hidden=\"true\" class=\"wp-block-spacer\"><\/div>\n\n\n\n<div class=\"wp-block-media-text is-stacked-on-mobile\"><figure class=\"wp-block-media-text__media\"><img loading=\"lazy\" decoding=\"async\" width=\"1024\" height=\"682\" src=\"https:\/\/egcc.ee\/wp-content\/uploads\/2023\/08\/EGCC_Sea_Course_DJI_0139-1024x682.jpg\" alt=\"\" class=\"wp-image-15497 size-full\" srcset=\"https:\/\/egcc.ee\/wp-content\/uploads\/2023\/08\/EGCC_Sea_Course_DJI_0139-1024x682.jpg 1024w, https:\/\/egcc.ee\/wp-content\/uploads\/2023\/08\/EGCC_Sea_Course_DJI_0139-300x200.jpg 300w, https:\/\/egcc.ee\/wp-content\/uploads\/2023\/08\/EGCC_Sea_Course_DJI_0139-768x511.jpg 768w, https:\/\/egcc.ee\/wp-content\/uploads\/2023\/08\/EGCC_Sea_Course_DJI_0139-1536x1023.jpg 1536w, https:\/\/egcc.ee\/wp-content\/uploads\/2023\/08\/EGCC_Sea_Course_DJI_0139.jpg 2000w\" sizes=\"auto, (max-width: 1024px) 100vw, 1024px\" \/><\/figure><div class=\"wp-block-media-text__content\">\n<div style=\"height:21px\" aria-hidden=\"true\" class=\"wp-block-spacer\"><\/div>\n\n\n\n<p>Mentorin lis\u00e4ksi mentorointikierroksiin osallistuu <strong>enint\u00e4\u00e4n kaksi aloittelijaa<\/strong>. N\u00e4in varmistetaan riitt\u00e4v\u00e4 pelitahti ja kokenut pelaaja pystyy kiinnitt\u00e4m\u00e4\u00e4n huomiota kaikkeen olennaiseen.<\/p>\n\n\n\n<p>Mentorointikierrosten ansiosta <strong>my\u00f6s tuttavapiiri laajenee<\/strong>, joiden joukosta l\u00f6ytyy jatkossa samantasoisia pelikavereita.<\/p>\n<\/div><\/div>\n\n\n\n<div style=\"height:20px\" aria-hidden=\"true\" class=\"wp-block-spacer\"><\/div>\n\n\n\n<div style=\"height:20px\" aria-hidden=\"true\" class=\"wp-block-spacer\"><\/div>\n\n\n\n<h2 class=\"wp-block-heading\"><strong>Tiiajan varaus ja maksu<\/strong>:<\/h2>\n\n\n\n<p><strong>Stone Coursella<\/strong> on mentorointikierrokset <strong>maksuttomia<\/strong>, vaikka aloittelijalla ei viel\u00e4 olisi pelioikeutta.&nbsp;<strong>Sea Coursella<\/strong> on mentorointi pelioikeuden omaavalle aloittelijalle ilmainen, aloittelijoille ilman pelioikeutta 9-ratainen Green Fee on 20 \u20ac.<\/p>\n\n\n\n<p>Voit rekister\u00f6id\u00e4 mentorikierroksen itse <a href=\"https:\/\/www.chronogolf.com\/club\/estonian-golf-country-club\" target=\"_blank\" rel=\"noreferrer noopener\">Chronogolfissa<\/a>. Vaikka peliajat olisi sovittu muulla tavalla, varausten tulee olla kirjattuna Chronogolfiin. Green Card -kurssin osallistujien mentorointi tapahtuu heti alkukurssin j\u00e4lkeen, eik\u00e4 niihin tarvitse erikseen ilmoittautua.<\/p>\n\n\n\n<div style=\"height:20px\" aria-hidden=\"true\" class=\"wp-block-spacer\"><\/div>\n\n\n\n<h2 class=\"wp-block-heading\">Ohjeita ennen mentorointikierrokselle tuloa<\/h2>\n\n\n\n<ul class=\"wp-block-list\">\n<li>Pelaajatilin rekister\u00f6inti <a href=\"https:\/\/www.chronogolf.com\/club\/estonian-golf-country-club\">Chronogolfii<\/a><a href=\"https:\/\/www.chronogolf.ie\/club\/estonian-golf-country-club\" target=\"_blank\" rel=\"noreferrer noopener\">n<\/a> on ilmaista.<\/li>\n\n\n\n<li>Tule J\u00f5el\u00e4htmelle v\u00e4hint\u00e4\u00e4n 30 minuuttia ennen tiikki\u00e4, jotta p\u00e4\u00e4set k\u00e4ym\u00e4\u00e4n <a href=\"https:\/\/egcc.ee\/fi\/yhteystiedot\/\">Caddiemasterissa<\/a> ja l\u00e4mmittelem\u00e4\u00e4n harjoituskent\u00e4ll\u00e4.<\/li>\n\n\n\n<li>Jos sinulla ei ole omia golfmailoja, varaa aikaa my\u00f6s niiden vuokraamiseen.<\/li>\n\n\n\n<li>Mentorikierroksella saat korin harjoituspalloja ilmaiseksi, pyyd\u00e4 koodipaperi Caddiemasterilta.<\/li>\n\n\n\n<li>K\u00e4rryn k\u00e4ytt\u00f6 on eritt\u00e4in suositeltavaa, k\u00e4rryn vuokraus mentorointikierrokselle on maksutonta.<\/li>\n<\/ul>\n\n\n\n<p><strong>Ota yhteytt\u00e4<\/strong>:&nbsp;<a href=\"mailto:welcome@egcc.ee\" target=\"_blank\" rel=\"noreferrer noopener\">welcome@egcc.ee<\/a>&nbsp;tai <a href=\"tel:+3726025290\" target=\"_blank\" rel=\"noreferrer noopener\">+372 602 5290<\/a>.<\/p>\n","protected":false},"excerpt":{"rendered":"<p>Tiiajan varaus ja maksu: Stone Coursella on mentorointikierrokset maksuttomia, vaikka aloittelijalla ei viel\u00e4 olisi pelioikeutta.&nbsp;Sea Coursella on mentorointi pelioikeuden omaavalle aloittelijalle ilmainen, aloittelijoille ilman pelioikeutta 9-ratainen Green Fee on 20 \u20ac. Voit rekister\u00f6id\u00e4 mentorikierroksen itse Chronogolfissa. Vaikka peliajat olisi sovittu muulla tavalla, varausten tulee olla kirjattuna Chronogolfiin. Green Card -kurssin osallistujien mentorointi tapahtuu heti alkukurssin [&hellip;]<\/p>\n","protected":false},"author":2,"featured_media":16124,"parent":0,"menu_order":0,"comment_status":"closed","ping_status":"closed","template":"","meta":{"_acf_changed":false,"ngg_post_thumbnail":0,"footnotes":""},"class_list":["post-23918","page","type-page","status-publish","has-post-thumbnail","hentry"],"acf":[],"yoast_head":"<!-- This site is optimized with the Yoast SEO plugin v27.1.1 - https:\/\/yoast.com\/product\/yoast-seo-wordpress\/ -->\n<title>Mentoriohjelma &#8211; Estonian Golf &amp; Country Club<\/title>\n<meta name=\"description\" content=\"Mentoroinnin p\u00e4\u00e4tarkoituksena on tuoda yhteen golfin aloittelija ja kokenut pelaaja, jotta uuden pelaajan integroituminen golf-el\u00e4m\u00e4\u00e4n on helpompaa ja sujuvampaa.\" \/>\n<meta name=\"robots\" content=\"index, follow, max-snippet:-1, max-image-preview:large, max-video-preview:-1\" \/>\n<link rel=\"canonical\" href=\"https:\/\/egcc.ee\/fi\/mentoriohjelma\/\" \/>\n<meta property=\"og:locale\" content=\"fi_FI\" \/>\n<meta property=\"og:type\" content=\"article\" \/>\n<meta property=\"og:title\" content=\"Mentoriohjelma &#8211; Estonian Golf &amp; Country Club\" \/>\n<meta property=\"og:description\" content=\"Mentoroinnin p\u00e4\u00e4tarkoituksena on tuoda yhteen golfin aloittelija ja kokenut pelaaja, jotta uuden pelaajan integroituminen golf-el\u00e4m\u00e4\u00e4n on helpompaa ja sujuvampaa.\" \/>\n<meta property=\"og:url\" content=\"https:\/\/egcc.ee\/fi\/mentoriohjelma\/\" \/>\n<meta property=\"og:site_name\" content=\"Estonian Golf &amp; Country Club\" \/>\n<meta property=\"article:modified_time\" content=\"2026-04-07T12:09:26+00:00\" \/>\n<meta property=\"og:image\" content=\"https:\/\/egcc.ee\/wp-content\/uploads\/2023\/08\/EGCC_Sea_Course_DJI_0134.jpg\" \/>\n\t<meta property=\"og:image:width\" content=\"2000\" \/>\n\t<meta property=\"og:image:height\" content=\"1332\" \/>\n\t<meta property=\"og:image:type\" content=\"image\/jpeg\" \/>\n<meta name=\"twitter:card\" content=\"summary_large_image\" \/>\n<meta name=\"twitter:label1\" content=\"Arvioitu lukuaika\" \/>\n\t<meta name=\"twitter:data1\" content=\"2 minuuttia\" \/>\n<script type=\"application\/ld+json\" class=\"yoast-schema-graph\">{\"@context\":\"https:\/\/schema.org\",\"@graph\":[{\"@type\":\"WebPage\",\"@id\":\"https:\/\/egcc.ee\/fi\/mentoriohjelma\/\",\"url\":\"https:\/\/egcc.ee\/fi\/mentoriohjelma\/\",\"name\":\"Mentoriohjelma &#8211; Estonian Golf &amp; Country Club\",\"isPartOf\":{\"@id\":\"https:\/\/egcc.ee\/fi\/#website\"},\"primaryImageOfPage\":{\"@id\":\"https:\/\/egcc.ee\/fi\/mentoriohjelma\/#primaryimage\"},\"image\":{\"@id\":\"https:\/\/egcc.ee\/fi\/mentoriohjelma\/#primaryimage\"},\"thumbnailUrl\":\"https:\/\/egcc.ee\/wp-content\/uploads\/2023\/08\/EGCC_Sea_Course_DJI_0134.jpg\",\"datePublished\":\"2023-04-16T20:05:40+00:00\",\"dateModified\":\"2026-04-07T12:09:26+00:00\",\"description\":\"Mentoroinnin p\u00e4\u00e4tarkoituksena on tuoda yhteen golfin aloittelija ja kokenut pelaaja, jotta uuden pelaajan integroituminen golf-el\u00e4m\u00e4\u00e4n on helpompaa ja sujuvampaa.\",\"breadcrumb\":{\"@id\":\"https:\/\/egcc.ee\/fi\/mentoriohjelma\/#breadcrumb\"},\"inLanguage\":\"fi\",\"potentialAction\":[{\"@type\":\"ReadAction\",\"target\":[\"https:\/\/egcc.ee\/fi\/mentoriohjelma\/\"]}]},{\"@type\":\"ImageObject\",\"inLanguage\":\"fi\",\"@id\":\"https:\/\/egcc.ee\/fi\/mentoriohjelma\/#primaryimage\",\"url\":\"https:\/\/egcc.ee\/wp-content\/uploads\/2023\/08\/EGCC_Sea_Course_DJI_0134.jpg\",\"contentUrl\":\"https:\/\/egcc.ee\/wp-content\/uploads\/2023\/08\/EGCC_Sea_Course_DJI_0134.jpg\",\"width\":2000,\"height\":1332},{\"@type\":\"BreadcrumbList\",\"@id\":\"https:\/\/egcc.ee\/fi\/mentoriohjelma\/#breadcrumb\",\"itemListElement\":[{\"@type\":\"ListItem\",\"position\":1,\"name\":\"Home\",\"item\":\"https:\/\/egcc.ee\/fi\/\"},{\"@type\":\"ListItem\",\"position\":2,\"name\":\"Mentoriohjelma\"}]},{\"@type\":\"WebSite\",\"@id\":\"https:\/\/egcc.ee\/fi\/#website\",\"url\":\"https:\/\/egcc.ee\/fi\/\",\"name\":\"Estonian Golf &amp; Country Club\",\"description\":\"J\u00f5el\u00e4htmes saab golfi!\",\"publisher\":{\"@id\":\"https:\/\/egcc.ee\/fi\/#organization\"},\"potentialAction\":[{\"@type\":\"SearchAction\",\"target\":{\"@type\":\"EntryPoint\",\"urlTemplate\":\"https:\/\/egcc.ee\/fi\/?s={search_term_string}\"},\"query-input\":{\"@type\":\"PropertyValueSpecification\",\"valueRequired\":true,\"valueName\":\"search_term_string\"}}],\"inLanguage\":\"fi\"},{\"@type\":\"Organization\",\"@id\":\"https:\/\/egcc.ee\/fi\/#organization\",\"name\":\"Estonian Golf &amp; Country Club\",\"url\":\"https:\/\/egcc.ee\/fi\/\",\"logo\":{\"@type\":\"ImageObject\",\"inLanguage\":\"fi\",\"@id\":\"https:\/\/egcc.ee\/fi\/#\/schema\/logo\/image\/\",\"url\":\"https:\/\/egcc.ee\/wp-content\/uploads\/2023\/04\/EGCC_logo_150.png\",\"contentUrl\":\"https:\/\/egcc.ee\/wp-content\/uploads\/2023\/04\/EGCC_logo_150.png\",\"width\":150,\"height\":150,\"caption\":\"Estonian Golf &amp; Country Club\"},\"image\":{\"@id\":\"https:\/\/egcc.ee\/fi\/#\/schema\/logo\/image\/\"}}]}<\/script>\n<!-- \/ Yoast SEO plugin. -->","yoast_head_json":{"title":"Mentoriohjelma &#8211; Estonian Golf &amp; Country Club","description":"Mentoroinnin p\u00e4\u00e4tarkoituksena on tuoda yhteen golfin aloittelija ja kokenut pelaaja, jotta uuden pelaajan integroituminen golf-el\u00e4m\u00e4\u00e4n on helpompaa ja sujuvampaa.","robots":{"index":"index","follow":"follow","max-snippet":"max-snippet:-1","max-image-preview":"max-image-preview:large","max-video-preview":"max-video-preview:-1"},"canonical":"https:\/\/egcc.ee\/fi\/mentoriohjelma\/","og_locale":"fi_FI","og_type":"article","og_title":"Mentoriohjelma &#8211; Estonian Golf &amp; Country Club","og_description":"Mentoroinnin p\u00e4\u00e4tarkoituksena on tuoda yhteen golfin aloittelija ja kokenut pelaaja, jotta uuden pelaajan integroituminen golf-el\u00e4m\u00e4\u00e4n on helpompaa ja sujuvampaa.","og_url":"https:\/\/egcc.ee\/fi\/mentoriohjelma\/","og_site_name":"Estonian Golf &amp; Country Club","article_modified_time":"2026-04-07T12:09:26+00:00","og_image":[{"width":2000,"height":1332,"url":"https:\/\/egcc.ee\/wp-content\/uploads\/2023\/08\/EGCC_Sea_Course_DJI_0134.jpg","type":"image\/jpeg"}],"twitter_card":"summary_large_image","twitter_misc":{"Arvioitu lukuaika":"2 minuuttia"},"schema":{"@context":"https:\/\/schema.org","@graph":[{"@type":"WebPage","@id":"https:\/\/egcc.ee\/fi\/mentoriohjelma\/","url":"https:\/\/egcc.ee\/fi\/mentoriohjelma\/","name":"Mentoriohjelma &#8211; Estonian Golf &amp; Country Club","isPartOf":{"@id":"https:\/\/egcc.ee\/fi\/#website"},"primaryImageOfPage":{"@id":"https:\/\/egcc.ee\/fi\/mentoriohjelma\/#primaryimage"},"image":{"@id":"https:\/\/egcc.ee\/fi\/mentoriohjelma\/#primaryimage"},"thumbnailUrl":"https:\/\/egcc.ee\/wp-content\/uploads\/2023\/08\/EGCC_Sea_Course_DJI_0134.jpg","datePublished":"2023-04-16T20:05:40+00:00","dateModified":"2026-04-07T12:09:26+00:00","description":"Mentoroinnin p\u00e4\u00e4tarkoituksena on tuoda yhteen golfin aloittelija ja kokenut pelaaja, jotta uuden pelaajan integroituminen golf-el\u00e4m\u00e4\u00e4n on helpompaa ja sujuvampaa.","breadcrumb":{"@id":"https:\/\/egcc.ee\/fi\/mentoriohjelma\/#breadcrumb"},"inLanguage":"fi","potentialAction":[{"@type":"ReadAction","target":["https:\/\/egcc.ee\/fi\/mentoriohjelma\/"]}]},{"@type":"ImageObject","inLanguage":"fi","@id":"https:\/\/egcc.ee\/fi\/mentoriohjelma\/#primaryimage","url":"https:\/\/egcc.ee\/wp-content\/uploads\/2023\/08\/EGCC_Sea_Course_DJI_0134.jpg","contentUrl":"https:\/\/egcc.ee\/wp-content\/uploads\/2023\/08\/EGCC_Sea_Course_DJI_0134.jpg","width":2000,"height":1332},{"@type":"BreadcrumbList","@id":"https:\/\/egcc.ee\/fi\/mentoriohjelma\/#breadcrumb","itemListElement":[{"@type":"ListItem","position":1,"name":"Home","item":"https:\/\/egcc.ee\/fi\/"},{"@type":"ListItem","position":2,"name":"Mentoriohjelma"}]},{"@type":"WebSite","@id":"https:\/\/egcc.ee\/fi\/#website","url":"https:\/\/egcc.ee\/fi\/","name":"Estonian Golf &amp; Country Club","description":"J\u00f5el\u00e4htmes saab golfi!","publisher":{"@id":"https:\/\/egcc.ee\/fi\/#organization"},"potentialAction":[{"@type":"SearchAction","target":{"@type":"EntryPoint","urlTemplate":"https:\/\/egcc.ee\/fi\/?s={search_term_string}"},"query-input":{"@type":"PropertyValueSpecification","valueRequired":true,"valueName":"search_term_string"}}],"inLanguage":"fi"},{"@type":"Organization","@id":"https:\/\/egcc.ee\/fi\/#organization","name":"Estonian Golf &amp; Country Club","url":"https:\/\/egcc.ee\/fi\/","logo":{"@type":"ImageObject","inLanguage":"fi","@id":"https:\/\/egcc.ee\/fi\/#\/schema\/logo\/image\/","url":"https:\/\/egcc.ee\/wp-content\/uploads\/2023\/04\/EGCC_logo_150.png","contentUrl":"https:\/\/egcc.ee\/wp-content\/uploads\/2023\/04\/EGCC_logo_150.png","width":150,"height":150,"caption":"Estonian Golf &amp; Country Club"},"image":{"@id":"https:\/\/egcc.ee\/fi\/#\/schema\/logo\/image\/"}}]}},"_links":{"self":[{"href":"https:\/\/egcc.ee\/fi\/wp-json\/wp\/v2\/pages\/23918","targetHints":{"allow":["GET"]}}],"collection":[{"href":"https:\/\/egcc.ee\/fi\/wp-json\/wp\/v2\/pages"}],"about":[{"href":"https:\/\/egcc.ee\/fi\/wp-json\/wp\/v2\/types\/page"}],"author":[{"embeddable":true,"href":"https:\/\/egcc.ee\/fi\/wp-json\/wp\/v2\/users\/2"}],"replies":[{"embeddable":true,"href":"https:\/\/egcc.ee\/fi\/wp-json\/wp\/v2\/comments?post=23918"}],"version-history":[{"count":11,"href":"https:\/\/egcc.ee\/fi\/wp-json\/wp\/v2\/pages\/23918\/revisions"}],"predecessor-version":[{"id":40369,"href":"https:\/\/egcc.ee\/fi\/wp-json\/wp\/v2\/pages\/23918\/revisions\/40369"}],"wp:featuredmedia":[{"embeddable":true,"href":"https:\/\/egcc.ee\/fi\/wp-json\/wp\/v2\/media\/16124"}],"wp:attachment":[{"href":"https:\/\/egcc.ee\/fi\/wp-json\/wp\/v2\/media?parent=23918"}],"curies":[{"name":"wp","href":"https:\/\/api.w.org\/{rel}","templated":true}]}}