{"id":23897,"date":"2023-12-18T16:35:24","date_gmt":"2023-12-18T14:35:24","guid":{"rendered":"https:\/\/egcc.ee\/kinkekaart\/"},"modified":"2025-12-17T16:34:59","modified_gmt":"2025-12-17T14:34:59","slug":"lahjakortti","status":"publish","type":"page","link":"https:\/\/egcc.ee\/fi\/lahjakortti\/","title":{"rendered":"Lahjakortti"},"content":{"rendered":"\n<p class=\"has-medium-font-size\">EGCC-lahjakortti on paras lahja niin kokeneille kuin tuleville golfaajille, kollegoille ja liikekumppaneille.<\/p>\n\n\n\n<div style=\"height:20px\" aria-hidden=\"true\" class=\"wp-block-spacer\"><\/div>\n\n\n\n<div class=\"wp-block-media-text is-stacked-on-mobile\"><figure class=\"wp-block-media-text__media\"><img loading=\"lazy\" decoding=\"async\" width=\"1024\" height=\"682\" src=\"https:\/\/egcc.ee\/wp-content\/uploads\/2025\/12\/2026_EGCC_lahjakortti_2000x1333_FIN-1-1024x682.jpg\" alt=\"\" class=\"wp-image-39034 size-full\" srcset=\"https:\/\/egcc.ee\/wp-content\/uploads\/2025\/12\/2026_EGCC_lahjakortti_2000x1333_FIN-1-1024x682.jpg 1024w, https:\/\/egcc.ee\/wp-content\/uploads\/2025\/12\/2026_EGCC_lahjakortti_2000x1333_FIN-1-300x200.jpg 300w, https:\/\/egcc.ee\/wp-content\/uploads\/2025\/12\/2026_EGCC_lahjakortti_2000x1333_FIN-1-768x512.jpg 768w, https:\/\/egcc.ee\/wp-content\/uploads\/2025\/12\/2026_EGCC_lahjakortti_2000x1333_FIN-1-1536x1024.jpg 1536w, https:\/\/egcc.ee\/wp-content\/uploads\/2025\/12\/2026_EGCC_lahjakortti_2000x1333_FIN-1.jpg 2000w\" sizes=\"auto, (max-width: 1024px) 100vw, 1024px\" \/><\/figure><div class=\"wp-block-media-text__content\">\n<div style=\"height:20px\" aria-hidden=\"true\" class=\"wp-block-spacer\"><\/div>\n\n\n\n<h2 class=\"wp-block-heading\"><span class=\"material-icons\"> golf_course <\/span> <strong>Valitse summa tai palvelu<\/strong><\/h2>\n\n\n\n<p>Voit valita, merkit\u00e4\u00e4nk\u00f6 rahallinen arvo lahjakorttiin vai Estonian Golf &amp; Country Clubin tuotteeseen ja palveluun:<\/p>\n\n\n\n<ul class=\"wp-block-list\">\n<li>Sea + Stone Course -pelioikeudet<\/li>\n\n\n\n<li>Green Fee<\/li>\n\n\n\n<li>Golf demot ja yksityis kilpailut<\/li>\n\n\n\n<li>J\u00f5el\u00e4htme Golf Academy Green Card -paketit ja ryhm\u00e4- ja yksityistreenit<\/li>\n\n\n\n<li><a href=\"https:\/\/egcc.ee\/fi\/pro-shop\/\">EGCC Pro Shop<\/a> tuotteet<\/li>\n\n\n\n<li>harjoituspallot jne<\/li>\n<\/ul>\n\n\n<div class=\"d-flex\">\n    <a  href=\"https:\/\/egcc.ee\/fi\/hinnasto\/\" class=\"btn btn-link\">\n                EGCC TUOTTEIDEN JA PALVELUJEN HINNASTO        <i class=\"bi bi-arrow-right\"><\/i>    <\/a>\n<\/div><\/div><\/div>\n\n\n\n<div style=\"height:40px\" aria-hidden=\"true\" class=\"wp-block-spacer\"><\/div>\n\n\n\n<h2 class=\"wp-block-heading\"><span class=\"material-icons\"><br>celebration<br><\/span> <strong>Anna mielikuvituksesi lent\u00e4\u00e4<\/strong><\/h2>\n\n\n\n<p>Voit toki lis\u00e4t\u00e4 lahjakorttiin my\u00f6s lahjan saajan nimen, henkil\u00f6kohtaisen toiveen, nokkelan runon tai muun sopivan tekstin.<\/p>\n\n\n\n<p><strong>Jos haluat lahjakorttisetin paperikansien<\/strong> v\u00e4liin kauden ulkopuolella, suosittelemme ottamaan meihin yhteytt\u00e4 paria p\u00e4iv\u00e4\u00e4 etuk\u00e4teen. N\u00e4in voimme sovittaa yhteen kaikki toiveet ja sopia lahjakorttien toimituksesta tai l\u00e4hett\u00e4misest\u00e4.<\/p>\n\n\n\n<p>Toimitamme <strong>digitaalisen lahjakortin<\/strong> k\u00e4tev\u00e4sti verkossa vuodenajasta riippumatta. Voit halutessasi tulostaa itse A4-kokoisen v\u00e4rillisen kortin.<\/p>\n\n\n\n<div style=\"height:20px\" aria-hidden=\"true\" class=\"wp-block-spacer\"><\/div>\n\n\n\n<h2 class=\"wp-block-heading\"><span class=\"material-icons\"> card_giftcard <\/span> <strong>EGCC-lahjakortti: Ehdot<\/strong><\/h2>\n\n\n\n<ul class=\"wp-block-list\">\n<li>Jos valitset k\u00e4teislahjakortin, voit maksaa sill\u00e4 EGCC:n tuotteet ja palvelut kokonaan tai osittain.<\/li>\n\n\n\n<li>Mik\u00e4li tuotteen tai palvelun ostosumma ylitt\u00e4\u00e4 lahjakortin arvon, erotuksen voi maksaa k\u00e4teisell\u00e4.<\/li>\n\n\n\n<li>EGCC-lahjakorttia ei palauteta eik\u00e4 sit\u00e4 voi vaihtaa rahaksi.<\/li>\n\n\n\n<li>Voimassaoloaika on ilmoitettu lahjakortissa ja se on p\u00e4\u00e4s\u00e4\u00e4nt\u00f6isesti enint\u00e4\u00e4n yksi vuosi my\u00f6nt\u00e4mishetkest\u00e4.<\/li>\n<\/ul>\n\n\n\n<div style=\"height:20px\" aria-hidden=\"true\" class=\"wp-block-spacer\"><\/div>\n\n\n<div class=\"callout-box\">\n    <div class=\"content-area\">\n        <div class=\"icon d-none d-md-block\">\n            <img decoding=\"async\" src=\"https:\/\/egcc.ee\/wp-content\/themes\/egcc\/assets\/images\/callout-bird.png\" \/>\n        <\/div>\n\n        <div class=\"content\">\n            <p><span style=\"color: #bd8f18;\"><strong><span style=\"font-size: 18pt;\"><span class=\"material-icons\"> shopping_cart <\/span><b>Miten tilata?<\/b><\/span><\/strong><\/span><\/p>\n<p><span style=\"font-weight: 400;\">Lahjakortteja voi tilata puhelimitse<\/span>&nbsp;<a href=\"tel:+3726025290\" target=\"_blank\" rel=\"noreferrer noopener\">+372 602 5290<\/a> <span style=\"font-weight: 400;\">(katso my\u00f6s: Caddiemasterin <a href=\"https:\/\/egcc.ee\/fi\/yhteystiedot\/\">aukioloajat<\/a>) ja s\u00e4hk\u00f6postitse osoitteesta<\/span>&nbsp;<a href=\"mailto:welcome@egcc.ee\" target=\"_blank\" rel=\"noreferrer noopener\">welcome@egcc.ee<\/a>. <span style=\"font-weight: 400;\">Kortin tilaamiseksi tarvitsemme tiedot:<\/span><\/p>\n<p>&nbsp;<\/p>\n<ul>\n<li><span style=\"font-weight: 400;\">onko kyseess\u00e4 digitaalinen tai paperinen lahjakortti<\/span><\/li>\n<li>tarkka palvelun\/tuotteen nimi tai rahallinen arvo<\/li>\n<li><span style=\"font-weight: 400;\">haluttaessasi vastaanottajan nimi ja muu teksti<\/span><\/li>\n<\/ul>\n<p>&nbsp;<\/p>\n<p><span style=\"font-weight: 400;\">Riemukasta lahjoitusta!<\/span><\/p>\n\n                    <\/div>\n    <\/div>\n<\/div>","protected":false},"excerpt":{"rendered":"<p>EGCC-lahjakortti on paras lahja niin kokeneille kuin tuleville golfaajille, kollegoille ja liikekumppaneille. celebration Anna mielikuvituksesi lent\u00e4\u00e4 Voit toki lis\u00e4t\u00e4 lahjakorttiin my\u00f6s lahjan saajan nimen, henkil\u00f6kohtaisen toiveen, nokkelan runon tai muun sopivan tekstin. Jos haluat lahjakorttisetin paperikansien v\u00e4liin kauden ulkopuolella, suosittelemme ottamaan meihin yhteytt\u00e4 paria p\u00e4iv\u00e4\u00e4 etuk\u00e4teen. N\u00e4in voimme sovittaa yhteen kaikki toiveet ja sopia lahjakorttien [&hellip;]<\/p>\n","protected":false},"author":2,"featured_media":23959,"parent":0,"menu_order":0,"comment_status":"closed","ping_status":"closed","template":"","meta":{"_acf_changed":false,"ngg_post_thumbnail":0,"footnotes":""},"class_list":["post-23897","page","type-page","status-publish","has-post-thumbnail","hentry"],"acf":[],"yoast_head":"<!-- This site is optimized with the Yoast SEO plugin v27.1.1 - https:\/\/yoast.com\/product\/yoast-seo-wordpress\/ -->\n<title>Lahjakortti &#8211; Estonian Golf &amp; Country Club<\/title>\n<meta name=\"description\" content=\"EGCC-lahjakortti on paras lahja niin kokeneille kuin tuleville golfaajille, kollegoille ja liikekumppaneille.\" \/>\n<meta name=\"robots\" content=\"index, follow, max-snippet:-1, max-image-preview:large, max-video-preview:-1\" \/>\n<link rel=\"canonical\" href=\"https:\/\/egcc.ee\/fi\/lahjakortti\/\" \/>\n<meta property=\"og:locale\" content=\"fi_FI\" \/>\n<meta property=\"og:type\" content=\"article\" \/>\n<meta property=\"og:title\" content=\"Lahjakortti &#8211; Estonian Golf &amp; Country Club\" \/>\n<meta property=\"og:description\" content=\"EGCC-lahjakortti on paras lahja niin kokeneille kuin tuleville golfaajille, kollegoille ja liikekumppaneille.\" \/>\n<meta property=\"og:url\" content=\"https:\/\/egcc.ee\/fi\/lahjakortti\/\" \/>\n<meta property=\"og:site_name\" content=\"Estonian Golf &amp; Country Club\" \/>\n<meta property=\"article:modified_time\" content=\"2025-12-17T14:34:59+00:00\" \/>\n<meta property=\"og:image\" content=\"https:\/\/egcc.ee\/wp-content\/uploads\/2024\/04\/EGCC_lahjakortti_2000x1333.jpg\" \/>\n\t<meta property=\"og:image:width\" content=\"2000\" \/>\n\t<meta property=\"og:image:height\" content=\"1333\" \/>\n\t<meta property=\"og:image:type\" content=\"image\/jpeg\" \/>\n<meta name=\"twitter:card\" content=\"summary_large_image\" \/>\n<meta name=\"twitter:label1\" content=\"Arvioitu lukuaika\" \/>\n\t<meta name=\"twitter:data1\" content=\"2 minuuttia\" \/>\n<script type=\"application\/ld+json\" class=\"yoast-schema-graph\">{\"@context\":\"https:\/\/schema.org\",\"@graph\":[{\"@type\":\"WebPage\",\"@id\":\"https:\/\/egcc.ee\/fi\/lahjakortti\/\",\"url\":\"https:\/\/egcc.ee\/fi\/lahjakortti\/\",\"name\":\"Lahjakortti &#8211; Estonian Golf &amp; Country Club\",\"isPartOf\":{\"@id\":\"https:\/\/egcc.ee\/fi\/#website\"},\"primaryImageOfPage\":{\"@id\":\"https:\/\/egcc.ee\/fi\/lahjakortti\/#primaryimage\"},\"image\":{\"@id\":\"https:\/\/egcc.ee\/fi\/lahjakortti\/#primaryimage\"},\"thumbnailUrl\":\"https:\/\/egcc.ee\/wp-content\/uploads\/2024\/04\/EGCC_lahjakortti_2000x1333.jpg\",\"datePublished\":\"2023-12-18T14:35:24+00:00\",\"dateModified\":\"2025-12-17T14:34:59+00:00\",\"description\":\"EGCC-lahjakortti on paras lahja niin kokeneille kuin tuleville golfaajille, kollegoille ja liikekumppaneille.\",\"breadcrumb\":{\"@id\":\"https:\/\/egcc.ee\/fi\/lahjakortti\/#breadcrumb\"},\"inLanguage\":\"fi\",\"potentialAction\":[{\"@type\":\"ReadAction\",\"target\":[\"https:\/\/egcc.ee\/fi\/lahjakortti\/\"]}]},{\"@type\":\"ImageObject\",\"inLanguage\":\"fi\",\"@id\":\"https:\/\/egcc.ee\/fi\/lahjakortti\/#primaryimage\",\"url\":\"https:\/\/egcc.ee\/wp-content\/uploads\/2024\/04\/EGCC_lahjakortti_2000x1333.jpg\",\"contentUrl\":\"https:\/\/egcc.ee\/wp-content\/uploads\/2024\/04\/EGCC_lahjakortti_2000x1333.jpg\",\"width\":2000,\"height\":1333,\"caption\":\"Lahjakortti\"},{\"@type\":\"BreadcrumbList\",\"@id\":\"https:\/\/egcc.ee\/fi\/lahjakortti\/#breadcrumb\",\"itemListElement\":[{\"@type\":\"ListItem\",\"position\":1,\"name\":\"Home\",\"item\":\"https:\/\/egcc.ee\/fi\/\"},{\"@type\":\"ListItem\",\"position\":2,\"name\":\"Lahjakortti\"}]},{\"@type\":\"WebSite\",\"@id\":\"https:\/\/egcc.ee\/fi\/#website\",\"url\":\"https:\/\/egcc.ee\/fi\/\",\"name\":\"Estonian Golf &amp; Country Club\",\"description\":\"J\u00f5el\u00e4htmes saab golfi!\",\"publisher\":{\"@id\":\"https:\/\/egcc.ee\/fi\/#organization\"},\"potentialAction\":[{\"@type\":\"SearchAction\",\"target\":{\"@type\":\"EntryPoint\",\"urlTemplate\":\"https:\/\/egcc.ee\/fi\/?s={search_term_string}\"},\"query-input\":{\"@type\":\"PropertyValueSpecification\",\"valueRequired\":true,\"valueName\":\"search_term_string\"}}],\"inLanguage\":\"fi\"},{\"@type\":\"Organization\",\"@id\":\"https:\/\/egcc.ee\/fi\/#organization\",\"name\":\"Estonian Golf &amp; Country Club\",\"url\":\"https:\/\/egcc.ee\/fi\/\",\"logo\":{\"@type\":\"ImageObject\",\"inLanguage\":\"fi\",\"@id\":\"https:\/\/egcc.ee\/fi\/#\/schema\/logo\/image\/\",\"url\":\"https:\/\/egcc.ee\/wp-content\/uploads\/2023\/04\/EGCC_logo_150.png\",\"contentUrl\":\"https:\/\/egcc.ee\/wp-content\/uploads\/2023\/04\/EGCC_logo_150.png\",\"width\":150,\"height\":150,\"caption\":\"Estonian Golf &amp; Country Club\"},\"image\":{\"@id\":\"https:\/\/egcc.ee\/fi\/#\/schema\/logo\/image\/\"}}]}<\/script>\n<!-- \/ Yoast SEO plugin. -->","yoast_head_json":{"title":"Lahjakortti &#8211; Estonian Golf &amp; Country Club","description":"EGCC-lahjakortti on paras lahja niin kokeneille kuin tuleville golfaajille, kollegoille ja liikekumppaneille.","robots":{"index":"index","follow":"follow","max-snippet":"max-snippet:-1","max-image-preview":"max-image-preview:large","max-video-preview":"max-video-preview:-1"},"canonical":"https:\/\/egcc.ee\/fi\/lahjakortti\/","og_locale":"fi_FI","og_type":"article","og_title":"Lahjakortti &#8211; Estonian Golf &amp; Country Club","og_description":"EGCC-lahjakortti on paras lahja niin kokeneille kuin tuleville golfaajille, kollegoille ja liikekumppaneille.","og_url":"https:\/\/egcc.ee\/fi\/lahjakortti\/","og_site_name":"Estonian Golf &amp; Country Club","article_modified_time":"2025-12-17T14:34:59+00:00","og_image":[{"width":2000,"height":1333,"url":"https:\/\/egcc.ee\/wp-content\/uploads\/2024\/04\/EGCC_lahjakortti_2000x1333.jpg","type":"image\/jpeg"}],"twitter_card":"summary_large_image","twitter_misc":{"Arvioitu lukuaika":"2 minuuttia"},"schema":{"@context":"https:\/\/schema.org","@graph":[{"@type":"WebPage","@id":"https:\/\/egcc.ee\/fi\/lahjakortti\/","url":"https:\/\/egcc.ee\/fi\/lahjakortti\/","name":"Lahjakortti &#8211; Estonian Golf &amp; Country Club","isPartOf":{"@id":"https:\/\/egcc.ee\/fi\/#website"},"primaryImageOfPage":{"@id":"https:\/\/egcc.ee\/fi\/lahjakortti\/#primaryimage"},"image":{"@id":"https:\/\/egcc.ee\/fi\/lahjakortti\/#primaryimage"},"thumbnailUrl":"https:\/\/egcc.ee\/wp-content\/uploads\/2024\/04\/EGCC_lahjakortti_2000x1333.jpg","datePublished":"2023-12-18T14:35:24+00:00","dateModified":"2025-12-17T14:34:59+00:00","description":"EGCC-lahjakortti on paras lahja niin kokeneille kuin tuleville golfaajille, kollegoille ja liikekumppaneille.","breadcrumb":{"@id":"https:\/\/egcc.ee\/fi\/lahjakortti\/#breadcrumb"},"inLanguage":"fi","potentialAction":[{"@type":"ReadAction","target":["https:\/\/egcc.ee\/fi\/lahjakortti\/"]}]},{"@type":"ImageObject","inLanguage":"fi","@id":"https:\/\/egcc.ee\/fi\/lahjakortti\/#primaryimage","url":"https:\/\/egcc.ee\/wp-content\/uploads\/2024\/04\/EGCC_lahjakortti_2000x1333.jpg","contentUrl":"https:\/\/egcc.ee\/wp-content\/uploads\/2024\/04\/EGCC_lahjakortti_2000x1333.jpg","width":2000,"height":1333,"caption":"Lahjakortti"},{"@type":"BreadcrumbList","@id":"https:\/\/egcc.ee\/fi\/lahjakortti\/#breadcrumb","itemListElement":[{"@type":"ListItem","position":1,"name":"Home","item":"https:\/\/egcc.ee\/fi\/"},{"@type":"ListItem","position":2,"name":"Lahjakortti"}]},{"@type":"WebSite","@id":"https:\/\/egcc.ee\/fi\/#website","url":"https:\/\/egcc.ee\/fi\/","name":"Estonian Golf &amp; Country Club","description":"J\u00f5el\u00e4htmes saab golfi!","publisher":{"@id":"https:\/\/egcc.ee\/fi\/#organization"},"potentialAction":[{"@type":"SearchAction","target":{"@type":"EntryPoint","urlTemplate":"https:\/\/egcc.ee\/fi\/?s={search_term_string}"},"query-input":{"@type":"PropertyValueSpecification","valueRequired":true,"valueName":"search_term_string"}}],"inLanguage":"fi"},{"@type":"Organization","@id":"https:\/\/egcc.ee\/fi\/#organization","name":"Estonian Golf &amp; Country Club","url":"https:\/\/egcc.ee\/fi\/","logo":{"@type":"ImageObject","inLanguage":"fi","@id":"https:\/\/egcc.ee\/fi\/#\/schema\/logo\/image\/","url":"https:\/\/egcc.ee\/wp-content\/uploads\/2023\/04\/EGCC_logo_150.png","contentUrl":"https:\/\/egcc.ee\/wp-content\/uploads\/2023\/04\/EGCC_logo_150.png","width":150,"height":150,"caption":"Estonian Golf &amp; Country Club"},"image":{"@id":"https:\/\/egcc.ee\/fi\/#\/schema\/logo\/image\/"}}]}},"_links":{"self":[{"href":"https:\/\/egcc.ee\/fi\/wp-json\/wp\/v2\/pages\/23897","targetHints":{"allow":["GET"]}}],"collection":[{"href":"https:\/\/egcc.ee\/fi\/wp-json\/wp\/v2\/pages"}],"about":[{"href":"https:\/\/egcc.ee\/fi\/wp-json\/wp\/v2\/types\/page"}],"author":[{"embeddable":true,"href":"https:\/\/egcc.ee\/fi\/wp-json\/wp\/v2\/users\/2"}],"replies":[{"embeddable":true,"href":"https:\/\/egcc.ee\/fi\/wp-json\/wp\/v2\/comments?post=23897"}],"version-history":[{"count":8,"href":"https:\/\/egcc.ee\/fi\/wp-json\/wp\/v2\/pages\/23897\/revisions"}],"predecessor-version":[{"id":39035,"href":"https:\/\/egcc.ee\/fi\/wp-json\/wp\/v2\/pages\/23897\/revisions\/39035"}],"wp:featuredmedia":[{"embeddable":true,"href":"https:\/\/egcc.ee\/fi\/wp-json\/wp\/v2\/media\/23959"}],"wp:attachment":[{"href":"https:\/\/egcc.ee\/fi\/wp-json\/wp\/v2\/media?parent=23897"}],"curies":[{"name":"wp","href":"https:\/\/api.w.org\/{rel}","templated":true}]}}