{"id":17396,"date":"2023-04-17T00:38:53","date_gmt":"2023-04-16T21:38:53","guid":{"rendered":"https:\/\/egcc.ee\/halfway-house\/"},"modified":"2025-04-07T09:39:52","modified_gmt":"2025-04-07T06:39:52","slug":"halfway-house","status":"publish","type":"page","link":"https:\/\/egcc.ee\/fi\/halfway-house\/","title":{"rendered":"Halfway House"},"content":{"rendered":"\n<div class=\"wp-block-media-text has-media-on-the-right is-stacked-on-mobile\"><div class=\"wp-block-media-text__content\">\n<div style=\"height:20px\" aria-hidden=\"true\" class=\"wp-block-spacer\"><\/div>\n\n\n\n<p>Sea Coursen 5. ja 13. v\u00e4yl\u00e4n v\u00e4liss\u00e4 on <strong>24 tuntia avoinna oleva Halfway House.<\/strong> T\u00e4\u00e4ll\u00e4 voit my\u00f6s k\u00e4ytt\u00e4\u00e4 wc:t\u00e4 tai piiloutua odottamattomalta ukkosmyrskylt\u00e4.<\/p>\n\n\n\n<p>Tarjolla on <strong>laaja valikoima virvoitusjuomia ja terveellisi\u00e4 v\u00e4lipaloja<\/strong> &#8211; myslipatukat, kuivatut marjat ja hedelm\u00e4t, p\u00e4hkin\u00e4t, tumma suklaa jne.<\/p>\n\n\n\n<p><strong>T\u00e4ysautomaattinen kahvinkeitin<\/strong> ei tietenk\u00e4\u00e4n puuttuu, joten voit ottaa mukaan herkullisen ILLY-kahvijuoman tai kuuman teen.<\/p>\n<\/div><figure class=\"wp-block-media-text__media\"><img loading=\"lazy\" decoding=\"async\" width=\"1024\" height=\"683\" src=\"https:\/\/egcc.ee\/wp-content\/uploads\/2022\/04\/1500x1000_davinci_golfirestoran_rajakohvik-1024x683.jpg\" alt=\"\" class=\"wp-image-7181 size-full\" srcset=\"https:\/\/egcc.ee\/wp-content\/uploads\/2022\/04\/1500x1000_davinci_golfirestoran_rajakohvik-1024x683.jpg 1024w, https:\/\/egcc.ee\/wp-content\/uploads\/2022\/04\/1500x1000_davinci_golfirestoran_rajakohvik-300x200.jpg 300w, https:\/\/egcc.ee\/wp-content\/uploads\/2022\/04\/1500x1000_davinci_golfirestoran_rajakohvik-768x512.jpg 768w, https:\/\/egcc.ee\/wp-content\/uploads\/2022\/04\/1500x1000_davinci_golfirestoran_rajakohvik.jpg 1500w\" sizes=\"auto, (max-width: 1024px) 100vw, 1024px\" \/><\/figure><\/div>\n\n\n\n<div style=\"height:20px\" aria-hidden=\"true\" class=\"wp-block-spacer\"><\/div>\n\n\n\n<div class=\"wp-block-media-text is-stacked-on-mobile\"><figure class=\"wp-block-media-text__media\"><img loading=\"lazy\" decoding=\"async\" width=\"1000\" height=\"667\" src=\"https:\/\/egcc.ee\/wp-content\/uploads\/2023\/08\/Da_Vinci_rajakohvik.jpg\" alt=\"\" class=\"wp-image-17381 size-full\" srcset=\"https:\/\/egcc.ee\/wp-content\/uploads\/2023\/08\/Da_Vinci_rajakohvik.jpg 1000w, https:\/\/egcc.ee\/wp-content\/uploads\/2023\/08\/Da_Vinci_rajakohvik-300x200.jpg 300w, https:\/\/egcc.ee\/wp-content\/uploads\/2023\/08\/Da_Vinci_rajakohvik-768x512.jpg 768w\" sizes=\"auto, (max-width: 1000px) 100vw, 1000px\" \/><\/figure><div class=\"wp-block-media-text__content\">\n<div class=\"wp-block-group\"><div class=\"wp-block-group__inner-container is-layout-constrained wp-block-group-is-layout-constrained\">\n<div style=\"height:20px\" aria-hidden=\"true\" class=\"wp-block-spacer\"><\/div>\n\n\n\n<h2 class=\"wp-block-heading\">Itsepalvelukassa<\/h2>\n\n\n\n<p>Voit maksaa ostokset pankkikortilla itsepalvelukassalla.<\/p>\n\n\n\n<h2 class=\"wp-block-heading\">Oven koodi<\/h2>\n\n\n\n<p>Pyyd\u00e4 Caddiemasterilta ovikoodi <strong>ennen golfkierrosta<\/strong> tai soita\u00a0<a href=\"tel:+3726025290\" target=\"_blank\" rel=\"noreferrer noopener\">+372 602 5290<\/a>. Katso my\u00f6s: <a href=\"https:\/\/egcc.ee\/fi\/yhteystiedot\/\">Caddiemaster: aukioloajat<\/a><\/p>\n<\/div><\/div>\n<\/div><\/div>\n","protected":false},"excerpt":{"rendered":"","protected":false},"author":2,"featured_media":1364,"parent":0,"menu_order":0,"comment_status":"closed","ping_status":"closed","template":"","meta":{"_acf_changed":false,"ngg_post_thumbnail":0,"footnotes":""},"class_list":["post-17396","page","type-page","status-publish","has-post-thumbnail","hentry"],"acf":[],"yoast_head":"<!-- This site is optimized with the Yoast SEO plugin v27.1.1 - https:\/\/yoast.com\/product\/yoast-seo-wordpress\/ -->\n<title>Halfway House &#8211; Estonian Golf &amp; Country Club<\/title>\n<meta name=\"robots\" content=\"index, follow, max-snippet:-1, max-image-preview:large, max-video-preview:-1\" \/>\n<link rel=\"canonical\" href=\"https:\/\/egcc.ee\/fi\/halfway-house\/\" \/>\n<meta property=\"og:locale\" content=\"fi_FI\" \/>\n<meta property=\"og:type\" content=\"article\" \/>\n<meta property=\"og:title\" content=\"Halfway House &#8211; Estonian Golf &amp; Country Club\" \/>\n<meta property=\"og:url\" content=\"https:\/\/egcc.ee\/fi\/halfway-house\/\" \/>\n<meta property=\"og:site_name\" content=\"Estonian Golf &amp; Country Club\" \/>\n<meta property=\"article:modified_time\" content=\"2025-04-07T06:39:52+00:00\" \/>\n<meta property=\"og:image\" content=\"https:\/\/egcc.ee\/wp-content\/uploads\/2023\/04\/1500x1000_davinci_golfirestoran_rajakohvik.jpg\" \/>\n\t<meta property=\"og:image:width\" content=\"1500\" \/>\n\t<meta property=\"og:image:height\" content=\"1000\" \/>\n\t<meta property=\"og:image:type\" content=\"image\/jpeg\" \/>\n<meta name=\"twitter:card\" content=\"summary_large_image\" \/>\n<meta name=\"twitter:label1\" content=\"Arvioitu lukuaika\" \/>\n\t<meta name=\"twitter:data1\" content=\"2 minuuttia\" \/>\n<script type=\"application\/ld+json\" class=\"yoast-schema-graph\">{\"@context\":\"https:\/\/schema.org\",\"@graph\":[{\"@type\":\"WebPage\",\"@id\":\"https:\/\/egcc.ee\/fi\/halfway-house\/\",\"url\":\"https:\/\/egcc.ee\/fi\/halfway-house\/\",\"name\":\"Halfway House &#8211; Estonian Golf &amp; Country Club\",\"isPartOf\":{\"@id\":\"https:\/\/egcc.ee\/fi\/#website\"},\"primaryImageOfPage\":{\"@id\":\"https:\/\/egcc.ee\/fi\/halfway-house\/#primaryimage\"},\"image\":{\"@id\":\"https:\/\/egcc.ee\/fi\/halfway-house\/#primaryimage\"},\"thumbnailUrl\":\"https:\/\/egcc.ee\/wp-content\/uploads\/2023\/04\/1500x1000_davinci_golfirestoran_rajakohvik.jpg\",\"datePublished\":\"2023-04-16T21:38:53+00:00\",\"dateModified\":\"2025-04-07T06:39:52+00:00\",\"breadcrumb\":{\"@id\":\"https:\/\/egcc.ee\/fi\/halfway-house\/#breadcrumb\"},\"inLanguage\":\"fi\",\"potentialAction\":[{\"@type\":\"ReadAction\",\"target\":[\"https:\/\/egcc.ee\/fi\/halfway-house\/\"]}]},{\"@type\":\"ImageObject\",\"inLanguage\":\"fi\",\"@id\":\"https:\/\/egcc.ee\/fi\/halfway-house\/#primaryimage\",\"url\":\"https:\/\/egcc.ee\/wp-content\/uploads\/2023\/04\/1500x1000_davinci_golfirestoran_rajakohvik.jpg\",\"contentUrl\":\"https:\/\/egcc.ee\/wp-content\/uploads\/2023\/04\/1500x1000_davinci_golfirestoran_rajakohvik.jpg\",\"width\":1500,\"height\":1000},{\"@type\":\"BreadcrumbList\",\"@id\":\"https:\/\/egcc.ee\/fi\/halfway-house\/#breadcrumb\",\"itemListElement\":[{\"@type\":\"ListItem\",\"position\":1,\"name\":\"Home\",\"item\":\"https:\/\/egcc.ee\/fi\/\"},{\"@type\":\"ListItem\",\"position\":2,\"name\":\"Halfway House\"}]},{\"@type\":\"WebSite\",\"@id\":\"https:\/\/egcc.ee\/fi\/#website\",\"url\":\"https:\/\/egcc.ee\/fi\/\",\"name\":\"Estonian Golf &amp; Country Club\",\"description\":\"J\u00f5el\u00e4htmes saab golfi!\",\"publisher\":{\"@id\":\"https:\/\/egcc.ee\/fi\/#organization\"},\"potentialAction\":[{\"@type\":\"SearchAction\",\"target\":{\"@type\":\"EntryPoint\",\"urlTemplate\":\"https:\/\/egcc.ee\/fi\/?s={search_term_string}\"},\"query-input\":{\"@type\":\"PropertyValueSpecification\",\"valueRequired\":true,\"valueName\":\"search_term_string\"}}],\"inLanguage\":\"fi\"},{\"@type\":\"Organization\",\"@id\":\"https:\/\/egcc.ee\/fi\/#organization\",\"name\":\"Estonian Golf &amp; Country Club\",\"url\":\"https:\/\/egcc.ee\/fi\/\",\"logo\":{\"@type\":\"ImageObject\",\"inLanguage\":\"fi\",\"@id\":\"https:\/\/egcc.ee\/fi\/#\/schema\/logo\/image\/\",\"url\":\"https:\/\/egcc.ee\/wp-content\/uploads\/2023\/04\/EGCC_logo_150.png\",\"contentUrl\":\"https:\/\/egcc.ee\/wp-content\/uploads\/2023\/04\/EGCC_logo_150.png\",\"width\":150,\"height\":150,\"caption\":\"Estonian Golf &amp; Country Club\"},\"image\":{\"@id\":\"https:\/\/egcc.ee\/fi\/#\/schema\/logo\/image\/\"}}]}<\/script>\n<!-- \/ Yoast SEO plugin. -->","yoast_head_json":{"title":"Halfway House &#8211; Estonian Golf &amp; Country Club","robots":{"index":"index","follow":"follow","max-snippet":"max-snippet:-1","max-image-preview":"max-image-preview:large","max-video-preview":"max-video-preview:-1"},"canonical":"https:\/\/egcc.ee\/fi\/halfway-house\/","og_locale":"fi_FI","og_type":"article","og_title":"Halfway House &#8211; Estonian Golf &amp; Country Club","og_url":"https:\/\/egcc.ee\/fi\/halfway-house\/","og_site_name":"Estonian Golf &amp; Country Club","article_modified_time":"2025-04-07T06:39:52+00:00","og_image":[{"width":1500,"height":1000,"url":"https:\/\/egcc.ee\/wp-content\/uploads\/2023\/04\/1500x1000_davinci_golfirestoran_rajakohvik.jpg","type":"image\/jpeg"}],"twitter_card":"summary_large_image","twitter_misc":{"Arvioitu lukuaika":"2 minuuttia"},"schema":{"@context":"https:\/\/schema.org","@graph":[{"@type":"WebPage","@id":"https:\/\/egcc.ee\/fi\/halfway-house\/","url":"https:\/\/egcc.ee\/fi\/halfway-house\/","name":"Halfway House &#8211; Estonian Golf &amp; Country Club","isPartOf":{"@id":"https:\/\/egcc.ee\/fi\/#website"},"primaryImageOfPage":{"@id":"https:\/\/egcc.ee\/fi\/halfway-house\/#primaryimage"},"image":{"@id":"https:\/\/egcc.ee\/fi\/halfway-house\/#primaryimage"},"thumbnailUrl":"https:\/\/egcc.ee\/wp-content\/uploads\/2023\/04\/1500x1000_davinci_golfirestoran_rajakohvik.jpg","datePublished":"2023-04-16T21:38:53+00:00","dateModified":"2025-04-07T06:39:52+00:00","breadcrumb":{"@id":"https:\/\/egcc.ee\/fi\/halfway-house\/#breadcrumb"},"inLanguage":"fi","potentialAction":[{"@type":"ReadAction","target":["https:\/\/egcc.ee\/fi\/halfway-house\/"]}]},{"@type":"ImageObject","inLanguage":"fi","@id":"https:\/\/egcc.ee\/fi\/halfway-house\/#primaryimage","url":"https:\/\/egcc.ee\/wp-content\/uploads\/2023\/04\/1500x1000_davinci_golfirestoran_rajakohvik.jpg","contentUrl":"https:\/\/egcc.ee\/wp-content\/uploads\/2023\/04\/1500x1000_davinci_golfirestoran_rajakohvik.jpg","width":1500,"height":1000},{"@type":"BreadcrumbList","@id":"https:\/\/egcc.ee\/fi\/halfway-house\/#breadcrumb","itemListElement":[{"@type":"ListItem","position":1,"name":"Home","item":"https:\/\/egcc.ee\/fi\/"},{"@type":"ListItem","position":2,"name":"Halfway House"}]},{"@type":"WebSite","@id":"https:\/\/egcc.ee\/fi\/#website","url":"https:\/\/egcc.ee\/fi\/","name":"Estonian Golf &amp; Country Club","description":"J\u00f5el\u00e4htmes saab golfi!","publisher":{"@id":"https:\/\/egcc.ee\/fi\/#organization"},"potentialAction":[{"@type":"SearchAction","target":{"@type":"EntryPoint","urlTemplate":"https:\/\/egcc.ee\/fi\/?s={search_term_string}"},"query-input":{"@type":"PropertyValueSpecification","valueRequired":true,"valueName":"search_term_string"}}],"inLanguage":"fi"},{"@type":"Organization","@id":"https:\/\/egcc.ee\/fi\/#organization","name":"Estonian Golf &amp; Country Club","url":"https:\/\/egcc.ee\/fi\/","logo":{"@type":"ImageObject","inLanguage":"fi","@id":"https:\/\/egcc.ee\/fi\/#\/schema\/logo\/image\/","url":"https:\/\/egcc.ee\/wp-content\/uploads\/2023\/04\/EGCC_logo_150.png","contentUrl":"https:\/\/egcc.ee\/wp-content\/uploads\/2023\/04\/EGCC_logo_150.png","width":150,"height":150,"caption":"Estonian Golf &amp; Country Club"},"image":{"@id":"https:\/\/egcc.ee\/fi\/#\/schema\/logo\/image\/"}}]}},"_links":{"self":[{"href":"https:\/\/egcc.ee\/fi\/wp-json\/wp\/v2\/pages\/17396","targetHints":{"allow":["GET"]}}],"collection":[{"href":"https:\/\/egcc.ee\/fi\/wp-json\/wp\/v2\/pages"}],"about":[{"href":"https:\/\/egcc.ee\/fi\/wp-json\/wp\/v2\/types\/page"}],"author":[{"embeddable":true,"href":"https:\/\/egcc.ee\/fi\/wp-json\/wp\/v2\/users\/2"}],"replies":[{"embeddable":true,"href":"https:\/\/egcc.ee\/fi\/wp-json\/wp\/v2\/comments?post=17396"}],"version-history":[{"count":4,"href":"https:\/\/egcc.ee\/fi\/wp-json\/wp\/v2\/pages\/17396\/revisions"}],"predecessor-version":[{"id":33443,"href":"https:\/\/egcc.ee\/fi\/wp-json\/wp\/v2\/pages\/17396\/revisions\/33443"}],"wp:featuredmedia":[{"embeddable":true,"href":"https:\/\/egcc.ee\/fi\/wp-json\/wp\/v2\/media\/1364"}],"wp:attachment":[{"href":"https:\/\/egcc.ee\/fi\/wp-json\/wp\/v2\/media?parent=17396"}],"curies":[{"name":"wp","href":"https:\/\/api.w.org\/{rel}","templated":true}]}}