{"id":17357,"date":"2023-03-27T22:02:16","date_gmt":"2023-03-27T19:02:16","guid":{"rendered":"https:\/\/egcc.ee\/da-vinci-golfirestoran-menu\/"},"modified":"2026-03-30T19:16:28","modified_gmt":"2026-03-30T16:16:28","slug":"da-vinci-golfirestoran-menu","status":"publish","type":"page","link":"https:\/\/egcc.ee\/fi\/da-vinci-golfirestoran-menu\/","title":{"rendered":"Menu"},"content":{"rendered":"\n<p>Jos haluat herkullisen ruoan ja virkist\u00e4v\u00e4n juoman odottavan sinua J\u00f5el\u00e4htme Da Vinci Golf Ravintolassa heti kierroksen j\u00e4lkeen, poikkea ravintolaan ennen golfin pelaamista tai soita meille <a href=\"tel:+3726025294\" target=\"_blank\" rel=\"noreferrer noopener\">+372 602 5294<\/a>.<\/p>\n\n\n\n<p><strong>NB!<\/strong> Ansaitse virtuaalista etukrediitti\u00e4 jokaisesta ostoksesta -5% laskun loppusummasta, k\u00e4ytett\u00e4viss\u00e4 tulevilla k\u00e4ynneill\u00e4. Kysy lis\u00e4tietoja henkil\u00f6kunnalta.<\/p>\n\n\n\n<div style=\"height:20px\" aria-hidden=\"true\" class=\"wp-block-spacer\"><\/div>\n\n\n\n<h2 class=\"wp-block-heading\">Kev\u00e4tmenu<\/h2>\n\n\n\n<div style=\"height:20px\" aria-hidden=\"true\" class=\"wp-block-spacer\"><\/div>\n\n\n\n<figure class=\"wp-block-image size-large is-resized\"><img loading=\"lazy\" decoding=\"async\" width=\"754\" height=\"1024\" src=\"https:\/\/egcc.ee\/wp-content\/uploads\/2026\/03\/menu_page_1-754x1024.jpg\" alt=\"\" class=\"wp-image-40167\" style=\"aspect-ratio:0.7363241016250859;width:754px;height:auto\" srcset=\"https:\/\/egcc.ee\/wp-content\/uploads\/2026\/03\/menu_page_1-754x1024.jpg 754w, https:\/\/egcc.ee\/wp-content\/uploads\/2026\/03\/menu_page_1-221x300.jpg 221w, https:\/\/egcc.ee\/wp-content\/uploads\/2026\/03\/menu_page_1-768x1043.jpg 768w, https:\/\/egcc.ee\/wp-content\/uploads\/2026\/03\/menu_page_1-1131x1536.jpg 1131w, https:\/\/egcc.ee\/wp-content\/uploads\/2026\/03\/menu_page_1.jpg 1140w\" sizes=\"auto, (max-width: 754px) 100vw, 754px\" \/><\/figure>\n\n\n\n<div style=\"height:20px\" aria-hidden=\"true\" class=\"wp-block-spacer\"><\/div>\n\n\n\n<figure class=\"wp-block-image size-large\"><img decoding=\"async\" src=\"https:\/\/egcc.ee\/wp-content\/uploads\/2026\/03\/menu_page_2-754x1024.jpg\" alt=\"\" class=\"wp-image-40167\"\/><\/figure>\n\n\n\n<div style=\"height:20px\" aria-hidden=\"true\" class=\"wp-block-spacer\"><\/div>\n\n\n\n<figure class=\"wp-block-image size-large\"><img decoding=\"async\" src=\"https:\/\/egcc.ee\/wp-content\/uploads\/2026\/03\/menu_page_3-754x1024.jpg\" alt=\"\" class=\"wp-image-40167\"\/><\/figure>\n\n\n\n<div style=\"height:20px\" aria-hidden=\"true\" class=\"wp-block-spacer\"><\/div>\n\n\n\n<figure class=\"wp-block-image size-large\"><img decoding=\"async\" src=\"https:\/\/egcc.ee\/wp-content\/uploads\/2026\/03\/menu_page_4-754x1024.jpg\" alt=\"\" class=\"wp-image-40167\"\/><\/figure>\n\n\n\n<div style=\"height:20px\" aria-hidden=\"true\" class=\"wp-block-spacer\"><\/div>\n\n\n\n<figure class=\"wp-block-image size-large\"><img decoding=\"async\" src=\"https:\/\/egcc.ee\/wp-content\/uploads\/2026\/03\/menu_page_5-754x1024.jpg\" alt=\"\" class=\"wp-image-40167\"\/><\/figure>\n\n\n\n<div style=\"height:20px\" aria-hidden=\"true\" class=\"wp-block-spacer\"><\/div>\n\n\n\n<figure class=\"wp-block-image size-large\"><img decoding=\"async\" src=\"https:\/\/egcc.ee\/wp-content\/uploads\/2026\/03\/menu_page_6-754x1024.jpg\" alt=\"\" class=\"wp-image-40167\"\/><\/figure>\n\n\n\n<div style=\"height:20px\" aria-hidden=\"true\" class=\"wp-block-spacer\"><\/div>\n\n\n\n<figure class=\"wp-block-image size-large\"><img decoding=\"async\" src=\"https:\/\/egcc.ee\/wp-content\/uploads\/2026\/03\/menu_page_7-754x1024.jpg\" alt=\"\" class=\"wp-image-40167\"\/><\/figure>\n\n\n\n<div style=\"height:20px\" aria-hidden=\"true\" class=\"wp-block-spacer\"><\/div>\n\n\n\n<figure class=\"wp-block-image size-large\"><img decoding=\"async\" src=\"https:\/\/egcc.ee\/wp-content\/uploads\/2026\/03\/menu_page_9-754x1024.jpg\" alt=\"\" class=\"wp-image-40167\"\/><\/figure>\n\n\n\n<figure class=\"wp-block-image size-large\"><img decoding=\"async\" src=\"https:\/\/egcc.ee\/wp-content\/uploads\/2026\/03\/menu_page_10-754x1024.jpg\" alt=\"\" class=\"wp-image-40167\"\/><\/figure>\n\n\n\n<div style=\"height:20px\" aria-hidden=\"true\" class=\"wp-block-spacer\"><\/div>\n\n\n\n<figure class=\"wp-block-image size-large\"><img decoding=\"async\" src=\"https:\/\/egcc.ee\/wp-content\/uploads\/2026\/03\/menu_page_11-754x1024.jpg\" alt=\"\" class=\"wp-image-40167\"\/><\/figure>\n\n\n\n<div style=\"height:20px\" aria-hidden=\"true\" class=\"wp-block-spacer\"><\/div>\n\n\n\n<figure class=\"wp-block-image size-large\"><img decoding=\"async\" src=\"https:\/\/egcc.ee\/wp-content\/uploads\/2026\/03\/menu_page_12-754x1024.jpg\" alt=\"\" class=\"wp-image-40167\"\/><\/figure>\n\n\n\n<div style=\"height:20px\" aria-hidden=\"true\" class=\"wp-block-spacer\"><\/div>\n\n\n\n<figure class=\"wp-block-image size-large\"><img decoding=\"async\" src=\"https:\/\/egcc.ee\/wp-content\/uploads\/2026\/03\/menu_page_13-754x1024.jpg\" alt=\"\" class=\"wp-image-40167\"\/><\/figure>\n\n\n\n<div style=\"height:20px\" aria-hidden=\"true\" class=\"wp-block-spacer\"><\/div>\n\n\n\n<figure class=\"wp-block-image size-large\"><img decoding=\"async\" src=\"https:\/\/egcc.ee\/wp-content\/uploads\/2026\/03\/menu_page_14-754x1024.jpg\" alt=\"\" class=\"wp-image-40167\"\/><\/figure>\n\n\n\n<div style=\"height:20px\" aria-hidden=\"true\" class=\"wp-block-spacer\"><\/div>\n\n\n\n<figure class=\"wp-block-image size-large\"><img decoding=\"async\" src=\"https:\/\/egcc.ee\/wp-content\/uploads\/2026\/03\/menu_page_15-754x1024.jpg\" alt=\"\" class=\"wp-image-40167\"\/><\/figure>\n\n\n\n<div style=\"height:20px\" aria-hidden=\"true\" class=\"wp-block-spacer\"><\/div>\n\n\n\n<figure class=\"wp-block-image size-large\"><img loading=\"lazy\" decoding=\"async\" width=\"754\" height=\"1024\" src=\"https:\/\/egcc.ee\/wp-content\/uploads\/2026\/03\/menu_page_16-754x1024.jpg\" alt=\"\" class=\"wp-image-40181\" srcset=\"https:\/\/egcc.ee\/wp-content\/uploads\/2026\/03\/menu_page_16-754x1024.jpg 754w, https:\/\/egcc.ee\/wp-content\/uploads\/2026\/03\/menu_page_16-221x300.jpg 221w, https:\/\/egcc.ee\/wp-content\/uploads\/2026\/03\/menu_page_16-768x1043.jpg 768w, https:\/\/egcc.ee\/wp-content\/uploads\/2026\/03\/menu_page_16-1131x1536.jpg 1131w, https:\/\/egcc.ee\/wp-content\/uploads\/2026\/03\/menu_page_16.jpg 1140w\" sizes=\"auto, (max-width: 754px) 100vw, 754px\" \/><\/figure>\n","protected":false},"excerpt":{"rendered":"<p>Jos haluat herkullisen ruoan ja virkist\u00e4v\u00e4n juoman odottavan sinua J\u00f5el\u00e4htme Da Vinci Golf Ravintolassa heti kierroksen j\u00e4lkeen, poikkea ravintolaan ennen golfin pelaamista tai soita meille +372 602 5294. NB! Ansaitse virtuaalista etukrediitti\u00e4 jokaisesta ostoksesta -5% laskun loppusummasta, k\u00e4ytett\u00e4viss\u00e4 tulevilla k\u00e4ynneill\u00e4. Kysy lis\u00e4tietoja henkil\u00f6kunnalta. Kev\u00e4tmenu<\/p>\n","protected":false},"author":2,"featured_media":15780,"parent":0,"menu_order":1,"comment_status":"closed","ping_status":"closed","template":"","meta":{"_acf_changed":false,"ngg_post_thumbnail":0,"footnotes":""},"class_list":["post-17357","page","type-page","status-publish","has-post-thumbnail","hentry"],"acf":[],"yoast_head":"<!-- This site is optimized with the Yoast SEO plugin v27.1.1 - https:\/\/yoast.com\/product\/yoast-seo-wordpress\/ -->\n<title>Menu &#8211; Estonian Golf &amp; Country Club<\/title>\n<meta name=\"description\" content=\"Jos haluat herkullisen ruoan ja virkist\u00e4v\u00e4n juoman odottavan sinua heti kierroksen j\u00e4lkeen, poikkea ravintolaan ennen golfin pelaamista.\" \/>\n<meta name=\"robots\" content=\"index, follow, max-snippet:-1, max-image-preview:large, max-video-preview:-1\" \/>\n<link rel=\"canonical\" href=\"https:\/\/egcc.ee\/fi\/da-vinci-golfirestoran-menu\/\" \/>\n<meta property=\"og:locale\" content=\"fi_FI\" \/>\n<meta property=\"og:type\" content=\"article\" \/>\n<meta property=\"og:title\" content=\"Menu &#8211; Estonian Golf &amp; Country Club\" \/>\n<meta property=\"og:description\" content=\"Jos haluat herkullisen ruoan ja virkist\u00e4v\u00e4n juoman odottavan sinua heti kierroksen j\u00e4lkeen, poikkea ravintolaan ennen golfin pelaamista.\" \/>\n<meta property=\"og:url\" content=\"https:\/\/egcc.ee\/fi\/da-vinci-golfirestoran-menu\/\" \/>\n<meta property=\"og:site_name\" content=\"Estonian Golf &amp; Country Club\" \/>\n<meta property=\"article:modified_time\" content=\"2026-03-30T16:16:28+00:00\" \/>\n<meta property=\"og:image\" content=\"https:\/\/egcc.ee\/wp-content\/uploads\/2023\/08\/Da_Vinci_Golfirestoran_catering_04.jpg\" \/>\n\t<meta property=\"og:image:width\" content=\"2000\" \/>\n\t<meta property=\"og:image:height\" content=\"1333\" \/>\n\t<meta property=\"og:image:type\" content=\"image\/jpeg\" \/>\n<meta name=\"twitter:card\" content=\"summary_large_image\" \/>\n<meta name=\"twitter:label1\" content=\"Arvioitu lukuaika\" \/>\n\t<meta name=\"twitter:data1\" content=\"4 minuuttia\" \/>\n<script type=\"application\/ld+json\" class=\"yoast-schema-graph\">{\"@context\":\"https:\/\/schema.org\",\"@graph\":[{\"@type\":\"WebPage\",\"@id\":\"https:\/\/egcc.ee\/fi\/da-vinci-golfirestoran-menu\/\",\"url\":\"https:\/\/egcc.ee\/fi\/da-vinci-golfirestoran-menu\/\",\"name\":\"Menu &#8211; Estonian Golf &amp; Country Club\",\"isPartOf\":{\"@id\":\"https:\/\/egcc.ee\/fi\/#website\"},\"primaryImageOfPage\":{\"@id\":\"https:\/\/egcc.ee\/fi\/da-vinci-golfirestoran-menu\/#primaryimage\"},\"image\":{\"@id\":\"https:\/\/egcc.ee\/fi\/da-vinci-golfirestoran-menu\/#primaryimage\"},\"thumbnailUrl\":\"https:\/\/egcc.ee\/wp-content\/uploads\/2023\/08\/Da_Vinci_Golfirestoran_catering_04.jpg\",\"datePublished\":\"2023-03-27T19:02:16+00:00\",\"dateModified\":\"2026-03-30T16:16:28+00:00\",\"description\":\"Jos haluat herkullisen ruoan ja virkist\u00e4v\u00e4n juoman odottavan sinua heti kierroksen j\u00e4lkeen, poikkea ravintolaan ennen golfin pelaamista.\",\"breadcrumb\":{\"@id\":\"https:\/\/egcc.ee\/fi\/da-vinci-golfirestoran-menu\/#breadcrumb\"},\"inLanguage\":\"fi\",\"potentialAction\":[{\"@type\":\"ReadAction\",\"target\":[\"https:\/\/egcc.ee\/fi\/da-vinci-golfirestoran-menu\/\"]}]},{\"@type\":\"ImageObject\",\"inLanguage\":\"fi\",\"@id\":\"https:\/\/egcc.ee\/fi\/da-vinci-golfirestoran-menu\/#primaryimage\",\"url\":\"https:\/\/egcc.ee\/wp-content\/uploads\/2023\/08\/Da_Vinci_Golfirestoran_catering_04.jpg\",\"contentUrl\":\"https:\/\/egcc.ee\/wp-content\/uploads\/2023\/08\/Da_Vinci_Golfirestoran_catering_04.jpg\",\"width\":2000,\"height\":1333},{\"@type\":\"BreadcrumbList\",\"@id\":\"https:\/\/egcc.ee\/fi\/da-vinci-golfirestoran-menu\/#breadcrumb\",\"itemListElement\":[{\"@type\":\"ListItem\",\"position\":1,\"name\":\"Home\",\"item\":\"https:\/\/egcc.ee\/fi\/\"},{\"@type\":\"ListItem\",\"position\":2,\"name\":\"Menu\"}]},{\"@type\":\"WebSite\",\"@id\":\"https:\/\/egcc.ee\/fi\/#website\",\"url\":\"https:\/\/egcc.ee\/fi\/\",\"name\":\"Estonian Golf &amp; Country Club\",\"description\":\"J\u00f5el\u00e4htmes saab golfi!\",\"publisher\":{\"@id\":\"https:\/\/egcc.ee\/fi\/#organization\"},\"potentialAction\":[{\"@type\":\"SearchAction\",\"target\":{\"@type\":\"EntryPoint\",\"urlTemplate\":\"https:\/\/egcc.ee\/fi\/?s={search_term_string}\"},\"query-input\":{\"@type\":\"PropertyValueSpecification\",\"valueRequired\":true,\"valueName\":\"search_term_string\"}}],\"inLanguage\":\"fi\"},{\"@type\":\"Organization\",\"@id\":\"https:\/\/egcc.ee\/fi\/#organization\",\"name\":\"Estonian Golf &amp; Country Club\",\"url\":\"https:\/\/egcc.ee\/fi\/\",\"logo\":{\"@type\":\"ImageObject\",\"inLanguage\":\"fi\",\"@id\":\"https:\/\/egcc.ee\/fi\/#\/schema\/logo\/image\/\",\"url\":\"https:\/\/egcc.ee\/wp-content\/uploads\/2023\/04\/EGCC_logo_150.png\",\"contentUrl\":\"https:\/\/egcc.ee\/wp-content\/uploads\/2023\/04\/EGCC_logo_150.png\",\"width\":150,\"height\":150,\"caption\":\"Estonian Golf &amp; Country Club\"},\"image\":{\"@id\":\"https:\/\/egcc.ee\/fi\/#\/schema\/logo\/image\/\"}}]}<\/script>\n<!-- \/ Yoast SEO plugin. -->","yoast_head_json":{"title":"Menu &#8211; Estonian Golf &amp; Country Club","description":"Jos haluat herkullisen ruoan ja virkist\u00e4v\u00e4n juoman odottavan sinua heti kierroksen j\u00e4lkeen, poikkea ravintolaan ennen golfin pelaamista.","robots":{"index":"index","follow":"follow","max-snippet":"max-snippet:-1","max-image-preview":"max-image-preview:large","max-video-preview":"max-video-preview:-1"},"canonical":"https:\/\/egcc.ee\/fi\/da-vinci-golfirestoran-menu\/","og_locale":"fi_FI","og_type":"article","og_title":"Menu &#8211; Estonian Golf &amp; Country Club","og_description":"Jos haluat herkullisen ruoan ja virkist\u00e4v\u00e4n juoman odottavan sinua heti kierroksen j\u00e4lkeen, poikkea ravintolaan ennen golfin pelaamista.","og_url":"https:\/\/egcc.ee\/fi\/da-vinci-golfirestoran-menu\/","og_site_name":"Estonian Golf &amp; Country Club","article_modified_time":"2026-03-30T16:16:28+00:00","og_image":[{"width":2000,"height":1333,"url":"https:\/\/egcc.ee\/wp-content\/uploads\/2023\/08\/Da_Vinci_Golfirestoran_catering_04.jpg","type":"image\/jpeg"}],"twitter_card":"summary_large_image","twitter_misc":{"Arvioitu lukuaika":"4 minuuttia"},"schema":{"@context":"https:\/\/schema.org","@graph":[{"@type":"WebPage","@id":"https:\/\/egcc.ee\/fi\/da-vinci-golfirestoran-menu\/","url":"https:\/\/egcc.ee\/fi\/da-vinci-golfirestoran-menu\/","name":"Menu &#8211; Estonian Golf &amp; Country Club","isPartOf":{"@id":"https:\/\/egcc.ee\/fi\/#website"},"primaryImageOfPage":{"@id":"https:\/\/egcc.ee\/fi\/da-vinci-golfirestoran-menu\/#primaryimage"},"image":{"@id":"https:\/\/egcc.ee\/fi\/da-vinci-golfirestoran-menu\/#primaryimage"},"thumbnailUrl":"https:\/\/egcc.ee\/wp-content\/uploads\/2023\/08\/Da_Vinci_Golfirestoran_catering_04.jpg","datePublished":"2023-03-27T19:02:16+00:00","dateModified":"2026-03-30T16:16:28+00:00","description":"Jos haluat herkullisen ruoan ja virkist\u00e4v\u00e4n juoman odottavan sinua heti kierroksen j\u00e4lkeen, poikkea ravintolaan ennen golfin pelaamista.","breadcrumb":{"@id":"https:\/\/egcc.ee\/fi\/da-vinci-golfirestoran-menu\/#breadcrumb"},"inLanguage":"fi","potentialAction":[{"@type":"ReadAction","target":["https:\/\/egcc.ee\/fi\/da-vinci-golfirestoran-menu\/"]}]},{"@type":"ImageObject","inLanguage":"fi","@id":"https:\/\/egcc.ee\/fi\/da-vinci-golfirestoran-menu\/#primaryimage","url":"https:\/\/egcc.ee\/wp-content\/uploads\/2023\/08\/Da_Vinci_Golfirestoran_catering_04.jpg","contentUrl":"https:\/\/egcc.ee\/wp-content\/uploads\/2023\/08\/Da_Vinci_Golfirestoran_catering_04.jpg","width":2000,"height":1333},{"@type":"BreadcrumbList","@id":"https:\/\/egcc.ee\/fi\/da-vinci-golfirestoran-menu\/#breadcrumb","itemListElement":[{"@type":"ListItem","position":1,"name":"Home","item":"https:\/\/egcc.ee\/fi\/"},{"@type":"ListItem","position":2,"name":"Menu"}]},{"@type":"WebSite","@id":"https:\/\/egcc.ee\/fi\/#website","url":"https:\/\/egcc.ee\/fi\/","name":"Estonian Golf &amp; Country Club","description":"J\u00f5el\u00e4htmes saab golfi!","publisher":{"@id":"https:\/\/egcc.ee\/fi\/#organization"},"potentialAction":[{"@type":"SearchAction","target":{"@type":"EntryPoint","urlTemplate":"https:\/\/egcc.ee\/fi\/?s={search_term_string}"},"query-input":{"@type":"PropertyValueSpecification","valueRequired":true,"valueName":"search_term_string"}}],"inLanguage":"fi"},{"@type":"Organization","@id":"https:\/\/egcc.ee\/fi\/#organization","name":"Estonian Golf &amp; Country Club","url":"https:\/\/egcc.ee\/fi\/","logo":{"@type":"ImageObject","inLanguage":"fi","@id":"https:\/\/egcc.ee\/fi\/#\/schema\/logo\/image\/","url":"https:\/\/egcc.ee\/wp-content\/uploads\/2023\/04\/EGCC_logo_150.png","contentUrl":"https:\/\/egcc.ee\/wp-content\/uploads\/2023\/04\/EGCC_logo_150.png","width":150,"height":150,"caption":"Estonian Golf &amp; Country Club"},"image":{"@id":"https:\/\/egcc.ee\/fi\/#\/schema\/logo\/image\/"}}]}},"_links":{"self":[{"href":"https:\/\/egcc.ee\/fi\/wp-json\/wp\/v2\/pages\/17357","targetHints":{"allow":["GET"]}}],"collection":[{"href":"https:\/\/egcc.ee\/fi\/wp-json\/wp\/v2\/pages"}],"about":[{"href":"https:\/\/egcc.ee\/fi\/wp-json\/wp\/v2\/types\/page"}],"author":[{"embeddable":true,"href":"https:\/\/egcc.ee\/fi\/wp-json\/wp\/v2\/users\/2"}],"replies":[{"embeddable":true,"href":"https:\/\/egcc.ee\/fi\/wp-json\/wp\/v2\/comments?post=17357"}],"version-history":[{"count":29,"href":"https:\/\/egcc.ee\/fi\/wp-json\/wp\/v2\/pages\/17357\/revisions"}],"predecessor-version":[{"id":40221,"href":"https:\/\/egcc.ee\/fi\/wp-json\/wp\/v2\/pages\/17357\/revisions\/40221"}],"wp:featuredmedia":[{"embeddable":true,"href":"https:\/\/egcc.ee\/fi\/wp-json\/wp\/v2\/media\/15780"}],"wp:attachment":[{"href":"https:\/\/egcc.ee\/fi\/wp-json\/wp\/v2\/media?parent=17357"}],"curies":[{"name":"wp","href":"https:\/\/api.w.org\/{rel}","templated":true}]}}