{"id":16233,"date":"2023-03-27T21:32:27","date_gmt":"2023-03-27T18:32:27","guid":{"rendered":"https:\/\/prelive.egcc.ee\/stone-course\/"},"modified":"2026-03-30T22:37:45","modified_gmt":"2026-03-30T19:37:45","slug":"stone-course","status":"publish","type":"page","link":"https:\/\/egcc.ee\/fi\/stone-course\/","title":{"rendered":"Stone Course"},"content":{"rendered":"\n<div class=\"wp-block-media-text has-media-on-the-right is-stacked-on-mobile\"><div class=\"wp-block-media-text__content\">\n<div style=\"height:30px\" aria-hidden=\"true\" class=\"wp-block-spacer\"><\/div>\n\n\n\n<p>Olet ehk\u00e4 jo kuullut tai n\u00e4hnyt, ett\u00e4 uuden Annika Course -kent\u00e4n rakentaminen etenee J\u00f5el\u00e4htmess\u00e4 vauhdilla, ja valmistuminen on aikataulussa syksylle 2027. Mutta mit\u00e4 t\u00e4m\u00e4 tarkoittaa Stone Course -kent\u00e4ll\u00e4 pelaamisen kannalta rakennust\u00f6iden aikana?<\/p>\n\n\n\n<ul class=\"wp-block-list\">\n<li>Toukokuun 2026 ensimm\u00e4iseen puoliskoon saakka kentt\u00e4 s\u00e4ilyy par 35 -kentt\u00e4n\u00e4, eik\u00e4 nykyiseen v\u00e4yl\u00e4asetelmaan tule muutoksia. Pelaajat voivat nauttia kierroksesta yhdeks\u00e4ll\u00e4 v\u00e4yl\u00e4ll\u00e4, ja v\u00e4ylill\u00e4 2 ja 3 k\u00e4yt\u00f6ss\u00e4 ovat talvigreenit.<\/li>\n\n\n\n<li>Toukokuun j\u00e4lkipuoliskolla p\u00e4\u00e4set pelaamaan viiden rei\u00e4n Par 15 -kent\u00e4ll\u00e4. Kes\u00e4n v\u00e4yl\u00e4j\u00e4rjestys ja tarkemmat tiedot julkaistaan pian.<\/li>\n<\/ul>\n<\/div><figure class=\"wp-block-media-text__media\"><img decoding=\"async\" src=\"https:\/\/egcc.ee\/wp-content\/uploads\/2023\/05\/EGCC_Stone_Course-9-clubhouse-1024x682.jpg\" alt=\"\" class=\"wp-image-11528 size-full\"\/><\/figure><\/div>\n\n\n\n<div style=\"height:20px\" aria-hidden=\"true\" class=\"wp-block-spacer\"><\/div>\n\n\n\n<div class=\"wp-block-media-text is-stacked-on-mobile\"><figure class=\"wp-block-media-text__media\"><img decoding=\"async\" src=\"https:\/\/egcc.ee\/wp-content\/uploads\/2025\/09\/2023-Stone_Course_foto_Jaanus_Ree-1024x682.jpg\" alt=\"\" class=\"wp-image-37224 size-full\"\/><\/figure><div class=\"wp-block-media-text__content\">\n<div style=\"height:30px\" aria-hidden=\"true\" class=\"wp-block-spacer\"><\/div>\n\n\n\n<h2 class=\"wp-block-heading\">Green Fee -hinnat ja General Play<\/h2>\n\n\n\n<ul class=\"wp-block-list\">\n<li>Rakennuskauden aikana kaikille pelaajille on voimassa&nbsp;<a href=\"https:\/\/egcc.ee\/fi\/hinnasto\/\">erikoishinnat<\/a>.<\/li>\n\n\n\n<li>Tasoituskierroksia ei voi t\u00e4n\u00e4 aikana rekister\u00f6id\u00e4 virallisesti, eik\u00e4 kilpailujen tuloksia huomioida HCP-laskennassa.<\/li>\n\n\n\n<li>Nouda <a href=\"https:\/\/egcc.ee\/fi\/stone-course-par-35-tuloskortti\/\">tuloskortti<\/a> Caddiemasterilta ennen kierrosta ja seuraa kent\u00e4n opasteita.<\/li>\n<\/ul>\n<\/div><\/div>\n\n\n\n<div style=\"height:40px\" aria-hidden=\"true\" class=\"wp-block-spacer\"><\/div>\n\n\n\n<div class=\"wp-block-columns alignwide are-vertically-aligned-top is-layout-flex wp-container-core-columns-is-layout-bd0aba32 wp-block-columns-is-layout-flex\">\n<div class=\"wp-block-column has-background is-layout-flow wp-block-column-is-layout-flow\" style=\"background-color:#fdf9ee\">\n<div style=\"height:20px\" aria-hidden=\"true\" class=\"wp-block-spacer\"><\/div>\n\n\n<div class=\"wp-block-image\">\n<figure class=\"aligncenter size-full\"><a href=\"https:\/\/egcc.ee\/fi\/stone-course-par-35-tuloskortti\/\"><img loading=\"lazy\" decoding=\"async\" width=\"64\" height=\"64\" src=\"https:\/\/egcc.ee\/wp-content\/uploads\/2023\/09\/score_64.png\" alt=\"\" class=\"wp-image-17738\"\/><\/a><\/figure>\n<\/div>\n\n\n<div style=\"height:20px\" aria-hidden=\"true\" class=\"wp-block-spacer\"><\/div>\n\n\n\n<p class=\"has-text-align-center has-black-color has-text-color\"><a style=\"text-decoration:none;\" href=\"https:\/\/egcc.ee\/fi\/stone-course-par-35-tuloskortti\/\">&nbsp;TULOSKORTTI&nbsp;<i class=\"bi bi-arrow-right\"><\/i><\/a><\/p>\n<\/div>\n\n\n\n<div class=\"wp-block-column has-background is-layout-flow wp-block-column-is-layout-flow\" style=\"background-color:#fdf9ee\">\n<div style=\"height:20px\" aria-hidden=\"true\" class=\"wp-block-spacer\"><\/div>\n\n\n<div class=\"wp-block-image\">\n<figure class=\"aligncenter size-full\"><a href=\"https:\/\/egcc.ee\/fi\/kartta-stone-course-par-35\/\"><img loading=\"lazy\" decoding=\"async\" width=\"64\" height=\"64\" src=\"https:\/\/egcc.ee\/wp-content\/uploads\/2023\/09\/map_64.png\" alt=\"\" class=\"wp-image-17735\"\/><\/a><\/figure>\n<\/div>\n\n\n<div style=\"height:20px\" aria-hidden=\"true\" class=\"wp-block-spacer\"><\/div>\n\n\n\n<p class=\"has-text-align-center has-black-color has-text-color\"><a style=\"text-decoration:none;\" href=\"https:\/\/egcc.ee\/fi\/kartta-stone-course-par-35\/\">&nbsp;KARTTA&nbsp;<i class=\"bi bi-arrow-right\"><\/i><\/a><\/p>\n<\/div>\n\n\n\n<div class=\"wp-block-column has-background is-layout-flow wp-block-column-is-layout-flow\" style=\"background-color:#fdf9ee\">\n<div style=\"height:20px\" aria-hidden=\"true\" class=\"wp-block-spacer\"><\/div>\n\n\n<div class=\"wp-block-image\">\n<figure class=\"aligncenter size-full\"><a href=\"https:\/\/egcc.ee\/fi\/paikalliset-saannot\/#stonecoursefi\"><img loading=\"lazy\" decoding=\"async\" width=\"64\" height=\"64\" src=\"https:\/\/egcc.ee\/wp-content\/uploads\/2023\/09\/guidebook_64.png\" alt=\"\" class=\"wp-image-17741\"\/><\/a><\/figure>\n<\/div>\n\n\n<div style=\"height:20px\" aria-hidden=\"true\" class=\"wp-block-spacer\"><\/div>\n\n\n\n<p class=\"has-text-align-center has-black-color has-text-color\"><a style=\"text-decoration:none;\" href=\"https:\/\/egcc.ee\/fi\/paikalliset-saannot\/#stonecoursefi\">&nbsp;PAIKALLISET S\u00c4\u00c4NN\u00d6T&nbsp;<i class=\"bi bi-arrow-right\"><\/i><\/a>&nbsp;<\/p>\n<\/div>\n<\/div>\n\n\n\n<p><\/p>\n","protected":false},"excerpt":{"rendered":"<p>&nbsp;TULOSKORTTI&nbsp; &nbsp;KARTTA&nbsp; &nbsp;PAIKALLISET S\u00c4\u00c4NN\u00d6T&nbsp;&nbsp;<\/p>\n","protected":false},"author":2,"featured_media":11534,"parent":0,"menu_order":0,"comment_status":"closed","ping_status":"closed","template":"","meta":{"_acf_changed":false,"ngg_post_thumbnail":0,"footnotes":""},"class_list":["post-16233","page","type-page","status-publish","has-post-thumbnail","hentry"],"acf":[],"yoast_head":"<!-- This site is optimized with the Yoast SEO plugin v27.1.1 - https:\/\/yoast.com\/product\/yoast-seo-wordpress\/ -->\n<title>Stone Course &#8211; Estonian Golf &amp; Country Club<\/title>\n<meta name=\"robots\" content=\"index, follow, max-snippet:-1, max-image-preview:large, max-video-preview:-1\" \/>\n<link rel=\"canonical\" href=\"https:\/\/egcc.ee\/fi\/stone-course\/\" \/>\n<meta property=\"og:locale\" content=\"fi_FI\" \/>\n<meta property=\"og:type\" content=\"article\" \/>\n<meta property=\"og:title\" content=\"Stone Course &#8211; Estonian Golf &amp; Country Club\" \/>\n<meta property=\"og:description\" content=\"&nbsp;TULOSKORTTI&nbsp; &nbsp;KARTTA&nbsp; &nbsp;PAIKALLISET S\u00c4\u00c4NN\u00d6T&nbsp;&nbsp;\" \/>\n<meta property=\"og:url\" content=\"https:\/\/egcc.ee\/fi\/stone-course\/\" \/>\n<meta property=\"og:site_name\" content=\"Estonian Golf &amp; Country Club\" \/>\n<meta property=\"article:modified_time\" content=\"2026-03-30T19:37:45+00:00\" \/>\n<meta property=\"og:image\" content=\"https:\/\/egcc.ee\/wp-content\/uploads\/2023\/05\/EGCC_Stone_Course-2nd.jpg\" \/>\n\t<meta property=\"og:image:width\" content=\"2000\" \/>\n\t<meta property=\"og:image:height\" content=\"1333\" \/>\n\t<meta property=\"og:image:type\" content=\"image\/jpeg\" \/>\n<meta name=\"twitter:card\" content=\"summary_large_image\" \/>\n<meta name=\"twitter:label1\" content=\"Arvioitu lukuaika\" \/>\n\t<meta name=\"twitter:data1\" content=\"2 minuuttia\" \/>\n<script type=\"application\/ld+json\" class=\"yoast-schema-graph\">{\"@context\":\"https:\/\/schema.org\",\"@graph\":[{\"@type\":\"WebPage\",\"@id\":\"https:\/\/egcc.ee\/fi\/stone-course\/\",\"url\":\"https:\/\/egcc.ee\/fi\/stone-course\/\",\"name\":\"Stone Course &#8211; Estonian Golf &amp; Country Club\",\"isPartOf\":{\"@id\":\"https:\/\/egcc.ee\/fi\/#website\"},\"primaryImageOfPage\":{\"@id\":\"https:\/\/egcc.ee\/fi\/stone-course\/#primaryimage\"},\"image\":{\"@id\":\"https:\/\/egcc.ee\/fi\/stone-course\/#primaryimage\"},\"thumbnailUrl\":\"https:\/\/egcc.ee\/wp-content\/uploads\/2023\/05\/EGCC_Stone_Course-2nd.jpg\",\"datePublished\":\"2023-03-27T18:32:27+00:00\",\"dateModified\":\"2026-03-30T19:37:45+00:00\",\"breadcrumb\":{\"@id\":\"https:\/\/egcc.ee\/fi\/stone-course\/#breadcrumb\"},\"inLanguage\":\"fi\",\"potentialAction\":[{\"@type\":\"ReadAction\",\"target\":[\"https:\/\/egcc.ee\/fi\/stone-course\/\"]}]},{\"@type\":\"ImageObject\",\"inLanguage\":\"fi\",\"@id\":\"https:\/\/egcc.ee\/fi\/stone-course\/#primaryimage\",\"url\":\"https:\/\/egcc.ee\/wp-content\/uploads\/2023\/05\/EGCC_Stone_Course-2nd.jpg\",\"contentUrl\":\"https:\/\/egcc.ee\/wp-content\/uploads\/2023\/05\/EGCC_Stone_Course-2nd.jpg\",\"width\":2000,\"height\":1333},{\"@type\":\"BreadcrumbList\",\"@id\":\"https:\/\/egcc.ee\/fi\/stone-course\/#breadcrumb\",\"itemListElement\":[{\"@type\":\"ListItem\",\"position\":1,\"name\":\"Home\",\"item\":\"https:\/\/egcc.ee\/fi\/\"},{\"@type\":\"ListItem\",\"position\":2,\"name\":\"Stone Course\"}]},{\"@type\":\"WebSite\",\"@id\":\"https:\/\/egcc.ee\/fi\/#website\",\"url\":\"https:\/\/egcc.ee\/fi\/\",\"name\":\"Estonian Golf &amp; Country Club\",\"description\":\"J\u00f5el\u00e4htmes saab golfi!\",\"publisher\":{\"@id\":\"https:\/\/egcc.ee\/fi\/#organization\"},\"potentialAction\":[{\"@type\":\"SearchAction\",\"target\":{\"@type\":\"EntryPoint\",\"urlTemplate\":\"https:\/\/egcc.ee\/fi\/?s={search_term_string}\"},\"query-input\":{\"@type\":\"PropertyValueSpecification\",\"valueRequired\":true,\"valueName\":\"search_term_string\"}}],\"inLanguage\":\"fi\"},{\"@type\":\"Organization\",\"@id\":\"https:\/\/egcc.ee\/fi\/#organization\",\"name\":\"Estonian Golf &amp; Country Club\",\"url\":\"https:\/\/egcc.ee\/fi\/\",\"logo\":{\"@type\":\"ImageObject\",\"inLanguage\":\"fi\",\"@id\":\"https:\/\/egcc.ee\/fi\/#\/schema\/logo\/image\/\",\"url\":\"https:\/\/egcc.ee\/wp-content\/uploads\/2023\/04\/EGCC_logo_150.png\",\"contentUrl\":\"https:\/\/egcc.ee\/wp-content\/uploads\/2023\/04\/EGCC_logo_150.png\",\"width\":150,\"height\":150,\"caption\":\"Estonian Golf &amp; Country Club\"},\"image\":{\"@id\":\"https:\/\/egcc.ee\/fi\/#\/schema\/logo\/image\/\"}}]}<\/script>\n<!-- \/ Yoast SEO plugin. -->","yoast_head_json":{"title":"Stone Course &#8211; Estonian Golf &amp; Country Club","robots":{"index":"index","follow":"follow","max-snippet":"max-snippet:-1","max-image-preview":"max-image-preview:large","max-video-preview":"max-video-preview:-1"},"canonical":"https:\/\/egcc.ee\/fi\/stone-course\/","og_locale":"fi_FI","og_type":"article","og_title":"Stone Course &#8211; Estonian Golf &amp; Country Club","og_description":"&nbsp;TULOSKORTTI&nbsp; &nbsp;KARTTA&nbsp; &nbsp;PAIKALLISET S\u00c4\u00c4NN\u00d6T&nbsp;&nbsp;","og_url":"https:\/\/egcc.ee\/fi\/stone-course\/","og_site_name":"Estonian Golf &amp; Country Club","article_modified_time":"2026-03-30T19:37:45+00:00","og_image":[{"width":2000,"height":1333,"url":"https:\/\/egcc.ee\/wp-content\/uploads\/2023\/05\/EGCC_Stone_Course-2nd.jpg","type":"image\/jpeg"}],"twitter_card":"summary_large_image","twitter_misc":{"Arvioitu lukuaika":"2 minuuttia"},"schema":{"@context":"https:\/\/schema.org","@graph":[{"@type":"WebPage","@id":"https:\/\/egcc.ee\/fi\/stone-course\/","url":"https:\/\/egcc.ee\/fi\/stone-course\/","name":"Stone Course &#8211; Estonian Golf &amp; Country Club","isPartOf":{"@id":"https:\/\/egcc.ee\/fi\/#website"},"primaryImageOfPage":{"@id":"https:\/\/egcc.ee\/fi\/stone-course\/#primaryimage"},"image":{"@id":"https:\/\/egcc.ee\/fi\/stone-course\/#primaryimage"},"thumbnailUrl":"https:\/\/egcc.ee\/wp-content\/uploads\/2023\/05\/EGCC_Stone_Course-2nd.jpg","datePublished":"2023-03-27T18:32:27+00:00","dateModified":"2026-03-30T19:37:45+00:00","breadcrumb":{"@id":"https:\/\/egcc.ee\/fi\/stone-course\/#breadcrumb"},"inLanguage":"fi","potentialAction":[{"@type":"ReadAction","target":["https:\/\/egcc.ee\/fi\/stone-course\/"]}]},{"@type":"ImageObject","inLanguage":"fi","@id":"https:\/\/egcc.ee\/fi\/stone-course\/#primaryimage","url":"https:\/\/egcc.ee\/wp-content\/uploads\/2023\/05\/EGCC_Stone_Course-2nd.jpg","contentUrl":"https:\/\/egcc.ee\/wp-content\/uploads\/2023\/05\/EGCC_Stone_Course-2nd.jpg","width":2000,"height":1333},{"@type":"BreadcrumbList","@id":"https:\/\/egcc.ee\/fi\/stone-course\/#breadcrumb","itemListElement":[{"@type":"ListItem","position":1,"name":"Home","item":"https:\/\/egcc.ee\/fi\/"},{"@type":"ListItem","position":2,"name":"Stone Course"}]},{"@type":"WebSite","@id":"https:\/\/egcc.ee\/fi\/#website","url":"https:\/\/egcc.ee\/fi\/","name":"Estonian Golf &amp; Country Club","description":"J\u00f5el\u00e4htmes saab golfi!","publisher":{"@id":"https:\/\/egcc.ee\/fi\/#organization"},"potentialAction":[{"@type":"SearchAction","target":{"@type":"EntryPoint","urlTemplate":"https:\/\/egcc.ee\/fi\/?s={search_term_string}"},"query-input":{"@type":"PropertyValueSpecification","valueRequired":true,"valueName":"search_term_string"}}],"inLanguage":"fi"},{"@type":"Organization","@id":"https:\/\/egcc.ee\/fi\/#organization","name":"Estonian Golf &amp; Country Club","url":"https:\/\/egcc.ee\/fi\/","logo":{"@type":"ImageObject","inLanguage":"fi","@id":"https:\/\/egcc.ee\/fi\/#\/schema\/logo\/image\/","url":"https:\/\/egcc.ee\/wp-content\/uploads\/2023\/04\/EGCC_logo_150.png","contentUrl":"https:\/\/egcc.ee\/wp-content\/uploads\/2023\/04\/EGCC_logo_150.png","width":150,"height":150,"caption":"Estonian Golf &amp; Country Club"},"image":{"@id":"https:\/\/egcc.ee\/fi\/#\/schema\/logo\/image\/"}}]}},"_links":{"self":[{"href":"https:\/\/egcc.ee\/fi\/wp-json\/wp\/v2\/pages\/16233","targetHints":{"allow":["GET"]}}],"collection":[{"href":"https:\/\/egcc.ee\/fi\/wp-json\/wp\/v2\/pages"}],"about":[{"href":"https:\/\/egcc.ee\/fi\/wp-json\/wp\/v2\/types\/page"}],"author":[{"embeddable":true,"href":"https:\/\/egcc.ee\/fi\/wp-json\/wp\/v2\/users\/2"}],"replies":[{"embeddable":true,"href":"https:\/\/egcc.ee\/fi\/wp-json\/wp\/v2\/comments?post=16233"}],"version-history":[{"count":15,"href":"https:\/\/egcc.ee\/fi\/wp-json\/wp\/v2\/pages\/16233\/revisions"}],"predecessor-version":[{"id":40277,"href":"https:\/\/egcc.ee\/fi\/wp-json\/wp\/v2\/pages\/16233\/revisions\/40277"}],"wp:featuredmedia":[{"embeddable":true,"href":"https:\/\/egcc.ee\/fi\/wp-json\/wp\/v2\/media\/11534"}],"wp:attachment":[{"href":"https:\/\/egcc.ee\/fi\/wp-json\/wp\/v2\/media?parent=16233"}],"curies":[{"name":"wp","href":"https:\/\/api.w.org\/{rel}","templated":true}]}}