{"id":16172,"date":"2023-03-27T21:31:16","date_gmt":"2023-03-27T18:31:16","guid":{"rendered":"https:\/\/prelive.egcc.ee\/sea-course\/"},"modified":"2024-05-09T21:56:59","modified_gmt":"2024-05-09T18:56:59","slug":"sea-course","status":"publish","type":"page","link":"https:\/\/egcc.ee\/fi\/sea-course\/","title":{"rendered":"Sea Course"},"content":{"rendered":"\n<div class=\"wp-block-media-text has-media-on-the-right is-stacked-on-mobile\"><div class=\"wp-block-media-text__content\">\n<div style=\"height:20px\" aria-hidden=\"true\" class=\"wp-block-spacer\"><\/div>\n\n\n\n<p>Sea Course on\u00a0<strong>todellinen mestarikentt\u00e4<\/strong>\u00a0\u2013 pituudellaan ja moniulottuvuudeltaan golfkentt\u00e4 tarjoaa todellisia haasteita parhaimmallekin golfaajalle.<\/p>\n\n\n\n<p>Neitsytmets\u00e4\u00e4n rakennetut v\u00e4yl\u00e4t ulottuvat merelle ja J\u00e4galajoelle. Korkeuseroa v\u00e4ylill\u00e4 on jopa 40 metri\u00e4.<\/p>\n\n\n\n<p>Tammiv\u00e4yl\u00e4t, vanhat lohkareet ja luonnonlammet ovat mahdollistaneet J\u00f5el\u00e4htmelle <strong>golfhelmen, jollaista ei l\u00f6ydy mist\u00e4\u00e4n muualta maailmasta.<\/strong><\/p>\n<\/div><figure class=\"wp-block-media-text__media\"><img loading=\"lazy\" decoding=\"async\" width=\"1024\" height=\"680\" src=\"https:\/\/egcc.ee\/wp-content\/uploads\/2023\/05\/EGCC_Sea_Course_Signature_3rd-1024x680.jpg\" alt=\"\" class=\"wp-image-9339 size-full\" srcset=\"https:\/\/egcc.ee\/wp-content\/uploads\/2023\/05\/EGCC_Sea_Course_Signature_3rd-1024x680.jpg 1024w, https:\/\/egcc.ee\/wp-content\/uploads\/2023\/05\/EGCC_Sea_Course_Signature_3rd-300x199.jpg 300w, https:\/\/egcc.ee\/wp-content\/uploads\/2023\/05\/EGCC_Sea_Course_Signature_3rd-768x510.jpg 768w, https:\/\/egcc.ee\/wp-content\/uploads\/2023\/05\/EGCC_Sea_Course_Signature_3rd-1536x1020.jpg 1536w, https:\/\/egcc.ee\/wp-content\/uploads\/2023\/05\/EGCC_Sea_Course_Signature_3rd-2048x1360.jpg 2048w\" sizes=\"auto, (max-width: 1024px) 100vw, 1024px\" \/><\/figure><\/div>\n\n\n\n<div style=\"height:20px\" aria-hidden=\"true\" class=\"wp-block-spacer\"><\/div>\n\n\n\n<div class=\"wp-block-media-text is-stacked-on-mobile\"><figure class=\"wp-block-media-text__media\"><img loading=\"lazy\" decoding=\"async\" width=\"1024\" height=\"682\" src=\"https:\/\/egcc.ee\/wp-content\/uploads\/2023\/05\/EGCC_Sea_Course-15th-early-1024x682.jpg\" alt=\"\" class=\"wp-image-11493 size-full\" srcset=\"https:\/\/egcc.ee\/wp-content\/uploads\/2023\/05\/EGCC_Sea_Course-15th-early-1024x682.jpg 1024w, https:\/\/egcc.ee\/wp-content\/uploads\/2023\/05\/EGCC_Sea_Course-15th-early-300x200.jpg 300w, https:\/\/egcc.ee\/wp-content\/uploads\/2023\/05\/EGCC_Sea_Course-15th-early-768x512.jpg 768w, https:\/\/egcc.ee\/wp-content\/uploads\/2023\/05\/EGCC_Sea_Course-15th-early-1536x1024.jpg 1536w, https:\/\/egcc.ee\/wp-content\/uploads\/2023\/05\/EGCC_Sea_Course-15th-early.jpg 2000w\" sizes=\"auto, (max-width: 1024px) 100vw, 1024px\" \/><\/figure><div class=\"wp-block-media-text__content\">\n<div style=\"height:20px\" aria-hidden=\"true\" class=\"wp-block-spacer\"><\/div>\n\n\n\n<p>Golf World Magazine on valinnut Sea Coursen useaan otteeseen\u00a0<strong>Euroopan TOP 100 kent\u00e4n joukkoon<\/strong>. Kentt\u00e4 valittiin ensimm\u00e4isen kerran parhaiden joukkoon vuonna 2009.<\/p>\n\n\n\n<p>Vuonna 2022 Sea Course valittiin <a href=\"https:\/\/www.todays-golfer.com\/courses\/best\/continental-europe-beautiful-x-factor-bucket-list-golf-courses\/\" target=\"_blank\" rel=\"noreferrer noopener\">Golf Worldin<\/a> <strong>100 parhaan eurooppalaisen x-factor-kent\u00e4n joukkoon.<\/strong><\/p>\n\n\n\n<p>Sea Course -enn\u00e4tys <strong>63 ly\u00f6nti\u00e4<\/strong> kuuluu norjalaiselle lahjakkuudelle <strong>Viktor Hovlandille<\/strong>, joka voitti EM-hopeaa 2016 J\u00f5el\u00e4htmess\u00e4 ja on t\u00e4ll\u00e4 hetkell\u00e4 maailman kymmenen parhaan joukossa.<\/p>\n<\/div><\/div>\n\n\n\n<div style=\"height:40px\" aria-hidden=\"true\" class=\"wp-block-spacer\"><\/div>\n\n\n\n<div class=\"wp-block-columns alignwide are-vertically-aligned-top is-layout-flex wp-container-core-columns-is-layout-bd0aba32 wp-block-columns-is-layout-flex\">\n<div class=\"wp-block-column has-background is-layout-flow wp-block-column-is-layout-flow\" style=\"background-color:#fdf9ee\">\n<div style=\"height:20px\" aria-hidden=\"true\" class=\"wp-block-spacer\"><\/div>\n\n\n<div class=\"wp-block-image\">\n<figure class=\"aligncenter size-full\"><a href=\"https:\/\/egcc.ee\/fi\/sea-course-slopetaulut\/\"><img loading=\"lazy\" decoding=\"async\" width=\"64\" height=\"64\" src=\"https:\/\/egcc.ee\/wp-content\/uploads\/2023\/09\/golf-player_64.png\" alt=\"\" class=\"wp-image-17732\"\/><\/a><\/figure>\n<\/div>\n\n\n<div style=\"height:20px\" aria-hidden=\"true\" class=\"wp-block-spacer\"><\/div>\n\n\n\n<p class=\"has-text-align-center has-black-color has-text-color\"><a style=\"text-decoration:none;\" href=\"https:\/\/egcc.ee\/fi\/sea-course-slopetaulut\/\">&nbsp;SLOPETAULUT&nbsp;<i class=\"bi bi-arrow-right\"><\/i><\/a><\/p>\n<\/div>\n\n\n\n<div class=\"wp-block-column has-background is-layout-flow wp-block-column-is-layout-flow\" style=\"background-color:#fdf9ee\">\n<div style=\"height:20px\" aria-hidden=\"true\" class=\"wp-block-spacer\"><\/div>\n\n\n<div class=\"wp-block-image\">\n<figure class=\"aligncenter size-full\"><a href=\"https:\/\/egcc.ee\/fi\/sea-course-scorecard\/\"><img loading=\"lazy\" decoding=\"async\" width=\"64\" height=\"64\" src=\"https:\/\/egcc.ee\/wp-content\/uploads\/2023\/09\/score_64.png\" alt=\"\" class=\"wp-image-17738\"\/><\/a><\/figure>\n<\/div>\n\n\n<div style=\"height:20px\" aria-hidden=\"true\" class=\"wp-block-spacer\"><\/div>\n\n\n\n<p class=\"has-text-align-center has-black-color has-text-color\"><a style=\"text-decoration:none;\" href=\"https:\/\/egcc.ee\/fi\/sea-course-scorecard\/\">&nbsp;TULOSKORTTI<i class=\"bi bi-arrow-right\"><\/i><\/a><\/p>\n<\/div>\n\n\n\n<div class=\"wp-block-column has-background is-layout-flow wp-block-column-is-layout-flow\" style=\"background-color:#fdf9ee\">\n<div style=\"height:20px\" aria-hidden=\"true\" class=\"wp-block-spacer\"><\/div>\n\n\n<div class=\"wp-block-image\">\n<figure class=\"aligncenter size-full\"><a href=\"https:\/\/egcc.ee\/fi\/sea-course-kartta\/\"><img loading=\"lazy\" decoding=\"async\" width=\"64\" height=\"64\" src=\"https:\/\/egcc.ee\/wp-content\/uploads\/2023\/09\/map_64.png\" alt=\"\" class=\"wp-image-17735\"\/><\/a><\/figure>\n<\/div>\n\n\n<div style=\"height:20px\" aria-hidden=\"true\" class=\"wp-block-spacer\"><\/div>\n\n\n\n<p class=\"has-text-align-center has-black-color has-text-color\"><a style=\"text-decoration:none;\" href=\"https:\/\/egcc.ee\/fi\/sea-course-kartta\/\">KARTTA&nbsp;<i class=\"bi bi-arrow-right\"><\/i><\/a><\/p>\n<\/div>\n\n\n\n<div class=\"wp-block-column has-background is-layout-flow wp-block-column-is-layout-flow\" style=\"background-color:#fdf9ee\">\n<div style=\"height:20px\" aria-hidden=\"true\" class=\"wp-block-spacer\"><\/div>\n\n\n<div class=\"wp-block-image\">\n<figure class=\"aligncenter size-full\"><a href=\"https:\/\/egcc.ee\/fi\/paikalliset-saannot\/\"><img loading=\"lazy\" decoding=\"async\" width=\"64\" height=\"64\" src=\"https:\/\/egcc.ee\/wp-content\/uploads\/2023\/09\/guidebook_64.png\" alt=\"\" class=\"wp-image-17741\"\/><\/a><\/figure>\n<\/div>\n\n\n<div style=\"height:20px\" aria-hidden=\"true\" class=\"wp-block-spacer\"><\/div>\n\n\n\n<p class=\"has-text-align-center has-black-color has-text-color\"><a style=\"text-decoration:none;\" href=\"https:\/\/egcc.ee\/fi\/paikalliset-saannot\/\">&nbsp;PAIKALLISET S\u00c4\u00c4NN\u00d6T&nbsp;<i class=\"bi bi-arrow-right\"><\/i><\/a>&nbsp;<\/p>\n<\/div>\n<\/div>\n","protected":false},"excerpt":{"rendered":"<p>&nbsp;SLOPETAULUT&nbsp; &nbsp;TULOSKORTTI KARTTA&nbsp; &nbsp;PAIKALLISET S\u00c4\u00c4NN\u00d6T&nbsp;&nbsp;<\/p>\n","protected":false},"author":2,"featured_media":9341,"parent":0,"menu_order":0,"comment_status":"closed","ping_status":"closed","template":"","meta":{"_acf_changed":false,"ngg_post_thumbnail":0,"footnotes":""},"class_list":["post-16172","page","type-page","status-publish","has-post-thumbnail","hentry"],"acf":[],"yoast_head":"<!-- This site is optimized with the Yoast SEO plugin v27.1.1 - https:\/\/yoast.com\/product\/yoast-seo-wordpress\/ -->\n<title>Sea Course &#8211; Estonian Golf &amp; Country Club<\/title>\n<meta name=\"description\" content=\"Sea Course on pituudellaan ja monimutkaisuudellaan golfkentt\u00e4 tarjoaa todellisia haasteita korkeimmallekin golfaajalle.\" \/>\n<meta name=\"robots\" content=\"index, follow, max-snippet:-1, max-image-preview:large, max-video-preview:-1\" \/>\n<link rel=\"canonical\" href=\"https:\/\/egcc.ee\/fi\/sea-course\/\" \/>\n<meta property=\"og:locale\" content=\"fi_FI\" \/>\n<meta property=\"og:type\" content=\"article\" \/>\n<meta property=\"og:title\" content=\"Sea Course &#8211; Estonian Golf &amp; Country Club\" \/>\n<meta property=\"og:description\" content=\"Sea Course on pituudellaan ja monimutkaisuudellaan golfkentt\u00e4 tarjoaa todellisia haasteita korkeimmallekin golfaajalle.\" \/>\n<meta property=\"og:url\" content=\"https:\/\/egcc.ee\/fi\/sea-course\/\" \/>\n<meta property=\"og:site_name\" content=\"Estonian Golf &amp; Country Club\" \/>\n<meta property=\"article:modified_time\" content=\"2024-05-09T18:56:59+00:00\" \/>\n<meta property=\"og:image\" content=\"https:\/\/egcc.ee\/wp-content\/uploads\/2023\/05\/EGCC_Sea_Course_Signature_3rd-1024x680.jpg\" \/>\n\t<meta property=\"og:image:width\" content=\"1024\" \/>\n\t<meta property=\"og:image:height\" content=\"680\" \/>\n\t<meta property=\"og:image:type\" content=\"image\/jpeg\" \/>\n<meta name=\"twitter:card\" content=\"summary_large_image\" \/>\n<meta name=\"twitter:label1\" content=\"Arvioitu lukuaika\" \/>\n\t<meta name=\"twitter:data1\" content=\"2 minuuttia\" \/>\n<script type=\"application\/ld+json\" class=\"yoast-schema-graph\">{\"@context\":\"https:\/\/schema.org\",\"@graph\":[{\"@type\":\"WebPage\",\"@id\":\"https:\/\/egcc.ee\/fi\/sea-course\/\",\"url\":\"https:\/\/egcc.ee\/fi\/sea-course\/\",\"name\":\"Sea Course &#8211; Estonian Golf &amp; Country Club\",\"isPartOf\":{\"@id\":\"https:\/\/egcc.ee\/fi\/#website\"},\"primaryImageOfPage\":{\"@id\":\"https:\/\/egcc.ee\/fi\/sea-course\/#primaryimage\"},\"image\":{\"@id\":\"https:\/\/egcc.ee\/fi\/sea-course\/#primaryimage\"},\"thumbnailUrl\":\"https:\/\/egcc.ee\/wp-content\/uploads\/2023\/05\/EGCC_Sea_Course_Signature_3rd.jpg\",\"datePublished\":\"2023-03-27T18:31:16+00:00\",\"dateModified\":\"2024-05-09T18:56:59+00:00\",\"description\":\"Sea Course on pituudellaan ja monimutkaisuudellaan golfkentt\u00e4 tarjoaa todellisia haasteita korkeimmallekin golfaajalle.\",\"breadcrumb\":{\"@id\":\"https:\/\/egcc.ee\/fi\/sea-course\/#breadcrumb\"},\"inLanguage\":\"fi\",\"potentialAction\":[{\"@type\":\"ReadAction\",\"target\":[\"https:\/\/egcc.ee\/fi\/sea-course\/\"]}]},{\"@type\":\"ImageObject\",\"inLanguage\":\"fi\",\"@id\":\"https:\/\/egcc.ee\/fi\/sea-course\/#primaryimage\",\"url\":\"https:\/\/egcc.ee\/wp-content\/uploads\/2023\/05\/EGCC_Sea_Course_Signature_3rd.jpg\",\"contentUrl\":\"https:\/\/egcc.ee\/wp-content\/uploads\/2023\/05\/EGCC_Sea_Course_Signature_3rd.jpg\",\"width\":2142,\"height\":1422,\"caption\":\"EGCC Sea Course, 3. rada\"},{\"@type\":\"BreadcrumbList\",\"@id\":\"https:\/\/egcc.ee\/fi\/sea-course\/#breadcrumb\",\"itemListElement\":[{\"@type\":\"ListItem\",\"position\":1,\"name\":\"Home\",\"item\":\"https:\/\/egcc.ee\/fi\/\"},{\"@type\":\"ListItem\",\"position\":2,\"name\":\"Sea Course\"}]},{\"@type\":\"WebSite\",\"@id\":\"https:\/\/egcc.ee\/fi\/#website\",\"url\":\"https:\/\/egcc.ee\/fi\/\",\"name\":\"Estonian Golf &amp; Country Club\",\"description\":\"J\u00f5el\u00e4htmes saab golfi!\",\"publisher\":{\"@id\":\"https:\/\/egcc.ee\/fi\/#organization\"},\"potentialAction\":[{\"@type\":\"SearchAction\",\"target\":{\"@type\":\"EntryPoint\",\"urlTemplate\":\"https:\/\/egcc.ee\/fi\/?s={search_term_string}\"},\"query-input\":{\"@type\":\"PropertyValueSpecification\",\"valueRequired\":true,\"valueName\":\"search_term_string\"}}],\"inLanguage\":\"fi\"},{\"@type\":\"Organization\",\"@id\":\"https:\/\/egcc.ee\/fi\/#organization\",\"name\":\"Estonian Golf &amp; Country Club\",\"url\":\"https:\/\/egcc.ee\/fi\/\",\"logo\":{\"@type\":\"ImageObject\",\"inLanguage\":\"fi\",\"@id\":\"https:\/\/egcc.ee\/fi\/#\/schema\/logo\/image\/\",\"url\":\"https:\/\/egcc.ee\/wp-content\/uploads\/2023\/04\/EGCC_logo_150.png\",\"contentUrl\":\"https:\/\/egcc.ee\/wp-content\/uploads\/2023\/04\/EGCC_logo_150.png\",\"width\":150,\"height\":150,\"caption\":\"Estonian Golf &amp; Country Club\"},\"image\":{\"@id\":\"https:\/\/egcc.ee\/fi\/#\/schema\/logo\/image\/\"}}]}<\/script>\n<!-- \/ Yoast SEO plugin. -->","yoast_head_json":{"title":"Sea Course &#8211; Estonian Golf &amp; Country Club","description":"Sea Course on pituudellaan ja monimutkaisuudellaan golfkentt\u00e4 tarjoaa todellisia haasteita korkeimmallekin golfaajalle.","robots":{"index":"index","follow":"follow","max-snippet":"max-snippet:-1","max-image-preview":"max-image-preview:large","max-video-preview":"max-video-preview:-1"},"canonical":"https:\/\/egcc.ee\/fi\/sea-course\/","og_locale":"fi_FI","og_type":"article","og_title":"Sea Course &#8211; Estonian Golf &amp; Country Club","og_description":"Sea Course on pituudellaan ja monimutkaisuudellaan golfkentt\u00e4 tarjoaa todellisia haasteita korkeimmallekin golfaajalle.","og_url":"https:\/\/egcc.ee\/fi\/sea-course\/","og_site_name":"Estonian Golf &amp; Country Club","article_modified_time":"2024-05-09T18:56:59+00:00","og_image":[{"width":1024,"height":680,"url":"https:\/\/egcc.ee\/wp-content\/uploads\/2023\/05\/EGCC_Sea_Course_Signature_3rd-1024x680.jpg","type":"image\/jpeg"}],"twitter_card":"summary_large_image","twitter_misc":{"Arvioitu lukuaika":"2 minuuttia"},"schema":{"@context":"https:\/\/schema.org","@graph":[{"@type":"WebPage","@id":"https:\/\/egcc.ee\/fi\/sea-course\/","url":"https:\/\/egcc.ee\/fi\/sea-course\/","name":"Sea Course &#8211; Estonian Golf &amp; Country Club","isPartOf":{"@id":"https:\/\/egcc.ee\/fi\/#website"},"primaryImageOfPage":{"@id":"https:\/\/egcc.ee\/fi\/sea-course\/#primaryimage"},"image":{"@id":"https:\/\/egcc.ee\/fi\/sea-course\/#primaryimage"},"thumbnailUrl":"https:\/\/egcc.ee\/wp-content\/uploads\/2023\/05\/EGCC_Sea_Course_Signature_3rd.jpg","datePublished":"2023-03-27T18:31:16+00:00","dateModified":"2024-05-09T18:56:59+00:00","description":"Sea Course on pituudellaan ja monimutkaisuudellaan golfkentt\u00e4 tarjoaa todellisia haasteita korkeimmallekin golfaajalle.","breadcrumb":{"@id":"https:\/\/egcc.ee\/fi\/sea-course\/#breadcrumb"},"inLanguage":"fi","potentialAction":[{"@type":"ReadAction","target":["https:\/\/egcc.ee\/fi\/sea-course\/"]}]},{"@type":"ImageObject","inLanguage":"fi","@id":"https:\/\/egcc.ee\/fi\/sea-course\/#primaryimage","url":"https:\/\/egcc.ee\/wp-content\/uploads\/2023\/05\/EGCC_Sea_Course_Signature_3rd.jpg","contentUrl":"https:\/\/egcc.ee\/wp-content\/uploads\/2023\/05\/EGCC_Sea_Course_Signature_3rd.jpg","width":2142,"height":1422,"caption":"EGCC Sea Course, 3. rada"},{"@type":"BreadcrumbList","@id":"https:\/\/egcc.ee\/fi\/sea-course\/#breadcrumb","itemListElement":[{"@type":"ListItem","position":1,"name":"Home","item":"https:\/\/egcc.ee\/fi\/"},{"@type":"ListItem","position":2,"name":"Sea Course"}]},{"@type":"WebSite","@id":"https:\/\/egcc.ee\/fi\/#website","url":"https:\/\/egcc.ee\/fi\/","name":"Estonian Golf &amp; Country Club","description":"J\u00f5el\u00e4htmes saab golfi!","publisher":{"@id":"https:\/\/egcc.ee\/fi\/#organization"},"potentialAction":[{"@type":"SearchAction","target":{"@type":"EntryPoint","urlTemplate":"https:\/\/egcc.ee\/fi\/?s={search_term_string}"},"query-input":{"@type":"PropertyValueSpecification","valueRequired":true,"valueName":"search_term_string"}}],"inLanguage":"fi"},{"@type":"Organization","@id":"https:\/\/egcc.ee\/fi\/#organization","name":"Estonian Golf &amp; Country Club","url":"https:\/\/egcc.ee\/fi\/","logo":{"@type":"ImageObject","inLanguage":"fi","@id":"https:\/\/egcc.ee\/fi\/#\/schema\/logo\/image\/","url":"https:\/\/egcc.ee\/wp-content\/uploads\/2023\/04\/EGCC_logo_150.png","contentUrl":"https:\/\/egcc.ee\/wp-content\/uploads\/2023\/04\/EGCC_logo_150.png","width":150,"height":150,"caption":"Estonian Golf &amp; Country Club"},"image":{"@id":"https:\/\/egcc.ee\/fi\/#\/schema\/logo\/image\/"}}]}},"_links":{"self":[{"href":"https:\/\/egcc.ee\/fi\/wp-json\/wp\/v2\/pages\/16172","targetHints":{"allow":["GET"]}}],"collection":[{"href":"https:\/\/egcc.ee\/fi\/wp-json\/wp\/v2\/pages"}],"about":[{"href":"https:\/\/egcc.ee\/fi\/wp-json\/wp\/v2\/types\/page"}],"author":[{"embeddable":true,"href":"https:\/\/egcc.ee\/fi\/wp-json\/wp\/v2\/users\/2"}],"replies":[{"embeddable":true,"href":"https:\/\/egcc.ee\/fi\/wp-json\/wp\/v2\/comments?post=16172"}],"version-history":[{"count":19,"href":"https:\/\/egcc.ee\/fi\/wp-json\/wp\/v2\/pages\/16172\/revisions"}],"predecessor-version":[{"id":25494,"href":"https:\/\/egcc.ee\/fi\/wp-json\/wp\/v2\/pages\/16172\/revisions\/25494"}],"wp:featuredmedia":[{"embeddable":true,"href":"https:\/\/egcc.ee\/fi\/wp-json\/wp\/v2\/media\/9341"}],"wp:attachment":[{"href":"https:\/\/egcc.ee\/fi\/wp-json\/wp\/v2\/media?parent=16172"}],"curies":[{"name":"wp","href":"https:\/\/api.w.org\/{rel}","templated":true}]}}