{"id":15192,"date":"2023-08-09T19:10:37","date_gmt":"2023-08-09T16:10:37","guid":{"rendered":"https:\/\/prelive.egcc.ee\/eratunnid\/"},"modified":"2025-05-09T20:30:43","modified_gmt":"2025-05-09T17:30:43","slug":"yksityisopetus","status":"publish","type":"page","link":"https:\/\/egcc.ee\/fi\/yksityisopetus\/","title":{"rendered":"Yksityisopetus"},"content":{"rendered":"\n<div class=\"wp-block-media-text has-media-on-the-right is-stacked-on-mobile\"><div class=\"wp-block-media-text__content\">\n<div style=\"height:20px\" aria-hidden=\"true\" class=\"wp-block-spacer\"><\/div>\n\n\n\n<h2 class=\"wp-block-heading\">Miksi ottaa yksityisopetusta?<\/h2>\n\n\n\n<p>Vastaus t\u00e4h\u00e4n kysymykseen on eritt\u00e4in yksinkertainen: siksi, <strong>ett\u00e4 sinusta tulisi parempi pelaaja peliss\u00e4, jota rakastat!<\/strong><\/p>\n\n\n\n<p>Golf on peli, jota itse on eritt\u00e4in vaikea oppia. Kukaan ei halua seist\u00e4 pallon vieress\u00e4 ja ajatella, lent\u00e4\u00e4k\u00f6 t\u00e4m\u00e4 pallo nyt suoraan vaiko ei. Golf on paljon hauskempi, jos me pystymme kontrolloimaan pallon lentoa ja kuljettamaan sen maalin l\u00e4heisyyteen.<\/p>\n<\/div><figure class=\"wp-block-media-text__media\"><img loading=\"lazy\" decoding=\"async\" width=\"1024\" height=\"682\" src=\"https:\/\/egcc.ee\/wp-content\/uploads\/2023\/08\/EGCC_golfiakadeemia_eratunnid_0RXRbN0Z-1024x682.jpg\" alt=\"\" class=\"wp-image-13320 size-full\" srcset=\"https:\/\/egcc.ee\/wp-content\/uploads\/2023\/08\/EGCC_golfiakadeemia_eratunnid_0RXRbN0Z-1024x682.jpg 1024w, https:\/\/egcc.ee\/wp-content\/uploads\/2023\/08\/EGCC_golfiakadeemia_eratunnid_0RXRbN0Z-300x200.jpg 300w, https:\/\/egcc.ee\/wp-content\/uploads\/2023\/08\/EGCC_golfiakadeemia_eratunnid_0RXRbN0Z-768x512.jpg 768w, https:\/\/egcc.ee\/wp-content\/uploads\/2023\/08\/EGCC_golfiakadeemia_eratunnid_0RXRbN0Z-1536x1024.jpg 1536w, https:\/\/egcc.ee\/wp-content\/uploads\/2023\/08\/EGCC_golfiakadeemia_eratunnid_0RXRbN0Z.jpg 2000w\" sizes=\"auto, (max-width: 1024px) 100vw, 1024px\" \/><\/figure><\/div>\n\n\n\n<div style=\"height:20px\" aria-hidden=\"true\" class=\"wp-block-spacer\"><\/div>\n\n\n\n<div class=\"wp-block-media-text is-stacked-on-mobile\"><figure class=\"wp-block-media-text__media\"><img loading=\"lazy\" decoding=\"async\" width=\"1024\" height=\"682\" src=\"https:\/\/egcc.ee\/wp-content\/uploads\/2023\/08\/EGCC_golfiakadeemia_d_YSD1103-1024x682.jpg\" alt=\"\" class=\"wp-image-15133 size-full\" srcset=\"https:\/\/egcc.ee\/wp-content\/uploads\/2023\/08\/EGCC_golfiakadeemia_d_YSD1103-1024x682.jpg 1024w, https:\/\/egcc.ee\/wp-content\/uploads\/2023\/08\/EGCC_golfiakadeemia_d_YSD1103-300x200.jpg 300w, https:\/\/egcc.ee\/wp-content\/uploads\/2023\/08\/EGCC_golfiakadeemia_d_YSD1103-768x512.jpg 768w, https:\/\/egcc.ee\/wp-content\/uploads\/2023\/08\/EGCC_golfiakadeemia_d_YSD1103-1536x1024.jpg 1536w, https:\/\/egcc.ee\/wp-content\/uploads\/2023\/08\/EGCC_golfiakadeemia_d_YSD1103.jpg 2000w\" sizes=\"auto, (max-width: 1024px) 100vw, 1024px\" \/><\/figure><div class=\"wp-block-media-text__content\">\n<div style=\"height:20px\" aria-hidden=\"true\" class=\"wp-block-spacer\"><\/div>\n\n\n\n<h2 class=\"wp-block-heading\">Kenen tulisi hakea yksityisopetusta?<\/h2>\n\n\n\n<p>Jokainen golfari, jolla on halua tulla paremmaksi pelaajaksi, pit\u00e4isi hakea yksityisopetusta! K\u00e4rsiv\u00e4llisyys on eritt\u00e4in t\u00e4rke\u00e4, koska uuden informaation kulku p\u00e4\u00e4st\u00e4 liikkeisiin vie aikaa. Jos olet p\u00e4\u00e4tt\u00e4nyt ottaa tunnin, niin ota my\u00f6s aikaa harjoitella tunnin j\u00e4lkeenkin itsen\u00e4isesti.<\/p>\n<\/div><\/div>\n\n\n\n<div style=\"height:20px\" aria-hidden=\"true\" class=\"wp-block-spacer\"><\/div>\n\n\n\n<hr class=\"wp-block-separator has-text-color has-alpha-channel-opacity has-background is-style-wide\" style=\"background-color:#bd8f18;color:#bd8f18\"\/>\n\n\n\n<div style=\"height:20px\" aria-hidden=\"true\" class=\"wp-block-spacer\"><\/div>\n\n\n\n<h2 class=\"wp-block-heading\">Varaa aikaa!<\/h2>\n\n\n\n<div style=\"height:20px\" aria-hidden=\"true\" class=\"wp-block-spacer\"><\/div>\n\n\n\n<div class=\"wp-block-columns is-layout-flex wp-container-core-columns-is-layout-9d6595d7 wp-block-columns-is-layout-flex\">\n<div class=\"wp-block-column has-background is-layout-flow wp-block-column-is-layout-flow\" style=\"background-color:#f7f7f7\">\n<figure class=\"wp-block-image size-large\"><img loading=\"lazy\" decoding=\"async\" width=\"682\" height=\"1024\" src=\"https:\/\/egcc.ee\/wp-content\/uploads\/2023\/08\/EGCC_Rein_Auvaart_REE9040-682x1024.jpg\" alt=\"\" class=\"wp-image-15150\" srcset=\"https:\/\/egcc.ee\/wp-content\/uploads\/2023\/08\/EGCC_Rein_Auvaart_REE9040-682x1024.jpg 682w, https:\/\/egcc.ee\/wp-content\/uploads\/2023\/08\/EGCC_Rein_Auvaart_REE9040-200x300.jpg 200w, https:\/\/egcc.ee\/wp-content\/uploads\/2023\/08\/EGCC_Rein_Auvaart_REE9040-768x1152.jpg 768w, https:\/\/egcc.ee\/wp-content\/uploads\/2023\/08\/EGCC_Rein_Auvaart_REE9040-1024x1536.jpg 1024w, https:\/\/egcc.ee\/wp-content\/uploads\/2023\/08\/EGCC_Rein_Auvaart_REE9040.jpg 1333w\" sizes=\"auto, (max-width: 682px) 100vw, 682px\" \/><\/figure>\n\n\n\n<div style=\"height:20px\" aria-hidden=\"true\" class=\"wp-block-spacer\"><\/div>\n\n\n\n<h2 class=\"wp-block-heading has-text-align-center\">Rein Auv\u00e4\u00e4rt,<br>PGA Pro<\/h2>\n\n\n\n<p class=\"has-text-align-center\"><a href=\"tel:+3725165753\" target=\"_blank\" rel=\"noreferrer noopener\">+372 516 5753<\/a><a href=\"mailto:cris@egcc.ee\" target=\"_blank\" rel=\"noreferrer noopener\"><br><\/a><a href=\"mailto:auvaart.rein@gmail.com\" target=\"_blank\" rel=\"noreferrer noopener\">auvaart.rein@gmail.com<\/a><\/p>\n\n\n\n<ul class=\"wp-block-list\">\n<li>Kielet: viro, ven\u00e4j\u00e4, suomi<\/li>\n\n\n\n<li>60 min 1 hl\u00f6 <strong><mark style=\"background-color:rgba(0, 0, 0, 0);color:#bd8f18\" class=\"has-inline-color\">75&nbsp;\u20ac<\/mark><\/strong><\/li>\n\n\n\n<li>60 min 2 hl\u00f6 <strong><mark style=\"background-color:rgba(0, 0, 0, 0);color:#bd8f18\" class=\"has-inline-color\">100&nbsp;\u20ac<\/mark><\/strong><\/li>\n\n\n\n<li>60 min 3 hl\u00f6 <strong><mark style=\"background-color:rgba(0, 0, 0, 0);color:#bd8f18\" class=\"has-inline-color\">150\u00a0\u20ac<\/mark><\/strong><\/li>\n<\/ul>\n\n\n\n<p class=\"has-text-align-center\"><strong>Pelikierros pron kanssa, 1 h<\/strong><\/p>\n\n\n\n<ul class=\"wp-block-list\">\n<li>3 reik\u00e4\u00e4 <strong><mark style=\"background-color:rgba(0, 0, 0, 0);color:#bd8f18\" class=\"has-inline-color\">70&nbsp;\u20ac<\/mark><\/strong><\/li>\n<\/ul>\n<\/div>\n\n\n\n<div class=\"wp-block-column has-background is-layout-flow wp-block-column-is-layout-flow\" style=\"background-color:#f7f7f7\">\n<figure class=\"wp-block-image size-full\"><img loading=\"lazy\" decoding=\"async\" width=\"667\" height=\"1000\" src=\"https:\/\/egcc.ee\/wp-content\/uploads\/2025\/05\/PGA_Pro_Enrico_Villo.jpg\" alt=\"\" class=\"wp-image-34488\" srcset=\"https:\/\/egcc.ee\/wp-content\/uploads\/2025\/05\/PGA_Pro_Enrico_Villo.jpg 667w, https:\/\/egcc.ee\/wp-content\/uploads\/2025\/05\/PGA_Pro_Enrico_Villo-200x300.jpg 200w\" sizes=\"auto, (max-width: 667px) 100vw, 667px\" \/><\/figure>\n\n\n\n<div style=\"height:20px\" aria-hidden=\"true\" class=\"wp-block-spacer\"><\/div>\n\n\n\n<h2 class=\"wp-block-heading has-text-align-center\">Enrico Villo,<br>PGA Pro<\/h2>\n\n\n\n<p class=\"has-text-align-center\"><a href=\"tel:+37256454456\" target=\"_blank\" rel=\"noreferrer noopener\">+372 5645 4456<\/a><br><a href=\"mailto:enrico@nextgolf.ee\" target=\"_blank\" rel=\"noreferrer noopener\">enrico@nextgolf.ee<\/a><\/p>\n\n\n\n<ul class=\"wp-block-list\">\n<li>Kielet: viro, englanti, ven\u00e4j\u00e4, suomi<\/li>\n\n\n\n<li>60 min 1 hl\u00f6 <strong><mark style=\"background-color:rgba(0, 0, 0, 0);color:#bd8f18\" class=\"has-inline-color\">110\u00a0\u20ac<\/mark><\/strong><\/li>\n<\/ul>\n<\/div>\n\n\n\n<div class=\"wp-block-column has-background is-layout-flow wp-block-column-is-layout-flow\" style=\"background-color:#f7f7f7\">\n<figure class=\"wp-block-image size-large\"><img loading=\"lazy\" decoding=\"async\" width=\"682\" height=\"1024\" src=\"https:\/\/egcc.ee\/wp-content\/uploads\/2023\/08\/EGCC_Maxime_Chardon_REE9115-682x1024.jpg\" alt=\"\" class=\"wp-image-15147\" srcset=\"https:\/\/egcc.ee\/wp-content\/uploads\/2023\/08\/EGCC_Maxime_Chardon_REE9115-682x1024.jpg 682w, https:\/\/egcc.ee\/wp-content\/uploads\/2023\/08\/EGCC_Maxime_Chardon_REE9115-200x300.jpg 200w, https:\/\/egcc.ee\/wp-content\/uploads\/2023\/08\/EGCC_Maxime_Chardon_REE9115-768x1152.jpg 768w, https:\/\/egcc.ee\/wp-content\/uploads\/2023\/08\/EGCC_Maxime_Chardon_REE9115-1024x1536.jpg 1024w, https:\/\/egcc.ee\/wp-content\/uploads\/2023\/08\/EGCC_Maxime_Chardon_REE9115.jpg 1333w\" sizes=\"auto, (max-width: 682px) 100vw, 682px\" \/><\/figure>\n\n\n\n<div style=\"height:20px\" aria-hidden=\"true\" class=\"wp-block-spacer\"><\/div>\n\n\n\n<h2 class=\"wp-block-heading has-text-align-center\">Maxime Chardon,<br>PGA Pro<\/h2>\n\n\n\n<p class=\"has-text-align-center\"><a href=\"tel:+37258107909\">+372 5810 7909<\/a><\/p>\n\n\n\n<ul class=\"wp-block-list\">\n<li>Kielet: ranska, englanti<\/li>\n\n\n\n<li>60 min 1 hl\u00f6 <strong><mark style=\"background-color:rgba(0, 0, 0, 0);color:#bd8f18\" class=\"has-inline-color\">85&nbsp;\u20ac<\/mark><\/strong><\/li>\n\n\n\n<li>5 \u00d7 60 min paketti <strong><mark style=\"background-color:rgba(0, 0, 0, 0);color:#bd8f18\" class=\"has-inline-color\">450\u00a0\u20ac<\/mark><\/strong><\/li>\n\n\n\n<li>10 \u00d7 60 min paketti <strong><mark style=\"background-color:rgba(0, 0, 0, 0);color:#bd8f18\" class=\"has-inline-color\">750&nbsp;\u20ac<\/mark><\/strong><\/li>\n<\/ul>\n\n\n\n<p><strong>Pelikierros pron kanssa, 2,5\u00a0h<\/strong><\/p>\n\n\n\n<ul class=\"wp-block-list\">\n<li>EGCC:n pelioikeudella <strong><mark style=\"background-color:rgba(0, 0, 0, 0);color:#bd8f18\" class=\"has-inline-color\">75&nbsp;\u20ac<\/mark><\/strong><\/li>\n\n\n\n<li>hinta ilman EGCC:n pelioikeutta <strong><mark style=\"background-color:rgba(0, 0, 0, 0);color:#bd8f18\" class=\"has-inline-color\">124&nbsp;\u20ac<\/mark><\/strong><\/li>\n<\/ul>\n<\/div>\n<\/div>\n\n\n\n<div class=\"wp-block-columns is-layout-flex wp-container-core-columns-is-layout-9d6595d7 wp-block-columns-is-layout-flex\">\n<div class=\"wp-block-column has-background is-layout-flow wp-block-column-is-layout-flow\" style=\"background-color:#f7f7f7\">\n<figure class=\"wp-block-image size-full\"><img loading=\"lazy\" decoding=\"async\" width=\"1000\" height=\"1500\" src=\"https:\/\/egcc.ee\/wp-content\/uploads\/2024\/10\/EGCC_Martin_Toom_PGA_Pro.jpg\" alt=\"\" class=\"wp-image-30427\" srcset=\"https:\/\/egcc.ee\/wp-content\/uploads\/2024\/10\/EGCC_Martin_Toom_PGA_Pro.jpg 1000w, https:\/\/egcc.ee\/wp-content\/uploads\/2024\/10\/EGCC_Martin_Toom_PGA_Pro-200x300.jpg 200w, https:\/\/egcc.ee\/wp-content\/uploads\/2024\/10\/EGCC_Martin_Toom_PGA_Pro-683x1024.jpg 683w, https:\/\/egcc.ee\/wp-content\/uploads\/2024\/10\/EGCC_Martin_Toom_PGA_Pro-768x1152.jpg 768w\" sizes=\"auto, (max-width: 1000px) 100vw, 1000px\" \/><\/figure>\n\n\n\n<div style=\"height:20px\" aria-hidden=\"true\" class=\"wp-block-spacer\"><\/div>\n\n\n\n<h2 class=\"wp-block-heading has-text-align-center\">Martin Toom,<br>PGA Pro<\/h2>\n\n\n\n<p class=\"has-text-align-center\"><a href=\"tel:+37258095617\" target=\"_blank\" rel=\"noreferrer noopener\">+372 5809 5617<\/a><br><a href=\"mailto:toom.martin@yahoo.com\" target=\"_blank\" rel=\"noreferrer noopener\">toom.martin@yahoo.com<\/a><\/p>\n\n\n\n<ul class=\"wp-block-list\">\n<li>Kielet: viro, englanti<\/li>\n\n\n\n<li>60 min 1 hl\u00f6 <strong><mark style=\"background-color:rgba(0, 0, 0, 0);color:#bd8f18\" class=\"has-inline-color\">60&nbsp;\u20ac<\/mark><\/strong><\/li>\n<\/ul>\n<\/div>\n\n\n\n<div class=\"wp-block-column has-background is-layout-flow wp-block-column-is-layout-flow\" style=\"background-color:#f7f7f7\">\n<figure class=\"wp-block-image size-large\"><img loading=\"lazy\" decoding=\"async\" width=\"682\" height=\"1024\" src=\"https:\/\/egcc.ee\/wp-content\/uploads\/2023\/08\/EGCC_Cristofer_Herman_REE9597-682x1024.jpg\" alt=\"\" class=\"wp-image-15144\" srcset=\"https:\/\/egcc.ee\/wp-content\/uploads\/2023\/08\/EGCC_Cristofer_Herman_REE9597-682x1024.jpg 682w, https:\/\/egcc.ee\/wp-content\/uploads\/2023\/08\/EGCC_Cristofer_Herman_REE9597-200x300.jpg 200w, https:\/\/egcc.ee\/wp-content\/uploads\/2023\/08\/EGCC_Cristofer_Herman_REE9597-768x1152.jpg 768w, https:\/\/egcc.ee\/wp-content\/uploads\/2023\/08\/EGCC_Cristofer_Herman_REE9597-1024x1536.jpg 1024w, https:\/\/egcc.ee\/wp-content\/uploads\/2023\/08\/EGCC_Cristofer_Herman_REE9597.jpg 1333w\" sizes=\"auto, (max-width: 682px) 100vw, 682px\" \/><\/figure>\n\n\n\n<div style=\"height:20px\" aria-hidden=\"true\" class=\"wp-block-spacer\"><\/div>\n\n\n\n<h2 class=\"wp-block-heading has-text-align-center\">Cristofer Herman,<br>Pro<\/h2>\n\n\n\n<p class=\"has-text-align-center\"><a href=\"mailto:cris@egcc.ee\" target=\"_blank\" rel=\"noreferrer noopener\">cris@egcc.ee<\/a><\/p>\n\n\n\n<ul class=\"wp-block-list\">\n<li>Kielet: viro, englanti<\/li>\n\n\n\n<li>60 min 1 hl\u00f6 <strong><mark style=\"background-color:rgba(0, 0, 0, 0);color:#bd8f18\" class=\"has-inline-color\">60&nbsp;\u20ac<\/mark><\/strong><\/li>\n<\/ul>\n<\/div>\n\n\n\n<div class=\"wp-block-column has-background is-layout-flow wp-block-column-is-layout-flow\" style=\"background-color:#f7f7f7\">\n<figure class=\"wp-block-image size-large\"><img loading=\"lazy\" decoding=\"async\" width=\"683\" height=\"1024\" src=\"https:\/\/egcc.ee\/wp-content\/uploads\/2023\/09\/EGCC_Jan_Larsson_dREE9793-683x1024.jpg\" alt=\"\" class=\"wp-image-18949\" srcset=\"https:\/\/egcc.ee\/wp-content\/uploads\/2023\/09\/EGCC_Jan_Larsson_dREE9793-683x1024.jpg 683w, https:\/\/egcc.ee\/wp-content\/uploads\/2023\/09\/EGCC_Jan_Larsson_dREE9793-200x300.jpg 200w, https:\/\/egcc.ee\/wp-content\/uploads\/2023\/09\/EGCC_Jan_Larsson_dREE9793-768x1151.jpg 768w, https:\/\/egcc.ee\/wp-content\/uploads\/2023\/09\/EGCC_Jan_Larsson_dREE9793-1025x1536.jpg 1025w, https:\/\/egcc.ee\/wp-content\/uploads\/2023\/09\/EGCC_Jan_Larsson_dREE9793.jpg 1334w\" sizes=\"auto, (max-width: 683px) 100vw, 683px\" \/><\/figure>\n\n\n\n<div style=\"height:20px\" aria-hidden=\"true\" class=\"wp-block-spacer\"><\/div>\n\n\n\n<h2 class=\"wp-block-heading has-text-align-center\">Jan Larsson,<br>PGA assistant Pro<\/h2>\n\n\n\n<p class=\"has-text-align-center\"><a href=\"tel:+37253341414\" target=\"_blank\" rel=\"noreferrer noopener\">+372 5334 1414<\/a><\/p>\n\n\n\n<ul class=\"wp-block-list\">\n<li>Kielet: ruotsia, englanti, ven\u00e4j\u00e4<\/li>\n\n\n\n<li>60 min 1 hl\u00f6 <strong><mark style=\"background-color:rgba(0, 0, 0, 0);color:#bd8f18\" class=\"has-inline-color\">60&nbsp;\u20ac<\/mark><\/strong><\/li>\n<\/ul>\n<\/div>\n<\/div>\n\n\n\n<div style=\"height:20px\" aria-hidden=\"true\" class=\"wp-block-spacer\"><\/div>\n\n\n<div class=\"callout-box\">\n    <div class=\"content-area\">\n        <div class=\"icon d-none d-md-block\">\n            <img decoding=\"async\" src=\"https:\/\/egcc.ee\/wp-content\/themes\/egcc\/assets\/images\/callout-bird.png\" \/>\n        <\/div>\n\n        <div class=\"content\">\n            <p><span style=\"color: #bd8f18;\"><strong>NB! <\/strong><\/span>Estonian Golf &amp; Country Clubissa on oikeus antaa opetusta ainoastaan seuraavilla Viron PGA:n j\u00e4senill\u00e4, jolla on kirjallinen sopimus J\u00f5el\u00e4htme Golf Academyn kanssa.<\/p>\n<p>&nbsp;<\/p>\n<p>Ota yhteytt\u00e4:<strong><br \/>\n<\/strong><a href=\"mailto:akadeemia@egcc.ee\" target=\"_blank\" rel=\"noopener\"><span id=\"cloak2a6185f0624df5f757392720e278544a\"><span id=\"cloak644a70973da576234c59ee9cace1c02e\"><span id=\"cloakaabb55a28bb6fea7caaedf264b77cfdd\"><span id=\"cloaka4e8244f53ecd23603db21b6fbe6ea22\">akadeemia@egcc.ee<\/span><\/span><\/span><\/span><\/a><\/p>\n\n                    <\/div>\n    <\/div>\n<\/div>","protected":false},"excerpt":{"rendered":"<p>Varaa aikaa! Rein Auv\u00e4\u00e4rt,PGA Pro +372 516 5753auvaart.rein@gmail.com Pelikierros pron kanssa, 1 h Enrico Villo,PGA Pro +372 5645 4456enrico@nextgolf.ee Maxime Chardon,PGA Pro +372 5810 7909 Pelikierros pron kanssa, 2,5\u00a0h Martin Toom,PGA Pro +372 5809 5617toom.martin@yahoo.com Cristofer Herman,Pro cris@egcc.ee Jan Larsson,PGA assistant Pro +372 5334 1414<\/p>\n","protected":false},"author":2,"featured_media":13322,"parent":0,"menu_order":0,"comment_status":"closed","ping_status":"closed","template":"","meta":{"_acf_changed":false,"ngg_post_thumbnail":0,"footnotes":""},"class_list":["post-15192","page","type-page","status-publish","has-post-thumbnail","hentry"],"acf":[],"yoast_head":"<!-- This site is optimized with the Yoast SEO plugin v27.1.1 - https:\/\/yoast.com\/product\/yoast-seo-wordpress\/ -->\n<title>Yksityisopetus &#8211; Estonian Golf &amp; Country Club<\/title>\n<meta name=\"robots\" content=\"index, follow, max-snippet:-1, max-image-preview:large, max-video-preview:-1\" \/>\n<link rel=\"canonical\" href=\"https:\/\/egcc.ee\/fi\/yksityisopetus\/\" \/>\n<meta property=\"og:locale\" content=\"fi_FI\" \/>\n<meta property=\"og:type\" content=\"article\" \/>\n<meta property=\"og:title\" content=\"Yksityisopetus &#8211; Estonian Golf &amp; Country Club\" \/>\n<meta property=\"og:description\" content=\"Varaa aikaa! Rein Auv\u00e4\u00e4rt,PGA Pro +372 516 5753auvaart.rein@gmail.com Pelikierros pron kanssa, 1 h Enrico Villo,PGA Pro +372 5645 4456enrico@nextgolf.ee Maxime Chardon,PGA Pro +372 5810 7909 Pelikierros pron kanssa, 2,5\u00a0h Martin Toom,PGA Pro +372 5809 5617toom.martin@yahoo.com Cristofer Herman,Pro cris@egcc.ee Jan Larsson,PGA assistant Pro +372 5334 1414\" \/>\n<meta property=\"og:url\" content=\"https:\/\/egcc.ee\/fi\/yksityisopetus\/\" \/>\n<meta property=\"og:site_name\" content=\"Estonian Golf &amp; Country Club\" \/>\n<meta property=\"article:modified_time\" content=\"2025-05-09T17:30:43+00:00\" \/>\n<meta property=\"og:image\" content=\"https:\/\/egcc.ee\/wp-content\/uploads\/2023\/08\/EGCC_golfiakadeemia_eratunnid_0RXRbN0Z.jpg\" \/>\n\t<meta property=\"og:image:width\" content=\"2000\" \/>\n\t<meta property=\"og:image:height\" content=\"1333\" \/>\n\t<meta property=\"og:image:type\" content=\"image\/jpeg\" \/>\n<meta name=\"twitter:card\" content=\"summary_large_image\" \/>\n<meta name=\"twitter:label1\" content=\"Arvioitu lukuaika\" \/>\n\t<meta name=\"twitter:data1\" content=\"4 minuuttia\" \/>\n<script type=\"application\/ld+json\" class=\"yoast-schema-graph\">{\"@context\":\"https:\/\/schema.org\",\"@graph\":[{\"@type\":\"WebPage\",\"@id\":\"https:\/\/egcc.ee\/fi\/yksityisopetus\/\",\"url\":\"https:\/\/egcc.ee\/fi\/yksityisopetus\/\",\"name\":\"Yksityisopetus &#8211; Estonian Golf &amp; Country Club\",\"isPartOf\":{\"@id\":\"https:\/\/egcc.ee\/fi\/#website\"},\"primaryImageOfPage\":{\"@id\":\"https:\/\/egcc.ee\/fi\/yksityisopetus\/#primaryimage\"},\"image\":{\"@id\":\"https:\/\/egcc.ee\/fi\/yksityisopetus\/#primaryimage\"},\"thumbnailUrl\":\"https:\/\/egcc.ee\/wp-content\/uploads\/2023\/08\/EGCC_golfiakadeemia_eratunnid_0RXRbN0Z.jpg\",\"datePublished\":\"2023-08-09T16:10:37+00:00\",\"dateModified\":\"2025-05-09T17:30:43+00:00\",\"breadcrumb\":{\"@id\":\"https:\/\/egcc.ee\/fi\/yksityisopetus\/#breadcrumb\"},\"inLanguage\":\"fi\",\"potentialAction\":[{\"@type\":\"ReadAction\",\"target\":[\"https:\/\/egcc.ee\/fi\/yksityisopetus\/\"]}]},{\"@type\":\"ImageObject\",\"inLanguage\":\"fi\",\"@id\":\"https:\/\/egcc.ee\/fi\/yksityisopetus\/#primaryimage\",\"url\":\"https:\/\/egcc.ee\/wp-content\/uploads\/2023\/08\/EGCC_golfiakadeemia_eratunnid_0RXRbN0Z.jpg\",\"contentUrl\":\"https:\/\/egcc.ee\/wp-content\/uploads\/2023\/08\/EGCC_golfiakadeemia_eratunnid_0RXRbN0Z.jpg\",\"width\":2000,\"height\":1333,\"caption\":\"J\u00f5el\u00e4htme Golfiakadeemia: golfi eratunnid\"},{\"@type\":\"BreadcrumbList\",\"@id\":\"https:\/\/egcc.ee\/fi\/yksityisopetus\/#breadcrumb\",\"itemListElement\":[{\"@type\":\"ListItem\",\"position\":1,\"name\":\"Home\",\"item\":\"https:\/\/egcc.ee\/fi\/\"},{\"@type\":\"ListItem\",\"position\":2,\"name\":\"Yksityisopetus\"}]},{\"@type\":\"WebSite\",\"@id\":\"https:\/\/egcc.ee\/fi\/#website\",\"url\":\"https:\/\/egcc.ee\/fi\/\",\"name\":\"Estonian Golf &amp; Country Club\",\"description\":\"J\u00f5el\u00e4htmes saab golfi!\",\"publisher\":{\"@id\":\"https:\/\/egcc.ee\/fi\/#organization\"},\"potentialAction\":[{\"@type\":\"SearchAction\",\"target\":{\"@type\":\"EntryPoint\",\"urlTemplate\":\"https:\/\/egcc.ee\/fi\/?s={search_term_string}\"},\"query-input\":{\"@type\":\"PropertyValueSpecification\",\"valueRequired\":true,\"valueName\":\"search_term_string\"}}],\"inLanguage\":\"fi\"},{\"@type\":\"Organization\",\"@id\":\"https:\/\/egcc.ee\/fi\/#organization\",\"name\":\"Estonian Golf &amp; Country Club\",\"url\":\"https:\/\/egcc.ee\/fi\/\",\"logo\":{\"@type\":\"ImageObject\",\"inLanguage\":\"fi\",\"@id\":\"https:\/\/egcc.ee\/fi\/#\/schema\/logo\/image\/\",\"url\":\"https:\/\/egcc.ee\/wp-content\/uploads\/2023\/04\/EGCC_logo_150.png\",\"contentUrl\":\"https:\/\/egcc.ee\/wp-content\/uploads\/2023\/04\/EGCC_logo_150.png\",\"width\":150,\"height\":150,\"caption\":\"Estonian Golf &amp; Country Club\"},\"image\":{\"@id\":\"https:\/\/egcc.ee\/fi\/#\/schema\/logo\/image\/\"}}]}<\/script>\n<!-- \/ Yoast SEO plugin. -->","yoast_head_json":{"title":"Yksityisopetus &#8211; Estonian Golf &amp; Country Club","robots":{"index":"index","follow":"follow","max-snippet":"max-snippet:-1","max-image-preview":"max-image-preview:large","max-video-preview":"max-video-preview:-1"},"canonical":"https:\/\/egcc.ee\/fi\/yksityisopetus\/","og_locale":"fi_FI","og_type":"article","og_title":"Yksityisopetus &#8211; Estonian Golf &amp; Country Club","og_description":"Varaa aikaa! Rein Auv\u00e4\u00e4rt,PGA Pro +372 516 5753auvaart.rein@gmail.com Pelikierros pron kanssa, 1 h Enrico Villo,PGA Pro +372 5645 4456enrico@nextgolf.ee Maxime Chardon,PGA Pro +372 5810 7909 Pelikierros pron kanssa, 2,5\u00a0h Martin Toom,PGA Pro +372 5809 5617toom.martin@yahoo.com Cristofer Herman,Pro cris@egcc.ee Jan Larsson,PGA assistant Pro +372 5334 1414","og_url":"https:\/\/egcc.ee\/fi\/yksityisopetus\/","og_site_name":"Estonian Golf &amp; Country Club","article_modified_time":"2025-05-09T17:30:43+00:00","og_image":[{"width":2000,"height":1333,"url":"https:\/\/egcc.ee\/wp-content\/uploads\/2023\/08\/EGCC_golfiakadeemia_eratunnid_0RXRbN0Z.jpg","type":"image\/jpeg"}],"twitter_card":"summary_large_image","twitter_misc":{"Arvioitu lukuaika":"4 minuuttia"},"schema":{"@context":"https:\/\/schema.org","@graph":[{"@type":"WebPage","@id":"https:\/\/egcc.ee\/fi\/yksityisopetus\/","url":"https:\/\/egcc.ee\/fi\/yksityisopetus\/","name":"Yksityisopetus &#8211; Estonian Golf &amp; Country Club","isPartOf":{"@id":"https:\/\/egcc.ee\/fi\/#website"},"primaryImageOfPage":{"@id":"https:\/\/egcc.ee\/fi\/yksityisopetus\/#primaryimage"},"image":{"@id":"https:\/\/egcc.ee\/fi\/yksityisopetus\/#primaryimage"},"thumbnailUrl":"https:\/\/egcc.ee\/wp-content\/uploads\/2023\/08\/EGCC_golfiakadeemia_eratunnid_0RXRbN0Z.jpg","datePublished":"2023-08-09T16:10:37+00:00","dateModified":"2025-05-09T17:30:43+00:00","breadcrumb":{"@id":"https:\/\/egcc.ee\/fi\/yksityisopetus\/#breadcrumb"},"inLanguage":"fi","potentialAction":[{"@type":"ReadAction","target":["https:\/\/egcc.ee\/fi\/yksityisopetus\/"]}]},{"@type":"ImageObject","inLanguage":"fi","@id":"https:\/\/egcc.ee\/fi\/yksityisopetus\/#primaryimage","url":"https:\/\/egcc.ee\/wp-content\/uploads\/2023\/08\/EGCC_golfiakadeemia_eratunnid_0RXRbN0Z.jpg","contentUrl":"https:\/\/egcc.ee\/wp-content\/uploads\/2023\/08\/EGCC_golfiakadeemia_eratunnid_0RXRbN0Z.jpg","width":2000,"height":1333,"caption":"J\u00f5el\u00e4htme Golfiakadeemia: golfi eratunnid"},{"@type":"BreadcrumbList","@id":"https:\/\/egcc.ee\/fi\/yksityisopetus\/#breadcrumb","itemListElement":[{"@type":"ListItem","position":1,"name":"Home","item":"https:\/\/egcc.ee\/fi\/"},{"@type":"ListItem","position":2,"name":"Yksityisopetus"}]},{"@type":"WebSite","@id":"https:\/\/egcc.ee\/fi\/#website","url":"https:\/\/egcc.ee\/fi\/","name":"Estonian Golf &amp; Country Club","description":"J\u00f5el\u00e4htmes saab golfi!","publisher":{"@id":"https:\/\/egcc.ee\/fi\/#organization"},"potentialAction":[{"@type":"SearchAction","target":{"@type":"EntryPoint","urlTemplate":"https:\/\/egcc.ee\/fi\/?s={search_term_string}"},"query-input":{"@type":"PropertyValueSpecification","valueRequired":true,"valueName":"search_term_string"}}],"inLanguage":"fi"},{"@type":"Organization","@id":"https:\/\/egcc.ee\/fi\/#organization","name":"Estonian Golf &amp; Country Club","url":"https:\/\/egcc.ee\/fi\/","logo":{"@type":"ImageObject","inLanguage":"fi","@id":"https:\/\/egcc.ee\/fi\/#\/schema\/logo\/image\/","url":"https:\/\/egcc.ee\/wp-content\/uploads\/2023\/04\/EGCC_logo_150.png","contentUrl":"https:\/\/egcc.ee\/wp-content\/uploads\/2023\/04\/EGCC_logo_150.png","width":150,"height":150,"caption":"Estonian Golf &amp; Country Club"},"image":{"@id":"https:\/\/egcc.ee\/fi\/#\/schema\/logo\/image\/"}}]}},"_links":{"self":[{"href":"https:\/\/egcc.ee\/fi\/wp-json\/wp\/v2\/pages\/15192","targetHints":{"allow":["GET"]}}],"collection":[{"href":"https:\/\/egcc.ee\/fi\/wp-json\/wp\/v2\/pages"}],"about":[{"href":"https:\/\/egcc.ee\/fi\/wp-json\/wp\/v2\/types\/page"}],"author":[{"embeddable":true,"href":"https:\/\/egcc.ee\/fi\/wp-json\/wp\/v2\/users\/2"}],"replies":[{"embeddable":true,"href":"https:\/\/egcc.ee\/fi\/wp-json\/wp\/v2\/comments?post=15192"}],"version-history":[{"count":34,"href":"https:\/\/egcc.ee\/fi\/wp-json\/wp\/v2\/pages\/15192\/revisions"}],"predecessor-version":[{"id":34506,"href":"https:\/\/egcc.ee\/fi\/wp-json\/wp\/v2\/pages\/15192\/revisions\/34506"}],"wp:featuredmedia":[{"embeddable":true,"href":"https:\/\/egcc.ee\/fi\/wp-json\/wp\/v2\/media\/13322"}],"wp:attachment":[{"href":"https:\/\/egcc.ee\/fi\/wp-json\/wp\/v2\/media?parent=15192"}],"curies":[{"name":"wp","href":"https:\/\/api.w.org\/{rel}","templated":true}]}}