{"id":15093,"date":"2023-08-10T00:12:58","date_gmt":"2023-08-09T21:12:58","guid":{"rendered":"https:\/\/prelive.egcc.ee\/golfdemo\/"},"modified":"2025-05-30T17:42:11","modified_gmt":"2025-05-30T14:42:11","slug":"golfdemo","status":"publish","type":"page","link":"https:\/\/egcc.ee\/fi\/golfdemo\/","title":{"rendered":"Golf Demo"},"content":{"rendered":"\n<div class=\"wp-block-media-text has-media-on-the-right is-stacked-on-mobile\"><div class=\"wp-block-media-text__content\">\n<div style=\"height:20px\" aria-hidden=\"true\" class=\"wp-block-spacer\"><\/div>\n\n\n\n<h2 class=\"wp-block-heading\">Mielell\u00e4\u00e4n odotamme tutustumaan golfiin!<\/h2>\n\n\n\n<p>Golfdemon yhteydess\u00e4 on mahdollisuus viipy\u00e4 puoli p\u00e4iv\u00e4\u00e4 kauniissa luonnossa, rentoutua, viett\u00e4\u00e4 aikaa liikunnan parissa ja pit\u00e4\u00e4 hauskaa, tutustua Rebalan suojelualueen vieress\u00e4 sijaitsevaan EGCC:n golfkeskukseen ja paikkakunnan historiaan.<\/p>\n<\/div><figure class=\"wp-block-media-text__media\"><img loading=\"lazy\" decoding=\"async\" width=\"1024\" height=\"682\" src=\"https:\/\/egcc.ee\/wp-content\/uploads\/2023\/08\/EGCC_golfidemo_YSD0824-1024x682.jpg\" alt=\"\" class=\"wp-image-13497 size-full\" srcset=\"https:\/\/egcc.ee\/wp-content\/uploads\/2023\/08\/EGCC_golfidemo_YSD0824-1024x682.jpg 1024w, https:\/\/egcc.ee\/wp-content\/uploads\/2023\/08\/EGCC_golfidemo_YSD0824-300x200.jpg 300w, https:\/\/egcc.ee\/wp-content\/uploads\/2023\/08\/EGCC_golfidemo_YSD0824-768x512.jpg 768w, https:\/\/egcc.ee\/wp-content\/uploads\/2023\/08\/EGCC_golfidemo_YSD0824-1536x1024.jpg 1536w, https:\/\/egcc.ee\/wp-content\/uploads\/2023\/08\/EGCC_golfidemo_YSD0824.jpg 2000w\" sizes=\"auto, (max-width: 1024px) 100vw, 1024px\" \/><\/figure><\/div>\n\n\n\n<div style=\"height:20px\" aria-hidden=\"true\" class=\"wp-block-spacer\"><\/div>\n\n\n\n<div class=\"wp-block-media-text is-stacked-on-mobile\"><figure class=\"wp-block-media-text__media\"><img loading=\"lazy\" decoding=\"async\" width=\"1024\" height=\"682\" src=\"https:\/\/egcc.ee\/wp-content\/uploads\/2023\/08\/EGCC_putting_green_YSD1396-1024x682.jpg\" alt=\"\" class=\"wp-image-15067 size-full\" srcset=\"https:\/\/egcc.ee\/wp-content\/uploads\/2023\/08\/EGCC_putting_green_YSD1396-1024x682.jpg 1024w, https:\/\/egcc.ee\/wp-content\/uploads\/2023\/08\/EGCC_putting_green_YSD1396-300x200.jpg 300w, https:\/\/egcc.ee\/wp-content\/uploads\/2023\/08\/EGCC_putting_green_YSD1396-768x512.jpg 768w, https:\/\/egcc.ee\/wp-content\/uploads\/2023\/08\/EGCC_putting_green_YSD1396-1536x1024.jpg 1536w, https:\/\/egcc.ee\/wp-content\/uploads\/2023\/08\/EGCC_putting_green_YSD1396.jpg 2000w\" sizes=\"auto, (max-width: 1024px) 100vw, 1024px\" \/><\/figure><div class=\"wp-block-media-text__content\">\n<div style=\"height:20px\" aria-hidden=\"true\" class=\"wp-block-spacer\"><\/div>\n\n\n\n<h2 class=\"wp-block-heading\">2 tuntia demo sis\u00e4lt\u00e4\u00e4:<\/h2>\n\n\n\n<ul class=\"wp-block-list\">\n<li>esitelm\u00e4n golfin historiasta, s\u00e4\u00e4nn\u00f6ist\u00e4 ja etiketist\u00e4<\/li>\n\n\n\n<li>harjoituksia golfin valmentajan ohjaamana harjoituskentill\u00e4<\/li>\n\n\n\n<li>varusteita ja harjoituspalloja<\/li>\n\n\n\n<li>seuratalossa olevan saunan ja pukuhuoneiden k\u00e4ytt\u00f6\u00e4<\/li>\n<\/ul>\n<\/div><\/div>\n\n\n\n<div style=\"height:20px\" aria-hidden=\"true\" class=\"wp-block-spacer\"><\/div>\n\n\n\n<div class=\"wp-block-media-text has-media-on-the-right is-stacked-on-mobile\"><div class=\"wp-block-media-text__content\">\n<div style=\"height:20px\" aria-hidden=\"true\" class=\"wp-block-spacer\"><\/div>\n\n\n\n<h2 class=\"wp-block-heading\">Hinta<\/h2>\n\n\n\n<ul class=\"wp-block-list\">\n<li>jopa 10 osallistujaa <strong><mark style=\"background-color:rgba(0, 0, 0, 0);color:#bd8f18\" class=\"has-inline-color\">290 \u20ac<\/mark><\/strong> + ALV<\/li>\n\n\n\n<li>joka seuraava hl\u00f6 <strong><mark style=\"background-color:rgba(0, 0, 0, 0);color:#bd8f18\" class=\"has-inline-color\">35 \u20ac<\/mark><\/strong> + ALV <\/li>\n<\/ul>\n\n\n\n<h2 class=\"wp-block-heading\">Kielet<\/h2>\n\n\n\n<ul class=\"wp-block-list\">\n<li>viro<\/li>\n\n\n\n<li>englanti<\/li>\n\n\n\n<li>suomi<\/li>\n\n\n\n<li>ven\u00e4j\u00e4<\/li>\n\n\n\n<li>ranska<\/li>\n\n\n\n<li>ruotsia<\/li>\n<\/ul>\n<\/div><figure class=\"wp-block-media-text__media\"><img loading=\"lazy\" decoding=\"async\" width=\"1024\" height=\"682\" src=\"https:\/\/egcc.ee\/wp-content\/uploads\/2023\/08\/EGCC_golfidemo_YSD0224-1024x682.jpg\" alt=\"\" class=\"wp-image-13476 size-full\" srcset=\"https:\/\/egcc.ee\/wp-content\/uploads\/2023\/08\/EGCC_golfidemo_YSD0224-1024x682.jpg 1024w, https:\/\/egcc.ee\/wp-content\/uploads\/2023\/08\/EGCC_golfidemo_YSD0224-300x200.jpg 300w, https:\/\/egcc.ee\/wp-content\/uploads\/2023\/08\/EGCC_golfidemo_YSD0224-768x512.jpg 768w, https:\/\/egcc.ee\/wp-content\/uploads\/2023\/08\/EGCC_golfidemo_YSD0224-1536x1024.jpg 1536w, https:\/\/egcc.ee\/wp-content\/uploads\/2023\/08\/EGCC_golfidemo_YSD0224.jpg 2000w\" sizes=\"auto, (max-width: 1024px) 100vw, 1024px\" \/><\/figure><\/div>\n\n\n\n<div style=\"height:20px\" aria-hidden=\"true\" class=\"wp-block-spacer\"><\/div>\n\n\n\n<div class=\"wp-block-media-text is-stacked-on-mobile\"><figure class=\"wp-block-media-text__media\"><img loading=\"lazy\" decoding=\"async\" width=\"1024\" height=\"683\" src=\"https:\/\/egcc.ee\/wp-content\/uploads\/2023\/05\/Joelahtme_Da_Vinci_Golfirestoran_01-1024x683.jpg\" alt=\"\" class=\"wp-image-9295 size-full\" srcset=\"https:\/\/egcc.ee\/wp-content\/uploads\/2023\/05\/Joelahtme_Da_Vinci_Golfirestoran_01-1024x683.jpg 1024w, https:\/\/egcc.ee\/wp-content\/uploads\/2023\/05\/Joelahtme_Da_Vinci_Golfirestoran_01-300x200.jpg 300w, https:\/\/egcc.ee\/wp-content\/uploads\/2023\/05\/Joelahtme_Da_Vinci_Golfirestoran_01-768x512.jpg 768w, https:\/\/egcc.ee\/wp-content\/uploads\/2023\/05\/Joelahtme_Da_Vinci_Golfirestoran_01-1536x1025.jpg 1536w, https:\/\/egcc.ee\/wp-content\/uploads\/2023\/05\/Joelahtme_Da_Vinci_Golfirestoran_01.jpg 2000w\" sizes=\"auto, (max-width: 1024px) 100vw, 1024px\" \/><\/figure><div class=\"wp-block-media-text__content\">\n<div style=\"height:20px\" aria-hidden=\"true\" class=\"wp-block-spacer\"><\/div>\n\n\n\n<h2 class=\"wp-block-heading\">Pelip\u00e4iv\u00e4<\/h2>\n\n\n\n<p>Jos haluat yhdist\u00e4\u00e4 golfdemon seminaariin tai vuosip\u00e4iv\u00e4\u00e4n, voit k\u00e4ytt\u00e4\u00e4 my\u00f6s seminaarihuonettamme.<\/p>\n\n\n\n<p><a href=\"https:\/\/egcc.ee\/fi\/ravintola\/\">J\u00f5el\u00e4htme Da Vinci Golf Ravintola<\/a> voi kattaa kahvi- tai juhlap\u00f6yd\u00e4n.<\/p>\n<\/div><\/div>\n\n\n\n<div style=\"height:20px\" aria-hidden=\"true\" class=\"wp-block-spacer\"><\/div>\n\n\n<div class=\"callout-box\">\n    <div class=\"content-area\">\n        <div class=\"icon d-none d-md-block\">\n            <img decoding=\"async\" src=\"https:\/\/egcc.ee\/wp-content\/themes\/egcc\/assets\/images\/callout-bird.png\" \/>\n        <\/div>\n\n        <div class=\"content\">\n            <p><strong>Olemme varmoja, ett\u00e4 yhdess\u00e4 luomme el\u00e4myksen, joka ylitt\u00e4\u00e4 kaikkien osallistujien odotukset!<\/strong><\/p>\n<p>&nbsp;<\/p>\n<p>Ota yhteytt\u00e4 s\u00e4hk\u00f6postilla <a href=\"mailto:sales@egcc.ee\" target=\"_blank\" rel=\"noopener\">sales@egcc.ee<\/a> tai soita<a href=\"tel:+37255539455\" target=\"_blank\" rel=\"noreferrer noopener\"> +372 555 394 55<\/a>.<\/p>\n\n                    <\/div>\n    <\/div>\n<\/div>","protected":false},"excerpt":{"rendered":"","protected":false},"author":2,"featured_media":13499,"parent":0,"menu_order":0,"comment_status":"closed","ping_status":"closed","template":"","meta":{"_acf_changed":false,"ngg_post_thumbnail":0,"footnotes":""},"class_list":["post-15093","page","type-page","status-publish","has-post-thumbnail","hentry"],"acf":[],"yoast_head":"<!-- This site is optimized with the Yoast SEO plugin v27.1.1 - https:\/\/yoast.com\/product\/yoast-seo-wordpress\/ -->\n<title>Golf Demo &#8211; Estonian Golf &amp; Country Club<\/title>\n<meta name=\"description\" content=\"EGCC golfdemo: yhteydess\u00e4 on mahdollisuus viipy\u00e4 kauniissa luonnossa, rentoutua, viett\u00e4\u00e4 aikaa liikunnan parissa ja pit\u00e4\u00e4 hauskaa.\" \/>\n<meta name=\"robots\" content=\"index, follow, max-snippet:-1, max-image-preview:large, max-video-preview:-1\" \/>\n<link rel=\"canonical\" href=\"https:\/\/egcc.ee\/fi\/golfdemo\/\" \/>\n<meta property=\"og:locale\" content=\"fi_FI\" \/>\n<meta property=\"og:type\" content=\"article\" \/>\n<meta property=\"og:title\" content=\"Golf Demo &#8211; Estonian Golf &amp; Country Club\" \/>\n<meta property=\"og:description\" content=\"EGCC golfdemo: yhteydess\u00e4 on mahdollisuus viipy\u00e4 kauniissa luonnossa, rentoutua, viett\u00e4\u00e4 aikaa liikunnan parissa ja pit\u00e4\u00e4 hauskaa.\" \/>\n<meta property=\"og:url\" content=\"https:\/\/egcc.ee\/fi\/golfdemo\/\" \/>\n<meta property=\"og:site_name\" content=\"Estonian Golf &amp; Country Club\" \/>\n<meta property=\"article:modified_time\" content=\"2025-05-30T14:42:11+00:00\" \/>\n<meta property=\"og:image\" content=\"https:\/\/egcc.ee\/wp-content\/uploads\/2023\/08\/EGCC_golfidemo_YSD0824.jpg\" \/>\n\t<meta property=\"og:image:width\" content=\"2000\" \/>\n\t<meta property=\"og:image:height\" content=\"1333\" \/>\n\t<meta property=\"og:image:type\" content=\"image\/jpeg\" \/>\n<meta name=\"twitter:card\" content=\"summary_large_image\" \/>\n<meta name=\"twitter:label1\" content=\"Arvioitu lukuaika\" \/>\n\t<meta name=\"twitter:data1\" content=\"1 minuutti\" \/>\n<script type=\"application\/ld+json\" class=\"yoast-schema-graph\">{\"@context\":\"https:\/\/schema.org\",\"@graph\":[{\"@type\":\"WebPage\",\"@id\":\"https:\/\/egcc.ee\/fi\/golfdemo\/\",\"url\":\"https:\/\/egcc.ee\/fi\/golfdemo\/\",\"name\":\"Golf Demo &#8211; Estonian Golf &amp; Country Club\",\"isPartOf\":{\"@id\":\"https:\/\/egcc.ee\/fi\/#website\"},\"primaryImageOfPage\":{\"@id\":\"https:\/\/egcc.ee\/fi\/golfdemo\/#primaryimage\"},\"image\":{\"@id\":\"https:\/\/egcc.ee\/fi\/golfdemo\/#primaryimage\"},\"thumbnailUrl\":\"https:\/\/egcc.ee\/wp-content\/uploads\/2023\/08\/EGCC_golfidemo_YSD0824.jpg\",\"datePublished\":\"2023-08-09T21:12:58+00:00\",\"dateModified\":\"2025-05-30T14:42:11+00:00\",\"description\":\"EGCC golfdemo: yhteydess\u00e4 on mahdollisuus viipy\u00e4 kauniissa luonnossa, rentoutua, viett\u00e4\u00e4 aikaa liikunnan parissa ja pit\u00e4\u00e4 hauskaa.\",\"breadcrumb\":{\"@id\":\"https:\/\/egcc.ee\/fi\/golfdemo\/#breadcrumb\"},\"inLanguage\":\"fi\",\"potentialAction\":[{\"@type\":\"ReadAction\",\"target\":[\"https:\/\/egcc.ee\/fi\/golfdemo\/\"]}]},{\"@type\":\"ImageObject\",\"inLanguage\":\"fi\",\"@id\":\"https:\/\/egcc.ee\/fi\/golfdemo\/#primaryimage\",\"url\":\"https:\/\/egcc.ee\/wp-content\/uploads\/2023\/08\/EGCC_golfidemo_YSD0824.jpg\",\"contentUrl\":\"https:\/\/egcc.ee\/wp-content\/uploads\/2023\/08\/EGCC_golfidemo_YSD0824.jpg\",\"width\":2000,\"height\":1333,\"caption\":\"Estonian Golf & Country Club golfidemo\"},{\"@type\":\"BreadcrumbList\",\"@id\":\"https:\/\/egcc.ee\/fi\/golfdemo\/#breadcrumb\",\"itemListElement\":[{\"@type\":\"ListItem\",\"position\":1,\"name\":\"Home\",\"item\":\"https:\/\/egcc.ee\/fi\/\"},{\"@type\":\"ListItem\",\"position\":2,\"name\":\"Golf Demo\"}]},{\"@type\":\"WebSite\",\"@id\":\"https:\/\/egcc.ee\/fi\/#website\",\"url\":\"https:\/\/egcc.ee\/fi\/\",\"name\":\"Estonian Golf &amp; Country Club\",\"description\":\"J\u00f5el\u00e4htmes saab golfi!\",\"publisher\":{\"@id\":\"https:\/\/egcc.ee\/fi\/#organization\"},\"potentialAction\":[{\"@type\":\"SearchAction\",\"target\":{\"@type\":\"EntryPoint\",\"urlTemplate\":\"https:\/\/egcc.ee\/fi\/?s={search_term_string}\"},\"query-input\":{\"@type\":\"PropertyValueSpecification\",\"valueRequired\":true,\"valueName\":\"search_term_string\"}}],\"inLanguage\":\"fi\"},{\"@type\":\"Organization\",\"@id\":\"https:\/\/egcc.ee\/fi\/#organization\",\"name\":\"Estonian Golf &amp; Country Club\",\"url\":\"https:\/\/egcc.ee\/fi\/\",\"logo\":{\"@type\":\"ImageObject\",\"inLanguage\":\"fi\",\"@id\":\"https:\/\/egcc.ee\/fi\/#\/schema\/logo\/image\/\",\"url\":\"https:\/\/egcc.ee\/wp-content\/uploads\/2023\/04\/EGCC_logo_150.png\",\"contentUrl\":\"https:\/\/egcc.ee\/wp-content\/uploads\/2023\/04\/EGCC_logo_150.png\",\"width\":150,\"height\":150,\"caption\":\"Estonian Golf &amp; Country Club\"},\"image\":{\"@id\":\"https:\/\/egcc.ee\/fi\/#\/schema\/logo\/image\/\"}}]}<\/script>\n<!-- \/ Yoast SEO plugin. -->","yoast_head_json":{"title":"Golf Demo &#8211; Estonian Golf &amp; Country Club","description":"EGCC golfdemo: yhteydess\u00e4 on mahdollisuus viipy\u00e4 kauniissa luonnossa, rentoutua, viett\u00e4\u00e4 aikaa liikunnan parissa ja pit\u00e4\u00e4 hauskaa.","robots":{"index":"index","follow":"follow","max-snippet":"max-snippet:-1","max-image-preview":"max-image-preview:large","max-video-preview":"max-video-preview:-1"},"canonical":"https:\/\/egcc.ee\/fi\/golfdemo\/","og_locale":"fi_FI","og_type":"article","og_title":"Golf Demo &#8211; Estonian Golf &amp; Country Club","og_description":"EGCC golfdemo: yhteydess\u00e4 on mahdollisuus viipy\u00e4 kauniissa luonnossa, rentoutua, viett\u00e4\u00e4 aikaa liikunnan parissa ja pit\u00e4\u00e4 hauskaa.","og_url":"https:\/\/egcc.ee\/fi\/golfdemo\/","og_site_name":"Estonian Golf &amp; Country Club","article_modified_time":"2025-05-30T14:42:11+00:00","og_image":[{"width":2000,"height":1333,"url":"https:\/\/egcc.ee\/wp-content\/uploads\/2023\/08\/EGCC_golfidemo_YSD0824.jpg","type":"image\/jpeg"}],"twitter_card":"summary_large_image","twitter_misc":{"Arvioitu lukuaika":"1 minuutti"},"schema":{"@context":"https:\/\/schema.org","@graph":[{"@type":"WebPage","@id":"https:\/\/egcc.ee\/fi\/golfdemo\/","url":"https:\/\/egcc.ee\/fi\/golfdemo\/","name":"Golf Demo &#8211; Estonian Golf &amp; Country Club","isPartOf":{"@id":"https:\/\/egcc.ee\/fi\/#website"},"primaryImageOfPage":{"@id":"https:\/\/egcc.ee\/fi\/golfdemo\/#primaryimage"},"image":{"@id":"https:\/\/egcc.ee\/fi\/golfdemo\/#primaryimage"},"thumbnailUrl":"https:\/\/egcc.ee\/wp-content\/uploads\/2023\/08\/EGCC_golfidemo_YSD0824.jpg","datePublished":"2023-08-09T21:12:58+00:00","dateModified":"2025-05-30T14:42:11+00:00","description":"EGCC golfdemo: yhteydess\u00e4 on mahdollisuus viipy\u00e4 kauniissa luonnossa, rentoutua, viett\u00e4\u00e4 aikaa liikunnan parissa ja pit\u00e4\u00e4 hauskaa.","breadcrumb":{"@id":"https:\/\/egcc.ee\/fi\/golfdemo\/#breadcrumb"},"inLanguage":"fi","potentialAction":[{"@type":"ReadAction","target":["https:\/\/egcc.ee\/fi\/golfdemo\/"]}]},{"@type":"ImageObject","inLanguage":"fi","@id":"https:\/\/egcc.ee\/fi\/golfdemo\/#primaryimage","url":"https:\/\/egcc.ee\/wp-content\/uploads\/2023\/08\/EGCC_golfidemo_YSD0824.jpg","contentUrl":"https:\/\/egcc.ee\/wp-content\/uploads\/2023\/08\/EGCC_golfidemo_YSD0824.jpg","width":2000,"height":1333,"caption":"Estonian Golf & Country Club golfidemo"},{"@type":"BreadcrumbList","@id":"https:\/\/egcc.ee\/fi\/golfdemo\/#breadcrumb","itemListElement":[{"@type":"ListItem","position":1,"name":"Home","item":"https:\/\/egcc.ee\/fi\/"},{"@type":"ListItem","position":2,"name":"Golf Demo"}]},{"@type":"WebSite","@id":"https:\/\/egcc.ee\/fi\/#website","url":"https:\/\/egcc.ee\/fi\/","name":"Estonian Golf &amp; Country Club","description":"J\u00f5el\u00e4htmes saab golfi!","publisher":{"@id":"https:\/\/egcc.ee\/fi\/#organization"},"potentialAction":[{"@type":"SearchAction","target":{"@type":"EntryPoint","urlTemplate":"https:\/\/egcc.ee\/fi\/?s={search_term_string}"},"query-input":{"@type":"PropertyValueSpecification","valueRequired":true,"valueName":"search_term_string"}}],"inLanguage":"fi"},{"@type":"Organization","@id":"https:\/\/egcc.ee\/fi\/#organization","name":"Estonian Golf &amp; Country Club","url":"https:\/\/egcc.ee\/fi\/","logo":{"@type":"ImageObject","inLanguage":"fi","@id":"https:\/\/egcc.ee\/fi\/#\/schema\/logo\/image\/","url":"https:\/\/egcc.ee\/wp-content\/uploads\/2023\/04\/EGCC_logo_150.png","contentUrl":"https:\/\/egcc.ee\/wp-content\/uploads\/2023\/04\/EGCC_logo_150.png","width":150,"height":150,"caption":"Estonian Golf &amp; Country Club"},"image":{"@id":"https:\/\/egcc.ee\/fi\/#\/schema\/logo\/image\/"}}]}},"_links":{"self":[{"href":"https:\/\/egcc.ee\/fi\/wp-json\/wp\/v2\/pages\/15093","targetHints":{"allow":["GET"]}}],"collection":[{"href":"https:\/\/egcc.ee\/fi\/wp-json\/wp\/v2\/pages"}],"about":[{"href":"https:\/\/egcc.ee\/fi\/wp-json\/wp\/v2\/types\/page"}],"author":[{"embeddable":true,"href":"https:\/\/egcc.ee\/fi\/wp-json\/wp\/v2\/users\/2"}],"replies":[{"embeddable":true,"href":"https:\/\/egcc.ee\/fi\/wp-json\/wp\/v2\/comments?post=15093"}],"version-history":[{"count":20,"href":"https:\/\/egcc.ee\/fi\/wp-json\/wp\/v2\/pages\/15093\/revisions"}],"predecessor-version":[{"id":35269,"href":"https:\/\/egcc.ee\/fi\/wp-json\/wp\/v2\/pages\/15093\/revisions\/35269"}],"wp:featuredmedia":[{"embeddable":true,"href":"https:\/\/egcc.ee\/fi\/wp-json\/wp\/v2\/media\/13499"}],"wp:attachment":[{"href":"https:\/\/egcc.ee\/fi\/wp-json\/wp\/v2\/media?parent=15093"}],"curies":[{"name":"wp","href":"https:\/\/api.w.org\/{rel}","templated":true}]}}