{"id":14961,"date":"2023-04-16T17:50:03","date_gmt":"2023-04-16T14:50:03","guid":{"rendered":"https:\/\/prelive.egcc.ee\/egcc-klubi\/"},"modified":"2026-03-10T15:34:01","modified_gmt":"2026-03-10T13:34:01","slug":"egcc-seura","status":"publish","type":"page","link":"https:\/\/egcc.ee\/fi\/egcc-seura\/","title":{"rendered":"Seura"},"content":{"rendered":"\n<div class=\"wp-block-media-text has-media-on-the-right is-stacked-on-mobile\"><div class=\"wp-block-media-text__content\">\n<div style=\"height:20px\" aria-hidden=\"true\" class=\"wp-block-spacer\"><\/div>\n\n\n\n<div style=\"height:20px\" aria-hidden=\"true\" class=\"wp-block-spacer\"><\/div>\n\n\n\n<p class=\"has-text-align-left\">Haluamme kiitt\u00e4\u00e4 kaikkia osakkeenomistajia ja seuran j\u00e4seni\u00e4, jotka ovat tukeneet seuraamme vuosien varrella.<\/p>\n\n\n\n<p class=\"has-text-align-left\">Teid\u00e4n ansiosta olemme p\u00e4\u00e4sseet niin pitk\u00e4lle, ett\u00e4 voimme edet\u00e4 vahvalla selk\u00e4ll\u00e4\u00e4n t\u00e4ytt\u00e4\u00e4ksemme seuraavat pitk\u00e4n aikav\u00e4lin tavoitteemme. Teemme sen kuten olemme tehneet seuran alusta asti: rauhallisesti, kiireett\u00f6m\u00e4sti, j\u00e4rkev\u00e4sti ja vaatimattomasti.<\/p>\n<\/div><figure class=\"wp-block-media-text__media\"><img loading=\"lazy\" decoding=\"async\" width=\"1024\" height=\"682\" src=\"https:\/\/egcc.ee\/wp-content\/uploads\/2023\/08\/EGCC_klubi_DJI_0252-1024x682.jpg\" alt=\"\" class=\"wp-image-13459 size-full\" srcset=\"https:\/\/egcc.ee\/wp-content\/uploads\/2023\/08\/EGCC_klubi_DJI_0252-1024x682.jpg 1024w, https:\/\/egcc.ee\/wp-content\/uploads\/2023\/08\/EGCC_klubi_DJI_0252-300x200.jpg 300w, https:\/\/egcc.ee\/wp-content\/uploads\/2023\/08\/EGCC_klubi_DJI_0252-768x512.jpg 768w, https:\/\/egcc.ee\/wp-content\/uploads\/2023\/08\/EGCC_klubi_DJI_0252-1536x1024.jpg 1536w, https:\/\/egcc.ee\/wp-content\/uploads\/2023\/08\/EGCC_klubi_DJI_0252.jpg 2000w\" sizes=\"auto, (max-width: 1024px) 100vw, 1024px\" \/><\/figure><\/div>\n\n\n\n<div style=\"height:20px\" aria-hidden=\"true\" class=\"wp-block-spacer\"><\/div>\n\n\n\n<div class=\"wp-block-media-text is-stacked-on-mobile\"><figure class=\"wp-block-media-text__media\"><img loading=\"lazy\" decoding=\"async\" width=\"1024\" height=\"682\" src=\"https:\/\/egcc.ee\/wp-content\/uploads\/2023\/08\/EGCC_Hanno_Kross-1024x682.jpg\" alt=\"\" class=\"wp-image-14965 size-full\" srcset=\"https:\/\/egcc.ee\/wp-content\/uploads\/2023\/08\/EGCC_Hanno_Kross-1024x682.jpg 1024w, https:\/\/egcc.ee\/wp-content\/uploads\/2023\/08\/EGCC_Hanno_Kross-300x200.jpg 300w, https:\/\/egcc.ee\/wp-content\/uploads\/2023\/08\/EGCC_Hanno_Kross-768x512.jpg 768w, https:\/\/egcc.ee\/wp-content\/uploads\/2023\/08\/EGCC_Hanno_Kross-1536x1024.jpg 1536w, https:\/\/egcc.ee\/wp-content\/uploads\/2023\/08\/EGCC_Hanno_Kross.jpg 2000w\" sizes=\"auto, (max-width: 1024px) 100vw, 1024px\" \/><\/figure><div class=\"wp-block-media-text__content\">\n<div style=\"height:20px\" aria-hidden=\"true\" class=\"wp-block-spacer\"><\/div>\n\n\n\n<p>Perinteet, historia, luonto, ihmiset ja golfin arvot ovat t\u00e4rkeit\u00e4 seurassamme, ja t\u00e4m\u00e4 kaikki n\u00e4kyy my\u00f6s rakentamissamme kentiss\u00e4 niiden kauneudessa, monimutkaisuudessa, luonnollisuudessa ja samalla nerokkaassa yksinkertaisuudessaan.<\/p>\n\n\n\n<p>On ilo jakaa se mahdollisimman monen kanssa t\u00e4\u00e4ll\u00e4 J\u00f5el\u00e4htmell\u00e4!<\/p>\n\n\n\n<p class=\"has-text-align-right\">Hanno Kross<br>Estonian Golf &amp; Country Clubin toimitusjohtaja<\/p>\n<\/div><\/div>\n\n\n\n<div style=\"height:30px\" aria-hidden=\"true\" class=\"wp-block-spacer\"><\/div>\n\n\n\n<div class=\"accordion\" id=\"accordion-1152674\">\n            <div class=\"accordion-item\">\n            <h2 class=\"accordion-header\" id=\"accordion-1152674-heading-1\">\n                <button class=\"accordion-button \" type=\"button\" data-bs-toggle=\"collapse\" data-bs-target=\"#collapse-accordion-1152674-1\" aria-expanded=\"true\" aria-controls=\"collapse-accordion-1152674-1\">\n                    <span class=\"material-icons\"> groups <\/span>&nbsp;<strong>650 SEURAN J\u00c4SENT\u00c4<\/strong>                <\/button>\n            <\/h2>\n            <div id=\"collapse-accordion-1152674-1\" class=\"accordion-collapse collapse show\" aria-labelledby=\"accordion-1152674-heading-1\" data-bs-parent=\"#accordion-1152674\">\n                <div class=\"accordion-body\">\n                    <p><!-- wp:paragraph --><\/p>\n<p>Vuonna 2005 perustettu Estonian Golf &amp; Country Club on yht\u00e4 vahva kuin sen j\u00e4senet. Olemme eritt\u00e4in iloisia, kun uusia j\u00e4seni\u00e4 haluaa liitty\u00e4 kerhoomme v\u00e4litt\u00e4\u00e4kseen seuran mukanaan tuomia arvoja pelin ja asenteen kautta ihmisiin.<\/p>\n<p>Itse asiassa voit pelata golfia ilman, ett\u00e4 olet seuran j\u00e4sen. Kent\u00e4t ovat avoinna, jopa pelioikeutta voi ostaa ja pelata jopa 100 kertaa vuodessa. Jos golf on kuitenkin el\u00e4m\u00e4ss\u00e4 keskim\u00e4\u00e4r\u00e4ist\u00e4 t\u00e4rke\u00e4mp\u00e4\u00e4, j\u00e4senyys antaa pelille lahjaksi laajan sosiaalisen verkoston, kotikentt\u00e4edut ja -etuja sek\u00e4 seurakilpailut l\u00e4pi kauden.<\/p>\n<p>Estonian Golf &amp; Country Clubiin mahtuu 650 aikuista j\u00e4sent\u00e4, raja ei koske lapsia ja nuoria. Uusien j\u00e4senten ja jonotuslistalla olevien osalta etusijalla ovat AS EGCC:n osakkeenomistajat, jotka ovat oikeutettuja&nbsp;<a href=\"https:\/\/egcc.ee\/fi\/edut\/\">edut ja merkitt\u00e4viin alennuksiin<\/a>&nbsp;EGCC:n palveluita k\u00e4ytt\u00e4ess\u00e4\u00e4n. T\u00e4ll\u00e4 hetkell\u00e4 voit liitty\u00e4 j\u00e4seneksi ilman osuutta.<\/p>\n<p><strong>Vuonna 2026 kerhon j\u00e4senmaksun er\u00e4p\u00e4iv\u00e4 on 16. maaliskuuta.<\/strong> M\u00e4\u00e4r\u00e4ajan j\u00e4lkeen vapautamme j\u00e4senmaksua maksamattomat paikat jonotuslistalla oleville golfin yst\u00e4ville.<\/p>\n<ul>\n<li><a href=\"https:\/\/egcc.ee\/fi\/liity-jaseneksi\/\">Liity j\u00e4seneksi<\/a><\/li>\n<\/ul>\n<p><!-- \/wp:paragraph --><\/p>\n                <\/div>\n            <\/div>\n        <\/div>\n            <div class=\"accordion-item\">\n            <h2 class=\"accordion-header\" id=\"accordion-1152674-heading-2\">\n                <button class=\"accordion-button collapsed\" type=\"button\" data-bs-toggle=\"collapse\" data-bs-target=\"#collapse-accordion-1152674-2\" aria-expanded=\"true\" aria-controls=\"collapse-accordion-1152674-2\">\n                    <span class=\"material-icons\"> golf_course <\/span>&nbsp;<strong>400 OSAKKEENOMISTAJAA<\/strong>                <\/button>\n            <\/h2>\n            <div id=\"collapse-accordion-1152674-2\" class=\"accordion-collapse collapse \" aria-labelledby=\"accordion-1152674-heading-2\" data-bs-parent=\"#accordion-1152674\">\n                <div class=\"accordion-body\">\n                    <p>HCPI-johtamisen ja kotiseurapalvelujen lis\u00e4ksi on mahdollista hankkia osuutta J\u00f5el\u00e4htmen golfkentti\u00e4 omistavasta ja hallinnoivasta AS EGCC:st\u00e4. Meill\u00e4 on yli 400 osakkeenomistajaa, jotka omistavat yli 50 % osakeyhti\u00f6st\u00e4. Vuosien 2003\u20132007 osakkeenomistajien panoksen ansiosta EGCC saatiin p\u00e4\u00e4t\u00f6kseen. Rahoitusta rakentamiseen hankittiin osakeannilla ja osakeannilla, joihin sijoittivat tavalliset golfarit ja seuran j\u00e4senet, joista suurin osa omistaa yhden tai kaksi EGCC:n osaketta.<\/p>\n<p>Nyky\u00e4\u00e4n emme omista osakkeita pitk\u00e4\u00e4n aikaan, mutta voit halutessasi ostaa osakkeita markkinoilta. Niin monet ulkomaalaiset, jotka auttoivat seuraa ja ostivat osakkeita vuonna 2005, ovat v\u00e4hent\u00e4neet pelikierroksiaan i\u00e4n vuoksi. Monet eiv\u00e4t en\u00e4\u00e4 pelaa kierroksia Virossa ja ovat valmiita myym\u00e4\u00e4n osakkeensa aktiivisille virolaisille pelaajille.<\/p>\n                <\/div>\n            <\/div>\n        <\/div>\n            <div class=\"accordion-item\">\n            <h2 class=\"accordion-header\" id=\"accordion-1152674-heading-3\">\n                <button class=\"accordion-button collapsed\" type=\"button\" data-bs-toggle=\"collapse\" data-bs-target=\"#collapse-accordion-1152674-3\" aria-expanded=\"true\" aria-controls=\"collapse-accordion-1152674-3\">\n                    <span class=\"material-icons\"> flight  <\/span>&nbsp;<strong>EUROPEAN TOUR DESTINATIONS<\/strong>                <\/button>\n            <\/h2>\n            <div id=\"collapse-accordion-1152674-3\" class=\"accordion-collapse collapse \" aria-labelledby=\"accordion-1152674-heading-3\" data-bs-parent=\"#accordion-1152674\">\n                <div class=\"accordion-body\">\n                    <p>Seuran perustamisesta l\u00e4htien olemme pit\u00e4neet melko vaatimattoman linjan ja tehneet ty\u00f6mme tasaisesti ja harkiten. Vaatimattomuutemme ei kuitenkaan ole n\u00e4kynyt tavoitteiden puutteena tai seuran punaisissa takeissa. Liityimme jo vuonna 2005 <a href=\"https:\/\/egcc.ee\/fi\/european-tour-destinations\/\">European Tour Destinations<\/a> -verkostoon saadaksemme suoran p\u00e4\u00e4syn golfmaailman parhaaseen osaamiseen.<\/p>\n                <\/div>\n            <\/div>\n        <\/div>\n            <div class=\"accordion-item\">\n            <h2 class=\"accordion-header\" id=\"accordion-1152674-heading-4\">\n                <button class=\"accordion-button collapsed\" type=\"button\" data-bs-toggle=\"collapse\" data-bs-target=\"#collapse-accordion-1152674-4\" aria-expanded=\"true\" aria-controls=\"collapse-accordion-1152674-4\">\n                    <span class=\"material-icons\"> emoji_events <\/span>&nbsp;<strong>KANSAINV\u00c4LISET KILPAILUT<\/strong>                <\/button>\n            <\/h2>\n            <div id=\"collapse-accordion-1152674-4\" class=\"accordion-collapse collapse \" aria-labelledby=\"accordion-1152674-heading-4\" data-bs-parent=\"#accordion-1152674\">\n                <div class=\"accordion-body\">\n                    <p>Olemme asettaneet itsellemme tavoitteeksi j\u00e4rjest\u00e4\u00e4 vuosittain jonkin suuren, t\u00e4rke\u00e4n kansainv\u00e4lisen kilpailun tuodaksemme Viroon niin pelaajia kuin kilpailun j\u00e4rjest\u00e4ji\u00e4 ja tuomareitakin. Se on antanut monille mahdollisuuden oppia maailman parhaista ja <strong>kokea golfin huipputapahtumia.<\/strong><\/p>\n<p>Hyvi\u00e4 esimerkkej\u00e4 ovat t\u00e4\u00e4ll\u00e4 vuosina 2009 ja 2011 j\u00e4rjestetyt World Cup European Qualifier -ammattikilpailut, joihin on osallistunut monia maailman huippupelaajia ja my\u00f6s&nbsp;<strong>Ryder Cupin pelaajia.&nbsp;<\/strong>Useiden EM-kisojen lis\u00e4ksi J\u00f5el\u00e4htme on is\u00e4nn\u00f6inyt nuorten, seniorien ja my\u00f6s yksil\u00f6n EM-kilpailuja naisille ja miehille vuosina 2014 ja 2016.<\/p>\n<p>J\u00f5el\u00e4htmen golfkent\u00e4ll\u00e4mme on lyhyess\u00e4 ajassa n\u00e4hty uskomattoman paljon huippuja. Sea Course kent\u00e4n enn\u00e4tys&nbsp;<strong>63 ly\u00f6nti\u00e4<\/strong>&nbsp;kuuluu norjalaiselle lahjakkuudelle&nbsp;<strong>Viktor Hovlandille<\/strong>, joka voitti EM-hopeaa vuonna 2016 J\u00f5el\u00e4htmess\u00e4. H\u00e4n on t\u00e4ll\u00e4 hetkell\u00e4 maailman kymmenen parhaan joukossa.<\/p>\n<p>Kes\u00e4 2026 tuo Estonian Golf &amp; Country Clubiin kaksi huipputason turnausta. Hein\u00e4kuun alussa is\u00e4nn\u00f6imme&nbsp;<strong>European Amateur Team Championship<\/strong>&nbsp;-joukkuekilpailua, ja kuun lopussa vuorossa on&nbsp;<strong>Infortar Estonian Challenge<\/strong>, joka on osa Euroopan ammattilaisten HotelPlanner Touria.&nbsp;300 000 euron palkintopotti&nbsp;tekee tapahtumasta yhden Viron merkitt\u00e4vimmist\u00e4 urheilukilpailuista kautta aikojen.<\/p>\n<ul>\n<li><a href=\"https:\/\/egcc.ee\/fi\/golfbox\/\">Kilpailukalenteri<\/a><\/li>\n<\/ul>\n                <\/div>\n            <\/div>\n        <\/div>\n    <\/div>","protected":false},"excerpt":{"rendered":"","protected":false},"author":2,"featured_media":13461,"parent":0,"menu_order":0,"comment_status":"closed","ping_status":"closed","template":"","meta":{"_acf_changed":false,"ngg_post_thumbnail":0,"footnotes":""},"class_list":["post-14961","page","type-page","status-publish","has-post-thumbnail","hentry"],"acf":[],"yoast_head":"<!-- This site is optimized with the Yoast SEO plugin v27.1.1 - https:\/\/yoast.com\/product\/yoast-seo-wordpress\/ -->\n<title>Seura &#8211; Estonian Golf &amp; Country Club<\/title>\n<meta name=\"robots\" content=\"index, follow, max-snippet:-1, max-image-preview:large, max-video-preview:-1\" \/>\n<link rel=\"canonical\" href=\"https:\/\/egcc.ee\/fi\/egcc-seura\/\" \/>\n<meta property=\"og:locale\" content=\"fi_FI\" \/>\n<meta property=\"og:type\" content=\"article\" \/>\n<meta property=\"og:title\" content=\"Seura &#8211; Estonian Golf &amp; Country Club\" \/>\n<meta property=\"og:url\" content=\"https:\/\/egcc.ee\/fi\/egcc-seura\/\" \/>\n<meta property=\"og:site_name\" content=\"Estonian Golf &amp; Country Club\" \/>\n<meta property=\"article:modified_time\" content=\"2026-03-10T13:34:01+00:00\" \/>\n<meta property=\"og:image\" content=\"https:\/\/egcc.ee\/wp-content\/uploads\/2023\/08\/EGCC_klubi_DJI_0252.jpg\" \/>\n\t<meta property=\"og:image:width\" content=\"2000\" \/>\n\t<meta property=\"og:image:height\" content=\"1333\" \/>\n\t<meta property=\"og:image:type\" content=\"image\/jpeg\" \/>\n<meta name=\"twitter:card\" content=\"summary_large_image\" \/>\n<meta name=\"twitter:label1\" content=\"Arvioitu lukuaika\" \/>\n\t<meta name=\"twitter:data1\" content=\"2 minuuttia\" \/>\n<script type=\"application\/ld+json\" class=\"yoast-schema-graph\">{\"@context\":\"https:\/\/schema.org\",\"@graph\":[{\"@type\":\"WebPage\",\"@id\":\"https:\/\/egcc.ee\/fi\/egcc-seura\/\",\"url\":\"https:\/\/egcc.ee\/fi\/egcc-seura\/\",\"name\":\"Seura &#8211; Estonian Golf &amp; Country Club\",\"isPartOf\":{\"@id\":\"https:\/\/egcc.ee\/fi\/#website\"},\"primaryImageOfPage\":{\"@id\":\"https:\/\/egcc.ee\/fi\/egcc-seura\/#primaryimage\"},\"image\":{\"@id\":\"https:\/\/egcc.ee\/fi\/egcc-seura\/#primaryimage\"},\"thumbnailUrl\":\"https:\/\/egcc.ee\/wp-content\/uploads\/2023\/08\/EGCC_klubi_DJI_0252.jpg\",\"datePublished\":\"2023-04-16T14:50:03+00:00\",\"dateModified\":\"2026-03-10T13:34:01+00:00\",\"breadcrumb\":{\"@id\":\"https:\/\/egcc.ee\/fi\/egcc-seura\/#breadcrumb\"},\"inLanguage\":\"fi\",\"potentialAction\":[{\"@type\":\"ReadAction\",\"target\":[\"https:\/\/egcc.ee\/fi\/egcc-seura\/\"]}]},{\"@type\":\"ImageObject\",\"inLanguage\":\"fi\",\"@id\":\"https:\/\/egcc.ee\/fi\/egcc-seura\/#primaryimage\",\"url\":\"https:\/\/egcc.ee\/wp-content\/uploads\/2023\/08\/EGCC_klubi_DJI_0252.jpg\",\"contentUrl\":\"https:\/\/egcc.ee\/wp-content\/uploads\/2023\/08\/EGCC_klubi_DJI_0252.jpg\",\"width\":2000,\"height\":1333,\"caption\":\"EGCC\"},{\"@type\":\"BreadcrumbList\",\"@id\":\"https:\/\/egcc.ee\/fi\/egcc-seura\/#breadcrumb\",\"itemListElement\":[{\"@type\":\"ListItem\",\"position\":1,\"name\":\"Home\",\"item\":\"https:\/\/egcc.ee\/fi\/\"},{\"@type\":\"ListItem\",\"position\":2,\"name\":\"Seura\"}]},{\"@type\":\"WebSite\",\"@id\":\"https:\/\/egcc.ee\/fi\/#website\",\"url\":\"https:\/\/egcc.ee\/fi\/\",\"name\":\"Estonian Golf &amp; Country Club\",\"description\":\"J\u00f5el\u00e4htmes saab golfi!\",\"publisher\":{\"@id\":\"https:\/\/egcc.ee\/fi\/#organization\"},\"potentialAction\":[{\"@type\":\"SearchAction\",\"target\":{\"@type\":\"EntryPoint\",\"urlTemplate\":\"https:\/\/egcc.ee\/fi\/?s={search_term_string}\"},\"query-input\":{\"@type\":\"PropertyValueSpecification\",\"valueRequired\":true,\"valueName\":\"search_term_string\"}}],\"inLanguage\":\"fi\"},{\"@type\":\"Organization\",\"@id\":\"https:\/\/egcc.ee\/fi\/#organization\",\"name\":\"Estonian Golf &amp; Country Club\",\"url\":\"https:\/\/egcc.ee\/fi\/\",\"logo\":{\"@type\":\"ImageObject\",\"inLanguage\":\"fi\",\"@id\":\"https:\/\/egcc.ee\/fi\/#\/schema\/logo\/image\/\",\"url\":\"https:\/\/egcc.ee\/wp-content\/uploads\/2023\/04\/EGCC_logo_150.png\",\"contentUrl\":\"https:\/\/egcc.ee\/wp-content\/uploads\/2023\/04\/EGCC_logo_150.png\",\"width\":150,\"height\":150,\"caption\":\"Estonian Golf &amp; Country Club\"},\"image\":{\"@id\":\"https:\/\/egcc.ee\/fi\/#\/schema\/logo\/image\/\"}}]}<\/script>\n<!-- \/ Yoast SEO plugin. -->","yoast_head_json":{"title":"Seura &#8211; Estonian Golf &amp; Country Club","robots":{"index":"index","follow":"follow","max-snippet":"max-snippet:-1","max-image-preview":"max-image-preview:large","max-video-preview":"max-video-preview:-1"},"canonical":"https:\/\/egcc.ee\/fi\/egcc-seura\/","og_locale":"fi_FI","og_type":"article","og_title":"Seura &#8211; Estonian Golf &amp; Country Club","og_url":"https:\/\/egcc.ee\/fi\/egcc-seura\/","og_site_name":"Estonian Golf &amp; Country Club","article_modified_time":"2026-03-10T13:34:01+00:00","og_image":[{"width":2000,"height":1333,"url":"https:\/\/egcc.ee\/wp-content\/uploads\/2023\/08\/EGCC_klubi_DJI_0252.jpg","type":"image\/jpeg"}],"twitter_card":"summary_large_image","twitter_misc":{"Arvioitu lukuaika":"2 minuuttia"},"schema":{"@context":"https:\/\/schema.org","@graph":[{"@type":"WebPage","@id":"https:\/\/egcc.ee\/fi\/egcc-seura\/","url":"https:\/\/egcc.ee\/fi\/egcc-seura\/","name":"Seura &#8211; Estonian Golf &amp; Country Club","isPartOf":{"@id":"https:\/\/egcc.ee\/fi\/#website"},"primaryImageOfPage":{"@id":"https:\/\/egcc.ee\/fi\/egcc-seura\/#primaryimage"},"image":{"@id":"https:\/\/egcc.ee\/fi\/egcc-seura\/#primaryimage"},"thumbnailUrl":"https:\/\/egcc.ee\/wp-content\/uploads\/2023\/08\/EGCC_klubi_DJI_0252.jpg","datePublished":"2023-04-16T14:50:03+00:00","dateModified":"2026-03-10T13:34:01+00:00","breadcrumb":{"@id":"https:\/\/egcc.ee\/fi\/egcc-seura\/#breadcrumb"},"inLanguage":"fi","potentialAction":[{"@type":"ReadAction","target":["https:\/\/egcc.ee\/fi\/egcc-seura\/"]}]},{"@type":"ImageObject","inLanguage":"fi","@id":"https:\/\/egcc.ee\/fi\/egcc-seura\/#primaryimage","url":"https:\/\/egcc.ee\/wp-content\/uploads\/2023\/08\/EGCC_klubi_DJI_0252.jpg","contentUrl":"https:\/\/egcc.ee\/wp-content\/uploads\/2023\/08\/EGCC_klubi_DJI_0252.jpg","width":2000,"height":1333,"caption":"EGCC"},{"@type":"BreadcrumbList","@id":"https:\/\/egcc.ee\/fi\/egcc-seura\/#breadcrumb","itemListElement":[{"@type":"ListItem","position":1,"name":"Home","item":"https:\/\/egcc.ee\/fi\/"},{"@type":"ListItem","position":2,"name":"Seura"}]},{"@type":"WebSite","@id":"https:\/\/egcc.ee\/fi\/#website","url":"https:\/\/egcc.ee\/fi\/","name":"Estonian Golf &amp; Country Club","description":"J\u00f5el\u00e4htmes saab golfi!","publisher":{"@id":"https:\/\/egcc.ee\/fi\/#organization"},"potentialAction":[{"@type":"SearchAction","target":{"@type":"EntryPoint","urlTemplate":"https:\/\/egcc.ee\/fi\/?s={search_term_string}"},"query-input":{"@type":"PropertyValueSpecification","valueRequired":true,"valueName":"search_term_string"}}],"inLanguage":"fi"},{"@type":"Organization","@id":"https:\/\/egcc.ee\/fi\/#organization","name":"Estonian Golf &amp; Country Club","url":"https:\/\/egcc.ee\/fi\/","logo":{"@type":"ImageObject","inLanguage":"fi","@id":"https:\/\/egcc.ee\/fi\/#\/schema\/logo\/image\/","url":"https:\/\/egcc.ee\/wp-content\/uploads\/2023\/04\/EGCC_logo_150.png","contentUrl":"https:\/\/egcc.ee\/wp-content\/uploads\/2023\/04\/EGCC_logo_150.png","width":150,"height":150,"caption":"Estonian Golf &amp; Country Club"},"image":{"@id":"https:\/\/egcc.ee\/fi\/#\/schema\/logo\/image\/"}}]}},"_links":{"self":[{"href":"https:\/\/egcc.ee\/fi\/wp-json\/wp\/v2\/pages\/14961","targetHints":{"allow":["GET"]}}],"collection":[{"href":"https:\/\/egcc.ee\/fi\/wp-json\/wp\/v2\/pages"}],"about":[{"href":"https:\/\/egcc.ee\/fi\/wp-json\/wp\/v2\/types\/page"}],"author":[{"embeddable":true,"href":"https:\/\/egcc.ee\/fi\/wp-json\/wp\/v2\/users\/2"}],"replies":[{"embeddable":true,"href":"https:\/\/egcc.ee\/fi\/wp-json\/wp\/v2\/comments?post=14961"}],"version-history":[{"count":39,"href":"https:\/\/egcc.ee\/fi\/wp-json\/wp\/v2\/pages\/14961\/revisions"}],"predecessor-version":[{"id":39818,"href":"https:\/\/egcc.ee\/fi\/wp-json\/wp\/v2\/pages\/14961\/revisions\/39818"}],"wp:featuredmedia":[{"embeddable":true,"href":"https:\/\/egcc.ee\/fi\/wp-json\/wp\/v2\/media\/13461"}],"wp:attachment":[{"href":"https:\/\/egcc.ee\/fi\/wp-json\/wp\/v2\/media?parent=14961"}],"curies":[{"name":"wp","href":"https:\/\/api.w.org\/{rel}","templated":true}]}}