{"id":14939,"date":"2023-03-27T21:33:14","date_gmt":"2023-03-27T18:33:14","guid":{"rendered":"https:\/\/prelive.egcc.ee\/harjutusvaljakud\/"},"modified":"2025-08-05T13:45:38","modified_gmt":"2025-08-05T10:45:38","slug":"harjoitusalue","status":"publish","type":"page","link":"https:\/\/egcc.ee\/fi\/harjoitusalue\/","title":{"rendered":"Harjoitusalue"},"content":{"rendered":"\n<div class=\"wp-block-media-text has-media-on-the-right is-stacked-on-mobile\"><div class=\"wp-block-media-text__content\">\n<div style=\"height:20px\" aria-hidden=\"true\" class=\"wp-block-spacer\"><\/div>\n\n\n\n<p>Estonian Golf &amp; Country Clubissa on korkeatasoiset harjoituskent\u00e4t sek\u00e4 <strong>puttausta, chippausta ett\u00e4 bunkkerily\u00f6ntien<\/strong> harjoittamiseen:<\/p>\n\n\n\n<ul class=\"wp-block-list\">\n<li>chipping ja pitching green<\/li>\n\n\n\n<li>4 putting greens<\/li>\n\n\n\n<li>iso&nbsp;nurmi&nbsp;tee alue: 10 Toptracer Range -mittausteknologialla varustettua ly\u00f6ntipaikkaa ja 15 mattoja<\/li>\n\n\n\n<li>100 m l\u00e4hipelialue<\/li>\n\n\n\n<li>bunkkerit<\/li>\n<\/ul>\n<\/div><figure class=\"wp-block-media-text__media\"><img loading=\"lazy\" decoding=\"async\" width=\"600\" height=\"400\" src=\"https:\/\/egcc.ee\/wp-content\/uploads\/2024\/08\/Toptracer_logo_600x400.jpg\" alt=\"\" class=\"wp-image-29218 size-full\" srcset=\"https:\/\/egcc.ee\/wp-content\/uploads\/2024\/08\/Toptracer_logo_600x400.jpg 600w, https:\/\/egcc.ee\/wp-content\/uploads\/2024\/08\/Toptracer_logo_600x400-300x200.jpg 300w\" sizes=\"auto, (max-width: 600px) 100vw, 600px\" \/><\/figure><\/div>\n\n\n\n<div style=\"height:20px\" aria-hidden=\"true\" class=\"wp-block-spacer\"><\/div>\n\n\n\n<figure class=\"wp-block-gallery has-nested-images columns-default is-cropped wp-block-gallery-1 is-layout-flex wp-block-gallery-is-layout-flex\">\n<figure class=\"wp-block-image size-large\"><img loading=\"lazy\" decoding=\"async\" width=\"1024\" height=\"682\" data-id=\"14926\" src=\"https:\/\/egcc.ee\/wp-content\/uploads\/2023\/08\/EGCC_golfidemo_YSD0224-1-1024x682.jpg\" alt=\"\" class=\"wp-image-14926\" srcset=\"https:\/\/egcc.ee\/wp-content\/uploads\/2023\/08\/EGCC_golfidemo_YSD0224-1-1024x682.jpg 1024w, https:\/\/egcc.ee\/wp-content\/uploads\/2023\/08\/EGCC_golfidemo_YSD0224-1-300x200.jpg 300w, https:\/\/egcc.ee\/wp-content\/uploads\/2023\/08\/EGCC_golfidemo_YSD0224-1-768x512.jpg 768w, https:\/\/egcc.ee\/wp-content\/uploads\/2023\/08\/EGCC_golfidemo_YSD0224-1-1536x1024.jpg 1536w, https:\/\/egcc.ee\/wp-content\/uploads\/2023\/08\/EGCC_golfidemo_YSD0224-1.jpg 2000w\" sizes=\"auto, (max-width: 1024px) 100vw, 1024px\" \/><\/figure>\n\n\n\n<figure class=\"wp-block-image size-large\"><img loading=\"lazy\" decoding=\"async\" width=\"1024\" height=\"682\" data-id=\"14923\" src=\"https:\/\/egcc.ee\/wp-content\/uploads\/2023\/08\/EGCC_chipping_green_dDJI_0248-1024x682.jpg\" alt=\"\" class=\"wp-image-14923\" srcset=\"https:\/\/egcc.ee\/wp-content\/uploads\/2023\/08\/EGCC_chipping_green_dDJI_0248-1024x682.jpg 1024w, https:\/\/egcc.ee\/wp-content\/uploads\/2023\/08\/EGCC_chipping_green_dDJI_0248-300x200.jpg 300w, https:\/\/egcc.ee\/wp-content\/uploads\/2023\/08\/EGCC_chipping_green_dDJI_0248-768x512.jpg 768w, https:\/\/egcc.ee\/wp-content\/uploads\/2023\/08\/EGCC_chipping_green_dDJI_0248-1536x1024.jpg 1536w, https:\/\/egcc.ee\/wp-content\/uploads\/2023\/08\/EGCC_chipping_green_dDJI_0248.jpg 2000w\" sizes=\"auto, (max-width: 1024px) 100vw, 1024px\" \/><\/figure>\n\n\n\n<figure class=\"wp-block-image size-large\"><img loading=\"lazy\" decoding=\"async\" width=\"1024\" height=\"683\" data-id=\"14929\" src=\"https:\/\/egcc.ee\/wp-content\/uploads\/2023\/08\/EGCC_putting_green_dDJI_0053-1024x683.jpg\" alt=\"\" class=\"wp-image-14929\" srcset=\"https:\/\/egcc.ee\/wp-content\/uploads\/2023\/08\/EGCC_putting_green_dDJI_0053-1024x683.jpg 1024w, https:\/\/egcc.ee\/wp-content\/uploads\/2023\/08\/EGCC_putting_green_dDJI_0053-300x200.jpg 300w, https:\/\/egcc.ee\/wp-content\/uploads\/2023\/08\/EGCC_putting_green_dDJI_0053-768x512.jpg 768w, https:\/\/egcc.ee\/wp-content\/uploads\/2023\/08\/EGCC_putting_green_dDJI_0053-1536x1025.jpg 1536w, https:\/\/egcc.ee\/wp-content\/uploads\/2023\/08\/EGCC_putting_green_dDJI_0053.jpg 2000w\" sizes=\"auto, (max-width: 1024px) 100vw, 1024px\" \/><\/figure>\n\n\n\n<figure class=\"wp-block-image size-large\"><img loading=\"lazy\" decoding=\"async\" width=\"1024\" height=\"682\" data-id=\"14932\" src=\"https:\/\/egcc.ee\/wp-content\/uploads\/2023\/08\/EGCC_putting_green_dYSD1361-1024x682.jpg\" alt=\"\" class=\"wp-image-14932\" srcset=\"https:\/\/egcc.ee\/wp-content\/uploads\/2023\/08\/EGCC_putting_green_dYSD1361-1024x682.jpg 1024w, https:\/\/egcc.ee\/wp-content\/uploads\/2023\/08\/EGCC_putting_green_dYSD1361-300x200.jpg 300w, https:\/\/egcc.ee\/wp-content\/uploads\/2023\/08\/EGCC_putting_green_dYSD1361-768x512.jpg 768w, https:\/\/egcc.ee\/wp-content\/uploads\/2023\/08\/EGCC_putting_green_dYSD1361-1536x1024.jpg 1536w, https:\/\/egcc.ee\/wp-content\/uploads\/2023\/08\/EGCC_putting_green_dYSD1361.jpg 2000w\" sizes=\"auto, (max-width: 1024px) 100vw, 1024px\" \/><\/figure>\n<\/figure>\n","protected":false},"excerpt":{"rendered":"","protected":false},"author":2,"featured_media":0,"parent":0,"menu_order":0,"comment_status":"closed","ping_status":"closed","template":"","meta":{"_acf_changed":false,"ngg_post_thumbnail":0,"footnotes":""},"class_list":["post-14939","page","type-page","status-publish","hentry"],"acf":[],"yoast_head":"<!-- This site is optimized with the Yoast SEO plugin v27.1.1 - https:\/\/yoast.com\/product\/yoast-seo-wordpress\/ -->\n<title>Harjoitusalue &#8211; Estonian Golf &amp; Country Club<\/title>\n<meta name=\"robots\" content=\"index, follow, max-snippet:-1, max-image-preview:large, max-video-preview:-1\" \/>\n<link rel=\"canonical\" href=\"https:\/\/egcc.ee\/fi\/harjoitusalue\/\" \/>\n<meta property=\"og:locale\" content=\"fi_FI\" \/>\n<meta property=\"og:type\" content=\"article\" \/>\n<meta property=\"og:title\" content=\"Harjoitusalue &#8211; Estonian Golf &amp; Country Club\" \/>\n<meta property=\"og:url\" content=\"https:\/\/egcc.ee\/fi\/harjoitusalue\/\" \/>\n<meta property=\"og:site_name\" content=\"Estonian Golf &amp; Country Club\" \/>\n<meta property=\"article:modified_time\" content=\"2025-08-05T10:45:38+00:00\" \/>\n<meta property=\"og:image\" content=\"https:\/\/egcc.ee\/wp-content\/uploads\/2024\/08\/Toptracer_logo_600x400.jpg\" \/>\n\t<meta property=\"og:image:width\" content=\"600\" \/>\n\t<meta property=\"og:image:height\" content=\"400\" \/>\n\t<meta property=\"og:image:type\" content=\"image\/jpeg\" \/>\n<meta name=\"twitter:card\" content=\"summary_large_image\" \/>\n<meta name=\"twitter:label1\" content=\"Arvioitu lukuaika\" \/>\n\t<meta name=\"twitter:data1\" content=\"2 minuuttia\" \/>\n<script type=\"application\/ld+json\" class=\"yoast-schema-graph\">{\"@context\":\"https:\/\/schema.org\",\"@graph\":[{\"@type\":\"WebPage\",\"@id\":\"https:\/\/egcc.ee\/fi\/harjoitusalue\/\",\"url\":\"https:\/\/egcc.ee\/fi\/harjoitusalue\/\",\"name\":\"Harjoitusalue &#8211; Estonian Golf &amp; Country Club\",\"isPartOf\":{\"@id\":\"https:\/\/egcc.ee\/fi\/#website\"},\"primaryImageOfPage\":{\"@id\":\"https:\/\/egcc.ee\/fi\/harjoitusalue\/#primaryimage\"},\"image\":{\"@id\":\"https:\/\/egcc.ee\/fi\/harjoitusalue\/#primaryimage\"},\"thumbnailUrl\":\"https:\/\/egcc.ee\/wp-content\/uploads\/2024\/08\/Toptracer_logo_600x400.jpg\",\"datePublished\":\"2023-03-27T18:33:14+00:00\",\"dateModified\":\"2025-08-05T10:45:38+00:00\",\"breadcrumb\":{\"@id\":\"https:\/\/egcc.ee\/fi\/harjoitusalue\/#breadcrumb\"},\"inLanguage\":\"fi\",\"potentialAction\":[{\"@type\":\"ReadAction\",\"target\":[\"https:\/\/egcc.ee\/fi\/harjoitusalue\/\"]}]},{\"@type\":\"ImageObject\",\"inLanguage\":\"fi\",\"@id\":\"https:\/\/egcc.ee\/fi\/harjoitusalue\/#primaryimage\",\"url\":\"https:\/\/egcc.ee\/wp-content\/uploads\/2024\/08\/Toptracer_logo_600x400.jpg\",\"contentUrl\":\"https:\/\/egcc.ee\/wp-content\/uploads\/2024\/08\/Toptracer_logo_600x400.jpg\"},{\"@type\":\"BreadcrumbList\",\"@id\":\"https:\/\/egcc.ee\/fi\/harjoitusalue\/#breadcrumb\",\"itemListElement\":[{\"@type\":\"ListItem\",\"position\":1,\"name\":\"Home\",\"item\":\"https:\/\/egcc.ee\/fi\/\"},{\"@type\":\"ListItem\",\"position\":2,\"name\":\"Harjoitusalue\"}]},{\"@type\":\"WebSite\",\"@id\":\"https:\/\/egcc.ee\/fi\/#website\",\"url\":\"https:\/\/egcc.ee\/fi\/\",\"name\":\"Estonian Golf &amp; Country Club\",\"description\":\"J\u00f5el\u00e4htmes saab golfi!\",\"publisher\":{\"@id\":\"https:\/\/egcc.ee\/fi\/#organization\"},\"potentialAction\":[{\"@type\":\"SearchAction\",\"target\":{\"@type\":\"EntryPoint\",\"urlTemplate\":\"https:\/\/egcc.ee\/fi\/?s={search_term_string}\"},\"query-input\":{\"@type\":\"PropertyValueSpecification\",\"valueRequired\":true,\"valueName\":\"search_term_string\"}}],\"inLanguage\":\"fi\"},{\"@type\":\"Organization\",\"@id\":\"https:\/\/egcc.ee\/fi\/#organization\",\"name\":\"Estonian Golf &amp; Country Club\",\"url\":\"https:\/\/egcc.ee\/fi\/\",\"logo\":{\"@type\":\"ImageObject\",\"inLanguage\":\"fi\",\"@id\":\"https:\/\/egcc.ee\/fi\/#\/schema\/logo\/image\/\",\"url\":\"https:\/\/egcc.ee\/wp-content\/uploads\/2023\/04\/EGCC_logo_150.png\",\"contentUrl\":\"https:\/\/egcc.ee\/wp-content\/uploads\/2023\/04\/EGCC_logo_150.png\",\"width\":150,\"height\":150,\"caption\":\"Estonian Golf &amp; Country Club\"},\"image\":{\"@id\":\"https:\/\/egcc.ee\/fi\/#\/schema\/logo\/image\/\"}}]}<\/script>\n<!-- \/ Yoast SEO plugin. -->","yoast_head_json":{"title":"Harjoitusalue &#8211; Estonian Golf &amp; Country Club","robots":{"index":"index","follow":"follow","max-snippet":"max-snippet:-1","max-image-preview":"max-image-preview:large","max-video-preview":"max-video-preview:-1"},"canonical":"https:\/\/egcc.ee\/fi\/harjoitusalue\/","og_locale":"fi_FI","og_type":"article","og_title":"Harjoitusalue &#8211; Estonian Golf &amp; Country Club","og_url":"https:\/\/egcc.ee\/fi\/harjoitusalue\/","og_site_name":"Estonian Golf &amp; Country Club","article_modified_time":"2025-08-05T10:45:38+00:00","og_image":[{"width":600,"height":400,"url":"https:\/\/egcc.ee\/wp-content\/uploads\/2024\/08\/Toptracer_logo_600x400.jpg","type":"image\/jpeg"}],"twitter_card":"summary_large_image","twitter_misc":{"Arvioitu lukuaika":"2 minuuttia"},"schema":{"@context":"https:\/\/schema.org","@graph":[{"@type":"WebPage","@id":"https:\/\/egcc.ee\/fi\/harjoitusalue\/","url":"https:\/\/egcc.ee\/fi\/harjoitusalue\/","name":"Harjoitusalue &#8211; Estonian Golf &amp; Country Club","isPartOf":{"@id":"https:\/\/egcc.ee\/fi\/#website"},"primaryImageOfPage":{"@id":"https:\/\/egcc.ee\/fi\/harjoitusalue\/#primaryimage"},"image":{"@id":"https:\/\/egcc.ee\/fi\/harjoitusalue\/#primaryimage"},"thumbnailUrl":"https:\/\/egcc.ee\/wp-content\/uploads\/2024\/08\/Toptracer_logo_600x400.jpg","datePublished":"2023-03-27T18:33:14+00:00","dateModified":"2025-08-05T10:45:38+00:00","breadcrumb":{"@id":"https:\/\/egcc.ee\/fi\/harjoitusalue\/#breadcrumb"},"inLanguage":"fi","potentialAction":[{"@type":"ReadAction","target":["https:\/\/egcc.ee\/fi\/harjoitusalue\/"]}]},{"@type":"ImageObject","inLanguage":"fi","@id":"https:\/\/egcc.ee\/fi\/harjoitusalue\/#primaryimage","url":"https:\/\/egcc.ee\/wp-content\/uploads\/2024\/08\/Toptracer_logo_600x400.jpg","contentUrl":"https:\/\/egcc.ee\/wp-content\/uploads\/2024\/08\/Toptracer_logo_600x400.jpg"},{"@type":"BreadcrumbList","@id":"https:\/\/egcc.ee\/fi\/harjoitusalue\/#breadcrumb","itemListElement":[{"@type":"ListItem","position":1,"name":"Home","item":"https:\/\/egcc.ee\/fi\/"},{"@type":"ListItem","position":2,"name":"Harjoitusalue"}]},{"@type":"WebSite","@id":"https:\/\/egcc.ee\/fi\/#website","url":"https:\/\/egcc.ee\/fi\/","name":"Estonian Golf &amp; Country Club","description":"J\u00f5el\u00e4htmes saab golfi!","publisher":{"@id":"https:\/\/egcc.ee\/fi\/#organization"},"potentialAction":[{"@type":"SearchAction","target":{"@type":"EntryPoint","urlTemplate":"https:\/\/egcc.ee\/fi\/?s={search_term_string}"},"query-input":{"@type":"PropertyValueSpecification","valueRequired":true,"valueName":"search_term_string"}}],"inLanguage":"fi"},{"@type":"Organization","@id":"https:\/\/egcc.ee\/fi\/#organization","name":"Estonian Golf &amp; Country Club","url":"https:\/\/egcc.ee\/fi\/","logo":{"@type":"ImageObject","inLanguage":"fi","@id":"https:\/\/egcc.ee\/fi\/#\/schema\/logo\/image\/","url":"https:\/\/egcc.ee\/wp-content\/uploads\/2023\/04\/EGCC_logo_150.png","contentUrl":"https:\/\/egcc.ee\/wp-content\/uploads\/2023\/04\/EGCC_logo_150.png","width":150,"height":150,"caption":"Estonian Golf &amp; Country Club"},"image":{"@id":"https:\/\/egcc.ee\/fi\/#\/schema\/logo\/image\/"}}]}},"_links":{"self":[{"href":"https:\/\/egcc.ee\/fi\/wp-json\/wp\/v2\/pages\/14939","targetHints":{"allow":["GET"]}}],"collection":[{"href":"https:\/\/egcc.ee\/fi\/wp-json\/wp\/v2\/pages"}],"about":[{"href":"https:\/\/egcc.ee\/fi\/wp-json\/wp\/v2\/types\/page"}],"author":[{"embeddable":true,"href":"https:\/\/egcc.ee\/fi\/wp-json\/wp\/v2\/users\/2"}],"replies":[{"embeddable":true,"href":"https:\/\/egcc.ee\/fi\/wp-json\/wp\/v2\/comments?post=14939"}],"version-history":[{"count":6,"href":"https:\/\/egcc.ee\/fi\/wp-json\/wp\/v2\/pages\/14939\/revisions"}],"predecessor-version":[{"id":36725,"href":"https:\/\/egcc.ee\/fi\/wp-json\/wp\/v2\/pages\/14939\/revisions\/36725"}],"wp:attachment":[{"href":"https:\/\/egcc.ee\/fi\/wp-json\/wp\/v2\/media?parent=14939"}],"curies":[{"name":"wp","href":"https:\/\/api.w.org\/{rel}","templated":true}]}}