{"id":14911,"date":"2023-04-30T15:43:49","date_gmt":"2023-04-30T12:43:49","guid":{"rendered":"https:\/\/prelive.egcc.ee\/pro-shop\/"},"modified":"2026-04-02T21:43:07","modified_gmt":"2026-04-02T18:43:07","slug":"pro-shop","status":"publish","type":"page","link":"https:\/\/egcc.ee\/fi\/pro-shop\/","title":{"rendered":"Pro Shop"},"content":{"rendered":"\n<div class=\"wp-block-media-text is-stacked-on-mobile\"><figure class=\"wp-block-media-text__media\"><img loading=\"lazy\" decoding=\"async\" width=\"1024\" height=\"682\" src=\"https:\/\/egcc.ee\/wp-content\/uploads\/2025\/06\/20250512_EGCC_Pro_Shop_180154-1024x682.jpg\" alt=\"\" class=\"wp-image-35702 size-full\" srcset=\"https:\/\/egcc.ee\/wp-content\/uploads\/2025\/06\/20250512_EGCC_Pro_Shop_180154-1024x682.jpg 1024w, https:\/\/egcc.ee\/wp-content\/uploads\/2025\/06\/20250512_EGCC_Pro_Shop_180154-300x200.jpg 300w, https:\/\/egcc.ee\/wp-content\/uploads\/2025\/06\/20250512_EGCC_Pro_Shop_180154-768x512.jpg 768w, https:\/\/egcc.ee\/wp-content\/uploads\/2025\/06\/20250512_EGCC_Pro_Shop_180154-1536x1024.jpg 1536w, https:\/\/egcc.ee\/wp-content\/uploads\/2025\/06\/20250512_EGCC_Pro_Shop_180154.jpg 2000w\" sizes=\"auto, (max-width: 1024px) 100vw, 1024px\" \/><\/figure><div class=\"wp-block-media-text__content\">\n<div style=\"height:20px\" aria-hidden=\"true\" class=\"wp-block-spacer\"><\/div>\n\n\n\n<h2 class=\"wp-block-heading\">Paras valikoima laadukkaita merkkej\u00e4<\/h2>\n\n\n\n<p>Estonian Golf &amp; Country Clubin klubitalossa toimiva Pro Shop tarjoaa kaikkea golfharrastuksen aloittamiseen. Myynniss\u00e4 palloja, k\u00e4sineit\u00e4, vaatteita, lis\u00e4tarvikkeita sek\u00e4 logotuotteita.<\/p>\n\n\n\n<div style=\"height:20px\" aria-hidden=\"true\" class=\"wp-block-spacer\"><\/div>\n<\/div><\/div>\n\n\n\n<div style=\"height:20px\" aria-hidden=\"true\" class=\"wp-block-spacer\"><\/div>\n\n\n\n<div class=\"wp-block-media-text has-media-on-the-right is-stacked-on-mobile\"><div class=\"wp-block-media-text__content\">\n<div style=\"height:20px\" aria-hidden=\"true\" class=\"wp-block-spacer\"><\/div>\n\n\n\n<h2 class=\"wp-block-heading\">Logovaatteita<\/h2>\n\n\n\n<p>Estonian Golf &amp; Country Clubin logovaatevalikoima on aiempaa laajempi ja laadukkaampi, ja t\u00e4ll\u00e4 kaudella se koostuu <strong>Glenmuir- ja PING-mallistoista.<\/strong> Pyyd\u00e4 tilauslomaketta s\u00e4hk\u00f6postiosoitteesta <a href=\"mailto:kirke@egcc.ee\" target=\"_blank\" rel=\"noreferrer noopener\">kirke@egcc.ee<\/a>.<\/p>\n\n\n\n<p><strong>NB! <\/strong>Klubin j\u00e4senet ja osakkeenomistajat saavat kassalla <strong>20% alennuksen <\/strong>normaalihintaisista logovaatteista.<\/p>\n\n\n\n<div style=\"height:20px\" aria-hidden=\"true\" class=\"wp-block-spacer\"><\/div>\n<\/div><figure class=\"wp-block-media-text__media\"><img loading=\"lazy\" decoding=\"async\" width=\"1024\" height=\"683\" src=\"https:\/\/egcc.ee\/wp-content\/uploads\/2025\/06\/20250512_EGCC_Pro_Shop_180838-1024x683.jpg\" alt=\"\" class=\"wp-image-35705 size-full\" srcset=\"https:\/\/egcc.ee\/wp-content\/uploads\/2025\/06\/20250512_EGCC_Pro_Shop_180838-1024x683.jpg 1024w, https:\/\/egcc.ee\/wp-content\/uploads\/2025\/06\/20250512_EGCC_Pro_Shop_180838-300x200.jpg 300w, https:\/\/egcc.ee\/wp-content\/uploads\/2025\/06\/20250512_EGCC_Pro_Shop_180838-768x512.jpg 768w, https:\/\/egcc.ee\/wp-content\/uploads\/2025\/06\/20250512_EGCC_Pro_Shop_180838-1536x1025.jpg 1536w, https:\/\/egcc.ee\/wp-content\/uploads\/2025\/06\/20250512_EGCC_Pro_Shop_180838.jpg 2000w\" sizes=\"auto, (max-width: 1024px) 100vw, 1024px\" \/><\/figure><\/div>\n\n\n\n<div style=\"height:20px\" aria-hidden=\"true\" class=\"wp-block-spacer\"><\/div>\n\n\n\n<div class=\"wp-block-media-text is-stacked-on-mobile\"><figure class=\"wp-block-media-text__media\"><img loading=\"lazy\" decoding=\"async\" width=\"1024\" height=\"683\" src=\"https:\/\/egcc.ee\/wp-content\/uploads\/2025\/06\/20250512_EGCC_Pro_Shop_180002-1024x683.jpg\" alt=\"\" class=\"wp-image-35699 size-full\" srcset=\"https:\/\/egcc.ee\/wp-content\/uploads\/2025\/06\/20250512_EGCC_Pro_Shop_180002-1024x683.jpg 1024w, https:\/\/egcc.ee\/wp-content\/uploads\/2025\/06\/20250512_EGCC_Pro_Shop_180002-300x200.jpg 300w, https:\/\/egcc.ee\/wp-content\/uploads\/2025\/06\/20250512_EGCC_Pro_Shop_180002-768x512.jpg 768w, https:\/\/egcc.ee\/wp-content\/uploads\/2025\/06\/20250512_EGCC_Pro_Shop_180002-1536x1024.jpg 1536w, https:\/\/egcc.ee\/wp-content\/uploads\/2025\/06\/20250512_EGCC_Pro_Shop_180002.jpg 2001w\" sizes=\"auto, (max-width: 1024px) 100vw, 1024px\" \/><\/figure><div class=\"wp-block-media-text__content\">\n<div style=\"height:20px\" aria-hidden=\"true\" class=\"wp-block-spacer\"><\/div>\n\n\n\n<div class=\"wp-block-group\"><div class=\"wp-block-group__inner-container is-layout-constrained wp-block-group-is-layout-constrained\">\n<h2 class=\"wp-block-heading\"><strong>Aukioloajat<\/strong> <strong>3.-30.4:<\/strong><\/h2>\n\n\n\n<ul class=\"wp-block-list\">\n<li>Ma-Su klo 9-19<\/li>\n<\/ul>\n\n\n\n<p><strong>Tervetuloa!<\/strong><br><\/p>\n<\/div><\/div>\n\n\n\n<div style=\"height:20px\" aria-hidden=\"true\" class=\"wp-block-spacer\"><\/div>\n<\/div><\/div>\n","protected":false},"excerpt":{"rendered":"","protected":false},"author":2,"featured_media":13627,"parent":0,"menu_order":0,"comment_status":"closed","ping_status":"closed","template":"","meta":{"_acf_changed":false,"ngg_post_thumbnail":0,"footnotes":""},"class_list":["post-14911","page","type-page","status-publish","has-post-thumbnail","hentry"],"acf":[],"yoast_head":"<!-- This site is optimized with the Yoast SEO plugin v27.1.1 - https:\/\/yoast.com\/product\/yoast-seo-wordpress\/ -->\n<title>Pro Shop &#8211; Estonian Golf &amp; Country Club<\/title>\n<meta name=\"description\" content=\"Alates 2023. hooajast on v\u00e4rske ilme ja sisuga\u00a0Pro Shopis\u00a0saadaval tooted hinnatud kaubam\u00e4rkidelt\u00a0FootJoy, Titleist, Glenmuir, Pelle P, Callaway, Ping, Under Armour\u00a0jpt. Senisest suurem ja parem on Estonian Golf &amp; Country Clubi\u00a0logoriiete ja -toodete valik.\" \/>\n<meta name=\"robots\" content=\"index, follow, max-snippet:-1, max-image-preview:large, max-video-preview:-1\" \/>\n<link rel=\"canonical\" href=\"https:\/\/egcc.ee\/fi\/pro-shop\/\" \/>\n<meta property=\"og:locale\" content=\"fi_FI\" \/>\n<meta property=\"og:type\" content=\"article\" \/>\n<meta property=\"og:title\" content=\"Pro Shop &#8211; Estonian Golf &amp; Country Club\" \/>\n<meta property=\"og:description\" content=\"Alates 2023. hooajast on v\u00e4rske ilme ja sisuga\u00a0Pro Shopis\u00a0saadaval tooted hinnatud kaubam\u00e4rkidelt\u00a0FootJoy, Titleist, Glenmuir, Pelle P, Callaway, Ping, Under Armour\u00a0jpt. Senisest suurem ja parem on Estonian Golf &amp; Country Clubi\u00a0logoriiete ja -toodete valik.\" \/>\n<meta property=\"og:url\" content=\"https:\/\/egcc.ee\/fi\/pro-shop\/\" \/>\n<meta property=\"og:site_name\" content=\"Estonian Golf &amp; Country Club\" \/>\n<meta property=\"article:modified_time\" content=\"2026-04-02T18:43:07+00:00\" \/>\n<meta property=\"og:image\" content=\"https:\/\/egcc.ee\/wp-content\/uploads\/2023\/08\/20230526_EGCC_Pro_Shop-scaled.jpeg\" \/>\n\t<meta property=\"og:image:width\" content=\"2560\" \/>\n\t<meta property=\"og:image:height\" content=\"1709\" \/>\n\t<meta property=\"og:image:type\" content=\"image\/jpeg\" \/>\n<meta name=\"twitter:card\" content=\"summary_large_image\" \/>\n<meta name=\"twitter:label1\" content=\"Arvioitu lukuaika\" \/>\n\t<meta name=\"twitter:data1\" content=\"2 minuuttia\" \/>\n<script type=\"application\/ld+json\" class=\"yoast-schema-graph\">{\"@context\":\"https:\/\/schema.org\",\"@graph\":[{\"@type\":\"WebPage\",\"@id\":\"https:\/\/egcc.ee\/fi\/pro-shop\/\",\"url\":\"https:\/\/egcc.ee\/fi\/pro-shop\/\",\"name\":\"Pro Shop &#8211; Estonian Golf &amp; Country Club\",\"isPartOf\":{\"@id\":\"https:\/\/egcc.ee\/fi\/#website\"},\"primaryImageOfPage\":{\"@id\":\"https:\/\/egcc.ee\/fi\/pro-shop\/#primaryimage\"},\"image\":{\"@id\":\"https:\/\/egcc.ee\/fi\/pro-shop\/#primaryimage\"},\"thumbnailUrl\":\"https:\/\/egcc.ee\/wp-content\/uploads\/2023\/08\/20230526_EGCC_Pro_Shop-scaled.jpeg\",\"datePublished\":\"2023-04-30T12:43:49+00:00\",\"dateModified\":\"2026-04-02T18:43:07+00:00\",\"description\":\"Alates 2023. hooajast on v\u00e4rske ilme ja sisuga\u00a0Pro Shopis\u00a0saadaval tooted hinnatud kaubam\u00e4rkidelt\u00a0FootJoy, Titleist, Glenmuir, Pelle P, Callaway, Ping, Under Armour\u00a0jpt. Senisest suurem ja parem on Estonian Golf & Country Clubi\u00a0logoriiete ja -toodete valik.\",\"breadcrumb\":{\"@id\":\"https:\/\/egcc.ee\/fi\/pro-shop\/#breadcrumb\"},\"inLanguage\":\"fi\",\"potentialAction\":[{\"@type\":\"ReadAction\",\"target\":[\"https:\/\/egcc.ee\/fi\/pro-shop\/\"]}]},{\"@type\":\"ImageObject\",\"inLanguage\":\"fi\",\"@id\":\"https:\/\/egcc.ee\/fi\/pro-shop\/#primaryimage\",\"url\":\"https:\/\/egcc.ee\/wp-content\/uploads\/2023\/08\/20230526_EGCC_Pro_Shop-scaled.jpeg\",\"contentUrl\":\"https:\/\/egcc.ee\/wp-content\/uploads\/2023\/08\/20230526_EGCC_Pro_Shop-scaled.jpeg\",\"width\":2560,\"height\":1709},{\"@type\":\"BreadcrumbList\",\"@id\":\"https:\/\/egcc.ee\/fi\/pro-shop\/#breadcrumb\",\"itemListElement\":[{\"@type\":\"ListItem\",\"position\":1,\"name\":\"Home\",\"item\":\"https:\/\/egcc.ee\/fi\/\"},{\"@type\":\"ListItem\",\"position\":2,\"name\":\"Pro Shop\"}]},{\"@type\":\"WebSite\",\"@id\":\"https:\/\/egcc.ee\/fi\/#website\",\"url\":\"https:\/\/egcc.ee\/fi\/\",\"name\":\"Estonian Golf &amp; Country Club\",\"description\":\"J\u00f5el\u00e4htmes saab golfi!\",\"publisher\":{\"@id\":\"https:\/\/egcc.ee\/fi\/#organization\"},\"potentialAction\":[{\"@type\":\"SearchAction\",\"target\":{\"@type\":\"EntryPoint\",\"urlTemplate\":\"https:\/\/egcc.ee\/fi\/?s={search_term_string}\"},\"query-input\":{\"@type\":\"PropertyValueSpecification\",\"valueRequired\":true,\"valueName\":\"search_term_string\"}}],\"inLanguage\":\"fi\"},{\"@type\":\"Organization\",\"@id\":\"https:\/\/egcc.ee\/fi\/#organization\",\"name\":\"Estonian Golf &amp; Country Club\",\"url\":\"https:\/\/egcc.ee\/fi\/\",\"logo\":{\"@type\":\"ImageObject\",\"inLanguage\":\"fi\",\"@id\":\"https:\/\/egcc.ee\/fi\/#\/schema\/logo\/image\/\",\"url\":\"https:\/\/egcc.ee\/wp-content\/uploads\/2023\/04\/EGCC_logo_150.png\",\"contentUrl\":\"https:\/\/egcc.ee\/wp-content\/uploads\/2023\/04\/EGCC_logo_150.png\",\"width\":150,\"height\":150,\"caption\":\"Estonian Golf &amp; Country Club\"},\"image\":{\"@id\":\"https:\/\/egcc.ee\/fi\/#\/schema\/logo\/image\/\"}}]}<\/script>\n<!-- \/ Yoast SEO plugin. -->","yoast_head_json":{"title":"Pro Shop &#8211; Estonian Golf &amp; Country Club","description":"Alates 2023. hooajast on v\u00e4rske ilme ja sisuga\u00a0Pro Shopis\u00a0saadaval tooted hinnatud kaubam\u00e4rkidelt\u00a0FootJoy, Titleist, Glenmuir, Pelle P, Callaway, Ping, Under Armour\u00a0jpt. Senisest suurem ja parem on Estonian Golf & Country Clubi\u00a0logoriiete ja -toodete valik.","robots":{"index":"index","follow":"follow","max-snippet":"max-snippet:-1","max-image-preview":"max-image-preview:large","max-video-preview":"max-video-preview:-1"},"canonical":"https:\/\/egcc.ee\/fi\/pro-shop\/","og_locale":"fi_FI","og_type":"article","og_title":"Pro Shop &#8211; Estonian Golf &amp; Country Club","og_description":"Alates 2023. hooajast on v\u00e4rske ilme ja sisuga\u00a0Pro Shopis\u00a0saadaval tooted hinnatud kaubam\u00e4rkidelt\u00a0FootJoy, Titleist, Glenmuir, Pelle P, Callaway, Ping, Under Armour\u00a0jpt. Senisest suurem ja parem on Estonian Golf & Country Clubi\u00a0logoriiete ja -toodete valik.","og_url":"https:\/\/egcc.ee\/fi\/pro-shop\/","og_site_name":"Estonian Golf &amp; Country Club","article_modified_time":"2026-04-02T18:43:07+00:00","og_image":[{"width":2560,"height":1709,"url":"https:\/\/egcc.ee\/wp-content\/uploads\/2023\/08\/20230526_EGCC_Pro_Shop-scaled.jpeg","type":"image\/jpeg"}],"twitter_card":"summary_large_image","twitter_misc":{"Arvioitu lukuaika":"2 minuuttia"},"schema":{"@context":"https:\/\/schema.org","@graph":[{"@type":"WebPage","@id":"https:\/\/egcc.ee\/fi\/pro-shop\/","url":"https:\/\/egcc.ee\/fi\/pro-shop\/","name":"Pro Shop &#8211; Estonian Golf &amp; Country Club","isPartOf":{"@id":"https:\/\/egcc.ee\/fi\/#website"},"primaryImageOfPage":{"@id":"https:\/\/egcc.ee\/fi\/pro-shop\/#primaryimage"},"image":{"@id":"https:\/\/egcc.ee\/fi\/pro-shop\/#primaryimage"},"thumbnailUrl":"https:\/\/egcc.ee\/wp-content\/uploads\/2023\/08\/20230526_EGCC_Pro_Shop-scaled.jpeg","datePublished":"2023-04-30T12:43:49+00:00","dateModified":"2026-04-02T18:43:07+00:00","description":"Alates 2023. hooajast on v\u00e4rske ilme ja sisuga\u00a0Pro Shopis\u00a0saadaval tooted hinnatud kaubam\u00e4rkidelt\u00a0FootJoy, Titleist, Glenmuir, Pelle P, Callaway, Ping, Under Armour\u00a0jpt. Senisest suurem ja parem on Estonian Golf & Country Clubi\u00a0logoriiete ja -toodete valik.","breadcrumb":{"@id":"https:\/\/egcc.ee\/fi\/pro-shop\/#breadcrumb"},"inLanguage":"fi","potentialAction":[{"@type":"ReadAction","target":["https:\/\/egcc.ee\/fi\/pro-shop\/"]}]},{"@type":"ImageObject","inLanguage":"fi","@id":"https:\/\/egcc.ee\/fi\/pro-shop\/#primaryimage","url":"https:\/\/egcc.ee\/wp-content\/uploads\/2023\/08\/20230526_EGCC_Pro_Shop-scaled.jpeg","contentUrl":"https:\/\/egcc.ee\/wp-content\/uploads\/2023\/08\/20230526_EGCC_Pro_Shop-scaled.jpeg","width":2560,"height":1709},{"@type":"BreadcrumbList","@id":"https:\/\/egcc.ee\/fi\/pro-shop\/#breadcrumb","itemListElement":[{"@type":"ListItem","position":1,"name":"Home","item":"https:\/\/egcc.ee\/fi\/"},{"@type":"ListItem","position":2,"name":"Pro Shop"}]},{"@type":"WebSite","@id":"https:\/\/egcc.ee\/fi\/#website","url":"https:\/\/egcc.ee\/fi\/","name":"Estonian Golf &amp; Country Club","description":"J\u00f5el\u00e4htmes saab golfi!","publisher":{"@id":"https:\/\/egcc.ee\/fi\/#organization"},"potentialAction":[{"@type":"SearchAction","target":{"@type":"EntryPoint","urlTemplate":"https:\/\/egcc.ee\/fi\/?s={search_term_string}"},"query-input":{"@type":"PropertyValueSpecification","valueRequired":true,"valueName":"search_term_string"}}],"inLanguage":"fi"},{"@type":"Organization","@id":"https:\/\/egcc.ee\/fi\/#organization","name":"Estonian Golf &amp; Country Club","url":"https:\/\/egcc.ee\/fi\/","logo":{"@type":"ImageObject","inLanguage":"fi","@id":"https:\/\/egcc.ee\/fi\/#\/schema\/logo\/image\/","url":"https:\/\/egcc.ee\/wp-content\/uploads\/2023\/04\/EGCC_logo_150.png","contentUrl":"https:\/\/egcc.ee\/wp-content\/uploads\/2023\/04\/EGCC_logo_150.png","width":150,"height":150,"caption":"Estonian Golf &amp; Country Club"},"image":{"@id":"https:\/\/egcc.ee\/fi\/#\/schema\/logo\/image\/"}}]}},"_links":{"self":[{"href":"https:\/\/egcc.ee\/fi\/wp-json\/wp\/v2\/pages\/14911","targetHints":{"allow":["GET"]}}],"collection":[{"href":"https:\/\/egcc.ee\/fi\/wp-json\/wp\/v2\/pages"}],"about":[{"href":"https:\/\/egcc.ee\/fi\/wp-json\/wp\/v2\/types\/page"}],"author":[{"embeddable":true,"href":"https:\/\/egcc.ee\/fi\/wp-json\/wp\/v2\/users\/2"}],"replies":[{"embeddable":true,"href":"https:\/\/egcc.ee\/fi\/wp-json\/wp\/v2\/comments?post=14911"}],"version-history":[{"count":50,"href":"https:\/\/egcc.ee\/fi\/wp-json\/wp\/v2\/pages\/14911\/revisions"}],"predecessor-version":[{"id":40351,"href":"https:\/\/egcc.ee\/fi\/wp-json\/wp\/v2\/pages\/14911\/revisions\/40351"}],"wp:featuredmedia":[{"embeddable":true,"href":"https:\/\/egcc.ee\/fi\/wp-json\/wp\/v2\/media\/13627"}],"wp:attachment":[{"href":"https:\/\/egcc.ee\/fi\/wp-json\/wp\/v2\/media?parent=14911"}],"curies":[{"name":"wp","href":"https:\/\/api.w.org\/{rel}","templated":true}]}}