{"id":14905,"date":"2023-03-27T21:35:15","date_gmt":"2023-03-27T18:35:15","guid":{"rendered":"https:\/\/prelive.egcc.ee\/kulastaja-meelespea\/"},"modified":"2026-04-07T21:25:56","modified_gmt":"2026-04-07T18:25:56","slug":"vierailijan-opas","status":"publish","type":"page","link":"https:\/\/egcc.ee\/fi\/vierailijan-opas\/","title":{"rendered":"Vierailijan opas"},"content":{"rendered":"\n<div class=\"wp-block-media-text has-media-on-the-right is-stacked-on-mobile\" style=\"grid-template-columns:auto 35%\"><div class=\"wp-block-media-text__content\">\n<div style=\"height:20px\" aria-hidden=\"true\" class=\"wp-block-spacer\"><\/div>\n\n\n\n<p>T\u00e4ss\u00e4 esitettyjen s\u00e4\u00e4nt\u00f6jen noudattaminen on avuksi hyv\u00e4n kokemuksen saamiseen Estonian Golf &amp; Country Clubissa.<\/p>\n<\/div><figure class=\"wp-block-media-text__media\"><img loading=\"lazy\" decoding=\"async\" width=\"1024\" height=\"680\" src=\"https:\/\/egcc.ee\/wp-content\/uploads\/2023\/05\/EGCC_Sea_Course_7th_green-1024x680.jpg\" alt=\"\" class=\"wp-image-9342 size-full\" srcset=\"https:\/\/egcc.ee\/wp-content\/uploads\/2023\/05\/EGCC_Sea_Course_7th_green-1024x680.jpg 1024w, https:\/\/egcc.ee\/wp-content\/uploads\/2023\/05\/EGCC_Sea_Course_7th_green-300x199.jpg 300w, https:\/\/egcc.ee\/wp-content\/uploads\/2023\/05\/EGCC_Sea_Course_7th_green-768x510.jpg 768w, https:\/\/egcc.ee\/wp-content\/uploads\/2023\/05\/EGCC_Sea_Course_7th_green-1536x1020.jpg 1536w, https:\/\/egcc.ee\/wp-content\/uploads\/2023\/05\/EGCC_Sea_Course_7th_green-2048x1360.jpg 2048w\" sizes=\"auto, (max-width: 1024px) 100vw, 1024px\" \/><\/figure><\/div>\n\n\n\n<div style=\"height:20px\" aria-hidden=\"true\" class=\"wp-block-spacer\"><\/div>\n\n\n\n<div style=\"height:20px\" aria-hidden=\"true\" class=\"wp-block-spacer\"><\/div>\n\n\n\n<h2 class=\"wp-block-heading\">Yleist\u00e4<\/h2>\n\n\n\n<ul class=\"wp-block-list\">\n<li>Seuraa selitt\u00e4vi\u00e4 kylttej\u00e4 ja opasteita keskustassa. Ongelmien tapauksessa pyydet\u00e4\u00e4n k\u00e4\u00e4ntym\u00e4\u00e4n EGCC:n <a href=\"https:\/\/egcc.ee\/fi\/yhteystiedot\/\">caddiemasterien<\/a> puoleen.<\/li>\n\n\n\n<li>12-vuotiaat ja nuoremmat p\u00e4\u00e4sev\u00e4t golf-kentille pelaamaan ilmaiseksi, mutta ainoastaan lipun ostaneen aikuisen saattamana, joka vastaa lasten k\u00e4ytt\u00e4ytymisest\u00e4 ja turvallisuudesta. Noudata keskuksessa olevia kylttej\u00e4 ja viittoja.<\/li>\n\n\n\n<li>EGCC ei vastaa vieraalle sattuneista vammoista tai muista terveydenhaitoista eik\u00e4 korva niist\u00e4 aiheutuvia vahinkoja.<\/li>\n\n\n\n<li>\u00c4l\u00e4 tule keskukseen humaltuneena. Ty\u00f6ntekij\u00f6ill\u00e4 on oikeus poistaa itselleen ja muille vaarallisen sek\u00e4 vieraita h\u00e4iritsev\u00e4 humalassa olevan vieraan golf-keskuksesta.<\/li>\n\n\n\n<li>EGCC suosittelee terveellisi\u00e4 el\u00e4m\u00e4ntapoja ja ajanviettoa perheiden kanssa, siksi tupakointi on keskuksen tiloissa kielletty. Meill\u00e4 j\u00e4rjestet\u00e4\u00e4n paljon nuorten harjoitustilaisuuksia, ja haluamme pit\u00e4\u00e4 nuorten sek\u00e4 tupakoimattomien keuhkot puhtaina. Tupakoida saa ravintolan terassilla, seuratalon eteisell\u00e4 terassilla sek\u00e4 miesten pukuhuoneen edess\u00e4 olevalla aukiolla siihen tarkoitetuissa paikoissa.<\/li>\n<\/ul>\n\n\n\n<div style=\"height:20px\" aria-hidden=\"true\" class=\"wp-block-spacer\"><\/div>\n\n\n\n<h2 class=\"wp-block-heading\">Tasoitus<\/h2>\n\n\n\n<p>Sea Course -kent\u00e4ll\u00e4 yhden flightin yhteenlaskettu enimm\u00e4istasoitus on 108. Stone Course &#8211; \/ Par 15 Course -kentill\u00e4 tasoitusrajoituksia ei ole. EGCC pid\u00e4tt\u00e4\u00e4 oikeuden tarkistaa pelaajien voimassa olevan tasoituksen (HCP).<\/p>\n\n\n\n<div style=\"height:20px\" aria-hidden=\"true\" class=\"wp-block-spacer\"><\/div>\n\n\n\n<h2 class=\"wp-block-heading\">Vaatteet<\/h2>\n\n\n\n<p>Parhaan nautinnon golfista saa, jos kentill\u00e4 k\u00e4ytet\u00e4\u00e4n tavanomaista golf-vaatetusta. T-paidat, verryttelyasut, farkut, lyhyet urheiluhousut, paljastavia vaatteita, rantakeng\u00e4t ja korkokeng\u00e4t eiv\u00e4t ole sallittua.<\/p>\n\n\n\n<p>Caddiemasterilla on oikeus ev\u00e4t\u00e4 p\u00e4\u00e4sy golfkent\u00e4lle pelaajalta, jonka pukeutuminen ei ole asianmukaista. Puuttuvat tai s\u00e4\u00e4nt\u00f6jen vastaiset vaatekappaleet on mahdollista hankkia EGCC Pro Shopista.<\/p>\n\n\n\n<div style=\"height:20px\" aria-hidden=\"true\" class=\"wp-block-spacer\"><\/div>\n\n\n\n<h2 class=\"wp-block-heading\">Golfkentt\u00e4<\/h2>\n\n\n\n<div class=\"wp-block-group\"><div class=\"wp-block-group__inner-container is-layout-constrained wp-block-group-is-layout-constrained\">\n<p>EGCC:ss\u00e4 kunnioitetaan kentt\u00e4\u00e4 sek\u00e4 kanssapelaajia:<\/p>\n\n\n\n<ul class=\"wp-block-list\">\n<li>Noudatetaan tarkkaan l\u00e4ht\u00f6aikaa.<\/li>\n\n\n\n<li>V\u00e4ltet\u00e4\u00e4n pelitahdin hidastumista.<\/li>\n\n\n\n<li>Pelaten turvallisesti.<\/li>\n\n\n\n<li>Seurataan etiketti\u00e4.<\/li>\n\n\n\n<li>Tasoitetaan sek\u00e4 oman ett\u00e4 muiden pallojen putoamisj\u00e4ljet.<\/li>\n\n\n\n<li>Fairwaylla korjataan omat ly\u00f6ntij\u00e4ljet.<\/li>\n\n\n\n<li>Haravoidaan bunkkerit, laitetaan haravat kaltevalle pinnalle bunkkerin ulkopuolella ly\u00f6ntisuunnassa.<\/li>\n\n\n\n<li>Otettaessa pallo rei\u00e4st\u00e4 ei astuta rei\u00e4n reunalle l\u00e4hemp\u00e4\u00e4n kuin 30 cm.<\/li>\n\n\n\n<li>Palautetaan golfk\u00e4rryt samaan paikkaan, miss\u00e4 ne ovat otettu.<\/li>\n\n\n\n<li>Tunnetaan ja noudatetaan <a href=\"https:\/\/egcc.ee\/fi\/paikalliset-saannot\/\">paikallisia s\u00e4\u00e4nt\u00f6j\u00e4<\/a> (tuloskortin takapuolella) ja yleisi\u00e4 golfs\u00e4\u00e4nt\u00f6j\u00e4 (<a href=\"https:\/\/www.randa.org\/rules\/rules-app\" target=\"_blank\" rel=\"noreferrer noopener\">R&amp;A Golfs\u00e4\u00e4nn\u00f6t<\/a>).<\/li>\n\n\n\n<li>Golfkent\u00e4ll\u00e4 suljetaan k\u00e4nnyk\u00e4t tai laitetaan \u00e4\u00e4nett\u00f6m\u00e4lle pelaamisen ajaksi. K\u00e4nnyk\u00e4n k\u00e4ytt\u00f6 on sallittu ainoastaan h\u00e4t\u00e4tilanteissa.<\/li>\n\n\n\n<li>Palloa etsiess\u00e4 olaan varovaisia, maastossa voi olla k\u00e4\u00e4rmeit\u00e4.<\/li>\n\n\n\n<li>K\u00e4ytet\u00e4\u00e4n golf-v\u00e4lineit\u00e4 huolellisesti.<\/li>\n\n\n\n<li>Golfauton vuokraus ja kuljettaminen on sallittua 15 vuotta t\u00e4ytt\u00e4neille henkil\u00f6ille.<\/li>\n<\/ul>\n\n\n\n<p>Golfkentt\u00e4 on paikka, jossa arvostamme rauhallisuutta ja kanssapelaajien keskittymist\u00e4. T\u00e4m\u00e4n vuoksi musiikin tai muun \u00e4\u00e4nisis\u00e4ll\u00f6n julkinen toistaminen \u00e4\u00e4nentoistolaitteilla tai kaiuttimilla kierroksen aikana on kielletty. Pelaajien turvallisuuden vuoksi kuulokkeiden k\u00e4ytt\u00f6 kent\u00e4ll\u00e4 ei ole sallittua, sill\u00e4 pelaajan tulee pysty\u00e4 kuulemaan t\u00e4rke\u00e4t varoitukset, kuten \u201dFORE\u201d-huuto tai ukkosvaroitus. Kuulokkeita saa k\u00e4ytt\u00e4\u00e4 Driving Rangella ja erillisill\u00e4 harjoitusalueilla.<\/p>\n\n\n\n<div style=\"height:20px\" aria-hidden=\"true\" class=\"wp-block-spacer\"><\/div>\n<\/div><\/div>\n\n\n\n<h2 class=\"wp-block-heading\">Seuratalo ja pukuhuoneet<\/h2>\n\n\n\n<ul class=\"wp-block-list\">\n<li>Klubitalossa spike-golfkengiss\u00e4 asiointi on kielletty. Nk \u201dsoft spikes\u201d on sallittua.<\/li>\n\n\n\n<li>S\u00e4ilyt\u00e4 huolellisesti pukukaapin avainta, sakko avaimen hukkaamisesta on 20\u20ac. Jos hukkaat avaimen, ilmoita siit\u00e4 caddiemasteria.<\/li>\n\n\n\n<li>Avaimen kadottamisen tapauksessa EGCC ei ole vastuussa kaappiin j\u00e4tetyist\u00e4 esineist\u00e4.<\/li>\n\n\n\n<li>M\u00e4rk\u00e4 lattia on liukas! Kulje puku- ja suihkuhuoneissa kiiruhtamatta, n\u00e4in v\u00e4ltyt kaatumisilta ja vammoilta.<\/li>\n<\/ul>\n\n\n\n<div style=\"height:20px\" aria-hidden=\"true\" class=\"wp-block-spacer\"><\/div>\n\n\n\n<h2 class=\"wp-block-heading\">Kent\u00e4nhoito<\/h2>\n\n\n\n<p>Golfkauden aikana kentill\u00e4 tehd\u00e4\u00e4n s\u00e4\u00e4nn\u00f6llisi\u00e4 hoito- ja kunnostust\u00f6it\u00e4. Teemme kaikkemme minimoidaksemme n\u00e4iden t\u00f6iden vaikutuksen pelaamiseen. Arvostamme suuresti pelaajien k\u00e4rsiv\u00e4llisyytt\u00e4, jotta voimme pit\u00e4\u00e4 kent\u00e4t mahdollisimman hyv\u00e4ss\u00e4 kunnossa.<\/p>\n\n\n\n<div style=\"height:20px\" aria-hidden=\"true\" class=\"wp-block-spacer\"><\/div>\n\n\n\n<h2 class=\"wp-block-heading\">Koirat ja muut lemmikit<\/h2>\n\n\n\n<p>EGCC suhtautuu lemmikkeihin my\u00f6nteisesti, ja hyvin k\u00e4ytt\u00e4ytyv\u00e4t koirat ovat tervetulleita golfkeskukseen. Kaikkien pelaajien turvallisuuden, mukavuuden ja viihtyvyyden varmistamiseksi pyyd\u00e4mme noudattamaan seuraavia s\u00e4\u00e4nt\u00f6j\u00e4:<\/p>\n\n\n\n<ul class=\"wp-block-list\">\n<li>Koiran mukaan ottamisesta tulee ilmoittaa Caddiemasterille tiiaikaa varattaessa ja\/tai ennen kierroksen alkua.<\/li>\n\n\n\n<li>Koiran tulee olla aina kytkettyn\u00e4 ja omistajan hallinnassa. T\u00e4m\u00e4 on t\u00e4rke\u00e4\u00e4 muiden pelaajien turvallisuuden sek\u00e4 koiran oman suojelun vuoksi (esim. lent\u00e4v\u00e4t pallot, villiel\u00e4imet, matelijat).<\/li>\n\n\n\n<li>Koiria ei saa vied\u00e4 griineille eik\u00e4 bunkkereihin. Huolehdithan, ettei koira vahingoita kent\u00e4n pintaa. Tassunj\u00e4ljet bunkkerissa rinnastuvat hoitamattomaan bunkkeriin, joten pyyd\u00e4mme tasoittamaan kaikki bunkerissa syntyneet j\u00e4ljet.<\/li>\n\n\n\n<li>Koiranomistaja on velvollinen siivoamaan lemmikkins\u00e4 j\u00e4t\u00f6kset v\u00e4litt\u00f6m\u00e4sti. Suosittelemme ottamaan mukaan riitt\u00e4v\u00e4sti j\u00e4tepusseja ennen golfkeskukseen saapumista.<\/li>\n\n\n\n<li>Koiran tulee olla hiljainen. Jatkuva haukkuminen, ulvominen tai muu pelaajia h\u00e4iritsev\u00e4 k\u00e4yt\u00f6s (esim. pallojen jahtaaminen) ei ole sallittua.<\/li>\n\n\n\n<li>Koiran kuljettaminen golfautossa on sallittua vain, jos istuimet on suojattu (esim. omalla peitolla), jotta istuimet eiv\u00e4t naarmuunnu tai likaannu.<\/li>\n\n\n\n<li>Koiranomistaja vastaa t\u00e4ysin lemmikkins\u00e4 aiheuttamista vahingoista, mukaan lukien klubille aiheutettu omaisuusvahinko tai mahdolliset tilanteet muiden pelaajien kanssa.<\/li>\n\n\n\n<li>Caddiemasterilla on oikeus pyyt\u00e4\u00e4 pelaajaa poistumaan golfkent\u00e4lt\u00e4 v\u00e4litt\u00f6m\u00e4sti, mik\u00e4li koira k\u00e4ytt\u00e4ytyy h\u00e4iritsev\u00e4sti. Mik\u00e4li huomautuksia ei noudateta, pelaaja menett\u00e4\u00e4 oikeuden tuoda koiran golfkeskukseen jatkossa.<\/li>\n<\/ul>\n\n\n\n<p>Toivotamme sinulle mukavia golfel\u00e4myksi\u00e4!<\/p>\n","protected":false},"excerpt":{"rendered":"<p>Yleist\u00e4 Tasoitus Sea Course -kent\u00e4ll\u00e4 yhden flightin yhteenlaskettu enimm\u00e4istasoitus on 108. Stone Course &#8211; \/ Par 15 Course -kentill\u00e4 tasoitusrajoituksia ei ole. EGCC pid\u00e4tt\u00e4\u00e4 oikeuden tarkistaa pelaajien voimassa olevan tasoituksen (HCP). Vaatteet Parhaan nautinnon golfista saa, jos kentill\u00e4 k\u00e4ytet\u00e4\u00e4n tavanomaista golf-vaatetusta. T-paidat, verryttelyasut, farkut, lyhyet urheiluhousut, paljastavia vaatteita, rantakeng\u00e4t ja korkokeng\u00e4t eiv\u00e4t ole sallittua. Caddiemasterilla [&hellip;]<\/p>\n","protected":false},"author":2,"featured_media":9344,"parent":0,"menu_order":0,"comment_status":"closed","ping_status":"closed","template":"","meta":{"_acf_changed":false,"ngg_post_thumbnail":0,"footnotes":""},"class_list":["post-14905","page","type-page","status-publish","has-post-thumbnail","hentry"],"acf":[],"yoast_head":"<!-- This site is optimized with the Yoast SEO plugin v27.1.1 - https:\/\/yoast.com\/product\/yoast-seo-wordpress\/ -->\n<title>Vierailijan opas &#8211; Estonian Golf &amp; Country Club<\/title>\n<meta name=\"robots\" content=\"index, follow, max-snippet:-1, max-image-preview:large, max-video-preview:-1\" \/>\n<link rel=\"canonical\" href=\"https:\/\/egcc.ee\/fi\/vierailijan-opas\/\" \/>\n<meta property=\"og:locale\" content=\"fi_FI\" \/>\n<meta property=\"og:type\" content=\"article\" \/>\n<meta property=\"og:title\" content=\"Vierailijan opas &#8211; Estonian Golf &amp; Country Club\" \/>\n<meta property=\"og:description\" content=\"Yleist\u00e4 Tasoitus Sea Course -kent\u00e4ll\u00e4 yhden flightin yhteenlaskettu enimm\u00e4istasoitus on 108. Stone Course &#8211; \/ Par 15 Course -kentill\u00e4 tasoitusrajoituksia ei ole. EGCC pid\u00e4tt\u00e4\u00e4 oikeuden tarkistaa pelaajien voimassa olevan tasoituksen (HCP). Vaatteet Parhaan nautinnon golfista saa, jos kentill\u00e4 k\u00e4ytet\u00e4\u00e4n tavanomaista golf-vaatetusta. T-paidat, verryttelyasut, farkut, lyhyet urheiluhousut, paljastavia vaatteita, rantakeng\u00e4t ja korkokeng\u00e4t eiv\u00e4t ole sallittua. Caddiemasterilla [&hellip;]\" \/>\n<meta property=\"og:url\" content=\"https:\/\/egcc.ee\/fi\/vierailijan-opas\/\" \/>\n<meta property=\"og:site_name\" content=\"Estonian Golf &amp; Country Club\" \/>\n<meta property=\"article:modified_time\" content=\"2026-04-07T18:25:56+00:00\" \/>\n<meta property=\"og:image\" content=\"https:\/\/egcc.ee\/wp-content\/uploads\/2023\/05\/EGCC_Sea_Course_7th_green-1024x680.jpg\" \/>\n\t<meta property=\"og:image:width\" content=\"1024\" \/>\n\t<meta property=\"og:image:height\" content=\"680\" \/>\n\t<meta property=\"og:image:type\" content=\"image\/jpeg\" \/>\n<meta name=\"twitter:card\" content=\"summary_large_image\" \/>\n<meta name=\"twitter:label1\" content=\"Arvioitu lukuaika\" \/>\n\t<meta name=\"twitter:data1\" content=\"4 minuuttia\" \/>\n<script type=\"application\/ld+json\" class=\"yoast-schema-graph\">{\"@context\":\"https:\/\/schema.org\",\"@graph\":[{\"@type\":\"WebPage\",\"@id\":\"https:\/\/egcc.ee\/fi\/vierailijan-opas\/\",\"url\":\"https:\/\/egcc.ee\/fi\/vierailijan-opas\/\",\"name\":\"Vierailijan opas &#8211; Estonian Golf &amp; Country Club\",\"isPartOf\":{\"@id\":\"https:\/\/egcc.ee\/fi\/#website\"},\"primaryImageOfPage\":{\"@id\":\"https:\/\/egcc.ee\/fi\/vierailijan-opas\/#primaryimage\"},\"image\":{\"@id\":\"https:\/\/egcc.ee\/fi\/vierailijan-opas\/#primaryimage\"},\"thumbnailUrl\":\"https:\/\/egcc.ee\/wp-content\/uploads\/2023\/05\/EGCC_Sea_Course_7th_green.jpg\",\"datePublished\":\"2023-03-27T18:35:15+00:00\",\"dateModified\":\"2026-04-07T18:25:56+00:00\",\"breadcrumb\":{\"@id\":\"https:\/\/egcc.ee\/fi\/vierailijan-opas\/#breadcrumb\"},\"inLanguage\":\"fi\",\"potentialAction\":[{\"@type\":\"ReadAction\",\"target\":[\"https:\/\/egcc.ee\/fi\/vierailijan-opas\/\"]}]},{\"@type\":\"ImageObject\",\"inLanguage\":\"fi\",\"@id\":\"https:\/\/egcc.ee\/fi\/vierailijan-opas\/#primaryimage\",\"url\":\"https:\/\/egcc.ee\/wp-content\/uploads\/2023\/05\/EGCC_Sea_Course_7th_green.jpg\",\"contentUrl\":\"https:\/\/egcc.ee\/wp-content\/uploads\/2023\/05\/EGCC_Sea_Course_7th_green.jpg\",\"width\":2142,\"height\":1422},{\"@type\":\"BreadcrumbList\",\"@id\":\"https:\/\/egcc.ee\/fi\/vierailijan-opas\/#breadcrumb\",\"itemListElement\":[{\"@type\":\"ListItem\",\"position\":1,\"name\":\"Home\",\"item\":\"https:\/\/egcc.ee\/fi\/\"},{\"@type\":\"ListItem\",\"position\":2,\"name\":\"Vierailijan opas\"}]},{\"@type\":\"WebSite\",\"@id\":\"https:\/\/egcc.ee\/fi\/#website\",\"url\":\"https:\/\/egcc.ee\/fi\/\",\"name\":\"Estonian Golf &amp; Country Club\",\"description\":\"J\u00f5el\u00e4htmes saab golfi!\",\"publisher\":{\"@id\":\"https:\/\/egcc.ee\/fi\/#organization\"},\"potentialAction\":[{\"@type\":\"SearchAction\",\"target\":{\"@type\":\"EntryPoint\",\"urlTemplate\":\"https:\/\/egcc.ee\/fi\/?s={search_term_string}\"},\"query-input\":{\"@type\":\"PropertyValueSpecification\",\"valueRequired\":true,\"valueName\":\"search_term_string\"}}],\"inLanguage\":\"fi\"},{\"@type\":\"Organization\",\"@id\":\"https:\/\/egcc.ee\/fi\/#organization\",\"name\":\"Estonian Golf &amp; Country Club\",\"url\":\"https:\/\/egcc.ee\/fi\/\",\"logo\":{\"@type\":\"ImageObject\",\"inLanguage\":\"fi\",\"@id\":\"https:\/\/egcc.ee\/fi\/#\/schema\/logo\/image\/\",\"url\":\"https:\/\/egcc.ee\/wp-content\/uploads\/2023\/04\/EGCC_logo_150.png\",\"contentUrl\":\"https:\/\/egcc.ee\/wp-content\/uploads\/2023\/04\/EGCC_logo_150.png\",\"width\":150,\"height\":150,\"caption\":\"Estonian Golf &amp; Country Club\"},\"image\":{\"@id\":\"https:\/\/egcc.ee\/fi\/#\/schema\/logo\/image\/\"}}]}<\/script>\n<!-- \/ Yoast SEO plugin. -->","yoast_head_json":{"title":"Vierailijan opas &#8211; Estonian Golf &amp; Country Club","robots":{"index":"index","follow":"follow","max-snippet":"max-snippet:-1","max-image-preview":"max-image-preview:large","max-video-preview":"max-video-preview:-1"},"canonical":"https:\/\/egcc.ee\/fi\/vierailijan-opas\/","og_locale":"fi_FI","og_type":"article","og_title":"Vierailijan opas &#8211; Estonian Golf &amp; Country Club","og_description":"Yleist\u00e4 Tasoitus Sea Course -kent\u00e4ll\u00e4 yhden flightin yhteenlaskettu enimm\u00e4istasoitus on 108. Stone Course &#8211; \/ Par 15 Course -kentill\u00e4 tasoitusrajoituksia ei ole. EGCC pid\u00e4tt\u00e4\u00e4 oikeuden tarkistaa pelaajien voimassa olevan tasoituksen (HCP). Vaatteet Parhaan nautinnon golfista saa, jos kentill\u00e4 k\u00e4ytet\u00e4\u00e4n tavanomaista golf-vaatetusta. T-paidat, verryttelyasut, farkut, lyhyet urheiluhousut, paljastavia vaatteita, rantakeng\u00e4t ja korkokeng\u00e4t eiv\u00e4t ole sallittua. Caddiemasterilla [&hellip;]","og_url":"https:\/\/egcc.ee\/fi\/vierailijan-opas\/","og_site_name":"Estonian Golf &amp; Country Club","article_modified_time":"2026-04-07T18:25:56+00:00","og_image":[{"width":1024,"height":680,"url":"https:\/\/egcc.ee\/wp-content\/uploads\/2023\/05\/EGCC_Sea_Course_7th_green-1024x680.jpg","type":"image\/jpeg"}],"twitter_card":"summary_large_image","twitter_misc":{"Arvioitu lukuaika":"4 minuuttia"},"schema":{"@context":"https:\/\/schema.org","@graph":[{"@type":"WebPage","@id":"https:\/\/egcc.ee\/fi\/vierailijan-opas\/","url":"https:\/\/egcc.ee\/fi\/vierailijan-opas\/","name":"Vierailijan opas &#8211; Estonian Golf &amp; Country Club","isPartOf":{"@id":"https:\/\/egcc.ee\/fi\/#website"},"primaryImageOfPage":{"@id":"https:\/\/egcc.ee\/fi\/vierailijan-opas\/#primaryimage"},"image":{"@id":"https:\/\/egcc.ee\/fi\/vierailijan-opas\/#primaryimage"},"thumbnailUrl":"https:\/\/egcc.ee\/wp-content\/uploads\/2023\/05\/EGCC_Sea_Course_7th_green.jpg","datePublished":"2023-03-27T18:35:15+00:00","dateModified":"2026-04-07T18:25:56+00:00","breadcrumb":{"@id":"https:\/\/egcc.ee\/fi\/vierailijan-opas\/#breadcrumb"},"inLanguage":"fi","potentialAction":[{"@type":"ReadAction","target":["https:\/\/egcc.ee\/fi\/vierailijan-opas\/"]}]},{"@type":"ImageObject","inLanguage":"fi","@id":"https:\/\/egcc.ee\/fi\/vierailijan-opas\/#primaryimage","url":"https:\/\/egcc.ee\/wp-content\/uploads\/2023\/05\/EGCC_Sea_Course_7th_green.jpg","contentUrl":"https:\/\/egcc.ee\/wp-content\/uploads\/2023\/05\/EGCC_Sea_Course_7th_green.jpg","width":2142,"height":1422},{"@type":"BreadcrumbList","@id":"https:\/\/egcc.ee\/fi\/vierailijan-opas\/#breadcrumb","itemListElement":[{"@type":"ListItem","position":1,"name":"Home","item":"https:\/\/egcc.ee\/fi\/"},{"@type":"ListItem","position":2,"name":"Vierailijan opas"}]},{"@type":"WebSite","@id":"https:\/\/egcc.ee\/fi\/#website","url":"https:\/\/egcc.ee\/fi\/","name":"Estonian Golf &amp; Country Club","description":"J\u00f5el\u00e4htmes saab golfi!","publisher":{"@id":"https:\/\/egcc.ee\/fi\/#organization"},"potentialAction":[{"@type":"SearchAction","target":{"@type":"EntryPoint","urlTemplate":"https:\/\/egcc.ee\/fi\/?s={search_term_string}"},"query-input":{"@type":"PropertyValueSpecification","valueRequired":true,"valueName":"search_term_string"}}],"inLanguage":"fi"},{"@type":"Organization","@id":"https:\/\/egcc.ee\/fi\/#organization","name":"Estonian Golf &amp; Country Club","url":"https:\/\/egcc.ee\/fi\/","logo":{"@type":"ImageObject","inLanguage":"fi","@id":"https:\/\/egcc.ee\/fi\/#\/schema\/logo\/image\/","url":"https:\/\/egcc.ee\/wp-content\/uploads\/2023\/04\/EGCC_logo_150.png","contentUrl":"https:\/\/egcc.ee\/wp-content\/uploads\/2023\/04\/EGCC_logo_150.png","width":150,"height":150,"caption":"Estonian Golf &amp; Country Club"},"image":{"@id":"https:\/\/egcc.ee\/fi\/#\/schema\/logo\/image\/"}}]}},"_links":{"self":[{"href":"https:\/\/egcc.ee\/fi\/wp-json\/wp\/v2\/pages\/14905","targetHints":{"allow":["GET"]}}],"collection":[{"href":"https:\/\/egcc.ee\/fi\/wp-json\/wp\/v2\/pages"}],"about":[{"href":"https:\/\/egcc.ee\/fi\/wp-json\/wp\/v2\/types\/page"}],"author":[{"embeddable":true,"href":"https:\/\/egcc.ee\/fi\/wp-json\/wp\/v2\/users\/2"}],"replies":[{"embeddable":true,"href":"https:\/\/egcc.ee\/fi\/wp-json\/wp\/v2\/comments?post=14905"}],"version-history":[{"count":13,"href":"https:\/\/egcc.ee\/fi\/wp-json\/wp\/v2\/pages\/14905\/revisions"}],"predecessor-version":[{"id":40433,"href":"https:\/\/egcc.ee\/fi\/wp-json\/wp\/v2\/pages\/14905\/revisions\/40433"}],"wp:featuredmedia":[{"embeddable":true,"href":"https:\/\/egcc.ee\/fi\/wp-json\/wp\/v2\/media\/9344"}],"wp:attachment":[{"href":"https:\/\/egcc.ee\/fi\/wp-json\/wp\/v2\/media?parent=14905"}],"curies":[{"name":"wp","href":"https:\/\/api.w.org\/{rel}","templated":true}]}}