{"id":14719,"date":"2023-04-16T19:41:25","date_gmt":"2023-04-16T16:41:25","guid":{"rendered":"https:\/\/prelive.egcc.ee\/european-tour-destinations\/"},"modified":"2026-03-03T20:20:42","modified_gmt":"2026-03-03T18:20:42","slug":"european-tour-destinations","status":"publish","type":"page","link":"https:\/\/egcc.ee\/fi\/european-tour-destinations\/","title":{"rendered":"European Tour Destinations"},"content":{"rendered":"\n<div class=\"wp-block-media-text has-media-on-the-right is-stacked-on-mobile\"><div class=\"wp-block-media-text__content\">\n<div style=\"height:20px\" aria-hidden=\"true\" class=\"wp-block-spacer\"><\/div>\n\n\n\n<p>European Tour Destinations yhdist\u00e4\u00e4 <strong>29 poikkeuksellista golfklubia Euroopassa, Aasiassa, L\u00e4hi-id\u00e4ss\u00e4 ja Afrikassa.<\/strong><\/p>\n\n\n\n<p>Estonian Golf &amp; Country Club on ollut European Tour Destinationsin j\u00e4sen vuodesta 2005 l\u00e4htien, ja klubimme j\u00e4senet sek\u00e4 osakkeenomistajat voivat pelata European Tour Destinations -kentill\u00e4 etuhintaan.<\/p>\n<\/div><figure class=\"wp-block-media-text__media\"><img loading=\"lazy\" decoding=\"async\" width=\"1024\" height=\"684\" src=\"https:\/\/egcc.ee\/wp-content\/uploads\/2023\/08\/ETD-1024x684.jpg\" alt=\"\" class=\"wp-image-15006 size-full\" srcset=\"https:\/\/egcc.ee\/wp-content\/uploads\/2023\/08\/ETD-1024x684.jpg 1024w, https:\/\/egcc.ee\/wp-content\/uploads\/2023\/08\/ETD-300x200.jpg 300w, https:\/\/egcc.ee\/wp-content\/uploads\/2023\/08\/ETD-768x513.jpg 768w, https:\/\/egcc.ee\/wp-content\/uploads\/2023\/08\/ETD.jpg 1246w\" sizes=\"auto, (max-width: 1024px) 100vw, 1024px\" \/><\/figure><\/div>\n\n\n\n<div style=\"height:20px\" aria-hidden=\"true\" class=\"wp-block-spacer\"><\/div>\n\n\n\n<div class=\"wp-block-media-text is-stacked-on-mobile\"><figure class=\"wp-block-media-text__media\"><img loading=\"lazy\" decoding=\"async\" width=\"1024\" height=\"683\" src=\"https:\/\/egcc.ee\/wp-content\/uploads\/2023\/06\/Le-Golf-National-6-1024x683.jpg\" alt=\"\" class=\"wp-image-12693 size-full\" srcset=\"https:\/\/egcc.ee\/wp-content\/uploads\/2023\/06\/Le-Golf-National-6-1024x683.jpg 1024w, https:\/\/egcc.ee\/wp-content\/uploads\/2023\/06\/Le-Golf-National-6-300x200.jpg 300w, https:\/\/egcc.ee\/wp-content\/uploads\/2023\/06\/Le-Golf-National-6-768x513.jpg 768w, https:\/\/egcc.ee\/wp-content\/uploads\/2023\/06\/Le-Golf-National-6-1536x1025.jpg 1536w, https:\/\/egcc.ee\/wp-content\/uploads\/2023\/06\/Le-Golf-National-6.jpg 1798w\" sizes=\"auto, (max-width: 1024px) 100vw, 1024px\" \/><\/figure><div class=\"wp-block-media-text__content\">\n<div style=\"height:20px\" aria-hidden=\"true\" class=\"wp-block-spacer\"><\/div>\n\n\n\n<p>European Tour Destinations -golfkent\u00e4t t\u00e4ytt\u00e4v\u00e4t suurturnausten vaatimustason ja tarjoavat siksi ainutlaatuisia el\u00e4myksi\u00e4 niin kent\u00e4ll\u00e4 kuin sen ymp\u00e4rist\u00f6ss\u00e4.<\/p>\n\n\n\n<p>Golfkent\u00e4t sijaitsevat l\u00e4hell\u00e4 tunnettuja kaupunkeja ja kulttuurikohteita, ja yhteisty\u00f6kumppaneiden kanssa ne tarjoavat unohtumattomia golf\u00adlomia sek\u00e4 laadukasta majoitusta. Monissa golfkeskuksissa on my\u00f6s mahdollisuus hankkia eleganttia kiinteist\u00f6\u00e4.<\/p>\n<\/div><\/div>\n\n\n\n<div style=\"height:20px\" aria-hidden=\"true\" class=\"wp-block-spacer\"><\/div>\n\n\n\n<div class=\"wp-block-media-text has-media-on-the-right is-stacked-on-mobile\"><div class=\"wp-block-media-text__content\">\n<div style=\"height:20px\" aria-hidden=\"true\" class=\"wp-block-spacer\"><\/div>\n\n\n\n<p>Vuodesta 2018 l\u00e4htien kaikki Ryder Cupin Euroopan kent\u00e4t ovat kuuluneet European Tour Destinations -verkostoon. Pariisin l\u00e4hell\u00e4 sijaitseva Le Golf National is\u00e4nn\u00f6i yht\u00e4 maailman merkitt\u00e4vimmist\u00e4 urheilutapahtumista syyskuussa 2018.<\/p>\n\n\n\n<p>Vuoden 2023 Ryder Cup pelattiin Rooman l\u00e4hell\u00e4 uudella European Tour Destinations -kent\u00e4ll\u00e4, Marco Simone Golf &amp; Country Clubilla.<\/p>\n<\/div><figure class=\"wp-block-media-text__media\"><img loading=\"lazy\" decoding=\"async\" width=\"1024\" height=\"683\" src=\"https:\/\/egcc.ee\/wp-content\/uploads\/2023\/08\/ETD_Marco_Simone-1024x683.jpg\" alt=\"Marco\" class=\"wp-image-15016 size-full\" srcset=\"https:\/\/egcc.ee\/wp-content\/uploads\/2023\/08\/ETD_Marco_Simone-1024x683.jpg 1024w, https:\/\/egcc.ee\/wp-content\/uploads\/2023\/08\/ETD_Marco_Simone-300x200.jpg 300w, https:\/\/egcc.ee\/wp-content\/uploads\/2023\/08\/ETD_Marco_Simone-768x512.jpg 768w, https:\/\/egcc.ee\/wp-content\/uploads\/2023\/08\/ETD_Marco_Simone.jpg 1500w\" sizes=\"auto, (max-width: 1024px) 100vw, 1024px\" \/><\/figure><\/div>\n\n\n\n<div class=\"accordion\" id=\"accordion-6093053\">\n            <div class=\"accordion-item\">\n            <h2 class=\"accordion-header\" id=\"accordion-6093053-heading-1\">\n                <button class=\"accordion-button \" type=\"button\" data-bs-toggle=\"collapse\" data-bs-target=\"#collapse-accordion-6093053-1\" aria-expanded=\"true\" aria-controls=\"collapse-accordion-6093053-1\">\n                    <span class=\"material-icons\"> golf_course <\/span>&nbsp;<strong>KENT\u00c4T<\/strong>                <\/button>\n            <\/h2>\n            <div id=\"collapse-accordion-6093053-1\" class=\"accordion-collapse collapse show\" aria-labelledby=\"accordion-6093053-heading-1\" data-bs-parent=\"#accordion-6093053\">\n                <div class=\"accordion-body\">\n                    <p><strong>Alankomaat<\/strong><\/p>\n<ul>\n<li>The Dutch<\/li>\n<\/ul>\n<p><strong>Bulgaria<\/strong><\/p>\n<ul>\n<li>Lighthouse Golf &amp; Spa Resort<\/li>\n<li>Pirin Golf &amp; Country Club<\/li>\n<\/ul>\n<p><strong>Espanja<\/strong><\/p>\n<ul>\n<li>Arabella Golf Resort<\/li>\n<li>Camiral Golf &amp; Wellness<\/li>\n<li>Infinitum Golf<\/li>\n<li>La Hacienda Links Golf Resort<\/li>\n<\/ul>\n<p><strong>Italia<\/strong><\/p>\n<ul>\n<li>Marco Simone Golf &amp; Country Club<\/li>\n<\/ul>\n<p><strong>It\u00e4valta<\/strong><\/p>\n<ul>\n<li>Diamond Country Club<\/li>\n<\/ul>\n<p><strong>Kiina<\/strong><\/p>\n<ul>\n<li>Hidden Grace Golf Club<\/li>\n<\/ul>\n<p><strong>Kreikka<\/strong><\/p>\n<ul>\n<li>Costa Navarino<\/li>\n<\/ul>\n<p><strong>Malesia<\/strong><\/p>\n<ul>\n<li>Saujana Golf &amp; Country Club<\/li>\n<\/ul>\n<p><strong>Mauritius<\/strong><\/p>\n<ul>\n<li>Constance Belle Mare Plage<\/li>\n<\/ul>\n<p><strong>Portugali<\/strong><\/p>\n<ul>\n<li>Palmares Ocean Living &amp; Golf<\/li>\n<li>Quinta do Lago<\/li>\n<\/ul>\n<p><strong>Ranska<\/strong><\/p>\n<ul>\n<li>Le Golf National<\/li>\n<li>Le Touquet Golf Resort<\/li>\n<li>Terre Blanche Hotel Spa Golf Resort<\/li>\n<\/ul>\n<p><strong>Seychellit<\/strong><\/p>\n<ul>\n<li>Constance Lemuria<\/li>\n<\/ul>\n<p><strong>Singapore<\/strong><\/p>\n<ul>\n<li>Laguna National<\/li>\n<\/ul>\n<p><span style=\"color: #bd8f18;\"><strong>Suomi<\/strong><\/span><\/p>\n<ul>\n<li>Linna Golf<\/li>\n<\/ul>\n<p><strong>Tanska<\/strong><\/p>\n<ul>\n<li>L\u00fcbker Golf Resort<\/li>\n<\/ul>\n<p><span style=\"color: #bd8f18;\"><strong>Viro<\/strong><\/span><\/p>\n<ul>\n<li>Estonian Golf &amp; Country Club<\/li>\n<\/ul>\n<p><strong>Yhdistyneet arabiemiirikunnat<\/strong><\/p>\n<ul>\n<li>Dubai Creek Golf and Yacht Club<\/li>\n<li>Emirates Golf Club<\/li>\n<li>Jumeirah Golf Estates<\/li>\n<li>Saadiyat Beach Golf Club<\/li>\n<li>Yas Links Abu Dhabi<\/li>\n<\/ul>\n<p><strong>Yhdistynyt kuningaskunta<\/strong><\/p>\n<ul>\n<li>London Golf Club<\/li>\n<\/ul>\n<p>Lue lis\u00e4\u00e4: <a href=\"https:\/\/www.europeantourdestinations.com\/\" target=\"_blank\" rel=\"noopener noreferrer\">European Tour<\/a><a href=\"https:\/\/www.europeantourdestinations.com\/\" target=\"_blank\" rel=\"noopener noreferrer\"> Destinat<\/a><a href=\"https:\/\/www.europeantourdestinations.com\/\" target=\"_blank\" rel=\"noopener noreferrer\">ions<\/a><\/p>\n                <\/div>\n            <\/div>\n        <\/div>\n            <div class=\"accordion-item\">\n            <h2 class=\"accordion-header\" id=\"accordion-6093053-heading-2\">\n                <button class=\"accordion-button collapsed\" type=\"button\" data-bs-toggle=\"collapse\" data-bs-target=\"#collapse-accordion-6093053-2\" aria-expanded=\"true\" aria-controls=\"collapse-accordion-6093053-2\">\n                    <span class=\"material-icons\"> list_alt <\/span>&nbsp;<strong>S\u00c4\u00c4NN\u00d6T<\/strong>                <\/button>\n            <\/h2>\n            <div id=\"collapse-accordion-6093053-2\" class=\"accordion-collapse collapse \" aria-labelledby=\"accordion-6093053-heading-2\" data-bs-parent=\"#accordion-6093053\">\n                <div class=\"accordion-body\">\n                    <p><strong>Green Fee:<\/strong><\/p>\n<ul>\n<li>18 rei\u00e4n golfkierros alkaen 55 \u20ac tai seuran j\u00e4senen vierashinta<\/li>\n<\/ul>\n<p><strong>Varauss\u00e4\u00e4nn\u00f6t:<\/strong><\/p>\n<ul>\n<li>Varaukset tulee tehd\u00e4 ennakkoon kotiseuran (Estonian Golf &amp; Country Clubin) kautta.<\/li>\n<li>Ennakkovarausten ajankohta m\u00e4\u00e4rittyy varattavan kent\u00e4n s\u00e4\u00e4nt\u00f6jen mukaan.<\/li>\n<li>Keskin\u00e4inen Green fee hinta koskee vain ja ainoastaan j\u00e4senkortin haltijaa, johon ovat oikeutettuja Estonian Golf &amp; Country Clubin pelioikeuden omaavat osakkaat ja t\u00e4yspelioikeutetut.<\/li>\n<li>J\u00e4senkortin haltijan vieraat pelaavat normaalilla varattavan kent\u00e4n green fee-hinnalla (mahdolliset alennukset ovat varattavan kent\u00e4n harkinnan varassa).<\/li>\n<li>K\u00e4rry- ja golfauto-maksut tulevat green fee:n lis\u00e4ksi ja ovat osassa kohteista pakollisia.<\/li>\n<li>Kuvallinen henkil\u00f6llisyystodistus tulee esitt\u00e4\u00e4 European Tour j\u00e4senkortin ohessa kent\u00e4lle kirjautumisen yhteydess\u00e4.<\/li>\n<\/ul>\n<p><strong>Pelis\u00e4\u00e4nn\u00f6t ja rajoitukset:<\/strong><\/p>\n<ul>\n<li>Varaukset kotiseuran kautta ovat ainoa hyv\u00e4ksytt\u00e4v\u00e4 reitti etuhintaisten varausten tekemiseen.<\/li>\n<li>Muita reittej\u00e4 pitkin tai muuhun hintaan tehdyt varaukset eiv\u00e4t v\u00e4ltt\u00e4m\u00e4tt\u00e4 ole muokattavissa keskin\u00e4isen hinnan mukaiseksi pelip\u00e4iv\u00e4n\u00e4 tai suoraan pelaajan toimesta.<\/li>\n<li>Yhden p\u00e4iv\u00e4n aikana, yhdest\u00e4 kohteesta tulevien European Tour j\u00e4senhintaan pelaavien pelaajien maksimim\u00e4\u00e4r\u00e4 on <strong>kahdeksan pelaajaa\/kohde.<\/strong><\/li>\n<li>Pelaaja on oikeutettu yhteen j\u00e4senhintaiseen kierrokseen\/kohde seitsem\u00e4n p\u00e4iv\u00e4n ajanjakson aikana.<\/li>\n<li>Kalenterivuoden aikana pelaaja on oikeutettu maksimissaan nelj\u00e4\u00e4n kierrokseen\/kohde.<\/li>\n<li>J\u00e4senhintainen green fee ei v\u00e4ltt\u00e4m\u00e4tt\u00e4 ole sovellettavissa muiden tarjousten tai pakettien yhteydess\u00e4.<\/li>\n<li>European Tour Destinationsilla on oikeus muuttaa ehtoja.<\/li>\n<\/ul>\n<p><strong>Lis\u00e4\u00e4 suosituksia pelist\u00e4 nauttimiseen alennettuun hintaan:<\/strong><\/p>\n<ul>\n<li>Alennus on k\u00e4tevint\u00e4 k\u00e4ytt\u00e4\u00e4, jos suunnittelet vierailua pidemm\u00e4ksi aikaa.<\/li>\n<li>Ota yhteytt\u00e4 ja kerro milloin ja miss\u00e4 haluat pelata, otamme yhteytt\u00e4 kyseiseen tuomioistuimeen ja saamme vahvistuksen puoleltamme.<\/li>\n<li>\u00c4l\u00e4 unohda ETP-korttia, kun menet pelaamaan, koska on ollut tilanteita, joissa ilman korttia pelaaja on velvollinen maksamaan t\u00e4yden green fee-maksun.<\/li>\n<li>My\u00f6s jakaa vaikutelmia muiden klubin j\u00e4senten kanssa rohkaistakseen kaikkia matkustamaan ja nauttimaan EGCC:n osakkeenomistajan eduista.<\/li>\n<\/ul>\n<p><strong>Jos sinulla on kysytt\u00e4v\u00e4\u00e4, soita <a href=\"tel:+37255670103\" target=\"_blank\" rel=\"noreferrer noopener\">+3725 567 0103<\/a>&nbsp;tai kirjoittaa<\/strong> <strong><a href=\"mailto:club@egcc.ee\" target=\"_blank\" rel=\"noopener\">club@egcc.ee<\/a>.<\/strong><\/p>\n                <\/div>\n            <\/div>\n        <\/div>\n    <\/div>","protected":false},"excerpt":{"rendered":"","protected":false},"author":2,"featured_media":12695,"parent":0,"menu_order":0,"comment_status":"closed","ping_status":"closed","template":"","meta":{"_acf_changed":false,"ngg_post_thumbnail":0,"footnotes":""},"class_list":["post-14719","page","type-page","status-publish","has-post-thumbnail","hentry"],"acf":[],"yoast_head":"<!-- This site is optimized with the Yoast SEO plugin v27.1.1 - https:\/\/yoast.com\/product\/yoast-seo-wordpress\/ -->\n<title>European Tour Destinations &#8211; Estonian Golf &amp; Country Club<\/title>\n<meta name=\"robots\" content=\"index, follow, max-snippet:-1, max-image-preview:large, max-video-preview:-1\" \/>\n<link rel=\"canonical\" href=\"https:\/\/egcc.ee\/fi\/european-tour-destinations\/\" \/>\n<meta property=\"og:locale\" content=\"fi_FI\" \/>\n<meta property=\"og:type\" content=\"article\" \/>\n<meta property=\"og:title\" content=\"European Tour Destinations &#8211; Estonian Golf &amp; Country Club\" \/>\n<meta property=\"og:url\" content=\"https:\/\/egcc.ee\/fi\/european-tour-destinations\/\" \/>\n<meta property=\"og:site_name\" content=\"Estonian Golf &amp; Country Club\" \/>\n<meta property=\"article:modified_time\" content=\"2026-03-03T18:20:42+00:00\" \/>\n<meta property=\"og:image\" content=\"https:\/\/egcc.ee\/wp-content\/uploads\/2023\/06\/Le-Golf-National-6.jpg\" \/>\n\t<meta property=\"og:image:width\" content=\"1798\" \/>\n\t<meta property=\"og:image:height\" content=\"1200\" \/>\n\t<meta property=\"og:image:type\" content=\"image\/jpeg\" \/>\n<meta name=\"twitter:card\" content=\"summary_large_image\" \/>\n<meta name=\"twitter:label1\" content=\"Arvioitu lukuaika\" \/>\n\t<meta name=\"twitter:data1\" content=\"2 minuuttia\" \/>\n<script type=\"application\/ld+json\" class=\"yoast-schema-graph\">{\"@context\":\"https:\/\/schema.org\",\"@graph\":[{\"@type\":\"WebPage\",\"@id\":\"https:\/\/egcc.ee\/fi\/european-tour-destinations\/\",\"url\":\"https:\/\/egcc.ee\/fi\/european-tour-destinations\/\",\"name\":\"European Tour Destinations &#8211; Estonian Golf &amp; Country Club\",\"isPartOf\":{\"@id\":\"https:\/\/egcc.ee\/fi\/#website\"},\"primaryImageOfPage\":{\"@id\":\"https:\/\/egcc.ee\/fi\/european-tour-destinations\/#primaryimage\"},\"image\":{\"@id\":\"https:\/\/egcc.ee\/fi\/european-tour-destinations\/#primaryimage\"},\"thumbnailUrl\":\"https:\/\/egcc.ee\/wp-content\/uploads\/2023\/06\/Le-Golf-National-6.jpg\",\"datePublished\":\"2023-04-16T16:41:25+00:00\",\"dateModified\":\"2026-03-03T18:20:42+00:00\",\"breadcrumb\":{\"@id\":\"https:\/\/egcc.ee\/fi\/european-tour-destinations\/#breadcrumb\"},\"inLanguage\":\"fi\",\"potentialAction\":[{\"@type\":\"ReadAction\",\"target\":[\"https:\/\/egcc.ee\/fi\/european-tour-destinations\/\"]}]},{\"@type\":\"ImageObject\",\"inLanguage\":\"fi\",\"@id\":\"https:\/\/egcc.ee\/fi\/european-tour-destinations\/#primaryimage\",\"url\":\"https:\/\/egcc.ee\/wp-content\/uploads\/2023\/06\/Le-Golf-National-6.jpg\",\"contentUrl\":\"https:\/\/egcc.ee\/wp-content\/uploads\/2023\/06\/Le-Golf-National-6.jpg\",\"width\":1798,\"height\":1200,\"caption\":\"European Tour Destinations\"},{\"@type\":\"BreadcrumbList\",\"@id\":\"https:\/\/egcc.ee\/fi\/european-tour-destinations\/#breadcrumb\",\"itemListElement\":[{\"@type\":\"ListItem\",\"position\":1,\"name\":\"Home\",\"item\":\"https:\/\/egcc.ee\/fi\/\"},{\"@type\":\"ListItem\",\"position\":2,\"name\":\"European Tour Destinations\"}]},{\"@type\":\"WebSite\",\"@id\":\"https:\/\/egcc.ee\/fi\/#website\",\"url\":\"https:\/\/egcc.ee\/fi\/\",\"name\":\"Estonian Golf &amp; Country Club\",\"description\":\"J\u00f5el\u00e4htmes saab golfi!\",\"publisher\":{\"@id\":\"https:\/\/egcc.ee\/fi\/#organization\"},\"potentialAction\":[{\"@type\":\"SearchAction\",\"target\":{\"@type\":\"EntryPoint\",\"urlTemplate\":\"https:\/\/egcc.ee\/fi\/?s={search_term_string}\"},\"query-input\":{\"@type\":\"PropertyValueSpecification\",\"valueRequired\":true,\"valueName\":\"search_term_string\"}}],\"inLanguage\":\"fi\"},{\"@type\":\"Organization\",\"@id\":\"https:\/\/egcc.ee\/fi\/#organization\",\"name\":\"Estonian Golf &amp; Country Club\",\"url\":\"https:\/\/egcc.ee\/fi\/\",\"logo\":{\"@type\":\"ImageObject\",\"inLanguage\":\"fi\",\"@id\":\"https:\/\/egcc.ee\/fi\/#\/schema\/logo\/image\/\",\"url\":\"https:\/\/egcc.ee\/wp-content\/uploads\/2023\/04\/EGCC_logo_150.png\",\"contentUrl\":\"https:\/\/egcc.ee\/wp-content\/uploads\/2023\/04\/EGCC_logo_150.png\",\"width\":150,\"height\":150,\"caption\":\"Estonian Golf &amp; Country Club\"},\"image\":{\"@id\":\"https:\/\/egcc.ee\/fi\/#\/schema\/logo\/image\/\"}}]}<\/script>\n<!-- \/ Yoast SEO plugin. -->","yoast_head_json":{"title":"European Tour Destinations &#8211; Estonian Golf &amp; Country Club","robots":{"index":"index","follow":"follow","max-snippet":"max-snippet:-1","max-image-preview":"max-image-preview:large","max-video-preview":"max-video-preview:-1"},"canonical":"https:\/\/egcc.ee\/fi\/european-tour-destinations\/","og_locale":"fi_FI","og_type":"article","og_title":"European Tour Destinations &#8211; Estonian Golf &amp; Country Club","og_url":"https:\/\/egcc.ee\/fi\/european-tour-destinations\/","og_site_name":"Estonian Golf &amp; Country Club","article_modified_time":"2026-03-03T18:20:42+00:00","og_image":[{"width":1798,"height":1200,"url":"https:\/\/egcc.ee\/wp-content\/uploads\/2023\/06\/Le-Golf-National-6.jpg","type":"image\/jpeg"}],"twitter_card":"summary_large_image","twitter_misc":{"Arvioitu lukuaika":"2 minuuttia"},"schema":{"@context":"https:\/\/schema.org","@graph":[{"@type":"WebPage","@id":"https:\/\/egcc.ee\/fi\/european-tour-destinations\/","url":"https:\/\/egcc.ee\/fi\/european-tour-destinations\/","name":"European Tour Destinations &#8211; Estonian Golf &amp; Country Club","isPartOf":{"@id":"https:\/\/egcc.ee\/fi\/#website"},"primaryImageOfPage":{"@id":"https:\/\/egcc.ee\/fi\/european-tour-destinations\/#primaryimage"},"image":{"@id":"https:\/\/egcc.ee\/fi\/european-tour-destinations\/#primaryimage"},"thumbnailUrl":"https:\/\/egcc.ee\/wp-content\/uploads\/2023\/06\/Le-Golf-National-6.jpg","datePublished":"2023-04-16T16:41:25+00:00","dateModified":"2026-03-03T18:20:42+00:00","breadcrumb":{"@id":"https:\/\/egcc.ee\/fi\/european-tour-destinations\/#breadcrumb"},"inLanguage":"fi","potentialAction":[{"@type":"ReadAction","target":["https:\/\/egcc.ee\/fi\/european-tour-destinations\/"]}]},{"@type":"ImageObject","inLanguage":"fi","@id":"https:\/\/egcc.ee\/fi\/european-tour-destinations\/#primaryimage","url":"https:\/\/egcc.ee\/wp-content\/uploads\/2023\/06\/Le-Golf-National-6.jpg","contentUrl":"https:\/\/egcc.ee\/wp-content\/uploads\/2023\/06\/Le-Golf-National-6.jpg","width":1798,"height":1200,"caption":"European Tour Destinations"},{"@type":"BreadcrumbList","@id":"https:\/\/egcc.ee\/fi\/european-tour-destinations\/#breadcrumb","itemListElement":[{"@type":"ListItem","position":1,"name":"Home","item":"https:\/\/egcc.ee\/fi\/"},{"@type":"ListItem","position":2,"name":"European Tour Destinations"}]},{"@type":"WebSite","@id":"https:\/\/egcc.ee\/fi\/#website","url":"https:\/\/egcc.ee\/fi\/","name":"Estonian Golf &amp; Country Club","description":"J\u00f5el\u00e4htmes saab golfi!","publisher":{"@id":"https:\/\/egcc.ee\/fi\/#organization"},"potentialAction":[{"@type":"SearchAction","target":{"@type":"EntryPoint","urlTemplate":"https:\/\/egcc.ee\/fi\/?s={search_term_string}"},"query-input":{"@type":"PropertyValueSpecification","valueRequired":true,"valueName":"search_term_string"}}],"inLanguage":"fi"},{"@type":"Organization","@id":"https:\/\/egcc.ee\/fi\/#organization","name":"Estonian Golf &amp; Country Club","url":"https:\/\/egcc.ee\/fi\/","logo":{"@type":"ImageObject","inLanguage":"fi","@id":"https:\/\/egcc.ee\/fi\/#\/schema\/logo\/image\/","url":"https:\/\/egcc.ee\/wp-content\/uploads\/2023\/04\/EGCC_logo_150.png","contentUrl":"https:\/\/egcc.ee\/wp-content\/uploads\/2023\/04\/EGCC_logo_150.png","width":150,"height":150,"caption":"Estonian Golf &amp; Country Club"},"image":{"@id":"https:\/\/egcc.ee\/fi\/#\/schema\/logo\/image\/"}}]}},"_links":{"self":[{"href":"https:\/\/egcc.ee\/fi\/wp-json\/wp\/v2\/pages\/14719","targetHints":{"allow":["GET"]}}],"collection":[{"href":"https:\/\/egcc.ee\/fi\/wp-json\/wp\/v2\/pages"}],"about":[{"href":"https:\/\/egcc.ee\/fi\/wp-json\/wp\/v2\/types\/page"}],"author":[{"embeddable":true,"href":"https:\/\/egcc.ee\/fi\/wp-json\/wp\/v2\/users\/2"}],"replies":[{"embeddable":true,"href":"https:\/\/egcc.ee\/fi\/wp-json\/wp\/v2\/comments?post=14719"}],"version-history":[{"count":30,"href":"https:\/\/egcc.ee\/fi\/wp-json\/wp\/v2\/pages\/14719\/revisions"}],"predecessor-version":[{"id":39666,"href":"https:\/\/egcc.ee\/fi\/wp-json\/wp\/v2\/pages\/14719\/revisions\/39666"}],"wp:featuredmedia":[{"embeddable":true,"href":"https:\/\/egcc.ee\/fi\/wp-json\/wp\/v2\/media\/12695"}],"wp:attachment":[{"href":"https:\/\/egcc.ee\/fi\/wp-json\/wp\/v2\/media?parent=14719"}],"curies":[{"name":"wp","href":"https:\/\/api.w.org\/{rel}","templated":true}]}}