{"id":13937,"date":"2023-08-14T19:49:37","date_gmt":"2023-08-14T16:49:37","guid":{"rendered":"https:\/\/prelive.egcc.ee\/golf-uus\/"},"modified":"2026-03-11T12:53:16","modified_gmt":"2026-03-11T10:53:16","slug":"golf","status":"publish","type":"page","link":"https:\/\/egcc.ee\/fi\/golf\/","title":{"rendered":"Golf"},"content":{"rendered":"\n<div class=\"wp-block-media-text has-media-on-the-right is-stacked-on-mobile\"><div class=\"wp-block-media-text__content\">\n<div style=\"height:20px\" aria-hidden=\"true\" class=\"wp-block-spacer\"><\/div>\n\n\n\n<h2 class=\"wp-block-heading\">Tervetuloa J\u00f5el\u00e4htmelle!<\/h2>\n\n\n\n<p>Paikalliset kertovat, ett\u00e4 kun Jumala loi Estonian Golf &amp; Country Clubin rannikkomaan, t\u00e4m\u00e4n on t\u00e4ytynyt tarkoituksena olla golfkentt\u00e4, sill\u00e4 se kiertelee niin harmonisesti pitkin&nbsp;<strong>It\u00e4meren rannikkoa ja J\u00e4galajoen suistoa.<\/strong><\/p>\n\n\n\n<p>Vanhojen tammien alla linnunlaulua kuunnellessa unohtuu kokonaan, ett\u00e4 Tallinnan keskusta on <strong>alle puolen tunnin ajomatkan p\u00e4\u00e4ss\u00e4.<\/strong><\/p>\n<\/div><figure class=\"wp-block-media-text__media\"><img loading=\"lazy\" decoding=\"async\" width=\"1024\" height=\"682\" src=\"https:\/\/egcc.ee\/wp-content\/uploads\/2023\/08\/EGCC_Sea_Course_0259-1024x682.jpg\" alt=\"\" class=\"wp-image-14446 size-full\" srcset=\"https:\/\/egcc.ee\/wp-content\/uploads\/2023\/08\/EGCC_Sea_Course_0259-1024x682.jpg 1024w, https:\/\/egcc.ee\/wp-content\/uploads\/2023\/08\/EGCC_Sea_Course_0259-300x200.jpg 300w, https:\/\/egcc.ee\/wp-content\/uploads\/2023\/08\/EGCC_Sea_Course_0259-768x512.jpg 768w, https:\/\/egcc.ee\/wp-content\/uploads\/2023\/08\/EGCC_Sea_Course_0259-1536x1024.jpg 1536w, https:\/\/egcc.ee\/wp-content\/uploads\/2023\/08\/EGCC_Sea_Course_0259.jpg 2000w\" sizes=\"auto, (max-width: 1024px) 100vw, 1024px\" \/><\/figure><\/div>\n\n\n\n<div style=\"height:20px\" aria-hidden=\"true\" class=\"wp-block-spacer\"><\/div>\n\n\n\n<div class=\"wp-block-media-text is-stacked-on-mobile\"><figure class=\"wp-block-media-text__media\"><img loading=\"lazy\" decoding=\"async\" width=\"1024\" height=\"682\" src=\"https:\/\/egcc.ee\/wp-content\/uploads\/2023\/05\/EGCC_Sea_Course-13-back-high-1024x682.jpg\" alt=\"\" class=\"wp-image-11484 size-full\" srcset=\"https:\/\/egcc.ee\/wp-content\/uploads\/2023\/05\/EGCC_Sea_Course-13-back-high-1024x682.jpg 1024w, https:\/\/egcc.ee\/wp-content\/uploads\/2023\/05\/EGCC_Sea_Course-13-back-high-300x200.jpg 300w, https:\/\/egcc.ee\/wp-content\/uploads\/2023\/05\/EGCC_Sea_Course-13-back-high-768x512.jpg 768w, https:\/\/egcc.ee\/wp-content\/uploads\/2023\/05\/EGCC_Sea_Course-13-back-high-1536x1024.jpg 1536w, https:\/\/egcc.ee\/wp-content\/uploads\/2023\/05\/EGCC_Sea_Course-13-back-high.jpg 2000w\" sizes=\"auto, (max-width: 1024px) 100vw, 1024px\" \/><\/figure><div class=\"wp-block-media-text__content\">\n<div style=\"height:20px\" aria-hidden=\"true\" class=\"wp-block-spacer\"><\/div>\n\n\n\n<h2 class=\"wp-block-heading\"><strong><strong>Sea Course, Stone Course ja Annika Course<\/strong><\/strong><\/h2>\n\n\n\n<p><strong>18-reik\u00e4inen Sea Course<\/strong> hurmaa upeilla merimaisemillaan, jotka tulevat erityisen vaikuttavasti esiin v\u00e4yl\u00e4ll\u00e4 numero 3 \u2013 kent\u00e4n omalla signature\u2011rei\u00e4ll\u00e4.<\/p>\n\n\n\n<p>T\u00e4n\u00e4 kev\u00e4\u00e4n\u00e4 on viimeinen mahdollisuus pelata kierros 9\u2011reik\u00e4isell\u00e4<strong> Stone Course -kent\u00e4ll\u00e4.<\/strong><\/p>\n\n\n\n<p>Laaja rakennusprojekti on jo k\u00e4ynniss\u00e4, ja syksyll\u00e4 2027 odotamme innolla uuden 18\u2011reik\u00e4isen <a href=\"https:\/\/egcc.ee\/fi\/2024\/07\/16\/golfpiste-egccssa-rakennetaan-uutta-kenttaa\/\">Annika Course<\/a> -kent\u00e4n avaamista Stone Course -kent\u00e4n tilalle.<\/p>\n<\/div><\/div>\n\n\n\n<div style=\"height:20px\" aria-hidden=\"true\" class=\"wp-block-spacer\"><\/div>\n\n\n\n<div class=\"wp-block-media-text has-media-on-the-right is-stacked-on-mobile\"><div class=\"wp-block-media-text__content\">\n<div style=\"height:20px\" aria-hidden=\"true\" class=\"wp-block-spacer\"><\/div>\n\n\n\n<h2 class=\"wp-block-heading\">Klubitalo, ravintola ja golfakatemia<\/h2>\n\n\n\n<p>Estonian Golf &amp; Country Clubin riihitupaa muistuttava klubirakennus sijaitsee t\u00f6rm\u00e4n vieress\u00e4.<\/p>\n\n\n\n<p>Koska seuran p\u00e4\u00e4rakennus sijaitsee vain jonkun askelen p\u00e4\u00e4ss\u00e4 Sea Coursesta, Stone Coursesta, Drive Rangesta, harjoittelukentist\u00e4 ja&nbsp;J\u00f5el\u00e4htme Golf- Akatemiasta on se luonnollisesti <strong>klubin toiminnan keskipiste.<\/strong><\/p>\n<\/div><figure class=\"wp-block-media-text__media\"><img loading=\"lazy\" decoding=\"async\" width=\"1024\" height=\"683\" src=\"https:\/\/egcc.ee\/wp-content\/uploads\/2023\/05\/1500x1000_eggc_clubhouse_sunset-1024x683.jpg\" alt=\"\" class=\"wp-image-8975 size-full\" srcset=\"https:\/\/egcc.ee\/wp-content\/uploads\/2023\/05\/1500x1000_eggc_clubhouse_sunset-1024x683.jpg 1024w, https:\/\/egcc.ee\/wp-content\/uploads\/2023\/05\/1500x1000_eggc_clubhouse_sunset-300x200.jpg 300w, https:\/\/egcc.ee\/wp-content\/uploads\/2023\/05\/1500x1000_eggc_clubhouse_sunset-768x512.jpg 768w, https:\/\/egcc.ee\/wp-content\/uploads\/2023\/05\/1500x1000_eggc_clubhouse_sunset.jpg 1500w\" sizes=\"auto, (max-width: 1024px) 100vw, 1024px\" \/><\/figure><\/div>\n\n\n\n<div style=\"height:20px\" aria-hidden=\"true\" class=\"wp-block-spacer\"><\/div>\n\n\n\n<div class=\"wp-block-media-text is-stacked-on-mobile\"><figure class=\"wp-block-media-text__media\"><img loading=\"lazy\" decoding=\"async\" width=\"1024\" height=\"682\" src=\"https:\/\/egcc.ee\/wp-content\/uploads\/2023\/08\/EGCC_golfiautod_YSD1024-1024x682.jpg\" alt=\"\" class=\"wp-image-14463 size-full\" srcset=\"https:\/\/egcc.ee\/wp-content\/uploads\/2023\/08\/EGCC_golfiautod_YSD1024-1024x682.jpg 1024w, https:\/\/egcc.ee\/wp-content\/uploads\/2023\/08\/EGCC_golfiautod_YSD1024-300x200.jpg 300w, https:\/\/egcc.ee\/wp-content\/uploads\/2023\/08\/EGCC_golfiautod_YSD1024-768x512.jpg 768w, https:\/\/egcc.ee\/wp-content\/uploads\/2023\/08\/EGCC_golfiautod_YSD1024-1536x1024.jpg 1536w, https:\/\/egcc.ee\/wp-content\/uploads\/2023\/08\/EGCC_golfiautod_YSD1024.jpg 2000w\" sizes=\"auto, (max-width: 1024px) 100vw, 1024px\" \/><\/figure><div class=\"wp-block-media-text__content\">\n<div style=\"height:20px\" aria-hidden=\"true\" class=\"wp-block-spacer\"><\/div>\n\n\n\n<h2 class=\"wp-block-heading\">Palvelumme<\/h2>\n\n\n\n<ul class=\"wp-block-list\">\n<li><a href=\"https:\/\/egcc.ee\/fi\/kilpailut\/\">Turnaukset<\/a> ja yritysgolftapahtumat<\/li>\n\n\n\n<li><a href=\"https:\/\/egcc.ee\/fi\/joelahtme-golf-akatemia\/\">Ryhm\u00e4treenit<\/a> ja <a href=\"https:\/\/egcc.ee\/fi\/yksityisopetus\/\">yksityistunnit<\/a><\/li>\n\n\n\n<li><a href=\"https:\/\/egcc.ee\/fi\/golfdemo\/\">Golfdemot<\/a> ja <a href=\"https:\/\/egcc.ee\/fi\/green-card\/\">green card -kurssit<\/a><\/li>\n\n\n\n<li><a href=\"https:\/\/egcc.ee\/fi\/pro-shop\/\">Pro Shop<\/a><\/li>\n\n\n\n<li>Pukuhuoneet ja saunat<\/li>\n\n\n\n<li><a href=\"https:\/\/egcc.ee\/fi\/kokoukset\/\">Kokoustila<\/a> ja Wi-Fi<\/li>\n\n\n\n<li>Toptracer Range ja <a href=\"https:\/\/egcc.ee\/fi\/harjoitusalue\/\">harjoitusalue<\/a><\/li>\n\n\n\n<li><a href=\"https:\/\/egcc.ee\/fi\/hinnasto\/\">Golfautot<\/a> ja mailavuokra<\/li>\n\n\n\n<li><a href=\"https:\/\/egcc.ee\/fi\/halfway-house\/\">Halfway House<\/a> ja <a href=\"https:\/\/egcc.ee\/fi\/kahvipiste\/\">itsepalvelukahvipiste<\/a><\/li>\n\n\n\n<li>Pys\u00e4k\u00f6inti 111 autolle, 2 bussille, 4 moottoripy\u00f6rille ja latauspiste 4 s\u00e4hk\u00f6autolle<\/li>\n\n\n\n<li><a href=\"https:\/\/egcc.ee\/fi\/ravintola\/\">J\u00f5el\u00e4htme Da Vinci Golf ravintola<\/a> ja <a href=\"https:\/\/egcc.ee\/fi\/klinkberg-summer-venue\/\">Klinkberg Summer Venue<\/a><\/li>\n<\/ul>\n<\/div><\/div>\n","protected":false},"excerpt":{"rendered":"","protected":false},"author":2,"featured_media":8977,"parent":0,"menu_order":0,"comment_status":"closed","ping_status":"closed","template":"","meta":{"_acf_changed":false,"ngg_post_thumbnail":0,"footnotes":""},"class_list":["post-13937","page","type-page","status-publish","has-post-thumbnail","hentry"],"acf":[],"yoast_head":"<!-- This site is optimized with the Yoast SEO plugin v27.1.1 - https:\/\/yoast.com\/product\/yoast-seo-wordpress\/ -->\n<title>Golf &#8211; Estonian Golf &amp; Country Club<\/title>\n<meta name=\"robots\" content=\"index, follow, max-snippet:-1, max-image-preview:large, max-video-preview:-1\" \/>\n<link rel=\"canonical\" href=\"https:\/\/egcc.ee\/fi\/golf\/\" \/>\n<meta property=\"og:locale\" content=\"fi_FI\" \/>\n<meta property=\"og:type\" content=\"article\" \/>\n<meta property=\"og:title\" content=\"Golf &#8211; Estonian Golf &amp; Country Club\" \/>\n<meta property=\"og:url\" content=\"https:\/\/egcc.ee\/fi\/golf\/\" \/>\n<meta property=\"og:site_name\" content=\"Estonian Golf &amp; Country Club\" \/>\n<meta property=\"article:modified_time\" content=\"2026-03-11T10:53:16+00:00\" \/>\n<meta property=\"og:image\" content=\"https:\/\/egcc.ee\/wp-content\/uploads\/2023\/05\/1500x1000_eggc_clubhouse_sunset.jpg\" \/>\n\t<meta property=\"og:image:width\" content=\"1500\" \/>\n\t<meta property=\"og:image:height\" content=\"1000\" \/>\n\t<meta property=\"og:image:type\" content=\"image\/jpeg\" \/>\n<meta name=\"twitter:card\" content=\"summary_large_image\" \/>\n<meta name=\"twitter:label1\" content=\"Arvioitu lukuaika\" \/>\n\t<meta name=\"twitter:data1\" content=\"3 minuuttia\" \/>\n<script type=\"application\/ld+json\" class=\"yoast-schema-graph\">{\"@context\":\"https:\/\/schema.org\",\"@graph\":[{\"@type\":\"WebPage\",\"@id\":\"https:\/\/egcc.ee\/fi\/golf\/\",\"url\":\"https:\/\/egcc.ee\/fi\/golf\/\",\"name\":\"Golf &#8211; Estonian Golf &amp; Country Club\",\"isPartOf\":{\"@id\":\"https:\/\/egcc.ee\/fi\/#website\"},\"primaryImageOfPage\":{\"@id\":\"https:\/\/egcc.ee\/fi\/golf\/#primaryimage\"},\"image\":{\"@id\":\"https:\/\/egcc.ee\/fi\/golf\/#primaryimage\"},\"thumbnailUrl\":\"https:\/\/egcc.ee\/wp-content\/uploads\/2023\/05\/1500x1000_eggc_clubhouse_sunset.jpg\",\"datePublished\":\"2023-08-14T16:49:37+00:00\",\"dateModified\":\"2026-03-11T10:53:16+00:00\",\"breadcrumb\":{\"@id\":\"https:\/\/egcc.ee\/fi\/golf\/#breadcrumb\"},\"inLanguage\":\"fi\",\"potentialAction\":[{\"@type\":\"ReadAction\",\"target\":[\"https:\/\/egcc.ee\/fi\/golf\/\"]}]},{\"@type\":\"ImageObject\",\"inLanguage\":\"fi\",\"@id\":\"https:\/\/egcc.ee\/fi\/golf\/#primaryimage\",\"url\":\"https:\/\/egcc.ee\/wp-content\/uploads\/2023\/05\/1500x1000_eggc_clubhouse_sunset.jpg\",\"contentUrl\":\"https:\/\/egcc.ee\/wp-content\/uploads\/2023\/05\/1500x1000_eggc_clubhouse_sunset.jpg\",\"width\":1500,\"height\":1000,\"caption\":\"J\u00f5el\u00e4htme golfikeskus: klubihoone\"},{\"@type\":\"BreadcrumbList\",\"@id\":\"https:\/\/egcc.ee\/fi\/golf\/#breadcrumb\",\"itemListElement\":[{\"@type\":\"ListItem\",\"position\":1,\"name\":\"Home\",\"item\":\"https:\/\/egcc.ee\/fi\/\"},{\"@type\":\"ListItem\",\"position\":2,\"name\":\"Golf\"}]},{\"@type\":\"WebSite\",\"@id\":\"https:\/\/egcc.ee\/fi\/#website\",\"url\":\"https:\/\/egcc.ee\/fi\/\",\"name\":\"Estonian Golf &amp; Country Club\",\"description\":\"J\u00f5el\u00e4htmes saab golfi!\",\"publisher\":{\"@id\":\"https:\/\/egcc.ee\/fi\/#organization\"},\"potentialAction\":[{\"@type\":\"SearchAction\",\"target\":{\"@type\":\"EntryPoint\",\"urlTemplate\":\"https:\/\/egcc.ee\/fi\/?s={search_term_string}\"},\"query-input\":{\"@type\":\"PropertyValueSpecification\",\"valueRequired\":true,\"valueName\":\"search_term_string\"}}],\"inLanguage\":\"fi\"},{\"@type\":\"Organization\",\"@id\":\"https:\/\/egcc.ee\/fi\/#organization\",\"name\":\"Estonian Golf &amp; Country Club\",\"url\":\"https:\/\/egcc.ee\/fi\/\",\"logo\":{\"@type\":\"ImageObject\",\"inLanguage\":\"fi\",\"@id\":\"https:\/\/egcc.ee\/fi\/#\/schema\/logo\/image\/\",\"url\":\"https:\/\/egcc.ee\/wp-content\/uploads\/2023\/04\/EGCC_logo_150.png\",\"contentUrl\":\"https:\/\/egcc.ee\/wp-content\/uploads\/2023\/04\/EGCC_logo_150.png\",\"width\":150,\"height\":150,\"caption\":\"Estonian Golf &amp; Country Club\"},\"image\":{\"@id\":\"https:\/\/egcc.ee\/fi\/#\/schema\/logo\/image\/\"}}]}<\/script>\n<!-- \/ Yoast SEO plugin. -->","yoast_head_json":{"title":"Golf &#8211; Estonian Golf &amp; Country Club","robots":{"index":"index","follow":"follow","max-snippet":"max-snippet:-1","max-image-preview":"max-image-preview:large","max-video-preview":"max-video-preview:-1"},"canonical":"https:\/\/egcc.ee\/fi\/golf\/","og_locale":"fi_FI","og_type":"article","og_title":"Golf &#8211; Estonian Golf &amp; Country Club","og_url":"https:\/\/egcc.ee\/fi\/golf\/","og_site_name":"Estonian Golf &amp; Country Club","article_modified_time":"2026-03-11T10:53:16+00:00","og_image":[{"width":1500,"height":1000,"url":"https:\/\/egcc.ee\/wp-content\/uploads\/2023\/05\/1500x1000_eggc_clubhouse_sunset.jpg","type":"image\/jpeg"}],"twitter_card":"summary_large_image","twitter_misc":{"Arvioitu lukuaika":"3 minuuttia"},"schema":{"@context":"https:\/\/schema.org","@graph":[{"@type":"WebPage","@id":"https:\/\/egcc.ee\/fi\/golf\/","url":"https:\/\/egcc.ee\/fi\/golf\/","name":"Golf &#8211; Estonian Golf &amp; Country Club","isPartOf":{"@id":"https:\/\/egcc.ee\/fi\/#website"},"primaryImageOfPage":{"@id":"https:\/\/egcc.ee\/fi\/golf\/#primaryimage"},"image":{"@id":"https:\/\/egcc.ee\/fi\/golf\/#primaryimage"},"thumbnailUrl":"https:\/\/egcc.ee\/wp-content\/uploads\/2023\/05\/1500x1000_eggc_clubhouse_sunset.jpg","datePublished":"2023-08-14T16:49:37+00:00","dateModified":"2026-03-11T10:53:16+00:00","breadcrumb":{"@id":"https:\/\/egcc.ee\/fi\/golf\/#breadcrumb"},"inLanguage":"fi","potentialAction":[{"@type":"ReadAction","target":["https:\/\/egcc.ee\/fi\/golf\/"]}]},{"@type":"ImageObject","inLanguage":"fi","@id":"https:\/\/egcc.ee\/fi\/golf\/#primaryimage","url":"https:\/\/egcc.ee\/wp-content\/uploads\/2023\/05\/1500x1000_eggc_clubhouse_sunset.jpg","contentUrl":"https:\/\/egcc.ee\/wp-content\/uploads\/2023\/05\/1500x1000_eggc_clubhouse_sunset.jpg","width":1500,"height":1000,"caption":"J\u00f5el\u00e4htme golfikeskus: klubihoone"},{"@type":"BreadcrumbList","@id":"https:\/\/egcc.ee\/fi\/golf\/#breadcrumb","itemListElement":[{"@type":"ListItem","position":1,"name":"Home","item":"https:\/\/egcc.ee\/fi\/"},{"@type":"ListItem","position":2,"name":"Golf"}]},{"@type":"WebSite","@id":"https:\/\/egcc.ee\/fi\/#website","url":"https:\/\/egcc.ee\/fi\/","name":"Estonian Golf &amp; Country Club","description":"J\u00f5el\u00e4htmes saab golfi!","publisher":{"@id":"https:\/\/egcc.ee\/fi\/#organization"},"potentialAction":[{"@type":"SearchAction","target":{"@type":"EntryPoint","urlTemplate":"https:\/\/egcc.ee\/fi\/?s={search_term_string}"},"query-input":{"@type":"PropertyValueSpecification","valueRequired":true,"valueName":"search_term_string"}}],"inLanguage":"fi"},{"@type":"Organization","@id":"https:\/\/egcc.ee\/fi\/#organization","name":"Estonian Golf &amp; Country Club","url":"https:\/\/egcc.ee\/fi\/","logo":{"@type":"ImageObject","inLanguage":"fi","@id":"https:\/\/egcc.ee\/fi\/#\/schema\/logo\/image\/","url":"https:\/\/egcc.ee\/wp-content\/uploads\/2023\/04\/EGCC_logo_150.png","contentUrl":"https:\/\/egcc.ee\/wp-content\/uploads\/2023\/04\/EGCC_logo_150.png","width":150,"height":150,"caption":"Estonian Golf &amp; Country Club"},"image":{"@id":"https:\/\/egcc.ee\/fi\/#\/schema\/logo\/image\/"}}]}},"_links":{"self":[{"href":"https:\/\/egcc.ee\/fi\/wp-json\/wp\/v2\/pages\/13937","targetHints":{"allow":["GET"]}}],"collection":[{"href":"https:\/\/egcc.ee\/fi\/wp-json\/wp\/v2\/pages"}],"about":[{"href":"https:\/\/egcc.ee\/fi\/wp-json\/wp\/v2\/types\/page"}],"author":[{"embeddable":true,"href":"https:\/\/egcc.ee\/fi\/wp-json\/wp\/v2\/users\/2"}],"replies":[{"embeddable":true,"href":"https:\/\/egcc.ee\/fi\/wp-json\/wp\/v2\/comments?post=13937"}],"version-history":[{"count":20,"href":"https:\/\/egcc.ee\/fi\/wp-json\/wp\/v2\/pages\/13937\/revisions"}],"predecessor-version":[{"id":39877,"href":"https:\/\/egcc.ee\/fi\/wp-json\/wp\/v2\/pages\/13937\/revisions\/39877"}],"wp:featuredmedia":[{"embeddable":true,"href":"https:\/\/egcc.ee\/fi\/wp-json\/wp\/v2\/media\/8977"}],"wp:attachment":[{"href":"https:\/\/egcc.ee\/fi\/wp-json\/wp\/v2\/media?parent=13937"}],"curies":[{"name":"wp","href":"https:\/\/api.w.org\/{rel}","templated":true}]}}