{"id":13887,"date":"2023-05-04T14:01:58","date_gmt":"2023-05-04T11:01:58","guid":{"rendered":"https:\/\/prelive.egcc.ee\/staff\/"},"modified":"2025-11-04T13:43:01","modified_gmt":"2025-11-04T11:43:01","slug":"henkilokunta","status":"publish","type":"page","link":"https:\/\/egcc.ee\/fi\/henkilokunta\/","title":{"rendered":"Henkil\u00f6kunta"},"content":{"rendered":"\n<div class=\"wp-block-columns is-layout-flex wp-container-core-columns-is-layout-9d6595d7 wp-block-columns-is-layout-flex\">\n<div class=\"wp-block-column has-background is-layout-flow wp-block-column-is-layout-flow\" style=\"background-color:#f7f7f7\">\n<div style=\"height:20px\" aria-hidden=\"true\" class=\"wp-block-spacer\"><\/div>\n\n\n\n<h2 class=\"wp-block-heading has-text-align-center has-text-color has-link-color wp-elements-8b42b14159f2d1f1147080f1804b0e5f\" style=\"color:#bd8f18\"><span class=\"material-icons\">people<br><\/span><\/h2>\n\n\n\n<h2 class=\"wp-block-heading has-text-align-center\">Kirke Kotsar<\/h2>\n\n\n\n<p class=\"has-text-align-center\">Sales &amp; Service Manager<br><a href=\"mailto:kirke@egcc.ee\">kirke@egcc.ee<\/a><br><a href=\"tel:+37256478095\" target=\"_blank\" rel=\"noreferrer noopener\">+372 5647 8095<\/a><\/p>\n<\/div>\n\n\n\n<div class=\"wp-block-column has-background is-layout-flow wp-block-column-is-layout-flow\" style=\"background-color:#fdf9ee\">\n<div style=\"height:20px\" aria-hidden=\"true\" class=\"wp-block-spacer\"><\/div>\n\n\n\n<h2 class=\"wp-block-heading has-text-align-center has-text-color has-link-color wp-elements-01357ce2ecdf4f33d67bcdde488b8831\" style=\"color:#bd8f18\"><span class=\"material-icons\">home<br><\/span><\/h2>\n\n\n\n<h2 class=\"wp-block-heading has-text-align-center\">Heleri Mesipuu<\/h2>\n\n\n\n<p class=\"has-text-align-center\">Club &amp; Tournament Coordinator<br><a href=\"mailto:club@egcc.ee\" target=\"_blank\" rel=\"noreferrer noopener\">club@egcc.ee<\/a><br><a href=\"mailto:events@egcc.ee\" target=\"_blank\" rel=\"noreferrer noopener\">events@egcc.ee<\/a><br><a href=\"tel:+37255670103\" target=\"_blank\" rel=\"noreferrer noopener\">+3725 567 0103<\/a><\/p>\n<\/div>\n\n\n\n<div class=\"wp-block-column has-background is-layout-flow wp-block-column-is-layout-flow\" style=\"background-color:#f7f7f7\">\n<div style=\"height:20px\" aria-hidden=\"true\" class=\"wp-block-spacer\"><\/div>\n\n\n\n<h2 class=\"wp-block-heading has-text-align-center has-text-color has-link-color wp-elements-12722e920ab31d3cde6e1c5ee5977ae8\" style=\"color:#bd8f18\"><span class=\"material-icons\">golf_course<br><\/span><\/h2>\n\n\n\n<h2 class=\"wp-block-heading has-text-align-center\">Andri Schmidt<\/h2>\n\n\n\n<p class=\"has-text-align-center\">Course Manager<br><a href=\"mailto:andri@egcc.ee\" target=\"_blank\" rel=\"noreferrer noopener\">andri@egcc.ee<\/a><br><a href=\"tel:+3725172698\" target=\"_blank\" rel=\"noreferrer noopener\">+372 517 2698<\/a><\/p>\n<\/div>\n<\/div>\n\n\n\n<div style=\"height:20px\" aria-hidden=\"true\" class=\"wp-block-spacer\"><\/div>\n\n\n\n<div class=\"wp-block-columns is-layout-flex wp-container-core-columns-is-layout-9d6595d7 wp-block-columns-is-layout-flex\">\n<div class=\"wp-block-column has-background is-layout-flow wp-block-column-is-layout-flow\" style=\"background-color:#fdf9ee\">\n<div style=\"height:20px\" aria-hidden=\"true\" class=\"wp-block-spacer\"><\/div>\n\n\n\n<h2 class=\"wp-block-heading has-text-align-center has-text-color has-link-color wp-elements-86f862af410f91b2f7d014f68c8e56c5\" style=\"color:#bd8f18\"><span class=\"material-icons\">sports_golf<br><\/span><\/h2>\n\n\n\n<h2 class=\"wp-block-heading has-text-align-center\">Karl Aru<\/h2>\n\n\n\n<p class=\"has-text-align-center\">J\u00f5el\u00e4htme Golf Academy Manager<br><a href=\"mailto:kirke@egcc.ee\"><\/a><a href=\"mailto:karl@egcc.ee\" target=\"_blank\" rel=\"noreferrer noopener\">karl@egcc.ee<\/a><\/p>\n\n\n\n<p class=\"has-text-align-center\">Katso my\u00f6s: <a href=\"https:\/\/egcc.ee\/en\/professionals\/\">Professionals<\/a><\/p>\n<\/div>\n\n\n\n<div class=\"wp-block-column has-background is-layout-flow wp-block-column-is-layout-flow\" style=\"background-color:#f7f7f7\">\n<div style=\"height:20px\" aria-hidden=\"true\" class=\"wp-block-spacer\"><\/div>\n\n\n\n<h2 class=\"wp-block-heading has-text-align-center has-text-color has-link-color wp-elements-72fa66ca025d5426cddb45f27b3c9b3d\" style=\"color:#bd8f18\"><span class=\"material-icons\">celebration<br><\/span><\/h2>\n\n\n\n<h2 class=\"wp-block-heading has-text-align-center\">Natalja Kot\u0161ergova<\/h2>\n\n\n\n<p class=\"has-text-align-center\">B2B Sales Manager<br><a href=\"mailto:sales@egcc.ee\" target=\"_blank\" rel=\"noreferrer noopener\">sales@egcc.ee<\/a><br><a href=\"tel:+37255539455\" target=\"_blank\" rel=\"noreferrer noopener\">+372 5553 9455<\/a><\/p>\n<\/div>\n\n\n\n<div class=\"wp-block-column has-background is-layout-flow wp-block-column-is-layout-flow\" style=\"background-color:#fdf9ee\">\n<div style=\"height:20px\" aria-hidden=\"true\" class=\"wp-block-spacer\"><\/div>\n\n\n\n<h2 class=\"wp-block-heading has-text-align-center has-text-color has-link-color\" style=\"color:#bd8f18\"><span class=\"material-icons\">directions_boat<br><\/span><\/h2>\n\n\n\n<h2 class=\"wp-block-heading has-text-align-center\">Kristel Reinfeldt-Tiitola<\/h2>\n\n\n\n<p class=\"has-text-align-center\">Sales Manager Finland<br><a href=\"mailto:kristel@egcc.ee\" target=\"_blank\" rel=\"noreferrer noopener\">kristel@egcc.ee<\/a><br><a href=\"tel:+358456391087\" target=\"_blank\" rel=\"noreferrer noopener\">+3584 5639 1087<\/a><\/p>\n<\/div>\n<\/div>\n\n\n\n<div style=\"height:20px\" aria-hidden=\"true\" class=\"wp-block-spacer\"><\/div>\n\n\n\n<div class=\"wp-block-columns is-layout-flex wp-container-core-columns-is-layout-9d6595d7 wp-block-columns-is-layout-flex\">\n<div class=\"wp-block-column has-background is-layout-flow wp-block-column-is-layout-flow\" style=\"background-color:#f7f7f7\">\n<div style=\"height:20px\" aria-hidden=\"true\" class=\"wp-block-spacer\"><\/div>\n\n\n\n<h2 class=\"wp-block-heading has-text-align-center has-text-color has-link-color\" style=\"color:#bd8f18\"><span class=\"material-icons\">emoji_events<br><\/span><\/h2>\n\n\n\n<h2 class=\"wp-block-heading has-text-align-center\">Lauri Kiviloo<\/h2>\n\n\n\n<p class=\"has-text-align-center\">Captain<br><a href=\"mailto:kapten@egcc.ee\" target=\"_blank\" rel=\"noreferrer noopener\">kapten@egcc.ee<\/a><\/p>\n<\/div>\n\n\n\n<div class=\"wp-block-column has-background is-layout-flow wp-block-column-is-layout-flow\" style=\"background-color:#fdf9ee\">\n<div style=\"height:20px\" aria-hidden=\"true\" class=\"wp-block-spacer\"><\/div>\n\n\n\n<h2 class=\"wp-block-heading has-text-align-center has-text-color has-link-color\" style=\"color:#bd8f18\"><span class=\"material-icons\">photo_camera<br><\/span><\/h2>\n\n\n\n<h2 class=\"wp-block-heading has-text-align-center\">Liana Kross<\/h2>\n\n\n\n<p class=\"has-text-align-center\">Brand Manager<br><a href=\"mailto:liana@egcc.ee\" target=\"_blank\" rel=\"noreferrer noopener\">liana@egcc.ee<\/a><br><\/p>\n<\/div>\n\n\n\n<div class=\"wp-block-column has-background is-layout-flow wp-block-column-is-layout-flow\" style=\"background-color:#f7f7f7\">\n<div style=\"height:20px\" aria-hidden=\"true\" class=\"wp-block-spacer\"><\/div>\n\n\n\n<h2 class=\"wp-block-heading has-text-align-center has-text-color has-link-color\" style=\"color:#bd8f18\"><span class=\"material-icons\">restaurant<br><\/span><\/h2>\n\n\n\n<h2 class=\"wp-block-heading has-text-align-center\">Kersti Kuus<\/h2>\n\n\n\n<p class=\"has-text-align-center\">J\u00f5el\u00e4htme Da Vinci Golf restaurant Manager<br><a href=\"mailto:kersti@davincifood.ee\">kersti@davincifood.ee<\/a><br><a href=\"tel:+37258003107\" target=\"_blank\" rel=\"noreferrer noopener\">+372 5800 3107<\/a><\/p>\n<\/div>\n<\/div>\n\n\n\n<div class=\"wp-block-media-text alignwide has-media-on-the-right is-stacked-on-mobile is-vertically-aligned-center has-background\" style=\"background-color:#fdf9ee\"><div class=\"wp-block-media-text__content\">\n<div class=\"wp-block-group\" style=\"padding-top:2em;padding-right:2em;padding-bottom:2em;padding-left:2em\"><div class=\"wp-block-group__inner-container is-layout-flow wp-block-group-is-layout-flow\">\n<h2 class=\"wp-block-heading has-text-align-center has-text-color has-link-color\" style=\"color:#bd8f18\"><span class=\"material-icons\">face<br><\/span><\/h2>\n\n\n\n<div class=\"wp-block-group\"><div class=\"wp-block-group__inner-container is-layout-constrained wp-block-group-is-layout-constrained\">\n<div class=\"wp-block-group\"><div class=\"wp-block-group__inner-container is-layout-constrained wp-block-group-is-layout-constrained\">\n<div class=\"wp-block-group\"><div class=\"wp-block-group__inner-container is-layout-constrained wp-block-group-is-layout-constrained\">\n<div class=\"wp-block-group\"><div class=\"wp-block-group__inner-container is-layout-constrained wp-block-group-is-layout-constrained\">\n<div class=\"wp-block-group\"><div class=\"wp-block-group__inner-container is-layout-constrained wp-block-group-is-layout-constrained\">\n<h2 class=\"wp-block-heading has-text-align-center\">Hanno Kross<\/h2>\n\n\n\n<p class=\"has-text-align-center\">CEO<br><a href=\"mailto:hanno@egcc.ee\" target=\"_blank\" rel=\"noreferrer noopener\">hanno@egcc.ee<\/a><br><a href=\"tel:+3725111192\" target=\"_blank\" rel=\"noreferrer noopener\">+372 511 1192<\/a><\/p>\n<\/div><\/div>\n<\/div><\/div>\n<\/div><\/div>\n<\/div><\/div>\n<\/div><\/div>\n<\/div><\/div>\n<\/div><figure class=\"wp-block-media-text__media\"><a href=\"https:\/\/egcc.ee\/fi\/egcc-seura\/\"><img loading=\"lazy\" decoding=\"async\" width=\"1024\" height=\"682\" src=\"https:\/\/egcc.ee\/wp-content\/uploads\/2025\/03\/20250324_EGCC_avapauk-1024x682.jpg\" alt=\"\" class=\"wp-image-33095 size-full\" srcset=\"https:\/\/egcc.ee\/wp-content\/uploads\/2025\/03\/20250324_EGCC_avapauk-1024x682.jpg 1024w, https:\/\/egcc.ee\/wp-content\/uploads\/2025\/03\/20250324_EGCC_avapauk-300x200.jpg 300w, https:\/\/egcc.ee\/wp-content\/uploads\/2025\/03\/20250324_EGCC_avapauk-768x512.jpg 768w, https:\/\/egcc.ee\/wp-content\/uploads\/2025\/03\/20250324_EGCC_avapauk-1536x1024.jpg 1536w, https:\/\/egcc.ee\/wp-content\/uploads\/2025\/03\/20250324_EGCC_avapauk.jpg 2000w\" sizes=\"auto, (max-width: 1024px) 100vw, 1024px\" \/><\/a><\/figure><\/div>\n\n\n\n<p><\/p>\n","protected":false},"excerpt":{"rendered":"<p>people Kirke Kotsar Sales &amp; Service Managerkirke@egcc.ee+372 5647 8095 home Heleri Mesipuu Club &amp; Tournament Coordinatorclub@egcc.eeevents@egcc.ee+3725 567 0103 golf_course Andri Schmidt Course Managerandri@egcc.ee+372 517 2698 sports_golf Karl Aru J\u00f5el\u00e4htme Golf Academy Managerkarl@egcc.ee Katso my\u00f6s: Professionals celebration Natalja Kot\u0161ergova B2B Sales Managersales@egcc.ee+372 5553 9455 directions_boat Kristel Reinfeldt-Tiitola Sales Manager Finlandkristel@egcc.ee+3584 5639 1087 emoji_events Lauri Kiviloo Captainkapten@egcc.ee [&hellip;]<\/p>\n","protected":false},"author":2,"featured_media":14830,"parent":0,"menu_order":0,"comment_status":"closed","ping_status":"closed","template":"","meta":{"_acf_changed":false,"ngg_post_thumbnail":0,"footnotes":""},"class_list":["post-13887","page","type-page","status-publish","has-post-thumbnail","hentry"],"acf":[],"yoast_head":"<!-- This site is optimized with the Yoast SEO plugin v27.1.1 - https:\/\/yoast.com\/product\/yoast-seo-wordpress\/ -->\n<title>Henkil\u00f6kunta &#8211; Estonian Golf &amp; Country Club<\/title>\n<meta name=\"description\" content=\"EGCC henkil\u00f6kunta: greenkeeping, caddiemaster, pro shop, golfakatemia, ravintola, seura, suomen myyntiosasto.\" \/>\n<meta name=\"robots\" content=\"index, follow, max-snippet:-1, max-image-preview:large, max-video-preview:-1\" \/>\n<link rel=\"canonical\" href=\"https:\/\/egcc.ee\/fi\/henkilokunta\/\" \/>\n<meta property=\"og:locale\" content=\"fi_FI\" \/>\n<meta property=\"og:type\" content=\"article\" \/>\n<meta property=\"og:title\" content=\"Henkil\u00f6kunta &#8211; Estonian Golf &amp; Country Club\" \/>\n<meta property=\"og:description\" content=\"EGCC henkil\u00f6kunta: greenkeeping, caddiemaster, pro shop, golfakatemia, ravintola, seura, suomen myyntiosasto.\" \/>\n<meta property=\"og:url\" content=\"https:\/\/egcc.ee\/fi\/henkilokunta\/\" \/>\n<meta property=\"og:site_name\" content=\"Estonian Golf &amp; Country Club\" \/>\n<meta property=\"article:modified_time\" content=\"2025-11-04T11:43:01+00:00\" \/>\n<meta property=\"og:image\" content=\"https:\/\/egcc.ee\/wp-content\/uploads\/2023\/08\/EGCC_klubihoone_dDJI_0310.jpg\" \/>\n\t<meta property=\"og:image:width\" content=\"2000\" \/>\n\t<meta property=\"og:image:height\" content=\"1333\" \/>\n\t<meta property=\"og:image:type\" content=\"image\/jpeg\" \/>\n<meta name=\"twitter:card\" content=\"summary_large_image\" \/>\n<meta name=\"twitter:label1\" content=\"Arvioitu lukuaika\" \/>\n\t<meta name=\"twitter:data1\" content=\"1 minuutti\" \/>\n<script type=\"application\/ld+json\" class=\"yoast-schema-graph\">{\"@context\":\"https:\/\/schema.org\",\"@graph\":[{\"@type\":\"WebPage\",\"@id\":\"https:\/\/egcc.ee\/fi\/henkilokunta\/\",\"url\":\"https:\/\/egcc.ee\/fi\/henkilokunta\/\",\"name\":\"Henkil\u00f6kunta &#8211; Estonian Golf &amp; Country Club\",\"isPartOf\":{\"@id\":\"https:\/\/egcc.ee\/fi\/#website\"},\"primaryImageOfPage\":{\"@id\":\"https:\/\/egcc.ee\/fi\/henkilokunta\/#primaryimage\"},\"image\":{\"@id\":\"https:\/\/egcc.ee\/fi\/henkilokunta\/#primaryimage\"},\"thumbnailUrl\":\"https:\/\/egcc.ee\/wp-content\/uploads\/2023\/08\/EGCC_klubihoone_dDJI_0310.jpg\",\"datePublished\":\"2023-05-04T11:01:58+00:00\",\"dateModified\":\"2025-11-04T11:43:01+00:00\",\"description\":\"EGCC henkil\u00f6kunta: greenkeeping, caddiemaster, pro shop, golfakatemia, ravintola, seura, suomen myyntiosasto.\",\"breadcrumb\":{\"@id\":\"https:\/\/egcc.ee\/fi\/henkilokunta\/#breadcrumb\"},\"inLanguage\":\"fi\",\"potentialAction\":[{\"@type\":\"ReadAction\",\"target\":[\"https:\/\/egcc.ee\/fi\/henkilokunta\/\"]}]},{\"@type\":\"ImageObject\",\"inLanguage\":\"fi\",\"@id\":\"https:\/\/egcc.ee\/fi\/henkilokunta\/#primaryimage\",\"url\":\"https:\/\/egcc.ee\/wp-content\/uploads\/2023\/08\/EGCC_klubihoone_dDJI_0310.jpg\",\"contentUrl\":\"https:\/\/egcc.ee\/wp-content\/uploads\/2023\/08\/EGCC_klubihoone_dDJI_0310.jpg\",\"width\":2000,\"height\":1333,\"caption\":\"EGCC club house \/ klubihoone\"},{\"@type\":\"BreadcrumbList\",\"@id\":\"https:\/\/egcc.ee\/fi\/henkilokunta\/#breadcrumb\",\"itemListElement\":[{\"@type\":\"ListItem\",\"position\":1,\"name\":\"Home\",\"item\":\"https:\/\/egcc.ee\/fi\/\"},{\"@type\":\"ListItem\",\"position\":2,\"name\":\"Henkil\u00f6kunta\"}]},{\"@type\":\"WebSite\",\"@id\":\"https:\/\/egcc.ee\/fi\/#website\",\"url\":\"https:\/\/egcc.ee\/fi\/\",\"name\":\"Estonian Golf &amp; Country Club\",\"description\":\"J\u00f5el\u00e4htmes saab golfi!\",\"publisher\":{\"@id\":\"https:\/\/egcc.ee\/fi\/#organization\"},\"potentialAction\":[{\"@type\":\"SearchAction\",\"target\":{\"@type\":\"EntryPoint\",\"urlTemplate\":\"https:\/\/egcc.ee\/fi\/?s={search_term_string}\"},\"query-input\":{\"@type\":\"PropertyValueSpecification\",\"valueRequired\":true,\"valueName\":\"search_term_string\"}}],\"inLanguage\":\"fi\"},{\"@type\":\"Organization\",\"@id\":\"https:\/\/egcc.ee\/fi\/#organization\",\"name\":\"Estonian Golf &amp; Country Club\",\"url\":\"https:\/\/egcc.ee\/fi\/\",\"logo\":{\"@type\":\"ImageObject\",\"inLanguage\":\"fi\",\"@id\":\"https:\/\/egcc.ee\/fi\/#\/schema\/logo\/image\/\",\"url\":\"https:\/\/egcc.ee\/wp-content\/uploads\/2023\/04\/EGCC_logo_150.png\",\"contentUrl\":\"https:\/\/egcc.ee\/wp-content\/uploads\/2023\/04\/EGCC_logo_150.png\",\"width\":150,\"height\":150,\"caption\":\"Estonian Golf &amp; Country Club\"},\"image\":{\"@id\":\"https:\/\/egcc.ee\/fi\/#\/schema\/logo\/image\/\"}}]}<\/script>\n<!-- \/ Yoast SEO plugin. -->","yoast_head_json":{"title":"Henkil\u00f6kunta &#8211; Estonian Golf &amp; Country Club","description":"EGCC henkil\u00f6kunta: greenkeeping, caddiemaster, pro shop, golfakatemia, ravintola, seura, suomen myyntiosasto.","robots":{"index":"index","follow":"follow","max-snippet":"max-snippet:-1","max-image-preview":"max-image-preview:large","max-video-preview":"max-video-preview:-1"},"canonical":"https:\/\/egcc.ee\/fi\/henkilokunta\/","og_locale":"fi_FI","og_type":"article","og_title":"Henkil\u00f6kunta &#8211; Estonian Golf &amp; Country Club","og_description":"EGCC henkil\u00f6kunta: greenkeeping, caddiemaster, pro shop, golfakatemia, ravintola, seura, suomen myyntiosasto.","og_url":"https:\/\/egcc.ee\/fi\/henkilokunta\/","og_site_name":"Estonian Golf &amp; Country Club","article_modified_time":"2025-11-04T11:43:01+00:00","og_image":[{"width":2000,"height":1333,"url":"https:\/\/egcc.ee\/wp-content\/uploads\/2023\/08\/EGCC_klubihoone_dDJI_0310.jpg","type":"image\/jpeg"}],"twitter_card":"summary_large_image","twitter_misc":{"Arvioitu lukuaika":"1 minuutti"},"schema":{"@context":"https:\/\/schema.org","@graph":[{"@type":"WebPage","@id":"https:\/\/egcc.ee\/fi\/henkilokunta\/","url":"https:\/\/egcc.ee\/fi\/henkilokunta\/","name":"Henkil\u00f6kunta &#8211; Estonian Golf &amp; Country Club","isPartOf":{"@id":"https:\/\/egcc.ee\/fi\/#website"},"primaryImageOfPage":{"@id":"https:\/\/egcc.ee\/fi\/henkilokunta\/#primaryimage"},"image":{"@id":"https:\/\/egcc.ee\/fi\/henkilokunta\/#primaryimage"},"thumbnailUrl":"https:\/\/egcc.ee\/wp-content\/uploads\/2023\/08\/EGCC_klubihoone_dDJI_0310.jpg","datePublished":"2023-05-04T11:01:58+00:00","dateModified":"2025-11-04T11:43:01+00:00","description":"EGCC henkil\u00f6kunta: greenkeeping, caddiemaster, pro shop, golfakatemia, ravintola, seura, suomen myyntiosasto.","breadcrumb":{"@id":"https:\/\/egcc.ee\/fi\/henkilokunta\/#breadcrumb"},"inLanguage":"fi","potentialAction":[{"@type":"ReadAction","target":["https:\/\/egcc.ee\/fi\/henkilokunta\/"]}]},{"@type":"ImageObject","inLanguage":"fi","@id":"https:\/\/egcc.ee\/fi\/henkilokunta\/#primaryimage","url":"https:\/\/egcc.ee\/wp-content\/uploads\/2023\/08\/EGCC_klubihoone_dDJI_0310.jpg","contentUrl":"https:\/\/egcc.ee\/wp-content\/uploads\/2023\/08\/EGCC_klubihoone_dDJI_0310.jpg","width":2000,"height":1333,"caption":"EGCC club house \/ klubihoone"},{"@type":"BreadcrumbList","@id":"https:\/\/egcc.ee\/fi\/henkilokunta\/#breadcrumb","itemListElement":[{"@type":"ListItem","position":1,"name":"Home","item":"https:\/\/egcc.ee\/fi\/"},{"@type":"ListItem","position":2,"name":"Henkil\u00f6kunta"}]},{"@type":"WebSite","@id":"https:\/\/egcc.ee\/fi\/#website","url":"https:\/\/egcc.ee\/fi\/","name":"Estonian Golf &amp; Country Club","description":"J\u00f5el\u00e4htmes saab golfi!","publisher":{"@id":"https:\/\/egcc.ee\/fi\/#organization"},"potentialAction":[{"@type":"SearchAction","target":{"@type":"EntryPoint","urlTemplate":"https:\/\/egcc.ee\/fi\/?s={search_term_string}"},"query-input":{"@type":"PropertyValueSpecification","valueRequired":true,"valueName":"search_term_string"}}],"inLanguage":"fi"},{"@type":"Organization","@id":"https:\/\/egcc.ee\/fi\/#organization","name":"Estonian Golf &amp; Country Club","url":"https:\/\/egcc.ee\/fi\/","logo":{"@type":"ImageObject","inLanguage":"fi","@id":"https:\/\/egcc.ee\/fi\/#\/schema\/logo\/image\/","url":"https:\/\/egcc.ee\/wp-content\/uploads\/2023\/04\/EGCC_logo_150.png","contentUrl":"https:\/\/egcc.ee\/wp-content\/uploads\/2023\/04\/EGCC_logo_150.png","width":150,"height":150,"caption":"Estonian Golf &amp; Country Club"},"image":{"@id":"https:\/\/egcc.ee\/fi\/#\/schema\/logo\/image\/"}}]}},"_links":{"self":[{"href":"https:\/\/egcc.ee\/fi\/wp-json\/wp\/v2\/pages\/13887","targetHints":{"allow":["GET"]}}],"collection":[{"href":"https:\/\/egcc.ee\/fi\/wp-json\/wp\/v2\/pages"}],"about":[{"href":"https:\/\/egcc.ee\/fi\/wp-json\/wp\/v2\/types\/page"}],"author":[{"embeddable":true,"href":"https:\/\/egcc.ee\/fi\/wp-json\/wp\/v2\/users\/2"}],"replies":[{"embeddable":true,"href":"https:\/\/egcc.ee\/fi\/wp-json\/wp\/v2\/comments?post=13887"}],"version-history":[{"count":35,"href":"https:\/\/egcc.ee\/fi\/wp-json\/wp\/v2\/pages\/13887\/revisions"}],"predecessor-version":[{"id":38725,"href":"https:\/\/egcc.ee\/fi\/wp-json\/wp\/v2\/pages\/13887\/revisions\/38725"}],"wp:featuredmedia":[{"embeddable":true,"href":"https:\/\/egcc.ee\/fi\/wp-json\/wp\/v2\/media\/14830"}],"wp:attachment":[{"href":"https:\/\/egcc.ee\/fi\/wp-json\/wp\/v2\/media?parent=13887"}],"curies":[{"name":"wp","href":"https:\/\/api.w.org\/{rel}","templated":true}]}}