{"id":13878,"date":"2023-05-04T13:41:13","date_gmt":"2023-05-04T10:41:13","guid":{"rendered":"https:\/\/prelive.egcc.ee\/kontakt\/"},"modified":"2026-04-10T15:35:18","modified_gmt":"2026-04-10T12:35:18","slug":"yhteystiedot","status":"publish","type":"page","link":"https:\/\/egcc.ee\/fi\/yhteystiedot\/","title":{"rendered":"Yhteystiedot"},"content":{"rendered":"\n<div class=\"wp-block-media-text alignwide has-media-on-the-right is-stacked-on-mobile is-vertically-aligned-center has-background\" style=\"background-color:#fdf9ee\"><div class=\"wp-block-media-text__content\">\n<div class=\"wp-block-group\" style=\"padding-top:2em;padding-right:2em;padding-bottom:2em;padding-left:2em\"><div class=\"wp-block-group__inner-container is-layout-flow wp-block-group-is-layout-flow\">\n<div class=\"wp-block-group\"><div class=\"wp-block-group__inner-container is-layout-constrained wp-block-group-is-layout-constrained\">\n<h2 class=\"wp-block-heading has-text-align-center\"><span class=\"material-icons\">place <\/span> Klubitalo<\/h2>\n\n\n\n<p class=\"has-text-align-center\"><a href=\"https:\/\/goo.gl\/maps\/PYivMfjpyxqpVSwe7\" target=\"_blank\" rel=\"noreferrer noopener\">Google Maps<\/a><\/p>\n\n\n\n<div class=\"wp-block-group\"><div class=\"wp-block-group__inner-container is-layout-constrained wp-block-group-is-layout-constrained\">\n<p class=\"has-text-align-center\">Klubi tee 4, Manniva village, J\u00f5el\u00e4htme parish, 74217 Harjumaa, Estonia<\/p>\n\n\n\n<p class=\"has-text-align-center\"><strong>Aukioloajat 3.-30.4:<\/strong><br>Ma-Su klo 9-21<\/p>\n<\/div><\/div>\n<\/div><\/div>\n<\/div><\/div>\n<\/div><figure class=\"wp-block-media-text__media\"><a href=\"https:\/\/goo.gl\/maps\/PYivMfjpyxqpVSwe7\" target=\"_blank\" rel=\"noreferrer noopener\"><img loading=\"lazy\" decoding=\"async\" width=\"1024\" height=\"683\" src=\"https:\/\/egcc.ee\/wp-content\/uploads\/2023\/05\/1500x1000_eggc_clubhouse_sunset-1024x683.jpg\" alt=\"J\u00f5el\u00e4htme golfikeskus: klubihoone\" class=\"wp-image-8977 size-full\" srcset=\"https:\/\/egcc.ee\/wp-content\/uploads\/2023\/05\/1500x1000_eggc_clubhouse_sunset-1024x683.jpg 1024w, https:\/\/egcc.ee\/wp-content\/uploads\/2023\/05\/1500x1000_eggc_clubhouse_sunset-300x200.jpg 300w, https:\/\/egcc.ee\/wp-content\/uploads\/2023\/05\/1500x1000_eggc_clubhouse_sunset-768x512.jpg 768w, https:\/\/egcc.ee\/wp-content\/uploads\/2023\/05\/1500x1000_eggc_clubhouse_sunset.jpg 1500w\" sizes=\"auto, (max-width: 1024px) 100vw, 1024px\" \/><\/a><\/figure><\/div>\n\n\n\n<div class=\"wp-block-media-text alignwide is-stacked-on-mobile is-vertically-aligned-center has-background\" style=\"background-color:#f7f7f7\"><figure class=\"wp-block-media-text__media\"><a href=\"https:\/\/egcc.ee\/fi\/golf\/\"><img loading=\"lazy\" decoding=\"async\" width=\"1024\" height=\"682\" src=\"https:\/\/egcc.ee\/wp-content\/uploads\/2023\/08\/EGCC_logopallid_dYSD1114-1024x682.jpg\" alt=\"\" class=\"wp-image-14823 size-full\" srcset=\"https:\/\/egcc.ee\/wp-content\/uploads\/2023\/08\/EGCC_logopallid_dYSD1114-1024x682.jpg 1024w, https:\/\/egcc.ee\/wp-content\/uploads\/2023\/08\/EGCC_logopallid_dYSD1114-300x200.jpg 300w, https:\/\/egcc.ee\/wp-content\/uploads\/2023\/08\/EGCC_logopallid_dYSD1114-768x512.jpg 768w, https:\/\/egcc.ee\/wp-content\/uploads\/2023\/08\/EGCC_logopallid_dYSD1114-1536x1024.jpg 1536w, https:\/\/egcc.ee\/wp-content\/uploads\/2023\/08\/EGCC_logopallid_dYSD1114.jpg 2000w\" sizes=\"auto, (max-width: 1024px) 100vw, 1024px\" \/><\/a><\/figure><div class=\"wp-block-media-text__content\">\n<div class=\"wp-block-group\" style=\"padding-top:2em;padding-right:2em;padding-bottom:2em;padding-left:2em\"><div class=\"wp-block-group__inner-container is-layout-flow wp-block-group-is-layout-flow\">\n<div class=\"wp-block-group\"><div class=\"wp-block-group__inner-container is-layout-constrained wp-block-group-is-layout-constrained\">\n<h2 class=\"wp-block-heading has-text-align-center\"><span class=\"material-icons\"><span class=\"material-icons\">people <\/span> <\/span> Caddiemaster &amp; Pro Shop<\/h2>\n\n\n\n<div class=\"wp-block-group\"><div class=\"wp-block-group__inner-container is-layout-constrained wp-block-group-is-layout-constrained\">\n<p class=\"has-text-align-center\"><span class=\"material-icons\"> <\/span><a href=\"tel:+3726025290\" target=\"_blank\" rel=\"noreferrer noopener\">+372 602 5290<\/a><br><a href=\"tel:+37256602853\" target=\"_blank\" rel=\"noreferrer noopener\">+372 5660 2853<\/a><br><span class=\"material-icons\"> <\/span><a href=\"mailto:welcome@egcc.ee\" target=\"_blank\" rel=\"noreferrer noopener\">welcome@egcc.ee<\/a><\/p>\n\n\n\n<p class=\"has-text-align-center\"><strong>Aukioloajat 3.-30.4:<\/strong><br>Ma-Su klo 9-19<\/p>\n<\/div><\/div>\n<\/div><\/div>\n<\/div><\/div>\n<\/div><\/div>\n\n\n\n<div class=\"wp-block-media-text alignwide has-media-on-the-right is-stacked-on-mobile is-vertically-aligned-center has-background\" style=\"background-color:#fdf9ee\"><div class=\"wp-block-media-text__content\">\n<div class=\"wp-block-group\" style=\"padding-top:2em;padding-right:2em;padding-bottom:2em;padding-left:2em\"><div class=\"wp-block-group__inner-container is-layout-flow wp-block-group-is-layout-flow\">\n<div class=\"wp-block-group\"><div class=\"wp-block-group__inner-container is-layout-constrained wp-block-group-is-layout-constrained\">\n<div class=\"wp-block-group\"><div class=\"wp-block-group__inner-container is-layout-constrained wp-block-group-is-layout-constrained\">\n<div class=\"wp-block-group\"><div class=\"wp-block-group__inner-container is-layout-constrained wp-block-group-is-layout-constrained\">\n<h2 class=\"wp-block-heading has-text-align-center\"><span class=\"material-icons\">restaurant <\/span> J\u00f5el\u00e4htme Da Vinci Golf ravintola<\/h2>\n\n\n\n<p class=\"has-text-align-center\"><a href=\"tel:+3726025294\" target=\"_blank\" rel=\"noreferrer noopener\">+372 602 5294<\/a><br><a href=\"mailto:golfirestoran@davincifood.ee\" target=\"_blank\" rel=\"noreferrer noopener\">golfirestoran@davincifood.ee<\/a><\/p>\n<\/div><\/div>\n<\/div><\/div>\n<\/div><\/div>\n\n\n\n<p class=\"has-text-align-center\"><strong>Aukioloajat 11.-19.4:<\/strong><br>11.4 klo 11-15<br>12.4 ja 18.-19.4 klo 11-19<\/p>\n\n\n\n<p class=\"has-text-align-center\"><strong>Alk 24.4:<\/strong><br>Ma-Pe klo 11-21, La\u2013Su klo 11-19<br>25.4 klo 11-16:30<br>Huom! Keitti\u00f6 ottaa vastaan tilauksia enint\u00e4\u00e4n 30 minuuttia ennen sulkemista.<\/p>\n<\/div><\/div>\n<\/div><figure class=\"wp-block-media-text__media\"><a href=\"https:\/\/egcc.ee\/fi\/ravintola\/\"><img loading=\"lazy\" decoding=\"async\" width=\"1024\" height=\"682\" src=\"https:\/\/egcc.ee\/wp-content\/uploads\/2023\/04\/2000x1333_davinci_golfirestoran_3-1024x682.jpg\" alt=\"\" class=\"wp-image-1035 size-full\" srcset=\"https:\/\/egcc.ee\/wp-content\/uploads\/2023\/04\/2000x1333_davinci_golfirestoran_3-1024x682.jpg 1024w, https:\/\/egcc.ee\/wp-content\/uploads\/2023\/04\/2000x1333_davinci_golfirestoran_3-300x200.jpg 300w, https:\/\/egcc.ee\/wp-content\/uploads\/2023\/04\/2000x1333_davinci_golfirestoran_3-768x512.jpg 768w, https:\/\/egcc.ee\/wp-content\/uploads\/2023\/04\/2000x1333_davinci_golfirestoran_3-1536x1024.jpg 1536w, https:\/\/egcc.ee\/wp-content\/uploads\/2023\/04\/2000x1333_davinci_golfirestoran_3.jpg 2000w\" sizes=\"auto, (max-width: 1024px) 100vw, 1024px\" \/><\/a><\/figure><\/div>\n\n\n\n<div class=\"wp-block-media-text alignwide is-stacked-on-mobile is-vertically-aligned-center has-background\" style=\"background-color:#f7f7f7\"><figure class=\"wp-block-media-text__media\"><a href=\"https:\/\/egcc.sendsmaily.net\/landing-pages\/23c69a14-a777-498b-933d-a73cff61cb11\/html\/\" target=\"_blank\" rel=\"noreferrer noopener\"><img loading=\"lazy\" decoding=\"async\" width=\"1024\" height=\"682\" src=\"https:\/\/egcc.ee\/wp-content\/uploads\/2023\/08\/2023_EGCC_loogimangu_MV_E19I6567-1024x682.jpg\" alt=\"\" class=\"wp-image-14055 size-full\" srcset=\"https:\/\/egcc.ee\/wp-content\/uploads\/2023\/08\/2023_EGCC_loogimangu_MV_E19I6567-1024x682.jpg 1024w, https:\/\/egcc.ee\/wp-content\/uploads\/2023\/08\/2023_EGCC_loogimangu_MV_E19I6567-300x200.jpg 300w, https:\/\/egcc.ee\/wp-content\/uploads\/2023\/08\/2023_EGCC_loogimangu_MV_E19I6567-768x512.jpg 768w, https:\/\/egcc.ee\/wp-content\/uploads\/2023\/08\/2023_EGCC_loogimangu_MV_E19I6567-1536x1024.jpg 1536w, https:\/\/egcc.ee\/wp-content\/uploads\/2023\/08\/2023_EGCC_loogimangu_MV_E19I6567.jpg 2000w\" sizes=\"auto, (max-width: 1024px) 100vw, 1024px\" \/><\/a><\/figure><div class=\"wp-block-media-text__content\">\n<div class=\"wp-block-group\" style=\"padding-top:2em;padding-right:2em;padding-bottom:2em;padding-left:2em\"><div class=\"wp-block-group__inner-container is-layout-flow wp-block-group-is-layout-flow\">\n<div style=\"height:20px\" aria-hidden=\"true\" class=\"wp-block-spacer\"><\/div>\n\n\n\n<div class=\"wp-block-group\"><div class=\"wp-block-group__inner-container is-layout-constrained wp-block-group-is-layout-constrained\">\n<div class=\"wp-block-group\"><div class=\"wp-block-group__inner-container is-layout-constrained wp-block-group-is-layout-constrained\">\n<div class=\"wp-block-group\"><div class=\"wp-block-group__inner-container is-layout-constrained wp-block-group-is-layout-constrained\">\n<div class=\"wp-block-group\"><div class=\"wp-block-group__inner-container is-layout-constrained wp-block-group-is-layout-constrained\">\n<h2 class=\"wp-block-heading has-text-align-center\">Seuraa meit\u00e4 <span class=\"material-icons\"> favorite <\/span><\/h2>\n\n\n\n<p class=\"has-text-align-center\"><mark style=\"background-color:rgba(0, 0, 0, 0);color:#bd8f18\" class=\"has-inline-color\"><i class=\"bi bi-facebook\"><\/i><\/mark> <a href=\"https:\/\/www.facebook.com\/EstonianGolf\/\" target=\"_blank\" rel=\"noreferrer noopener\">@estoniangolf<\/a><\/p>\n\n\n\n<p class=\"has-text-align-center\"><mark style=\"background-color:rgba(0, 0, 0, 0);color:#bd8f18\" class=\"has-inline-color\"><i class=\"bi bi-instagram\"><\/i><\/mark> <a href=\"https:\/\/www.instagram.com\/estoniangolf\/\" target=\"_blank\" rel=\"noreferrer noopener\">@estoniangolf<\/a><\/p>\n\n\n\n<p class=\"has-text-align-center\"><mark style=\"background-color:rgba(0, 0, 0, 0);color:#bd8f18\" class=\"has-inline-color\"><i class=\"bi bi-envelope-at-fill\"><\/i><\/mark> <a href=\"https:\/\/egcc.sendsmaily.net\/landing-pages\/ed4aaaf9-dc75-49e6-915c-206aed801d2c\/html\/\" target=\"_blank\" rel=\"noreferrer noopener\">Liity postituslistalle<\/a><\/p>\n<\/div><\/div>\n<\/div><\/div>\n<\/div><\/div>\n<\/div><\/div>\n<\/div><\/div>\n<\/div><\/div>\n\n\n\n<div class=\"wp-block-media-text alignwide has-media-on-the-right is-stacked-on-mobile is-vertically-aligned-center has-background\" style=\"background-color:#fdf9ee\"><div class=\"wp-block-media-text__content\">\n<div class=\"wp-block-group\" style=\"padding-top:2em;padding-right:2em;padding-bottom:2em;padding-left:2em\"><div class=\"wp-block-group__inner-container is-layout-flow wp-block-group-is-layout-flow\">\n<div class=\"wp-block-group\"><div class=\"wp-block-group__inner-container is-layout-constrained wp-block-group-is-layout-constrained\">\n<div class=\"wp-block-group\"><div class=\"wp-block-group__inner-container is-layout-constrained wp-block-group-is-layout-constrained\">\n<div class=\"wp-block-group\"><div class=\"wp-block-group__inner-container is-layout-constrained wp-block-group-is-layout-constrained\">\n<h2 class=\"wp-block-heading has-text-align-center\" id=\"rekvisiidid\"><span class=\"material-icons\">payments <\/span> Pankkitiedot<\/h2>\n\n\n\n<p class=\"has-text-align-center\"><strong>AS EGCC<\/strong><br>Reg No.&nbsp;10872617<br>KMKR: EE100774016<\/p>\n\n\n\n<p class=\"has-text-align-center\"><strong>MT\u00dc Estonian Golf and Country Club<\/strong><br>Reg No.&nbsp;80184907<br>IBAN:&nbsp;EE627700771001633789<br>SWIFT: LHVBEE22<\/p>\n\n\n\n<p class=\"has-text-align-center\"><strong>MT\u00dc EGCC Golf Academy<\/strong><br>Reg No. 80307345<\/p>\n\n\n\n<p class=\"has-text-align-center\">Lataa: <a href=\"https:\/\/egcc.ee\/wp-content\/uploads\/2025\/07\/EGCC_logo.zip\" target=\"_blank\" rel=\"noreferrer noopener\">EGCC logo .ai, .pdf, .png<\/a><\/p>\n<\/div><\/div>\n<\/div><\/div>\n<\/div><\/div>\n<\/div><\/div>\n<\/div><figure class=\"wp-block-media-text__media\"><a href=\"https:\/\/egcc.ee\/fi\/egcc-seura\/\"><img loading=\"lazy\" decoding=\"async\" width=\"1024\" height=\"682\" src=\"https:\/\/egcc.ee\/wp-content\/uploads\/2023\/05\/2022_Captains_Challenge_01-1024x682.jpg\" alt=\"\" class=\"wp-image-9444 size-full\" srcset=\"https:\/\/egcc.ee\/wp-content\/uploads\/2023\/05\/2022_Captains_Challenge_01-1024x682.jpg 1024w, https:\/\/egcc.ee\/wp-content\/uploads\/2023\/05\/2022_Captains_Challenge_01-300x200.jpg 300w, https:\/\/egcc.ee\/wp-content\/uploads\/2023\/05\/2022_Captains_Challenge_01-768x512.jpg 768w, https:\/\/egcc.ee\/wp-content\/uploads\/2023\/05\/2022_Captains_Challenge_01-1536x1024.jpg 1536w, https:\/\/egcc.ee\/wp-content\/uploads\/2023\/05\/2022_Captains_Challenge_01.jpg 2000w\" sizes=\"auto, (max-width: 1024px) 100vw, 1024px\" \/><\/a><\/figure><\/div>\n","protected":false},"excerpt":{"rendered":"","protected":false},"author":2,"featured_media":1282,"parent":0,"menu_order":0,"comment_status":"closed","ping_status":"closed","template":"","meta":{"_acf_changed":false,"ngg_post_thumbnail":0,"footnotes":""},"class_list":["post-13878","page","type-page","status-publish","has-post-thumbnail","hentry"],"acf":[],"yoast_head":"<!-- This site is optimized with the Yoast SEO plugin v27.1.1 - https:\/\/yoast.com\/product\/yoast-seo-wordpress\/ -->\n<title>Yhteystiedot &#8211; Estonian Golf &amp; Country Club<\/title>\n<meta name=\"description\" content=\"EGCC yhteystiedot: +372 602 5290; welcome@egcc.ee; Klubi tee 4, Manniva village, J\u00f5el\u00e4htme parish 74217, Harjumaa, Estonia\" \/>\n<meta name=\"robots\" content=\"index, follow, max-snippet:-1, max-image-preview:large, max-video-preview:-1\" \/>\n<link rel=\"canonical\" href=\"https:\/\/egcc.ee\/fi\/yhteystiedot\/\" \/>\n<meta property=\"og:locale\" content=\"fi_FI\" \/>\n<meta property=\"og:type\" content=\"article\" \/>\n<meta property=\"og:title\" content=\"Yhteystiedot &#8211; Estonian Golf &amp; Country Club\" \/>\n<meta property=\"og:description\" content=\"EGCC yhteystiedot: +372 602 5290; welcome@egcc.ee; Klubi tee 4, Manniva village, J\u00f5el\u00e4htme parish 74217, Harjumaa, Estonia\" \/>\n<meta property=\"og:url\" content=\"https:\/\/egcc.ee\/fi\/yhteystiedot\/\" \/>\n<meta property=\"og:site_name\" content=\"Estonian Golf &amp; Country Club\" \/>\n<meta property=\"article:modified_time\" content=\"2026-04-10T12:35:18+00:00\" \/>\n<meta property=\"og:image\" content=\"https:\/\/egcc.ee\/wp-content\/uploads\/2023\/04\/Sea_Course_1st_tee_foto_Jaanus_Ree-1024x682.jpg\" \/>\n\t<meta property=\"og:image:width\" content=\"1024\" \/>\n\t<meta property=\"og:image:height\" content=\"682\" \/>\n\t<meta property=\"og:image:type\" content=\"image\/jpeg\" \/>\n<meta name=\"twitter:card\" content=\"summary_large_image\" \/>\n<meta name=\"twitter:label1\" content=\"Arvioitu lukuaika\" \/>\n\t<meta name=\"twitter:data1\" content=\"2 minuuttia\" \/>\n<script type=\"application\/ld+json\" class=\"yoast-schema-graph\">{\"@context\":\"https:\/\/schema.org\",\"@graph\":[{\"@type\":\"WebPage\",\"@id\":\"https:\/\/egcc.ee\/fi\/yhteystiedot\/\",\"url\":\"https:\/\/egcc.ee\/fi\/yhteystiedot\/\",\"name\":\"Yhteystiedot &#8211; Estonian Golf &amp; Country Club\",\"isPartOf\":{\"@id\":\"https:\/\/egcc.ee\/fi\/#website\"},\"primaryImageOfPage\":{\"@id\":\"https:\/\/egcc.ee\/fi\/yhteystiedot\/#primaryimage\"},\"image\":{\"@id\":\"https:\/\/egcc.ee\/fi\/yhteystiedot\/#primaryimage\"},\"thumbnailUrl\":\"https:\/\/egcc.ee\/wp-content\/uploads\/2023\/04\/Sea_Course_1st_tee_foto_Jaanus_Ree.jpg\",\"datePublished\":\"2023-05-04T10:41:13+00:00\",\"dateModified\":\"2026-04-10T12:35:18+00:00\",\"description\":\"EGCC yhteystiedot: +372 602 5290; welcome@egcc.ee; Klubi tee 4, Manniva village, J\u00f5el\u00e4htme parish 74217, Harjumaa, Estonia\",\"breadcrumb\":{\"@id\":\"https:\/\/egcc.ee\/fi\/yhteystiedot\/#breadcrumb\"},\"inLanguage\":\"fi\",\"potentialAction\":[{\"@type\":\"ReadAction\",\"target\":[\"https:\/\/egcc.ee\/fi\/yhteystiedot\/\"]}]},{\"@type\":\"ImageObject\",\"inLanguage\":\"fi\",\"@id\":\"https:\/\/egcc.ee\/fi\/yhteystiedot\/#primaryimage\",\"url\":\"https:\/\/egcc.ee\/wp-content\/uploads\/2023\/04\/Sea_Course_1st_tee_foto_Jaanus_Ree.jpg\",\"contentUrl\":\"https:\/\/egcc.ee\/wp-content\/uploads\/2023\/04\/Sea_Course_1st_tee_foto_Jaanus_Ree.jpg\",\"width\":2000,\"height\":1333,\"caption\":\"Foto: Jaanus Ree\"},{\"@type\":\"BreadcrumbList\",\"@id\":\"https:\/\/egcc.ee\/fi\/yhteystiedot\/#breadcrumb\",\"itemListElement\":[{\"@type\":\"ListItem\",\"position\":1,\"name\":\"Home\",\"item\":\"https:\/\/egcc.ee\/fi\/\"},{\"@type\":\"ListItem\",\"position\":2,\"name\":\"Yhteystiedot\"}]},{\"@type\":\"WebSite\",\"@id\":\"https:\/\/egcc.ee\/fi\/#website\",\"url\":\"https:\/\/egcc.ee\/fi\/\",\"name\":\"Estonian Golf &amp; Country Club\",\"description\":\"J\u00f5el\u00e4htmes saab golfi!\",\"publisher\":{\"@id\":\"https:\/\/egcc.ee\/fi\/#organization\"},\"potentialAction\":[{\"@type\":\"SearchAction\",\"target\":{\"@type\":\"EntryPoint\",\"urlTemplate\":\"https:\/\/egcc.ee\/fi\/?s={search_term_string}\"},\"query-input\":{\"@type\":\"PropertyValueSpecification\",\"valueRequired\":true,\"valueName\":\"search_term_string\"}}],\"inLanguage\":\"fi\"},{\"@type\":\"Organization\",\"@id\":\"https:\/\/egcc.ee\/fi\/#organization\",\"name\":\"Estonian Golf &amp; Country Club\",\"url\":\"https:\/\/egcc.ee\/fi\/\",\"logo\":{\"@type\":\"ImageObject\",\"inLanguage\":\"fi\",\"@id\":\"https:\/\/egcc.ee\/fi\/#\/schema\/logo\/image\/\",\"url\":\"https:\/\/egcc.ee\/wp-content\/uploads\/2023\/04\/EGCC_logo_150.png\",\"contentUrl\":\"https:\/\/egcc.ee\/wp-content\/uploads\/2023\/04\/EGCC_logo_150.png\",\"width\":150,\"height\":150,\"caption\":\"Estonian Golf &amp; Country Club\"},\"image\":{\"@id\":\"https:\/\/egcc.ee\/fi\/#\/schema\/logo\/image\/\"}}]}<\/script>\n<!-- \/ Yoast SEO plugin. -->","yoast_head_json":{"title":"Yhteystiedot &#8211; Estonian Golf &amp; Country Club","description":"EGCC yhteystiedot: +372 602 5290; welcome@egcc.ee; Klubi tee 4, Manniva village, J\u00f5el\u00e4htme parish 74217, Harjumaa, Estonia","robots":{"index":"index","follow":"follow","max-snippet":"max-snippet:-1","max-image-preview":"max-image-preview:large","max-video-preview":"max-video-preview:-1"},"canonical":"https:\/\/egcc.ee\/fi\/yhteystiedot\/","og_locale":"fi_FI","og_type":"article","og_title":"Yhteystiedot &#8211; Estonian Golf &amp; Country Club","og_description":"EGCC yhteystiedot: +372 602 5290; welcome@egcc.ee; Klubi tee 4, Manniva village, J\u00f5el\u00e4htme parish 74217, Harjumaa, Estonia","og_url":"https:\/\/egcc.ee\/fi\/yhteystiedot\/","og_site_name":"Estonian Golf &amp; Country Club","article_modified_time":"2026-04-10T12:35:18+00:00","og_image":[{"width":1024,"height":682,"url":"https:\/\/egcc.ee\/wp-content\/uploads\/2023\/04\/Sea_Course_1st_tee_foto_Jaanus_Ree-1024x682.jpg","type":"image\/jpeg"}],"twitter_card":"summary_large_image","twitter_misc":{"Arvioitu lukuaika":"2 minuuttia"},"schema":{"@context":"https:\/\/schema.org","@graph":[{"@type":"WebPage","@id":"https:\/\/egcc.ee\/fi\/yhteystiedot\/","url":"https:\/\/egcc.ee\/fi\/yhteystiedot\/","name":"Yhteystiedot &#8211; Estonian Golf &amp; Country Club","isPartOf":{"@id":"https:\/\/egcc.ee\/fi\/#website"},"primaryImageOfPage":{"@id":"https:\/\/egcc.ee\/fi\/yhteystiedot\/#primaryimage"},"image":{"@id":"https:\/\/egcc.ee\/fi\/yhteystiedot\/#primaryimage"},"thumbnailUrl":"https:\/\/egcc.ee\/wp-content\/uploads\/2023\/04\/Sea_Course_1st_tee_foto_Jaanus_Ree.jpg","datePublished":"2023-05-04T10:41:13+00:00","dateModified":"2026-04-10T12:35:18+00:00","description":"EGCC yhteystiedot: +372 602 5290; welcome@egcc.ee; Klubi tee 4, Manniva village, J\u00f5el\u00e4htme parish 74217, Harjumaa, Estonia","breadcrumb":{"@id":"https:\/\/egcc.ee\/fi\/yhteystiedot\/#breadcrumb"},"inLanguage":"fi","potentialAction":[{"@type":"ReadAction","target":["https:\/\/egcc.ee\/fi\/yhteystiedot\/"]}]},{"@type":"ImageObject","inLanguage":"fi","@id":"https:\/\/egcc.ee\/fi\/yhteystiedot\/#primaryimage","url":"https:\/\/egcc.ee\/wp-content\/uploads\/2023\/04\/Sea_Course_1st_tee_foto_Jaanus_Ree.jpg","contentUrl":"https:\/\/egcc.ee\/wp-content\/uploads\/2023\/04\/Sea_Course_1st_tee_foto_Jaanus_Ree.jpg","width":2000,"height":1333,"caption":"Foto: Jaanus Ree"},{"@type":"BreadcrumbList","@id":"https:\/\/egcc.ee\/fi\/yhteystiedot\/#breadcrumb","itemListElement":[{"@type":"ListItem","position":1,"name":"Home","item":"https:\/\/egcc.ee\/fi\/"},{"@type":"ListItem","position":2,"name":"Yhteystiedot"}]},{"@type":"WebSite","@id":"https:\/\/egcc.ee\/fi\/#website","url":"https:\/\/egcc.ee\/fi\/","name":"Estonian Golf &amp; Country Club","description":"J\u00f5el\u00e4htmes saab golfi!","publisher":{"@id":"https:\/\/egcc.ee\/fi\/#organization"},"potentialAction":[{"@type":"SearchAction","target":{"@type":"EntryPoint","urlTemplate":"https:\/\/egcc.ee\/fi\/?s={search_term_string}"},"query-input":{"@type":"PropertyValueSpecification","valueRequired":true,"valueName":"search_term_string"}}],"inLanguage":"fi"},{"@type":"Organization","@id":"https:\/\/egcc.ee\/fi\/#organization","name":"Estonian Golf &amp; Country Club","url":"https:\/\/egcc.ee\/fi\/","logo":{"@type":"ImageObject","inLanguage":"fi","@id":"https:\/\/egcc.ee\/fi\/#\/schema\/logo\/image\/","url":"https:\/\/egcc.ee\/wp-content\/uploads\/2023\/04\/EGCC_logo_150.png","contentUrl":"https:\/\/egcc.ee\/wp-content\/uploads\/2023\/04\/EGCC_logo_150.png","width":150,"height":150,"caption":"Estonian Golf &amp; Country Club"},"image":{"@id":"https:\/\/egcc.ee\/fi\/#\/schema\/logo\/image\/"}}]}},"_links":{"self":[{"href":"https:\/\/egcc.ee\/fi\/wp-json\/wp\/v2\/pages\/13878","targetHints":{"allow":["GET"]}}],"collection":[{"href":"https:\/\/egcc.ee\/fi\/wp-json\/wp\/v2\/pages"}],"about":[{"href":"https:\/\/egcc.ee\/fi\/wp-json\/wp\/v2\/types\/page"}],"author":[{"embeddable":true,"href":"https:\/\/egcc.ee\/fi\/wp-json\/wp\/v2\/users\/2"}],"replies":[{"embeddable":true,"href":"https:\/\/egcc.ee\/fi\/wp-json\/wp\/v2\/comments?post=13878"}],"version-history":[{"count":99,"href":"https:\/\/egcc.ee\/fi\/wp-json\/wp\/v2\/pages\/13878\/revisions"}],"predecessor-version":[{"id":40560,"href":"https:\/\/egcc.ee\/fi\/wp-json\/wp\/v2\/pages\/13878\/revisions\/40560"}],"wp:featuredmedia":[{"embeddable":true,"href":"https:\/\/egcc.ee\/fi\/wp-json\/wp\/v2\/media\/1282"}],"wp:attachment":[{"href":"https:\/\/egcc.ee\/fi\/wp-json\/wp\/v2\/media?parent=13878"}],"curies":[{"name":"wp","href":"https:\/\/api.w.org\/{rel}","templated":true}]}}