{"id":13857,"date":"2023-08-14T17:26:38","date_gmt":"2023-08-14T14:26:38","guid":{"rendered":"https:\/\/prelive.egcc.ee\/b2b\/"},"modified":"2025-04-29T00:37:32","modified_gmt":"2025-04-28T21:37:32","slug":"b2b","status":"publish","type":"page","link":"https:\/\/egcc.ee\/fi\/b2b\/","title":{"rendered":"B2B"},"content":{"rendered":"\n<div class=\"wp-block-media-text has-media-on-the-right is-stacked-on-mobile\"><div class=\"wp-block-media-text__content\">\n<div style=\"height:20px\" aria-hidden=\"true\" class=\"wp-block-spacer\"><\/div>\n\n\n\n<p>Maailmassa on 66,6 miljoona golfaria ja suuri osa heist\u00e4 on menestynyt omalla alallaan. Tutkimukset osoittavat, ett\u00e4 juuri golfarit ovat p\u00e4\u00e4tt\u00e4ji\u00e4 tai ihmisi\u00e4, jotka osallistuvat p\u00e4\u00e4t\u00f6sten tekoon.<\/p>\n\n\n\n<p>Golf on yksi parhaista mahdollisuuksista tutustua yst\u00e4viin, kollegoihin tai liikekumppaneihin. My\u00f6s Virossa on jo paljon yrityksi\u00e4, jotka ovat l\u00f6yt\u00e4neet golfin omille ty\u00f6ntekij\u00f6ille tai asiakkailleen, viett\u00e4\u00e4kseen aikaa yhdess\u00e4 pohtien maailman asioita.<\/p>\n<\/div><figure class=\"wp-block-media-text__media\"><img loading=\"lazy\" decoding=\"async\" width=\"1024\" height=\"683\" src=\"https:\/\/egcc.ee\/wp-content\/uploads\/2023\/08\/20220724_klubiMV_Avis-1024x683.jpeg\" alt=\"\" class=\"wp-image-13018 size-full\" srcset=\"https:\/\/egcc.ee\/wp-content\/uploads\/2023\/08\/20220724_klubiMV_Avis-1024x683.jpeg 1024w, https:\/\/egcc.ee\/wp-content\/uploads\/2023\/08\/20220724_klubiMV_Avis-300x200.jpeg 300w, https:\/\/egcc.ee\/wp-content\/uploads\/2023\/08\/20220724_klubiMV_Avis-768x512.jpeg 768w, https:\/\/egcc.ee\/wp-content\/uploads\/2023\/08\/20220724_klubiMV_Avis-1536x1024.jpeg 1536w, https:\/\/egcc.ee\/wp-content\/uploads\/2023\/08\/20220724_klubiMV_Avis.jpeg 2048w\" sizes=\"auto, (max-width: 1024px) 100vw, 1024px\" \/><\/figure><\/div>\n\n\n\n<div style=\"height:20px\" aria-hidden=\"true\" class=\"wp-block-spacer\"><\/div>\n\n\n\n<div class=\"wp-block-media-text is-stacked-on-mobile\"><figure class=\"wp-block-media-text__media\"><img loading=\"lazy\" decoding=\"async\" width=\"1024\" height=\"682\" src=\"https:\/\/egcc.ee\/wp-content\/uploads\/2024\/05\/20240429_EGCC_55_tuur_I_11-1024x682.jpg\" alt=\"\" class=\"wp-image-25249 size-full\" srcset=\"https:\/\/egcc.ee\/wp-content\/uploads\/2024\/05\/20240429_EGCC_55_tuur_I_11-1024x682.jpg 1024w, https:\/\/egcc.ee\/wp-content\/uploads\/2024\/05\/20240429_EGCC_55_tuur_I_11-300x200.jpg 300w, https:\/\/egcc.ee\/wp-content\/uploads\/2024\/05\/20240429_EGCC_55_tuur_I_11-768x512.jpg 768w, https:\/\/egcc.ee\/wp-content\/uploads\/2024\/05\/20240429_EGCC_55_tuur_I_11-1536x1024.jpg 1536w, https:\/\/egcc.ee\/wp-content\/uploads\/2024\/05\/20240429_EGCC_55_tuur_I_11.jpg 2000w\" sizes=\"auto, (max-width: 1024px) 100vw, 1024px\" \/><\/figure><div class=\"wp-block-media-text__content\">\n<div style=\"height:20px\" aria-hidden=\"true\" class=\"wp-block-spacer\"><\/div>\n\n\n\n<p>Golfin suosio kasvaa Virossa nopeasti ja yh\u00e4 enemm\u00e4n asiakkaat ovat halukkaita tulemaan kent\u00e4lle keskustelemaan asioista.<\/p>\n\n\n\n<p>Tarjoamme yrityksille erilaisia ratkaisuja, joiden avulla voitte&nbsp;<strong>nostaa asiakkaidenne tyytyv\u00e4isyytt\u00e4 maailman parhaan pelin seurassa.<\/strong><\/p>\n<\/div><\/div>\n\n\n\n<div style=\"height:20px\" aria-hidden=\"true\" class=\"wp-block-spacer\"><\/div>\n\n\n\n<div class=\"wp-block-media-text has-media-on-the-right is-stacked-on-mobile\"><div class=\"wp-block-media-text__content\">\n<div style=\"height:20px\" aria-hidden=\"true\" class=\"wp-block-spacer\"><\/div>\n\n\n\n<h2 class=\"wp-block-heading\">Kilpailut<\/h2>\n\n\n\n<p>Estonian Golf &amp; Country Clubilla on pitk\u00e4 kokemus yrityskilpailujen ja kansainv\u00e4listen kilpailujen j\u00e4rjest\u00e4misest\u00e4.<\/p>\n\n\n\n<p>Kilpailujen yhteydess\u00e4 yrityksell\u00e4 on mahdollisuus tarjota asiakkailleen loistava kilpailukokemus sek\u00e4 suljetun tapahtuman edut. Se on my\u00f6s mahdollisuus k\u00e4\u00e4nty\u00e4 uusien asiakkaiden puoleen.<\/p>\n\n\n\n<p><strong>Koko golfkentt\u00e4 voidaan merkit\u00e4 yrityksesi teemalla ja logoilla <\/strong>\u2013 liput klubitalon edess\u00e4, teemerkit, vihre\u00e4t liput, merkkipussit pukuhuoneissa jne.<\/p>\n<\/div><figure class=\"wp-block-media-text__media\"><img loading=\"lazy\" decoding=\"async\" width=\"2000\" height=\"1333\" src=\"https:\/\/egcc.ee\/wp-content\/uploads\/2023\/08\/20230621_Golfimaraton_02.jpg\" alt=\"\" class=\"wp-image-12810 size-full\" srcset=\"https:\/\/egcc.ee\/wp-content\/uploads\/2023\/08\/20230621_Golfimaraton_02.jpg 2000w, https:\/\/egcc.ee\/wp-content\/uploads\/2023\/08\/20230621_Golfimaraton_02-300x200.jpg 300w, https:\/\/egcc.ee\/wp-content\/uploads\/2023\/08\/20230621_Golfimaraton_02-1024x682.jpg 1024w, https:\/\/egcc.ee\/wp-content\/uploads\/2023\/08\/20230621_Golfimaraton_02-768x512.jpg 768w, https:\/\/egcc.ee\/wp-content\/uploads\/2023\/08\/20230621_Golfimaraton_02-1536x1024.jpg 1536w\" sizes=\"auto, (max-width: 2000px) 100vw, 2000px\" \/><\/figure><\/div>\n\n\n\n<div style=\"height:20px\" aria-hidden=\"true\" class=\"wp-block-spacer\"><\/div>\n\n\n\n<div class=\"wp-block-media-text is-stacked-on-mobile\"><figure class=\"wp-block-media-text__media\"><img loading=\"lazy\" decoding=\"async\" width=\"1024\" height=\"682\" src=\"https:\/\/egcc.ee\/wp-content\/uploads\/2023\/08\/EGCC_golfidemo_YSD0224-1024x682.jpg\" alt=\"\" class=\"wp-image-13475 size-full\" srcset=\"https:\/\/egcc.ee\/wp-content\/uploads\/2023\/08\/EGCC_golfidemo_YSD0224-1024x682.jpg 1024w, https:\/\/egcc.ee\/wp-content\/uploads\/2023\/08\/EGCC_golfidemo_YSD0224-300x200.jpg 300w, https:\/\/egcc.ee\/wp-content\/uploads\/2023\/08\/EGCC_golfidemo_YSD0224-768x512.jpg 768w, https:\/\/egcc.ee\/wp-content\/uploads\/2023\/08\/EGCC_golfidemo_YSD0224-1536x1024.jpg 1536w, https:\/\/egcc.ee\/wp-content\/uploads\/2023\/08\/EGCC_golfidemo_YSD0224.jpg 2000w\" sizes=\"auto, (max-width: 1024px) 100vw, 1024px\" \/><\/figure><div class=\"wp-block-media-text__content\">\n<div style=\"height:20px\" aria-hidden=\"true\" class=\"wp-block-spacer\"><\/div>\n\n\n\n<h2 class=\"wp-block-heading\">Golf demo<\/h2>\n\n\n\n<p>Niille, jotka eiv\u00e4t ole viel\u00e4 koskaan pelanneet golfia, on mahdollisuus j\u00e4rjest\u00e4\u00e4 kilpailujen ajaksi <strong>golf-esitys ammattilaisen ohjastuksella.<\/strong><\/p>\n\n\n\n<p>Golfdemoa on mahdollista j\u00e4rjest\u00e4\u00e4 maanantaista perjantaihin teille sopivana aikana valitsemanne kohderyhm\u00e4lle (ty\u00f6ntekij\u00e4t, yhteisty\u00f6kumppanit, yst\u00e4v\u00e4t).<\/p>\n<\/div><\/div>\n\n\n\n<div style=\"height:20px\" aria-hidden=\"true\" class=\"wp-block-spacer\"><\/div>\n\n\n\n<div class=\"wp-block-media-text has-media-on-the-right is-stacked-on-mobile\"><div class=\"wp-block-media-text__content\">\n<div style=\"height:20px\" aria-hidden=\"true\" class=\"wp-block-spacer\"><\/div>\n\n\n\n<h2 class=\"wp-block-heading\">Estonian Golf &amp; Country Clubin markkinointituotteita<strong>:<\/strong><\/h2>\n\n\n\n<ul class=\"wp-block-list\">\n<li>Driving Range title partnership<\/li>\n\n\n\n<li>Practice Green title partnership<\/li>\n\n\n\n<li>Sea Course Hole title partnership<\/li>\n\n\n\n<li>Competition title sponsorship<\/li>\n\n\n\n<li>Competition series title sponsorship<\/li>\n\n\n\n<li>Corporate competitions<\/li>\n\n\n\n<li>Golf car branding<\/li>\n<\/ul>\n<\/div><figure class=\"wp-block-media-text__media\"><img loading=\"lazy\" decoding=\"async\" width=\"1024\" height=\"683\" src=\"https:\/\/egcc.ee\/wp-content\/uploads\/2022\/06\/Sea_Course_5_Lexuse_pink-1024x683.jpg\" alt=\"\" class=\"wp-image-7437 size-full\" srcset=\"https:\/\/egcc.ee\/wp-content\/uploads\/2022\/06\/Sea_Course_5_Lexuse_pink-1024x683.jpg 1024w, https:\/\/egcc.ee\/wp-content\/uploads\/2022\/06\/Sea_Course_5_Lexuse_pink-300x200.jpg 300w, https:\/\/egcc.ee\/wp-content\/uploads\/2022\/06\/Sea_Course_5_Lexuse_pink-768x512.jpg 768w, https:\/\/egcc.ee\/wp-content\/uploads\/2022\/06\/Sea_Course_5_Lexuse_pink.jpg 1500w\" sizes=\"auto, (max-width: 1024px) 100vw, 1024px\" \/><\/figure><\/div>\n\n\n\n<div style=\"height:40px\" aria-hidden=\"true\" class=\"wp-block-spacer\"><\/div>\n\n\n<div class=\"callout-box\">\n    <div class=\"content-area\">\n        <div class=\"icon d-none d-md-block\">\n            <img decoding=\"async\" src=\"https:\/\/egcc.ee\/wp-content\/themes\/egcc\/assets\/images\/callout-bird.png\" \/>\n        <\/div>\n\n        <div class=\"content\">\n            <p><span style=\"color: #bd8f18;\"><strong><span style=\"font-size: 14pt;\">Puhutaanpa golfista!<\/span><\/strong><\/span><\/p>\n<p>Aktiivinen golfkausi kest\u00e4\u00e4 huhtikuusta lokakuuhun. Kun ulkona on miinusasteita, kurssimme ovat kiinni ja valmistautuminen seuraavaan kauteen on t\u00e4ydess\u00e4 vauhdissa. Vuodenajasta ja s\u00e4\u00e4st\u00e4 riippumatta, ota rohkeasti yhteytt\u00e4:<\/p>\n<p>&nbsp;<\/p>\n<p><strong>Kirke Kotsar<\/strong>, <em>Sales &amp; Service Manager<\/em><br \/>\n<a href=\"mailto:kirke@egcc.ee\">kirke@egcc.ee<\/a><br \/>\n<a href=\"tel:+37256478095\" target=\"_blank\" rel=\"noreferrer noopener\">+372 5647 8095<\/a><\/p>\n<p>&nbsp;<\/p>\n<p><strong>Natalja Kot\u0161ergova<\/strong>,&nbsp;<em>B2B &amp; tapahtumat<\/em><br \/>\n<a href=\"mailto:sales@egcc.ee\" target=\"_blank\" rel=\"noreferrer noopener\">sales@egcc.ee<\/a><br \/>\n<a href=\"tel:+37255539455\" target=\"_blank\" rel=\"noreferrer noopener\">+372 555 394 55<\/a><\/p>\n\n                    <\/div>\n    <\/div>\n<\/div>","protected":false},"excerpt":{"rendered":"","protected":false},"author":2,"featured_media":13020,"parent":0,"menu_order":0,"comment_status":"closed","ping_status":"closed","template":"","meta":{"_acf_changed":false,"ngg_post_thumbnail":0,"footnotes":""},"class_list":["post-13857","page","type-page","status-publish","has-post-thumbnail","hentry"],"acf":[],"yoast_head":"<!-- This site is optimized with the Yoast SEO plugin v27.1.1 - https:\/\/yoast.com\/product\/yoast-seo-wordpress\/ -->\n<title>B2B &#8211; Estonian Golf &amp; Country Club<\/title>\n<meta name=\"robots\" content=\"index, follow, max-snippet:-1, max-image-preview:large, max-video-preview:-1\" \/>\n<link rel=\"canonical\" href=\"https:\/\/egcc.ee\/fi\/b2b\/\" \/>\n<meta property=\"og:locale\" content=\"fi_FI\" \/>\n<meta property=\"og:type\" content=\"article\" \/>\n<meta property=\"og:title\" content=\"B2B &#8211; Estonian Golf &amp; Country Club\" \/>\n<meta property=\"og:url\" content=\"https:\/\/egcc.ee\/fi\/b2b\/\" \/>\n<meta property=\"og:site_name\" content=\"Estonian Golf &amp; Country Club\" \/>\n<meta property=\"article:modified_time\" content=\"2025-04-28T21:37:32+00:00\" \/>\n<meta property=\"og:image\" content=\"https:\/\/egcc.ee\/wp-content\/uploads\/2023\/08\/20220724_klubiMV_Avis.jpeg\" \/>\n\t<meta property=\"og:image:width\" content=\"2048\" \/>\n\t<meta property=\"og:image:height\" content=\"1365\" \/>\n\t<meta property=\"og:image:type\" content=\"image\/jpeg\" \/>\n<meta name=\"twitter:card\" content=\"summary_large_image\" \/>\n<meta name=\"twitter:label1\" content=\"Arvioitu lukuaika\" \/>\n\t<meta name=\"twitter:data1\" content=\"3 minuuttia\" \/>\n<script type=\"application\/ld+json\" class=\"yoast-schema-graph\">{\"@context\":\"https:\/\/schema.org\",\"@graph\":[{\"@type\":\"WebPage\",\"@id\":\"https:\/\/egcc.ee\/fi\/b2b\/\",\"url\":\"https:\/\/egcc.ee\/fi\/b2b\/\",\"name\":\"B2B &#8211; Estonian Golf &amp; Country Club\",\"isPartOf\":{\"@id\":\"https:\/\/egcc.ee\/fi\/#website\"},\"primaryImageOfPage\":{\"@id\":\"https:\/\/egcc.ee\/fi\/b2b\/#primaryimage\"},\"image\":{\"@id\":\"https:\/\/egcc.ee\/fi\/b2b\/#primaryimage\"},\"thumbnailUrl\":\"https:\/\/egcc.ee\/wp-content\/uploads\/2023\/08\/20220724_klubiMV_Avis.jpeg\",\"datePublished\":\"2023-08-14T14:26:38+00:00\",\"dateModified\":\"2025-04-28T21:37:32+00:00\",\"breadcrumb\":{\"@id\":\"https:\/\/egcc.ee\/fi\/b2b\/#breadcrumb\"},\"inLanguage\":\"fi\",\"potentialAction\":[{\"@type\":\"ReadAction\",\"target\":[\"https:\/\/egcc.ee\/fi\/b2b\/\"]}]},{\"@type\":\"ImageObject\",\"inLanguage\":\"fi\",\"@id\":\"https:\/\/egcc.ee\/fi\/b2b\/#primaryimage\",\"url\":\"https:\/\/egcc.ee\/wp-content\/uploads\/2023\/08\/20220724_klubiMV_Avis.jpeg\",\"contentUrl\":\"https:\/\/egcc.ee\/wp-content\/uploads\/2023\/08\/20220724_klubiMV_Avis.jpeg\",\"width\":2048,\"height\":1365},{\"@type\":\"BreadcrumbList\",\"@id\":\"https:\/\/egcc.ee\/fi\/b2b\/#breadcrumb\",\"itemListElement\":[{\"@type\":\"ListItem\",\"position\":1,\"name\":\"Home\",\"item\":\"https:\/\/egcc.ee\/fi\/\"},{\"@type\":\"ListItem\",\"position\":2,\"name\":\"B2B\"}]},{\"@type\":\"WebSite\",\"@id\":\"https:\/\/egcc.ee\/fi\/#website\",\"url\":\"https:\/\/egcc.ee\/fi\/\",\"name\":\"Estonian Golf &amp; Country Club\",\"description\":\"J\u00f5el\u00e4htmes saab golfi!\",\"publisher\":{\"@id\":\"https:\/\/egcc.ee\/fi\/#organization\"},\"potentialAction\":[{\"@type\":\"SearchAction\",\"target\":{\"@type\":\"EntryPoint\",\"urlTemplate\":\"https:\/\/egcc.ee\/fi\/?s={search_term_string}\"},\"query-input\":{\"@type\":\"PropertyValueSpecification\",\"valueRequired\":true,\"valueName\":\"search_term_string\"}}],\"inLanguage\":\"fi\"},{\"@type\":\"Organization\",\"@id\":\"https:\/\/egcc.ee\/fi\/#organization\",\"name\":\"Estonian Golf &amp; Country Club\",\"url\":\"https:\/\/egcc.ee\/fi\/\",\"logo\":{\"@type\":\"ImageObject\",\"inLanguage\":\"fi\",\"@id\":\"https:\/\/egcc.ee\/fi\/#\/schema\/logo\/image\/\",\"url\":\"https:\/\/egcc.ee\/wp-content\/uploads\/2023\/04\/EGCC_logo_150.png\",\"contentUrl\":\"https:\/\/egcc.ee\/wp-content\/uploads\/2023\/04\/EGCC_logo_150.png\",\"width\":150,\"height\":150,\"caption\":\"Estonian Golf &amp; Country Club\"},\"image\":{\"@id\":\"https:\/\/egcc.ee\/fi\/#\/schema\/logo\/image\/\"}}]}<\/script>\n<!-- \/ Yoast SEO plugin. -->","yoast_head_json":{"title":"B2B &#8211; Estonian Golf &amp; Country Club","robots":{"index":"index","follow":"follow","max-snippet":"max-snippet:-1","max-image-preview":"max-image-preview:large","max-video-preview":"max-video-preview:-1"},"canonical":"https:\/\/egcc.ee\/fi\/b2b\/","og_locale":"fi_FI","og_type":"article","og_title":"B2B &#8211; Estonian Golf &amp; Country Club","og_url":"https:\/\/egcc.ee\/fi\/b2b\/","og_site_name":"Estonian Golf &amp; Country Club","article_modified_time":"2025-04-28T21:37:32+00:00","og_image":[{"width":2048,"height":1365,"url":"https:\/\/egcc.ee\/wp-content\/uploads\/2023\/08\/20220724_klubiMV_Avis.jpeg","type":"image\/jpeg"}],"twitter_card":"summary_large_image","twitter_misc":{"Arvioitu lukuaika":"3 minuuttia"},"schema":{"@context":"https:\/\/schema.org","@graph":[{"@type":"WebPage","@id":"https:\/\/egcc.ee\/fi\/b2b\/","url":"https:\/\/egcc.ee\/fi\/b2b\/","name":"B2B &#8211; Estonian Golf &amp; Country Club","isPartOf":{"@id":"https:\/\/egcc.ee\/fi\/#website"},"primaryImageOfPage":{"@id":"https:\/\/egcc.ee\/fi\/b2b\/#primaryimage"},"image":{"@id":"https:\/\/egcc.ee\/fi\/b2b\/#primaryimage"},"thumbnailUrl":"https:\/\/egcc.ee\/wp-content\/uploads\/2023\/08\/20220724_klubiMV_Avis.jpeg","datePublished":"2023-08-14T14:26:38+00:00","dateModified":"2025-04-28T21:37:32+00:00","breadcrumb":{"@id":"https:\/\/egcc.ee\/fi\/b2b\/#breadcrumb"},"inLanguage":"fi","potentialAction":[{"@type":"ReadAction","target":["https:\/\/egcc.ee\/fi\/b2b\/"]}]},{"@type":"ImageObject","inLanguage":"fi","@id":"https:\/\/egcc.ee\/fi\/b2b\/#primaryimage","url":"https:\/\/egcc.ee\/wp-content\/uploads\/2023\/08\/20220724_klubiMV_Avis.jpeg","contentUrl":"https:\/\/egcc.ee\/wp-content\/uploads\/2023\/08\/20220724_klubiMV_Avis.jpeg","width":2048,"height":1365},{"@type":"BreadcrumbList","@id":"https:\/\/egcc.ee\/fi\/b2b\/#breadcrumb","itemListElement":[{"@type":"ListItem","position":1,"name":"Home","item":"https:\/\/egcc.ee\/fi\/"},{"@type":"ListItem","position":2,"name":"B2B"}]},{"@type":"WebSite","@id":"https:\/\/egcc.ee\/fi\/#website","url":"https:\/\/egcc.ee\/fi\/","name":"Estonian Golf &amp; Country Club","description":"J\u00f5el\u00e4htmes saab golfi!","publisher":{"@id":"https:\/\/egcc.ee\/fi\/#organization"},"potentialAction":[{"@type":"SearchAction","target":{"@type":"EntryPoint","urlTemplate":"https:\/\/egcc.ee\/fi\/?s={search_term_string}"},"query-input":{"@type":"PropertyValueSpecification","valueRequired":true,"valueName":"search_term_string"}}],"inLanguage":"fi"},{"@type":"Organization","@id":"https:\/\/egcc.ee\/fi\/#organization","name":"Estonian Golf &amp; Country Club","url":"https:\/\/egcc.ee\/fi\/","logo":{"@type":"ImageObject","inLanguage":"fi","@id":"https:\/\/egcc.ee\/fi\/#\/schema\/logo\/image\/","url":"https:\/\/egcc.ee\/wp-content\/uploads\/2023\/04\/EGCC_logo_150.png","contentUrl":"https:\/\/egcc.ee\/wp-content\/uploads\/2023\/04\/EGCC_logo_150.png","width":150,"height":150,"caption":"Estonian Golf &amp; Country Club"},"image":{"@id":"https:\/\/egcc.ee\/fi\/#\/schema\/logo\/image\/"}}]}},"_links":{"self":[{"href":"https:\/\/egcc.ee\/fi\/wp-json\/wp\/v2\/pages\/13857","targetHints":{"allow":["GET"]}}],"collection":[{"href":"https:\/\/egcc.ee\/fi\/wp-json\/wp\/v2\/pages"}],"about":[{"href":"https:\/\/egcc.ee\/fi\/wp-json\/wp\/v2\/types\/page"}],"author":[{"embeddable":true,"href":"https:\/\/egcc.ee\/fi\/wp-json\/wp\/v2\/users\/2"}],"replies":[{"embeddable":true,"href":"https:\/\/egcc.ee\/fi\/wp-json\/wp\/v2\/comments?post=13857"}],"version-history":[{"count":31,"href":"https:\/\/egcc.ee\/fi\/wp-json\/wp\/v2\/pages\/13857\/revisions"}],"predecessor-version":[{"id":34171,"href":"https:\/\/egcc.ee\/fi\/wp-json\/wp\/v2\/pages\/13857\/revisions\/34171"}],"wp:featuredmedia":[{"embeddable":true,"href":"https:\/\/egcc.ee\/fi\/wp-json\/wp\/v2\/media\/13020"}],"wp:attachment":[{"href":"https:\/\/egcc.ee\/fi\/wp-json\/wp\/v2\/media?parent=13857"}],"curies":[{"name":"wp","href":"https:\/\/api.w.org\/{rel}","templated":true}]}}