{"id":13183,"date":"2023-03-27T21:59:15","date_gmt":"2023-03-27T18:59:15","guid":{"rendered":"https:\/\/prelive.egcc.ee\/restoran\/"},"modified":"2026-04-10T15:37:04","modified_gmt":"2026-04-10T12:37:04","slug":"ravintola","status":"publish","type":"page","link":"https:\/\/egcc.ee\/fi\/ravintola\/","title":{"rendered":"Ravintola"},"content":{"rendered":"\n<div class=\"wp-block-group\"><div class=\"wp-block-group__inner-container is-layout-constrained wp-block-group-is-layout-constrained\">\n<div class=\"wp-block-group\"><div class=\"wp-block-group__inner-container is-layout-constrained wp-block-group-is-layout-constrained\">\n<p class=\"has-text-align-center has-background\" style=\"background-color:#f7f7f7\"><strong>Aukioloajat 11.-19.4:<\/strong><br>11.4 klo 11-15<br>12.4 ja 18.-19.4 klo 11-19<br><br><strong>Alk 24.4:<\/strong><br>Ma-Pe klo 11-21, La\u2013Su klo 11-19<br>25.4 klo 11-16:30<br>Huom! Keitti\u00f6 ottaa vastaan tilauksia enint\u00e4\u00e4n 30 minuuttia ennen sulkemista.<\/p>\n\n\n<div class=\"d-flex justify-content-center my-5\">\n    <div class=\"line-separator golden \"><\/div>\n<\/div><\/div><\/div>\n<\/div><\/div>\n\n\n\n<div class=\"wp-block-media-text is-stacked-on-mobile\"><figure class=\"wp-block-media-text__media\"><img loading=\"lazy\" decoding=\"async\" width=\"1024\" height=\"683\" src=\"https:\/\/egcc.ee\/wp-content\/uploads\/2023\/04\/1500x1000_davinci_golfirestoran_terrass_3-1024x683.jpg\" alt=\"\" class=\"wp-image-1042 size-full\" srcset=\"https:\/\/egcc.ee\/wp-content\/uploads\/2023\/04\/1500x1000_davinci_golfirestoran_terrass_3-1024x683.jpg 1024w, https:\/\/egcc.ee\/wp-content\/uploads\/2023\/04\/1500x1000_davinci_golfirestoran_terrass_3-300x200.jpg 300w, https:\/\/egcc.ee\/wp-content\/uploads\/2023\/04\/1500x1000_davinci_golfirestoran_terrass_3-768x512.jpg 768w, https:\/\/egcc.ee\/wp-content\/uploads\/2023\/04\/1500x1000_davinci_golfirestoran_terrass_3.jpg 1500w\" sizes=\"auto, (max-width: 1024px) 100vw, 1024px\" \/><\/figure><div class=\"wp-block-media-text__content\">\n<div style=\"height:20px\" aria-hidden=\"true\" class=\"wp-block-spacer\"><\/div>\n\n\n\n<h2 class=\"wp-block-heading\">Tervetuloa!<\/h2>\n\n\n\n<p><strong>J\u00f5el\u00e4htme Da Vinci Golf-ravintola<\/strong> kutsuu kokemaan uudenlaisia ja yksinkertaisia makunautintoja. Tule rakkaan kanssa, liikeasioissa, juhlimaan tai noin vain!<\/p>\n\n\n\n<ul class=\"wp-block-list\">\n<li><a href=\"https:\/\/egcc.ee\/fi\/yhteystiedot\/\">Aukioloajat<\/a><\/li>\n\n\n\n<li><a href=\"https:\/\/egcc.ee\/fi\/da-vinci-golfirestoran-menu\/\">Menu<\/a><\/li>\n\n\n\n<li><a href=\"https:\/\/egcc.ee\/fi\/kahvipiste\/\">Kahvipiste<\/a><\/li>\n\n\n\n<li><a href=\"https:\/\/egcc.ee\/fi\/halfway-house\/\">Halfway House<\/a><\/li>\n\n\n\n<li><a href=\"https:\/\/egcc.ee\/fi\/captains-lounge\/\">Captain&#8217;s Lounge<\/a><\/li>\n\n\n\n<li><a href=\"https:\/\/egcc.ee\/fi\/kokoukset\/\">Kokoukset<\/a><\/li>\n<\/ul>\n<\/div><\/div>\n\n\n\n<div style=\"height:20px\" aria-hidden=\"true\" class=\"wp-block-spacer\"><\/div>\n\n\n\n<div class=\"wp-block-media-text has-media-on-the-right is-stacked-on-mobile\"><div class=\"wp-block-media-text__content\">\n<div style=\"height:20px\" aria-hidden=\"true\" class=\"wp-block-spacer\"><\/div>\n\n\n\n<p><strong>Ravintolassa on 60 paikkaa<\/strong> ja&nbsp;<em>a la carte<\/em>&nbsp;ruokalistan lis\u00e4ksi tarjolla ovat maukkaat aamiais- ja p\u00e4iv\u00e4tarjoukset, j\u00e4rjest\u00e4mme cateringin sek\u00e4 valmistamme herkullisen juhlap\u00f6yd\u00e4n.<\/p>\n\n\n\n<p>T\u00e4ll\u00e4\u00e4 on&nbsp;<strong>Viron parhaalla n\u00e4k\u00f6alalla oleva terassi<\/strong>, jossa jopa 30 vierasta voi mukavasti nauttia ruoasta ja juomasta.<\/p>\n<\/div><figure class=\"wp-block-media-text__media\"><img loading=\"lazy\" decoding=\"async\" width=\"1000\" height=\"666\" src=\"https:\/\/egcc.ee\/wp-content\/uploads\/2023\/04\/1000x666_davinci_golfirestoran_1.jpg\" alt=\"\" class=\"wp-image-1037 size-full\" srcset=\"https:\/\/egcc.ee\/wp-content\/uploads\/2023\/04\/1000x666_davinci_golfirestoran_1.jpg 1000w, https:\/\/egcc.ee\/wp-content\/uploads\/2023\/04\/1000x666_davinci_golfirestoran_1-300x200.jpg 300w, https:\/\/egcc.ee\/wp-content\/uploads\/2023\/04\/1000x666_davinci_golfirestoran_1-768x511.jpg 768w\" sizes=\"auto, (max-width: 1000px) 100vw, 1000px\" \/><\/figure><\/div>\n\n\n\n<div style=\"height:20px\" aria-hidden=\"true\" class=\"wp-block-spacer\"><\/div>\n\n\n\n<div class=\"wp-block-media-text is-stacked-on-mobile\"><figure class=\"wp-block-media-text__media\"><img loading=\"lazy\" decoding=\"async\" width=\"1024\" height=\"682\" src=\"https:\/\/egcc.ee\/wp-content\/uploads\/2023\/08\/20230814_EGCC_55-tuur_V_02-1024x682.jpg\" alt=\"\" class=\"wp-image-14110 size-full\" srcset=\"https:\/\/egcc.ee\/wp-content\/uploads\/2023\/08\/20230814_EGCC_55-tuur_V_02-1024x682.jpg 1024w, https:\/\/egcc.ee\/wp-content\/uploads\/2023\/08\/20230814_EGCC_55-tuur_V_02-300x200.jpg 300w, https:\/\/egcc.ee\/wp-content\/uploads\/2023\/08\/20230814_EGCC_55-tuur_V_02-768x512.jpg 768w, https:\/\/egcc.ee\/wp-content\/uploads\/2023\/08\/20230814_EGCC_55-tuur_V_02-1536x1024.jpg 1536w, https:\/\/egcc.ee\/wp-content\/uploads\/2023\/08\/20230814_EGCC_55-tuur_V_02.jpg 2000w\" sizes=\"auto, (max-width: 1024px) 100vw, 1024px\" \/><\/figure><div class=\"wp-block-media-text__content\">\n<div style=\"height:20px\" aria-hidden=\"true\" class=\"wp-block-spacer\"><\/div>\n\n\n\n<p>Istumapaikkoja on raittiissa ilmassa ja auringonpaisteessa, joista p\u00e4\u00e4set seuraamaan Sea Coursen 18. ja Stone Coursen 9. rei\u2019ill\u00e4 pelins\u00e4 p\u00e4\u00e4tt\u00e4vien pelaajien edesottamuksia.<\/p>\n\n\n\n<p>Viile\u00e4mm\u00e4ll\u00e4 s\u00e4\u00e4ll\u00e4 voit juoda teet\u00e4 ja ihailla auringonlaskua suojaisemmalla alueella,&nbsp;jossa on liukulasiovet ja l\u00e4mp\u00f6s\u00e4teilij\u00e4t.<\/p>\n<\/div><\/div>\n\n\n\n<div style=\"height:20px\" aria-hidden=\"true\" class=\"wp-block-spacer\"><\/div>\n\n\n<div class=\"callout-box\">\n    <div class=\"content-area\">\n        <div class=\"icon d-none d-md-block\">\n            <img decoding=\"async\" src=\"https:\/\/egcc.ee\/wp-content\/themes\/egcc\/assets\/images\/callout-bird.png\" \/>\n        <\/div>\n\n        <div class=\"content\">\n            <p><strong data-rich-text-format-boundary=\"true\">Ota yhteytt\u00e4:<\/strong><br data-rich-text-line-break=\"true\"><a href=\"tel:+3726025294\" target=\"_blank\" rel=\"noopener\">+372 602 5294<\/a><br \/>\n<a href=\"mailto:golfirestoran@davincifood.ee\" target=\"_blank\" rel=\"noreferrer noopener\">golfirestoran@davincifood.ee<\/a><br \/>\n<a title=\"davinci.ee\/golfirestoran\" href=\"https:\/\/davinci.ee\/golfirestoran\/en\/\" target=\"_blank\" rel=\"noopener noreferrer\">davinci.ee\/golfirestoran<\/a><\/p>\n\n                    <\/div>\n    <\/div>\n<\/div>","protected":false},"excerpt":{"rendered":"<p>Aukioloajat 11.-19.4:11.4 klo 11-1512.4 ja 18.-19.4 klo 11-19 Alk 24.4:Ma-Pe klo 11-21, La\u2013Su klo 11-1925.4 klo 11-16:30Huom! Keitti\u00f6 ottaa vastaan tilauksia enint\u00e4\u00e4n 30 minuuttia ennen sulkemista.<\/p>\n","protected":false},"author":2,"featured_media":1352,"parent":0,"menu_order":0,"comment_status":"closed","ping_status":"closed","template":"","meta":{"_acf_changed":false,"ngg_post_thumbnail":0,"footnotes":""},"class_list":["post-13183","page","type-page","status-publish","has-post-thumbnail","hentry"],"acf":[],"yoast_head":"<!-- This site is optimized with the Yoast SEO plugin v27.1.1 - https:\/\/yoast.com\/product\/yoast-seo-wordpress\/ -->\n<title>Ravintola &#8211; Estonian Golf &amp; Country Club<\/title>\n<meta name=\"description\" content=\"Estonian Golf &amp; Country Clubilla on eritt\u00e4in ilo ilmoittaa, ett\u00e4 J\u00f5el\u00e4htme Da Vinci Golf-ravintola on Pohjois-Euroopan paras!\" \/>\n<meta name=\"robots\" content=\"index, follow, max-snippet:-1, max-image-preview:large, max-video-preview:-1\" \/>\n<link rel=\"canonical\" href=\"https:\/\/egcc.ee\/fi\/ravintola\/\" \/>\n<meta property=\"og:locale\" content=\"fi_FI\" \/>\n<meta property=\"og:type\" content=\"article\" \/>\n<meta property=\"og:title\" content=\"Ravintola &#8211; Estonian Golf &amp; Country Club\" \/>\n<meta property=\"og:description\" content=\"Estonian Golf &amp; Country Clubilla on eritt\u00e4in ilo ilmoittaa, ett\u00e4 J\u00f5el\u00e4htme Da Vinci Golf-ravintola on Pohjois-Euroopan paras!\" \/>\n<meta property=\"og:url\" content=\"https:\/\/egcc.ee\/fi\/ravintola\/\" \/>\n<meta property=\"og:site_name\" content=\"Estonian Golf &amp; Country Club\" \/>\n<meta property=\"article:modified_time\" content=\"2026-04-10T12:37:04+00:00\" \/>\n<meta property=\"og:image\" content=\"https:\/\/egcc.ee\/wp-content\/uploads\/2023\/04\/1500x1000_davinci_golfirestoran_terrass_3.jpg\" \/>\n\t<meta property=\"og:image:width\" content=\"1500\" \/>\n\t<meta property=\"og:image:height\" content=\"1000\" \/>\n\t<meta property=\"og:image:type\" content=\"image\/jpeg\" \/>\n<meta name=\"twitter:card\" content=\"summary_large_image\" \/>\n<meta name=\"twitter:label1\" content=\"Arvioitu lukuaika\" \/>\n\t<meta name=\"twitter:data1\" content=\"2 minuuttia\" \/>\n<script type=\"application\/ld+json\" class=\"yoast-schema-graph\">{\"@context\":\"https:\/\/schema.org\",\"@graph\":[{\"@type\":\"WebPage\",\"@id\":\"https:\/\/egcc.ee\/fi\/ravintola\/\",\"url\":\"https:\/\/egcc.ee\/fi\/ravintola\/\",\"name\":\"Ravintola &#8211; Estonian Golf &amp; Country Club\",\"isPartOf\":{\"@id\":\"https:\/\/egcc.ee\/fi\/#website\"},\"primaryImageOfPage\":{\"@id\":\"https:\/\/egcc.ee\/fi\/ravintola\/#primaryimage\"},\"image\":{\"@id\":\"https:\/\/egcc.ee\/fi\/ravintola\/#primaryimage\"},\"thumbnailUrl\":\"https:\/\/egcc.ee\/wp-content\/uploads\/2023\/04\/1500x1000_davinci_golfirestoran_terrass_3.jpg\",\"datePublished\":\"2023-03-27T18:59:15+00:00\",\"dateModified\":\"2026-04-10T12:37:04+00:00\",\"description\":\"Estonian Golf & Country Clubilla on eritt\u00e4in ilo ilmoittaa, ett\u00e4 J\u00f5el\u00e4htme Da Vinci Golf-ravintola on Pohjois-Euroopan paras!\",\"breadcrumb\":{\"@id\":\"https:\/\/egcc.ee\/fi\/ravintola\/#breadcrumb\"},\"inLanguage\":\"fi\",\"potentialAction\":[{\"@type\":\"ReadAction\",\"target\":[\"https:\/\/egcc.ee\/fi\/ravintola\/\"]}]},{\"@type\":\"ImageObject\",\"inLanguage\":\"fi\",\"@id\":\"https:\/\/egcc.ee\/fi\/ravintola\/#primaryimage\",\"url\":\"https:\/\/egcc.ee\/wp-content\/uploads\/2023\/04\/1500x1000_davinci_golfirestoran_terrass_3.jpg\",\"contentUrl\":\"https:\/\/egcc.ee\/wp-content\/uploads\/2023\/04\/1500x1000_davinci_golfirestoran_terrass_3.jpg\",\"width\":1500,\"height\":1000},{\"@type\":\"BreadcrumbList\",\"@id\":\"https:\/\/egcc.ee\/fi\/ravintola\/#breadcrumb\",\"itemListElement\":[{\"@type\":\"ListItem\",\"position\":1,\"name\":\"Home\",\"item\":\"https:\/\/egcc.ee\/fi\/\"},{\"@type\":\"ListItem\",\"position\":2,\"name\":\"Ravintola\"}]},{\"@type\":\"WebSite\",\"@id\":\"https:\/\/egcc.ee\/fi\/#website\",\"url\":\"https:\/\/egcc.ee\/fi\/\",\"name\":\"Estonian Golf &amp; Country Club\",\"description\":\"J\u00f5el\u00e4htmes saab golfi!\",\"publisher\":{\"@id\":\"https:\/\/egcc.ee\/fi\/#organization\"},\"potentialAction\":[{\"@type\":\"SearchAction\",\"target\":{\"@type\":\"EntryPoint\",\"urlTemplate\":\"https:\/\/egcc.ee\/fi\/?s={search_term_string}\"},\"query-input\":{\"@type\":\"PropertyValueSpecification\",\"valueRequired\":true,\"valueName\":\"search_term_string\"}}],\"inLanguage\":\"fi\"},{\"@type\":\"Organization\",\"@id\":\"https:\/\/egcc.ee\/fi\/#organization\",\"name\":\"Estonian Golf &amp; Country Club\",\"url\":\"https:\/\/egcc.ee\/fi\/\",\"logo\":{\"@type\":\"ImageObject\",\"inLanguage\":\"fi\",\"@id\":\"https:\/\/egcc.ee\/fi\/#\/schema\/logo\/image\/\",\"url\":\"https:\/\/egcc.ee\/wp-content\/uploads\/2023\/04\/EGCC_logo_150.png\",\"contentUrl\":\"https:\/\/egcc.ee\/wp-content\/uploads\/2023\/04\/EGCC_logo_150.png\",\"width\":150,\"height\":150,\"caption\":\"Estonian Golf &amp; Country Club\"},\"image\":{\"@id\":\"https:\/\/egcc.ee\/fi\/#\/schema\/logo\/image\/\"}}]}<\/script>\n<!-- \/ Yoast SEO plugin. -->","yoast_head_json":{"title":"Ravintola &#8211; Estonian Golf &amp; Country Club","description":"Estonian Golf & Country Clubilla on eritt\u00e4in ilo ilmoittaa, ett\u00e4 J\u00f5el\u00e4htme Da Vinci Golf-ravintola on Pohjois-Euroopan paras!","robots":{"index":"index","follow":"follow","max-snippet":"max-snippet:-1","max-image-preview":"max-image-preview:large","max-video-preview":"max-video-preview:-1"},"canonical":"https:\/\/egcc.ee\/fi\/ravintola\/","og_locale":"fi_FI","og_type":"article","og_title":"Ravintola &#8211; Estonian Golf &amp; Country Club","og_description":"Estonian Golf & Country Clubilla on eritt\u00e4in ilo ilmoittaa, ett\u00e4 J\u00f5el\u00e4htme Da Vinci Golf-ravintola on Pohjois-Euroopan paras!","og_url":"https:\/\/egcc.ee\/fi\/ravintola\/","og_site_name":"Estonian Golf &amp; Country Club","article_modified_time":"2026-04-10T12:37:04+00:00","og_image":[{"width":1500,"height":1000,"url":"https:\/\/egcc.ee\/wp-content\/uploads\/2023\/04\/1500x1000_davinci_golfirestoran_terrass_3.jpg","type":"image\/jpeg"}],"twitter_card":"summary_large_image","twitter_misc":{"Arvioitu lukuaika":"2 minuuttia"},"schema":{"@context":"https:\/\/schema.org","@graph":[{"@type":"WebPage","@id":"https:\/\/egcc.ee\/fi\/ravintola\/","url":"https:\/\/egcc.ee\/fi\/ravintola\/","name":"Ravintola &#8211; Estonian Golf &amp; Country Club","isPartOf":{"@id":"https:\/\/egcc.ee\/fi\/#website"},"primaryImageOfPage":{"@id":"https:\/\/egcc.ee\/fi\/ravintola\/#primaryimage"},"image":{"@id":"https:\/\/egcc.ee\/fi\/ravintola\/#primaryimage"},"thumbnailUrl":"https:\/\/egcc.ee\/wp-content\/uploads\/2023\/04\/1500x1000_davinci_golfirestoran_terrass_3.jpg","datePublished":"2023-03-27T18:59:15+00:00","dateModified":"2026-04-10T12:37:04+00:00","description":"Estonian Golf & Country Clubilla on eritt\u00e4in ilo ilmoittaa, ett\u00e4 J\u00f5el\u00e4htme Da Vinci Golf-ravintola on Pohjois-Euroopan paras!","breadcrumb":{"@id":"https:\/\/egcc.ee\/fi\/ravintola\/#breadcrumb"},"inLanguage":"fi","potentialAction":[{"@type":"ReadAction","target":["https:\/\/egcc.ee\/fi\/ravintola\/"]}]},{"@type":"ImageObject","inLanguage":"fi","@id":"https:\/\/egcc.ee\/fi\/ravintola\/#primaryimage","url":"https:\/\/egcc.ee\/wp-content\/uploads\/2023\/04\/1500x1000_davinci_golfirestoran_terrass_3.jpg","contentUrl":"https:\/\/egcc.ee\/wp-content\/uploads\/2023\/04\/1500x1000_davinci_golfirestoran_terrass_3.jpg","width":1500,"height":1000},{"@type":"BreadcrumbList","@id":"https:\/\/egcc.ee\/fi\/ravintola\/#breadcrumb","itemListElement":[{"@type":"ListItem","position":1,"name":"Home","item":"https:\/\/egcc.ee\/fi\/"},{"@type":"ListItem","position":2,"name":"Ravintola"}]},{"@type":"WebSite","@id":"https:\/\/egcc.ee\/fi\/#website","url":"https:\/\/egcc.ee\/fi\/","name":"Estonian Golf &amp; Country Club","description":"J\u00f5el\u00e4htmes saab golfi!","publisher":{"@id":"https:\/\/egcc.ee\/fi\/#organization"},"potentialAction":[{"@type":"SearchAction","target":{"@type":"EntryPoint","urlTemplate":"https:\/\/egcc.ee\/fi\/?s={search_term_string}"},"query-input":{"@type":"PropertyValueSpecification","valueRequired":true,"valueName":"search_term_string"}}],"inLanguage":"fi"},{"@type":"Organization","@id":"https:\/\/egcc.ee\/fi\/#organization","name":"Estonian Golf &amp; Country Club","url":"https:\/\/egcc.ee\/fi\/","logo":{"@type":"ImageObject","inLanguage":"fi","@id":"https:\/\/egcc.ee\/fi\/#\/schema\/logo\/image\/","url":"https:\/\/egcc.ee\/wp-content\/uploads\/2023\/04\/EGCC_logo_150.png","contentUrl":"https:\/\/egcc.ee\/wp-content\/uploads\/2023\/04\/EGCC_logo_150.png","width":150,"height":150,"caption":"Estonian Golf &amp; Country Club"},"image":{"@id":"https:\/\/egcc.ee\/fi\/#\/schema\/logo\/image\/"}}]}},"_links":{"self":[{"href":"https:\/\/egcc.ee\/fi\/wp-json\/wp\/v2\/pages\/13183","targetHints":{"allow":["GET"]}}],"collection":[{"href":"https:\/\/egcc.ee\/fi\/wp-json\/wp\/v2\/pages"}],"about":[{"href":"https:\/\/egcc.ee\/fi\/wp-json\/wp\/v2\/types\/page"}],"author":[{"embeddable":true,"href":"https:\/\/egcc.ee\/fi\/wp-json\/wp\/v2\/users\/2"}],"replies":[{"embeddable":true,"href":"https:\/\/egcc.ee\/fi\/wp-json\/wp\/v2\/comments?post=13183"}],"version-history":[{"count":56,"href":"https:\/\/egcc.ee\/fi\/wp-json\/wp\/v2\/pages\/13183\/revisions"}],"predecessor-version":[{"id":40561,"href":"https:\/\/egcc.ee\/fi\/wp-json\/wp\/v2\/pages\/13183\/revisions\/40561"}],"wp:featuredmedia":[{"embeddable":true,"href":"https:\/\/egcc.ee\/fi\/wp-json\/wp\/v2\/media\/1352"}],"wp:attachment":[{"href":"https:\/\/egcc.ee\/fi\/wp-json\/wp\/v2\/media?parent=13183"}],"curies":[{"name":"wp","href":"https:\/\/api.w.org\/{rel}","templated":true}]}}