{"id":32370,"date":"2023-03-27T21:35:15","date_gmt":"2023-03-27T18:35:15","guid":{"rendered":"https:\/\/egcc.ee\/kulastaja-meelespea\/"},"modified":"2026-04-07T21:25:04","modified_gmt":"2026-04-07T18:25:04","slug":"visitors-guide","status":"publish","type":"page","link":"https:\/\/egcc.ee\/en\/visitors-guide\/","title":{"rendered":"Visitors&#8217; Guide"},"content":{"rendered":"\n<div class=\"wp-block-media-text has-media-on-the-right is-stacked-on-mobile\" style=\"grid-template-columns:auto 35%\"><div class=\"wp-block-media-text__content\">\n<div style=\"height:20px\" aria-hidden=\"true\" class=\"wp-block-spacer\"><\/div>\n\n\n\n<p>Following the visitors&#8217; guide will help you have a delightful golf experience at Estonian Golf &amp; Country Club.<\/p>\n<\/div><figure class=\"wp-block-media-text__media\"><img loading=\"lazy\" decoding=\"async\" width=\"1024\" height=\"680\" src=\"https:\/\/egcc.ee\/wp-content\/uploads\/2023\/05\/EGCC_Sea_Course_7th_green-1024x680.jpg\" alt=\"\" class=\"wp-image-9342 size-full\" srcset=\"https:\/\/egcc.ee\/wp-content\/uploads\/2023\/05\/EGCC_Sea_Course_7th_green-1024x680.jpg 1024w, https:\/\/egcc.ee\/wp-content\/uploads\/2023\/05\/EGCC_Sea_Course_7th_green-300x199.jpg 300w, https:\/\/egcc.ee\/wp-content\/uploads\/2023\/05\/EGCC_Sea_Course_7th_green-768x510.jpg 768w, https:\/\/egcc.ee\/wp-content\/uploads\/2023\/05\/EGCC_Sea_Course_7th_green-1536x1020.jpg 1536w, https:\/\/egcc.ee\/wp-content\/uploads\/2023\/05\/EGCC_Sea_Course_7th_green-2048x1360.jpg 2048w\" sizes=\"auto, (max-width: 1024px) 100vw, 1024px\" \/><\/figure><\/div>\n\n\n\n<div style=\"height:20px\" aria-hidden=\"true\" class=\"wp-block-spacer\"><\/div>\n\n\n\n<div style=\"height:20px\" aria-hidden=\"true\" class=\"wp-block-spacer\"><\/div>\n\n\n\n<h2 class=\"wp-block-heading\">General<\/h2>\n\n\n\n<ul class=\"wp-block-list\">\n<li>Please follow the signs and instructions at the golf club. If you have any questions, please contact the <a href=\"https:\/\/egcc.ee\/en\/contact\/\">EGCC Caddiemaster<\/a> or the nearest employee.<\/li>\n\n\n\n<li>Children up to 12 years can play on the golf courses for free, but only with an accompanying adult who has purchased a game ticket and is responsible for the children&#8217;s behaviour and safety.<\/li>\n\n\n\n<li>EGCC is not responsible for injuries or health problems and will not compensate for any resulting damages.<\/li>\n\n\n\n<li>Do not come to the golf club in a state of intoxication. Employees have the right to stop an intoxicated person from being in the golf club if they are a danger to themselves and others, and are disturbing visitors.<\/li>\n\n\n\n<li>EGCC promotes healthy lifestyles and family time, therefore smoking is not allowed at the entrance to the clubhouse and on the practice facilities. We have many youth training sessions and want to keep the lungs of young people and non-smokers clean. Smoking is allowed on the restaurant terrace and in front of the men&#8217;s locker room in designated areas.<\/li>\n<\/ul>\n\n\n\n<div style=\"height:20px\" aria-hidden=\"true\" class=\"wp-block-spacer\"><\/div>\n\n\n\n<h2 class=\"wp-block-heading\">Handicap Requirements<\/h2>\n\n\n\n<p>EGCC maintains the HCP rule of 108 for the maximum HCP per flight on the Sea Course. No HCP limit is valid on the Stone Course \/ Par 15 Course. EGCC reserves the right to inspect handicap certificates.<\/p>\n\n\n\n<div style=\"height:20px\" aria-hidden=\"true\" class=\"wp-block-spacer\"><\/div>\n\n\n\n<h2 class=\"wp-block-heading\">Dress Code<\/h2>\n\n\n\n<p>Traditional golf attire is most appropriate for enjoying golf on the course. T-shirts, tracksuits, jeans, sports shorts, revealing clothing (e.g., crop tops), beach shoes, and high-heeled shoes are not permitted.<\/p>\n\n\n\n<p>The Caddiemaster has the right to refuse access to the golf course to players wearing inappropriate attire. Missing or non-compliant items of clothing can be purchased from the EGCC Pro Shop.<\/p>\n\n\n\n<div style=\"height:20px\" aria-hidden=\"true\" class=\"wp-block-spacer\"><\/div>\n\n\n\n<h2 class=\"wp-block-heading\">On the Course<\/h2>\n\n\n\n<p>In EGCC, respect is shown for the golf course on which it is played and for fellow golfers by:<\/p>\n\n\n\n<ul class=\"wp-block-list\">\n<li>Stick to the starting time.<\/li>\n\n\n\n<li>Keep a moderate pace of play.<\/li>\n\n\n\n<li>Always play safely.<\/li>\n\n\n\n<li>Follow the etiquette.<\/li>\n\n\n\n<li>Repair the golf ball marks on the greens.<\/li>\n\n\n\n<li>Fix your divots in the fairway.<\/li>\n\n\n\n<li>Rake the bunkers, place the rakes on a slope outside the bunker in the direction of impact.<\/li>\n\n\n\n<li>When removing the ball from the hole, do not step closer than 30 centimetres<br>to the hole.<\/li>\n\n\n\n<li>Return the golf cart to the same place you picked it up.<\/li>\n\n\n\n<li>Know and understand the <a href=\"https:\/\/egcc.ee\/en\/local-rules\/\">local rules<\/a> (on the back of the scorecard) and general golf<br>rules (<a href=\"https:\/\/www.randa.org\/rules\/rules-app\" target=\"_blank\" rel=\"noreferrer noopener\">R&amp;A Rules of Golf<\/a>).<\/li>\n\n\n\n<li>On the golf course, turn off your phone or put it on silent mode while playing.<\/li>\n\n\n\n<li>Be careful when looking for the ball, you may also encounter snakes that are more afraid of you than you might think.<\/li>\n\n\n\n<li>Use rented golf and other equipment responsibly.<\/li>\n\n\n\n<li>Golf cart rental and driving are permitted from the age of 15.<\/li>\n<\/ul>\n\n\n\n<p>The golf course is a place where we value tranquillity and respect our fellow players\u2019 ability to concentrate. For this reason, the use of sound systems, speakers or any devices for playing music or other audio content out loud is not permitted during a round of golf.<\/p>\n\n\n\n<p>For player safety, the use of headphones or earphones on the course is also not allowed, as players must be able to hear essential warnings such as the shout of \u201cFORE\u201d or thunderstorm alerts. Headphones may be used on the Driving Range and designated practice areas only.<\/p>\n\n\n\n<div style=\"height:20px\" aria-hidden=\"true\" class=\"wp-block-spacer\"><\/div>\n\n\n\n<h2 class=\"wp-block-heading\">In the Clubhouse<\/h2>\n\n\n\n<ul class=\"wp-block-list\">\n<li>It is prohibited to wear golf shoes with metal spikes in the clubhouse; so-called \u201csoft spikes\u201d are permitted.<\/li>\n\n\n\n<li>Take care of your locker key, if you lose it, there is a \u20ac20 damage fee. Report the loss of the key to the Caddiemaster.<\/li>\n\n\n\n<li>EGCC is not responsible for items in changing rooms, lockers, and bags, or for their loss.<\/li>\n\n\n\n<li>Wet floors are slippery! Move slowly in changing rooms and showers to avoid falls and injuries.<\/li>\n<\/ul>\n\n\n\n<div style=\"height:20px\" aria-hidden=\"true\" class=\"wp-block-spacer\"><\/div>\n\n\n\n<h2 class=\"wp-block-heading\">Golf Course Maintenance<\/h2>\n\n\n\n<p>General maintenance and course renovations may be required throughout the golf season. We strive to keep the disruption to a minimum, and we appreciate your patience as we work to ensure the courses are presented in the best possible condition.<\/p>\n\n\n\n<div style=\"height:20px\" aria-hidden=\"true\" class=\"wp-block-spacer\"><\/div>\n\n\n\n<h2 class=\"wp-block-heading\">Dogs and Other Pets<\/h2>\n\n\n\n<p>EGCC is a pet-friendly golf centre, and well-behaved dogs are welcome. To ensure the safety, comfort and enjoyment of all players, we kindly ask that the following rules be observed:<\/p>\n\n\n\n<ul class=\"wp-block-list\">\n<li>Players must inform the Caddiemaster when booking a tee time and\/or before the start of the round if they wish to bring a dog onto the course.<\/li>\n\n\n\n<li>Dogs must be kept on a leash at all times and remain under the owner\u2019s control. This is essential for the safety of other players and for the protection of the dog itself (e.g. from flying golf balls, wildlife or reptiles).<\/li>\n\n\n\n<li>Dogs are not permitted on greens or in bunkers. Please ensure that dogs do not cause damage to the course surface. Paw prints in bunkers are considered equivalent to unrepaired bunker marks, therefore any tracks left in bunkers must be smoothed.<\/li>\n\n\n\n<li>Dog owners are required to clean up after their pets immediately. We recommend bringing an adequate supply of waste bags when visiting the golf centre.<\/li>\n\n\n\n<li>Dogs must be quiet at all times. Persistent barking, howling or behaviour that distracts other players (such as chasing golf balls) is not permitted.<\/li>\n\n\n\n<li>Transporting dogs in golf buggies is only allowed if the seats are properly covered (e.g. with a personal blanket) to prevent scratching or soiling.<\/li>\n\n\n\n<li>Dog owners are fully responsible for any damage or incidents caused by their pets, including damage to club property or interactions with other players.<\/li>\n\n\n\n<li>The Caddiemaster reserves the right to ask a player to leave the course immediately if their dog behaves in a disruptive manner. Repeated disregard for warnings will result in the loss of the privilege of bringing dogs to the golf centre.<\/li>\n<\/ul>\n\n\n\n<div style=\"height:20px\" aria-hidden=\"true\" class=\"wp-block-spacer\"><\/div>\n\n\n\n<p>Have a nice round!<\/p>\n","protected":false},"excerpt":{"rendered":"<p>General Handicap Requirements EGCC maintains the HCP rule of 108 for the maximum HCP per flight on the Sea Course. No HCP limit is valid on the Stone Course \/ Par 15 Course. EGCC reserves the right to inspect handicap certificates. Dress Code Traditional golf attire is most appropriate for enjoying golf on the course. [&hellip;]<\/p>\n","protected":false},"author":2,"featured_media":9343,"parent":0,"menu_order":0,"comment_status":"closed","ping_status":"closed","template":"","meta":{"_acf_changed":false,"ngg_post_thumbnail":0,"footnotes":""},"class_list":["post-32370","page","type-page","status-publish","has-post-thumbnail","hentry"],"acf":[],"yoast_head":"<!-- This site is optimized with the Yoast SEO plugin v27.1.1 - https:\/\/yoast.com\/product\/yoast-seo-wordpress\/ -->\n<title>Visitors&#039; Guide &#8211; Estonian Golf &amp; Country Club<\/title>\n<meta name=\"description\" content=\"K\u00fclastaja meelespeaga tutvumine ja juhiste j\u00e4rgimine aitab kaasa t\u00f5elise golfielamuse saamisele Estonian Golf &amp; Country Clubis.\" \/>\n<meta name=\"robots\" content=\"index, follow, max-snippet:-1, max-image-preview:large, max-video-preview:-1\" \/>\n<link rel=\"canonical\" href=\"https:\/\/egcc.ee\/en\/visitors-guide\/\" \/>\n<meta property=\"og:locale\" content=\"en_US\" \/>\n<meta property=\"og:type\" content=\"article\" \/>\n<meta property=\"og:title\" content=\"Visitors&#039; Guide &#8211; Estonian Golf &amp; Country Club\" \/>\n<meta property=\"og:description\" content=\"K\u00fclastaja meelespeaga tutvumine ja juhiste j\u00e4rgimine aitab kaasa t\u00f5elise golfielamuse saamisele Estonian Golf &amp; Country Clubis.\" \/>\n<meta property=\"og:url\" content=\"https:\/\/egcc.ee\/en\/visitors-guide\/\" \/>\n<meta property=\"og:site_name\" content=\"Estonian Golf &amp; Country Club\" \/>\n<meta property=\"article:modified_time\" content=\"2026-04-07T18:25:04+00:00\" \/>\n<meta property=\"og:image\" content=\"https:\/\/egcc.ee\/wp-content\/uploads\/2023\/05\/EGCC_Sea_Course_7th_green-1024x680.jpg\" \/>\n\t<meta property=\"og:image:width\" content=\"1024\" \/>\n\t<meta property=\"og:image:height\" content=\"680\" \/>\n\t<meta property=\"og:image:type\" content=\"image\/jpeg\" \/>\n<meta name=\"twitter:card\" content=\"summary_large_image\" \/>\n<meta name=\"twitter:label1\" content=\"Est. reading time\" \/>\n\t<meta name=\"twitter:data1\" content=\"6 minutes\" \/>\n<script type=\"application\/ld+json\" class=\"yoast-schema-graph\">{\"@context\":\"https:\/\/schema.org\",\"@graph\":[{\"@type\":\"WebPage\",\"@id\":\"https:\/\/egcc.ee\/en\/visitors-guide\/\",\"url\":\"https:\/\/egcc.ee\/en\/visitors-guide\/\",\"name\":\"Visitors' Guide &#8211; Estonian Golf &amp; Country Club\",\"isPartOf\":{\"@id\":\"https:\/\/egcc.ee\/en\/#website\"},\"primaryImageOfPage\":{\"@id\":\"https:\/\/egcc.ee\/en\/visitors-guide\/#primaryimage\"},\"image\":{\"@id\":\"https:\/\/egcc.ee\/en\/visitors-guide\/#primaryimage\"},\"thumbnailUrl\":\"https:\/\/egcc.ee\/wp-content\/uploads\/2023\/05\/EGCC_Sea_Course_7th_green.jpg\",\"datePublished\":\"2023-03-27T18:35:15+00:00\",\"dateModified\":\"2026-04-07T18:25:04+00:00\",\"description\":\"K\u00fclastaja meelespeaga tutvumine ja juhiste j\u00e4rgimine aitab kaasa t\u00f5elise golfielamuse saamisele Estonian Golf & Country Clubis.\",\"breadcrumb\":{\"@id\":\"https:\/\/egcc.ee\/en\/visitors-guide\/#breadcrumb\"},\"inLanguage\":\"en-US\",\"potentialAction\":[{\"@type\":\"ReadAction\",\"target\":[\"https:\/\/egcc.ee\/en\/visitors-guide\/\"]}]},{\"@type\":\"ImageObject\",\"inLanguage\":\"en-US\",\"@id\":\"https:\/\/egcc.ee\/en\/visitors-guide\/#primaryimage\",\"url\":\"https:\/\/egcc.ee\/wp-content\/uploads\/2023\/05\/EGCC_Sea_Course_7th_green.jpg\",\"contentUrl\":\"https:\/\/egcc.ee\/wp-content\/uploads\/2023\/05\/EGCC_Sea_Course_7th_green.jpg\",\"width\":2142,\"height\":1422},{\"@type\":\"BreadcrumbList\",\"@id\":\"https:\/\/egcc.ee\/en\/visitors-guide\/#breadcrumb\",\"itemListElement\":[{\"@type\":\"ListItem\",\"position\":1,\"name\":\"Home\",\"item\":\"https:\/\/egcc.ee\/en\/\"},{\"@type\":\"ListItem\",\"position\":2,\"name\":\"Visitors&#8217; Guide\"}]},{\"@type\":\"WebSite\",\"@id\":\"https:\/\/egcc.ee\/en\/#website\",\"url\":\"https:\/\/egcc.ee\/en\/\",\"name\":\"Estonian Golf &amp; Country Club\",\"description\":\"J\u00f5el\u00e4htmes saab golfi!\",\"publisher\":{\"@id\":\"https:\/\/egcc.ee\/en\/#organization\"},\"potentialAction\":[{\"@type\":\"SearchAction\",\"target\":{\"@type\":\"EntryPoint\",\"urlTemplate\":\"https:\/\/egcc.ee\/en\/?s={search_term_string}\"},\"query-input\":{\"@type\":\"PropertyValueSpecification\",\"valueRequired\":true,\"valueName\":\"search_term_string\"}}],\"inLanguage\":\"en-US\"},{\"@type\":\"Organization\",\"@id\":\"https:\/\/egcc.ee\/en\/#organization\",\"name\":\"Estonian Golf &amp; Country Club\",\"url\":\"https:\/\/egcc.ee\/en\/\",\"logo\":{\"@type\":\"ImageObject\",\"inLanguage\":\"en-US\",\"@id\":\"https:\/\/egcc.ee\/en\/#\/schema\/logo\/image\/\",\"url\":\"https:\/\/egcc.ee\/wp-content\/uploads\/2023\/04\/EGCC_logo_150.png\",\"contentUrl\":\"https:\/\/egcc.ee\/wp-content\/uploads\/2023\/04\/EGCC_logo_150.png\",\"width\":150,\"height\":150,\"caption\":\"Estonian Golf &amp; Country Club\"},\"image\":{\"@id\":\"https:\/\/egcc.ee\/en\/#\/schema\/logo\/image\/\"}}]}<\/script>\n<!-- \/ Yoast SEO plugin. -->","yoast_head_json":{"title":"Visitors' Guide &#8211; Estonian Golf &amp; Country Club","description":"K\u00fclastaja meelespeaga tutvumine ja juhiste j\u00e4rgimine aitab kaasa t\u00f5elise golfielamuse saamisele Estonian Golf & Country Clubis.","robots":{"index":"index","follow":"follow","max-snippet":"max-snippet:-1","max-image-preview":"max-image-preview:large","max-video-preview":"max-video-preview:-1"},"canonical":"https:\/\/egcc.ee\/en\/visitors-guide\/","og_locale":"en_US","og_type":"article","og_title":"Visitors' Guide &#8211; Estonian Golf &amp; Country Club","og_description":"K\u00fclastaja meelespeaga tutvumine ja juhiste j\u00e4rgimine aitab kaasa t\u00f5elise golfielamuse saamisele Estonian Golf & Country Clubis.","og_url":"https:\/\/egcc.ee\/en\/visitors-guide\/","og_site_name":"Estonian Golf &amp; Country Club","article_modified_time":"2026-04-07T18:25:04+00:00","og_image":[{"width":1024,"height":680,"url":"https:\/\/egcc.ee\/wp-content\/uploads\/2023\/05\/EGCC_Sea_Course_7th_green-1024x680.jpg","type":"image\/jpeg"}],"twitter_card":"summary_large_image","twitter_misc":{"Est. reading time":"6 minutes"},"schema":{"@context":"https:\/\/schema.org","@graph":[{"@type":"WebPage","@id":"https:\/\/egcc.ee\/en\/visitors-guide\/","url":"https:\/\/egcc.ee\/en\/visitors-guide\/","name":"Visitors' Guide &#8211; Estonian Golf &amp; Country Club","isPartOf":{"@id":"https:\/\/egcc.ee\/en\/#website"},"primaryImageOfPage":{"@id":"https:\/\/egcc.ee\/en\/visitors-guide\/#primaryimage"},"image":{"@id":"https:\/\/egcc.ee\/en\/visitors-guide\/#primaryimage"},"thumbnailUrl":"https:\/\/egcc.ee\/wp-content\/uploads\/2023\/05\/EGCC_Sea_Course_7th_green.jpg","datePublished":"2023-03-27T18:35:15+00:00","dateModified":"2026-04-07T18:25:04+00:00","description":"K\u00fclastaja meelespeaga tutvumine ja juhiste j\u00e4rgimine aitab kaasa t\u00f5elise golfielamuse saamisele Estonian Golf & Country Clubis.","breadcrumb":{"@id":"https:\/\/egcc.ee\/en\/visitors-guide\/#breadcrumb"},"inLanguage":"en-US","potentialAction":[{"@type":"ReadAction","target":["https:\/\/egcc.ee\/en\/visitors-guide\/"]}]},{"@type":"ImageObject","inLanguage":"en-US","@id":"https:\/\/egcc.ee\/en\/visitors-guide\/#primaryimage","url":"https:\/\/egcc.ee\/wp-content\/uploads\/2023\/05\/EGCC_Sea_Course_7th_green.jpg","contentUrl":"https:\/\/egcc.ee\/wp-content\/uploads\/2023\/05\/EGCC_Sea_Course_7th_green.jpg","width":2142,"height":1422},{"@type":"BreadcrumbList","@id":"https:\/\/egcc.ee\/en\/visitors-guide\/#breadcrumb","itemListElement":[{"@type":"ListItem","position":1,"name":"Home","item":"https:\/\/egcc.ee\/en\/"},{"@type":"ListItem","position":2,"name":"Visitors&#8217; Guide"}]},{"@type":"WebSite","@id":"https:\/\/egcc.ee\/en\/#website","url":"https:\/\/egcc.ee\/en\/","name":"Estonian Golf &amp; Country Club","description":"J\u00f5el\u00e4htmes saab golfi!","publisher":{"@id":"https:\/\/egcc.ee\/en\/#organization"},"potentialAction":[{"@type":"SearchAction","target":{"@type":"EntryPoint","urlTemplate":"https:\/\/egcc.ee\/en\/?s={search_term_string}"},"query-input":{"@type":"PropertyValueSpecification","valueRequired":true,"valueName":"search_term_string"}}],"inLanguage":"en-US"},{"@type":"Organization","@id":"https:\/\/egcc.ee\/en\/#organization","name":"Estonian Golf &amp; Country Club","url":"https:\/\/egcc.ee\/en\/","logo":{"@type":"ImageObject","inLanguage":"en-US","@id":"https:\/\/egcc.ee\/en\/#\/schema\/logo\/image\/","url":"https:\/\/egcc.ee\/wp-content\/uploads\/2023\/04\/EGCC_logo_150.png","contentUrl":"https:\/\/egcc.ee\/wp-content\/uploads\/2023\/04\/EGCC_logo_150.png","width":150,"height":150,"caption":"Estonian Golf &amp; Country Club"},"image":{"@id":"https:\/\/egcc.ee\/en\/#\/schema\/logo\/image\/"}}]}},"_links":{"self":[{"href":"https:\/\/egcc.ee\/en\/wp-json\/wp\/v2\/pages\/32370","targetHints":{"allow":["GET"]}}],"collection":[{"href":"https:\/\/egcc.ee\/en\/wp-json\/wp\/v2\/pages"}],"about":[{"href":"https:\/\/egcc.ee\/en\/wp-json\/wp\/v2\/types\/page"}],"author":[{"embeddable":true,"href":"https:\/\/egcc.ee\/en\/wp-json\/wp\/v2\/users\/2"}],"replies":[{"embeddable":true,"href":"https:\/\/egcc.ee\/en\/wp-json\/wp\/v2\/comments?post=32370"}],"version-history":[{"count":23,"href":"https:\/\/egcc.ee\/en\/wp-json\/wp\/v2\/pages\/32370\/revisions"}],"predecessor-version":[{"id":40432,"href":"https:\/\/egcc.ee\/en\/wp-json\/wp\/v2\/pages\/32370\/revisions\/40432"}],"wp:featuredmedia":[{"embeddable":true,"href":"https:\/\/egcc.ee\/en\/wp-json\/wp\/v2\/media\/9343"}],"wp:attachment":[{"href":"https:\/\/egcc.ee\/en\/wp-json\/wp\/v2\/media?parent=32370"}],"curies":[{"name":"wp","href":"https:\/\/api.w.org\/{rel}","templated":true}]}}