{"id":27898,"date":"2023-08-20T22:16:01","date_gmt":"2023-08-20T19:16:01","guid":{"rendered":"https:\/\/egcc.ee\/golfitrennid-taiskasvanutele\/"},"modified":"2026-03-30T19:30:49","modified_gmt":"2026-03-30T16:30:49","slug":"golf-training-for-adults","status":"publish","type":"page","link":"https:\/\/egcc.ee\/en\/golf-training-for-adults\/","title":{"rendered":"Golf training for adults"},"content":{"rendered":"\n<div class=\"wp-block-media-text has-media-on-the-right is-stacked-on-mobile\"><div class=\"wp-block-media-text__content\">\n<div style=\"height:20px\" aria-hidden=\"true\" class=\"wp-block-spacer\"><\/div>\n\n\n\n<div class=\"wp-block-group\"><div class=\"wp-block-group__inner-container is-layout-constrained wp-block-group-is-layout-constrained\">\n<div class=\"wp-block-group\"><div class=\"wp-block-group__inner-container is-layout-constrained wp-block-group-is-layout-constrained\">\n<h2 class=\"wp-block-heading\"><strong>Beginner Development Programme<\/strong><\/h2>\n\n\n\n<p>Our Beginner Development Programme is designed for players who have completed their Green Card course and want to continue learning golf in a structured and supportive training environment.<\/p>\n\n\n\n<p>The programme is built around a clear, step\u2011by\u2011step progression: Level 1, Level 2, and Level 3. All participants begin with Level 1 sessions to ensure a solid technical foundation and a shared understanding of the game\u2019s core principles.<\/p>\n\n\n\n<p>Our goal is to help you develop a stable and reliable swing technique, build confidence across a variety of on-course situations, and give you the knowledge and skills you need to enjoy playing independently on the course.<\/p>\n<\/div><\/div>\n\n\n<div class=\"d-flex\">\n    <a target=\"_blank\" href=\"https:\/\/forms.gle\/7ANvqdQehz4tbTw86\" class=\"btn btn-primary\">\n                Sign up        <i class=\"bi bi-arrow-right\"><\/i>    <\/a>\n<\/div><\/div><\/div>\n<\/div><figure class=\"wp-block-media-text__media\"><a href=\"mailto:akadeemia@egcc.ee\"><img loading=\"lazy\" decoding=\"async\" width=\"1024\" height=\"682\" src=\"https:\/\/egcc.ee\/wp-content\/uploads\/2024\/10\/EGCC_Joelahtme_Golfiakadeemia_golfitrenn_foto_Jaanus_Ree_9180-1024x682.jpg\" alt=\"\" class=\"wp-image-30464 size-full\" srcset=\"https:\/\/egcc.ee\/wp-content\/uploads\/2024\/10\/EGCC_Joelahtme_Golfiakadeemia_golfitrenn_foto_Jaanus_Ree_9180-1024x682.jpg 1024w, https:\/\/egcc.ee\/wp-content\/uploads\/2024\/10\/EGCC_Joelahtme_Golfiakadeemia_golfitrenn_foto_Jaanus_Ree_9180-300x200.jpg 300w, https:\/\/egcc.ee\/wp-content\/uploads\/2024\/10\/EGCC_Joelahtme_Golfiakadeemia_golfitrenn_foto_Jaanus_Ree_9180-768x512.jpg 768w, https:\/\/egcc.ee\/wp-content\/uploads\/2024\/10\/EGCC_Joelahtme_Golfiakadeemia_golfitrenn_foto_Jaanus_Ree_9180-1536x1024.jpg 1536w, https:\/\/egcc.ee\/wp-content\/uploads\/2024\/10\/EGCC_Joelahtme_Golfiakadeemia_golfitrenn_foto_Jaanus_Ree_9180.jpg 2000w\" sizes=\"auto, (max-width: 1024px) 100vw, 1024px\" \/><\/a><\/figure><\/div>\n\n\n\n<div style=\"height:20px\" aria-hidden=\"true\" class=\"wp-block-spacer\"><\/div>\n\n\n\n<div class=\"accordion\" id=\"accordion-8625958\">\n            <div class=\"accordion-item\">\n            <h2 class=\"accordion-header\" id=\"accordion-8625958-heading-1\">\n                <button class=\"accordion-button \" type=\"button\" data-bs-toggle=\"collapse\" data-bs-target=\"#collapse-accordion-8625958-1\" aria-expanded=\"true\" aria-controls=\"collapse-accordion-8625958-1\">\n                    <span class=\"material-icons\"> sports_golf <\/span>&nbsp;<strong>LEVEL 1<\/strong>                <\/button>\n            <\/h2>\n            <div id=\"collapse-accordion-8625958-1\" class=\"accordion-collapse collapse show\" aria-labelledby=\"accordion-8625958-heading-1\" data-bs-parent=\"#accordion-8625958\">\n                <div class=\"accordion-body\">\n                    <div>Level 1 focuses on developing solid fundamental technique and acquiring the key skills every new golfer needs. You\u2019ll also be introduced to the core elements of the short game (putting and chipping), along with the basic rules of golf and on\u2011course etiquette.<\/div>\n<div>&nbsp;<\/div>\n<div><span style=\"font-size: 14pt;\"><strong>Training Sessions<\/strong><\/span><\/div>\n<ul>\n<li>\n<div>Your monthly membership includes 8 training sessions (twice per week)<\/div>\n<\/li>\n<li>\n<div>The final session of the month is a performance assessment<\/div>\n<\/li>\n<\/ul>\n<p><span style=\"font-size: 14pt;\"><strong>Additional Benefits<\/strong><\/span><\/p>\n<ul>\n<li>\n<div>30\u2011day playing rights on the Stone Course \/ Par 15 Course<\/div>\n<\/li>\n<li>\n<div>30 days of free practice balls (25 balls per visit)<\/div>\n<\/li>\n<li>1 \u00d7 9\u2011hole round with a mentor on the Sea Course<\/li>\n<\/ul>\n<p><span style=\"font-size: 14pt;\"><strong>Fee<\/strong><\/span><\/p>\n<ul>\n<li>Standard price <strong><span style=\"color: #bd8f18;\">149<\/span><span style=\"color: #bd8f18;\"> \u20ac<\/span><\/strong><\/li>\n<li>Special price <strong><strong><span style=\"color: #bd8f18;\">99<\/span><span style=\"color: #bd8f18;\"> \u20ac <\/span><\/strong><\/strong>is available for players holding a J\u00f5el\u00e4htme Golf Academy Green Card certificate<\/li>\n<\/ul>\n                <\/div>\n            <\/div>\n        <\/div>\n            <div class=\"accordion-item\">\n            <h2 class=\"accordion-header\" id=\"accordion-8625958-heading-2\">\n                <button class=\"accordion-button collapsed\" type=\"button\" data-bs-toggle=\"collapse\" data-bs-target=\"#collapse-accordion-8625958-2\" aria-expanded=\"true\" aria-controls=\"collapse-accordion-8625958-2\">\n                    <span class=\"material-icons\"> sports_golf <\/span>&nbsp;<strong>LEVEL 2<\/strong>                <\/button>\n            <\/h2>\n            <div id=\"collapse-accordion-8625958-2\" class=\"accordion-collapse collapse \" aria-labelledby=\"accordion-8625958-heading-2\" data-bs-parent=\"#accordion-8625958\">\n                <div class=\"accordion-body\">\n                    <p>Level 2 is a natural progression from Level 1 and assumes a solid foundation of basic technique. The focus now shifts towards improving shot consistency and learning to handle a variety of on\u2011course situations with confidence.<\/p>\n<div>\n<p>Training sessions cover smart shot selection, distance control and practical, game\u2011based scenarios. The aim is to help players grow their confidence and apply their skills effectively when playing on the course.<\/p>\n<\/div>\n<p><span style=\"font-size: 14pt;\"><strong>Training Sessions<\/strong><\/span><\/p>\n<ul>\n<li>Your monthly membership includes 8 training sessions (twice per week)<\/li>\n<li>\n<div>The final session of the month is a performance assessment<\/div>\n<\/li>\n<\/ul>\n<p><span style=\"font-size: 14pt;\"><strong>Additional Benefits<\/strong><\/span><\/p>\n<ul>\n<li>30\u2011day playing rights on the Stone Course \/ Par 15 Course<\/li>\n<li>2&nbsp;\u00d7 9\u2011hole round with a mentor on the Sea Course<\/li>\n<\/ul>\n<p><span style=\"font-size: 14pt;\"><strong>Fee<\/strong><\/span><\/p>\n<ul>\n<li>Standard price <strong><span style=\"color: #bd8f18;\">179<\/span><span style=\"color: #bd8f18;\"> \u20ac<\/span><\/strong><\/li>\n<li>Special price <strong><strong><span style=\"color: #bd8f18;\">119<\/span><span style=\"color: #bd8f18;\"> \u20ac <\/span><\/strong><\/strong>is available for players holding a J\u00f5el\u00e4htme Golf Academy Green Card certificate<\/li>\n<\/ul>\n                <\/div>\n            <\/div>\n        <\/div>\n            <div class=\"accordion-item\">\n            <h2 class=\"accordion-header\" id=\"accordion-8625958-heading-3\">\n                <button class=\"accordion-button collapsed\" type=\"button\" data-bs-toggle=\"collapse\" data-bs-target=\"#collapse-accordion-8625958-3\" aria-expanded=\"true\" aria-controls=\"collapse-accordion-8625958-3\">\n                    <span class=\"material-icons\"> sports_golf <\/span>&nbsp;<strong>LEVEL 3<\/strong>                <\/button>\n            <\/h2>\n            <div id=\"collapse-accordion-8625958-3\" class=\"accordion-collapse collapse \" aria-labelledby=\"accordion-8625958-heading-3\" data-bs-parent=\"#accordion-8625958\">\n                <div class=\"accordion-body\">\n                    <p>Level 3 is designed for players who have completed Level 2 and already possess a solid technical foundation. At this stage, the focus shifts towards on\u2011course play, decision\u2011making and strategic thinking.<\/p>\n<div>\n<p>Training sessions explore real game situations, smart shot selection and an understanding of each player\u2019s individual strengths and weaknesses. The aim is to help you make confident, well\u2011considered decisions on the course and steadily improve your overall performance.<\/p>\n<p>In addition to regular training, the programme includes a competitive element, giving you the opportunity to apply your skills in real\u2011game conditions.<\/p>\n<\/div>\n<p><span style=\"font-size: 14pt;\"><strong>Training Sessions<\/strong><\/span><\/p>\n<ul>\n<li>Your monthly membership includes 4 training sessions (once per week)<\/li>\n<li>\n<div>1 \u00d7 9\u2011hole competition round<\/div>\n<\/li>\n<\/ul>\n<p><span style=\"font-size: 14pt;\"><strong>Additional Benefits<\/strong><\/span><\/p>\n<ul>\n<li>30\u2011day playing rights on the Stone Course \/ Par 15 Course<\/li>\n<li>3 \u00d7 9\u2011hole round with a mentor on the Sea Course<\/li>\n<\/ul>\n<p><span style=\"font-size: 14pt;\"><strong>Fee<\/strong><\/span><\/p>\n<ul>\n<li>Standard price <strong><span style=\"color: #bd8f18;\">290<\/span><span style=\"color: #bd8f18;\">&nbsp;\u20ac<\/span><\/strong><\/li>\n<li>Special price <strong><strong><span style=\"color: #bd8f18;\">199<\/span><span style=\"color: #bd8f18;\"> \u20ac <\/span><\/strong><\/strong>is available for players holding a J\u00f5el\u00e4htme Golf Academy Green Card certificate<\/li>\n<\/ul>\n                <\/div>\n            <\/div>\n        <\/div>\n            <div class=\"accordion-item\">\n            <h2 class=\"accordion-header\" id=\"accordion-8625958-heading-4\">\n                <button class=\"accordion-button collapsed\" type=\"button\" data-bs-toggle=\"collapse\" data-bs-target=\"#collapse-accordion-8625958-4\" aria-expanded=\"true\" aria-controls=\"collapse-accordion-8625958-4\">\n                    <span class=\"material-icons\"> list_alt <\/span>&nbsp;<strong>SCHEDULE &#038; REGISTRATION<\/strong>                <\/button>\n            <\/h2>\n            <div id=\"collapse-accordion-8625958-4\" class=\"accordion-collapse collapse \" aria-labelledby=\"accordion-8625958-heading-4\" data-bs-parent=\"#accordion-8625958\">\n                <div class=\"accordion-body\">\n                    <div>\n<p>Training sessions are held in two groups starting from 4 May 2026:<\/p>\n<\/div>\n<ul>\n<li>\n<div>Group 1: <strong>Monday &amp; Wednesday<\/strong>&nbsp;6 pm to 7 pm<\/div>\n<\/li>\n<li>\n<div>Group 2:<strong> Tuesday &amp; Thursday<\/strong>&nbsp;6 pm to 7 pm<\/div>\n<\/li>\n<\/ul>\n<p>Participants choose their preferred group during registration and continue training at the same times throughout the entire programme cycle. Group sizes are limited to ensure a consistent training level and provide each player with personal attention from the coach.<\/p>\n<div>\n<p>Choose the group that suits you best and <strong><a href=\"https:\/\/forms.gle\/7ANvqdQehz4tbTw86\" target=\"_blank\" rel=\"noopener\">sign up<\/a>.<\/strong><\/p>\n<\/div>\n                <\/div>\n            <\/div>\n        <\/div>\n    <\/div>\n\n\n<div style=\"height:20px\" aria-hidden=\"true\" class=\"wp-block-spacer\"><\/div>\n\n\n\n<div style=\"height:20px\" aria-hidden=\"true\" class=\"wp-block-spacer\"><\/div>\n\n\n\n<p><\/p>\n","protected":false},"excerpt":{"rendered":"","protected":false},"author":2,"featured_media":0,"parent":0,"menu_order":0,"comment_status":"closed","ping_status":"closed","template":"","meta":{"_acf_changed":false,"ngg_post_thumbnail":0,"footnotes":""},"class_list":["post-27898","page","type-page","status-publish","hentry"],"acf":[],"yoast_head":"<!-- This site is optimized with the Yoast SEO plugin v27.1.1 - https:\/\/yoast.com\/product\/yoast-seo-wordpress\/ -->\n<title>Golf training for adults &#8211; Estonian Golf &amp; Country Club<\/title>\n<meta name=\"description\" content=\"J\u00f5el\u00e4htme Golfiakadeemia golfitrennid t\u00e4iskasvanutele toimuvad mitmes grupis ja registreerimine k\u00e4ib l\u00e4bi Sportlyzeri broneerimiss\u00fcsteemi.\" \/>\n<meta name=\"robots\" content=\"index, follow, max-snippet:-1, max-image-preview:large, max-video-preview:-1\" \/>\n<link rel=\"canonical\" href=\"https:\/\/egcc.ee\/en\/golf-training-for-adults\/\" \/>\n<meta property=\"og:locale\" content=\"en_US\" \/>\n<meta property=\"og:type\" content=\"article\" \/>\n<meta property=\"og:title\" content=\"Golf training for adults &#8211; Estonian Golf &amp; Country Club\" \/>\n<meta property=\"og:description\" content=\"J\u00f5el\u00e4htme Golfiakadeemia golfitrennid t\u00e4iskasvanutele toimuvad mitmes grupis ja registreerimine k\u00e4ib l\u00e4bi Sportlyzeri broneerimiss\u00fcsteemi.\" \/>\n<meta property=\"og:url\" content=\"https:\/\/egcc.ee\/en\/golf-training-for-adults\/\" \/>\n<meta property=\"og:site_name\" content=\"Estonian Golf &amp; Country Club\" \/>\n<meta property=\"article:modified_time\" content=\"2026-03-30T16:30:49+00:00\" \/>\n<meta property=\"og:image\" content=\"https:\/\/egcc.ee\/wp-content\/uploads\/2024\/10\/EGCC_Joelahtme_Golfiakadeemia_golfitrenn_foto_Jaanus_Ree_9180.jpg\" \/>\n\t<meta property=\"og:image:width\" content=\"2000\" \/>\n\t<meta property=\"og:image:height\" content=\"1333\" \/>\n\t<meta property=\"og:image:type\" content=\"image\/jpeg\" \/>\n<meta name=\"twitter:card\" content=\"summary_large_image\" \/>\n<meta name=\"twitter:label1\" content=\"Est. reading time\" \/>\n\t<meta name=\"twitter:data1\" content=\"1 minute\" \/>\n<script type=\"application\/ld+json\" class=\"yoast-schema-graph\">{\"@context\":\"https:\/\/schema.org\",\"@graph\":[{\"@type\":\"WebPage\",\"@id\":\"https:\/\/egcc.ee\/en\/golf-training-for-adults\/\",\"url\":\"https:\/\/egcc.ee\/en\/golf-training-for-adults\/\",\"name\":\"Golf training for adults &#8211; Estonian Golf &amp; Country Club\",\"isPartOf\":{\"@id\":\"https:\/\/egcc.ee\/en\/#website\"},\"primaryImageOfPage\":{\"@id\":\"https:\/\/egcc.ee\/en\/golf-training-for-adults\/#primaryimage\"},\"image\":{\"@id\":\"https:\/\/egcc.ee\/en\/golf-training-for-adults\/#primaryimage\"},\"thumbnailUrl\":\"https:\/\/egcc.ee\/wp-content\/uploads\/2024\/10\/EGCC_Joelahtme_Golfiakadeemia_golfitrenn_foto_Jaanus_Ree_9180-1024x682.jpg\",\"datePublished\":\"2023-08-20T19:16:01+00:00\",\"dateModified\":\"2026-03-30T16:30:49+00:00\",\"description\":\"J\u00f5el\u00e4htme Golfiakadeemia golfitrennid t\u00e4iskasvanutele toimuvad mitmes grupis ja registreerimine k\u00e4ib l\u00e4bi Sportlyzeri broneerimiss\u00fcsteemi.\",\"breadcrumb\":{\"@id\":\"https:\/\/egcc.ee\/en\/golf-training-for-adults\/#breadcrumb\"},\"inLanguage\":\"en-US\",\"potentialAction\":[{\"@type\":\"ReadAction\",\"target\":[\"https:\/\/egcc.ee\/en\/golf-training-for-adults\/\"]}]},{\"@type\":\"ImageObject\",\"inLanguage\":\"en-US\",\"@id\":\"https:\/\/egcc.ee\/en\/golf-training-for-adults\/#primaryimage\",\"url\":\"https:\/\/egcc.ee\/wp-content\/uploads\/2024\/10\/EGCC_Joelahtme_Golfiakadeemia_golfitrenn_foto_Jaanus_Ree_9180-1024x682.jpg\",\"contentUrl\":\"https:\/\/egcc.ee\/wp-content\/uploads\/2024\/10\/EGCC_Joelahtme_Golfiakadeemia_golfitrenn_foto_Jaanus_Ree_9180-1024x682.jpg\"},{\"@type\":\"BreadcrumbList\",\"@id\":\"https:\/\/egcc.ee\/en\/golf-training-for-adults\/#breadcrumb\",\"itemListElement\":[{\"@type\":\"ListItem\",\"position\":1,\"name\":\"Home\",\"item\":\"https:\/\/egcc.ee\/en\/\"},{\"@type\":\"ListItem\",\"position\":2,\"name\":\"Golf training for adults\"}]},{\"@type\":\"WebSite\",\"@id\":\"https:\/\/egcc.ee\/en\/#website\",\"url\":\"https:\/\/egcc.ee\/en\/\",\"name\":\"Estonian Golf &amp; Country Club\",\"description\":\"J\u00f5el\u00e4htmes saab golfi!\",\"publisher\":{\"@id\":\"https:\/\/egcc.ee\/en\/#organization\"},\"potentialAction\":[{\"@type\":\"SearchAction\",\"target\":{\"@type\":\"EntryPoint\",\"urlTemplate\":\"https:\/\/egcc.ee\/en\/?s={search_term_string}\"},\"query-input\":{\"@type\":\"PropertyValueSpecification\",\"valueRequired\":true,\"valueName\":\"search_term_string\"}}],\"inLanguage\":\"en-US\"},{\"@type\":\"Organization\",\"@id\":\"https:\/\/egcc.ee\/en\/#organization\",\"name\":\"Estonian Golf &amp; Country Club\",\"url\":\"https:\/\/egcc.ee\/en\/\",\"logo\":{\"@type\":\"ImageObject\",\"inLanguage\":\"en-US\",\"@id\":\"https:\/\/egcc.ee\/en\/#\/schema\/logo\/image\/\",\"url\":\"https:\/\/egcc.ee\/wp-content\/uploads\/2023\/04\/EGCC_logo_150.png\",\"contentUrl\":\"https:\/\/egcc.ee\/wp-content\/uploads\/2023\/04\/EGCC_logo_150.png\",\"width\":150,\"height\":150,\"caption\":\"Estonian Golf &amp; Country Club\"},\"image\":{\"@id\":\"https:\/\/egcc.ee\/en\/#\/schema\/logo\/image\/\"}}]}<\/script>\n<!-- \/ Yoast SEO plugin. -->","yoast_head_json":{"title":"Golf training for adults &#8211; Estonian Golf &amp; Country Club","description":"J\u00f5el\u00e4htme Golfiakadeemia golfitrennid t\u00e4iskasvanutele toimuvad mitmes grupis ja registreerimine k\u00e4ib l\u00e4bi Sportlyzeri broneerimiss\u00fcsteemi.","robots":{"index":"index","follow":"follow","max-snippet":"max-snippet:-1","max-image-preview":"max-image-preview:large","max-video-preview":"max-video-preview:-1"},"canonical":"https:\/\/egcc.ee\/en\/golf-training-for-adults\/","og_locale":"en_US","og_type":"article","og_title":"Golf training for adults &#8211; Estonian Golf &amp; Country Club","og_description":"J\u00f5el\u00e4htme Golfiakadeemia golfitrennid t\u00e4iskasvanutele toimuvad mitmes grupis ja registreerimine k\u00e4ib l\u00e4bi Sportlyzeri broneerimiss\u00fcsteemi.","og_url":"https:\/\/egcc.ee\/en\/golf-training-for-adults\/","og_site_name":"Estonian Golf &amp; Country Club","article_modified_time":"2026-03-30T16:30:49+00:00","og_image":[{"width":2000,"height":1333,"url":"https:\/\/egcc.ee\/wp-content\/uploads\/2024\/10\/EGCC_Joelahtme_Golfiakadeemia_golfitrenn_foto_Jaanus_Ree_9180.jpg","type":"image\/jpeg"}],"twitter_card":"summary_large_image","twitter_misc":{"Est. reading time":"1 minute"},"schema":{"@context":"https:\/\/schema.org","@graph":[{"@type":"WebPage","@id":"https:\/\/egcc.ee\/en\/golf-training-for-adults\/","url":"https:\/\/egcc.ee\/en\/golf-training-for-adults\/","name":"Golf training for adults &#8211; Estonian Golf &amp; Country Club","isPartOf":{"@id":"https:\/\/egcc.ee\/en\/#website"},"primaryImageOfPage":{"@id":"https:\/\/egcc.ee\/en\/golf-training-for-adults\/#primaryimage"},"image":{"@id":"https:\/\/egcc.ee\/en\/golf-training-for-adults\/#primaryimage"},"thumbnailUrl":"https:\/\/egcc.ee\/wp-content\/uploads\/2024\/10\/EGCC_Joelahtme_Golfiakadeemia_golfitrenn_foto_Jaanus_Ree_9180-1024x682.jpg","datePublished":"2023-08-20T19:16:01+00:00","dateModified":"2026-03-30T16:30:49+00:00","description":"J\u00f5el\u00e4htme Golfiakadeemia golfitrennid t\u00e4iskasvanutele toimuvad mitmes grupis ja registreerimine k\u00e4ib l\u00e4bi Sportlyzeri broneerimiss\u00fcsteemi.","breadcrumb":{"@id":"https:\/\/egcc.ee\/en\/golf-training-for-adults\/#breadcrumb"},"inLanguage":"en-US","potentialAction":[{"@type":"ReadAction","target":["https:\/\/egcc.ee\/en\/golf-training-for-adults\/"]}]},{"@type":"ImageObject","inLanguage":"en-US","@id":"https:\/\/egcc.ee\/en\/golf-training-for-adults\/#primaryimage","url":"https:\/\/egcc.ee\/wp-content\/uploads\/2024\/10\/EGCC_Joelahtme_Golfiakadeemia_golfitrenn_foto_Jaanus_Ree_9180-1024x682.jpg","contentUrl":"https:\/\/egcc.ee\/wp-content\/uploads\/2024\/10\/EGCC_Joelahtme_Golfiakadeemia_golfitrenn_foto_Jaanus_Ree_9180-1024x682.jpg"},{"@type":"BreadcrumbList","@id":"https:\/\/egcc.ee\/en\/golf-training-for-adults\/#breadcrumb","itemListElement":[{"@type":"ListItem","position":1,"name":"Home","item":"https:\/\/egcc.ee\/en\/"},{"@type":"ListItem","position":2,"name":"Golf training for adults"}]},{"@type":"WebSite","@id":"https:\/\/egcc.ee\/en\/#website","url":"https:\/\/egcc.ee\/en\/","name":"Estonian Golf &amp; Country Club","description":"J\u00f5el\u00e4htmes saab golfi!","publisher":{"@id":"https:\/\/egcc.ee\/en\/#organization"},"potentialAction":[{"@type":"SearchAction","target":{"@type":"EntryPoint","urlTemplate":"https:\/\/egcc.ee\/en\/?s={search_term_string}"},"query-input":{"@type":"PropertyValueSpecification","valueRequired":true,"valueName":"search_term_string"}}],"inLanguage":"en-US"},{"@type":"Organization","@id":"https:\/\/egcc.ee\/en\/#organization","name":"Estonian Golf &amp; Country Club","url":"https:\/\/egcc.ee\/en\/","logo":{"@type":"ImageObject","inLanguage":"en-US","@id":"https:\/\/egcc.ee\/en\/#\/schema\/logo\/image\/","url":"https:\/\/egcc.ee\/wp-content\/uploads\/2023\/04\/EGCC_logo_150.png","contentUrl":"https:\/\/egcc.ee\/wp-content\/uploads\/2023\/04\/EGCC_logo_150.png","width":150,"height":150,"caption":"Estonian Golf &amp; Country Club"},"image":{"@id":"https:\/\/egcc.ee\/en\/#\/schema\/logo\/image\/"}}]}},"_links":{"self":[{"href":"https:\/\/egcc.ee\/en\/wp-json\/wp\/v2\/pages\/27898","targetHints":{"allow":["GET"]}}],"collection":[{"href":"https:\/\/egcc.ee\/en\/wp-json\/wp\/v2\/pages"}],"about":[{"href":"https:\/\/egcc.ee\/en\/wp-json\/wp\/v2\/types\/page"}],"author":[{"embeddable":true,"href":"https:\/\/egcc.ee\/en\/wp-json\/wp\/v2\/users\/2"}],"replies":[{"embeddable":true,"href":"https:\/\/egcc.ee\/en\/wp-json\/wp\/v2\/comments?post=27898"}],"version-history":[{"count":36,"href":"https:\/\/egcc.ee\/en\/wp-json\/wp\/v2\/pages\/27898\/revisions"}],"predecessor-version":[{"id":40231,"href":"https:\/\/egcc.ee\/en\/wp-json\/wp\/v2\/pages\/27898\/revisions\/40231"}],"wp:attachment":[{"href":"https:\/\/egcc.ee\/en\/wp-json\/wp\/v2\/media?parent=27898"}],"curies":[{"name":"wp","href":"https:\/\/api.w.org\/{rel}","templated":true}]}}